{"id":1039,"date":"2021-06-18T09:24:53","date_gmt":"2021-06-18T07:24:53","guid":{"rendered":"http:\/\/arci-hdf.org\/?page_id=1039"},"modified":"2021-06-20T15:40:35","modified_gmt":"2021-06-20T13:40:35","slug":"2021-disparition-de-cyril-cornet-conseiller-cinema-de-la-drac-hauts-de-france","status":"publish","type":"page","link":"http:\/\/arci-hdf.org\/?page_id=1039","title":{"rendered":"2021 &#8211; Disparition de Cyril Cornet, conseiller cin\u00e9ma de la DRAC Hauts-de-France"},"content":{"rendered":"<h3 style=\"text-align: center;\">Disparition de Cyril Cornet, conseiller au cin\u00e9ma et \u00e0 l&rsquo;image anim\u00e9e de la DRAC Hauts-de-France<\/h3>\n<p>&nbsp;<\/p>\n<blockquote><p><span style=\"font-size: medium;\"><span style=\"font-family: Times New Roman, serif;\">C\u2019est avec une grande tristesse que nous avons appris la disparition brutale de Cyril Cornet, conseiller au cin\u00e9ma et \u00e0 l&rsquo;image anim\u00e9e de la DRAC Hauts-de-France, le jeudi 10 juin 2021, \u00e0 la suite d\u2019un accident cardio-vasculaire. Retour sur l\u2019engagement d\u2019un homme au d\u00e9veloppement du secteur de l\u2019exploitation cin\u00e9matographique dans la R\u00e9gion.<\/span><\/span><\/p><\/blockquote>\n<blockquote><p><span style=\"font-size: medium;\">Alors qu\u2019il prend ses fonctions dans les Hauts-de-France en 2017, l\u2019ancien conseiller au cin\u00e9ma et \u00e0 l\u2019image anim\u00e9e de la DRAC d\u2019\u00cele-de-France incite les 4 circuits de cin\u00e9ma itin\u00e9rants de la R\u00e9gion \u00e0 se regrouper, dans le but de partager des exp\u00e9riences et de d\u00e9velopper l\u2019\u00e9ducation artistique et culturelle dans les milieux ruraux. Cyril a impuls\u00e9 la cr\u00e9ation de l\u2019ARCI-HdF en lui attribuant sa premi\u00e8re subvention pour le lancement de l\u2019association, qui est d\u00e9soprmais \u00e9galement subventionn\u00e9e par le Conseil r\u00e9gional Hauts-de-France.<\/span><\/p><\/blockquote>\n<blockquote><p><span style=\"font-size: medium;\">Depuis, les 4 circuits de cin\u00e9ma itin\u00e9rant ont \u00e9t\u00e9 class\u00e9s Art&amp;Essai et les acteurs des diff\u00e9rents circuits se sont rencontr\u00e9s et ont organis\u00e9 un programme d\u2019activit\u00e9s commun, dans le but de rayonner sur l\u2019ensemble du territoire r\u00e9gional. Sous l\u2019impulsion de Cin\u00e9Ligue Hauts-de-France, dans le Nord et le Pas-de-Calais, les circuits des FDMJC et Cin\u00e9 Rural 60 ont d\u00e9velopp\u00e9 leurs comp\u00e9tences en terme d\u2019\u00e9ducation \u00e0 l\u2019image en organisant un premier atelier de r\u00e9alisation sous la forme d\u2019une mini-s\u00e9rie, baptis\u00e9e plus tard :\u00a0<\/span><em><span style=\"font-size: medium;\">R\u00e9seaux<\/span><\/em><span style=\"font-size: medium;\">. Ce projet, financ\u00e9 par la DRAC sous l&rsquo;oeil attentif de Cyril, a permis aux circuits d\u2019acqu\u00e9rir de nouvelles comp\u00e9tences, au-del\u00e0 de l\u2019exploitation cin\u00e9matographique en itin\u00e9rance.<\/span><\/p><\/blockquote>\n<blockquote><p><span style=\"font-size: medium;\">L\u2019\u00c9ducation Artistique et Culturelle \u00e9tait une priorit\u00e9 pour Cyril et c\u2019est sur ce volet principal qu\u2019il a incit\u00e9 les circuits \u00e0 se d\u00e9velopper. Gr\u00e2ce aux financements accord\u00e9s \u00e0 l\u2019ARCI-HdF, les circuits ont renforc\u00e9 leurs accompagnements de s\u00e9ances en milieu scolaire aupr\u00e8s des jeunes publics, mais aussi leurs partenariats avec les m\u00e9diath\u00e8ques d\u00e9partementales dans le cadre de la f\u00eate du cin\u00e9ma d\u2019animation et du mois du film documentaire.<\/span><\/p><\/blockquote>\n<blockquote><p><span style=\"font-size: medium;\">Depuis, chaque ann\u00e9e, Cyril \u00e9tait attentif aux projets de l\u2019ARCI-HdF et au rayonnement des 4 circuits de cin\u00e9ma itin\u00e9rant. Il \u00e9tait toujours optimiste, souriant, convaincu de nos probl\u00e9matiques, tr\u00e8s volontaire et humain. \u00ab\u00a0<\/span><em><span style=\"font-size: medium;\">Son implication nous a motiv\u00e9 au fil des ann\u00e9es<\/span><\/em><span style=\"font-size: medium;\">\u00a0\u00bb dit Aur\u00e9lie Pat\u00e9, coordinatrice des circuits itin\u00e9rants de l\u2019Aisne et la Somme. Durant les p\u00e9riodes de confinement, Cyril nous a sugg\u00e9r\u00e9 d\u2019organiser des plans de relance, notamment sur les s\u00e9ances de cin\u00e9ma en plein air, afin de nous octroyer davantage de moyens financiers pour rebondir.<\/span><\/p><\/blockquote>\n<blockquote><p><span style=\"font-size: medium;\">Nous pensons bien entendu \u00e0 son entourage familial et \u00e0 sa compagne, endeuill\u00e9e si brutalement.<\/span><\/p><\/blockquote>\n<blockquote><p><span style=\"font-size: medium;\">Merci Cyril pour ton implication, mais aussi pour nous avoir accompagn\u00e9 dans la cr\u00e9ation de notre association et par ce fait, d&rsquo;avoir contribu\u00e9 au d\u00e9veloppement du cin\u00e9ma et de l&rsquo;\u00e9ductaion aux images dans les territoires ruraux des Hauts-de-France. Tu laisseras un grand vide parmi nous.<\/span><\/p><\/blockquote>\n<blockquote><p><span style=\"font-size: medium;\">Pour l&rsquo;ARCI-HDF<\/span><\/p><\/blockquote>\n<p style=\"text-align: right;\" align=\"JUSTIFY\"><span style=\"font-size: medium;\">Son Pr\u00e9sident, Daniel Boys, ses administrateurs, Anne Lidove, Emile Baton, Fran\u00e7ois Chastain, Aur\u00e9lie Pat\u00e9, C\u00e9dric Fizet, Marvin Jacobs et Patrick Fizet, ses salari\u00e9s,\u00a0 Simon Janot et Dylan Gilliot.<\/span><\/p>\n<p><img loading=\"lazy\" class=\"aligncenter wp-image-1041 size-full\" src=\"http:\/\/arci-hdf.org\/wp-content\/uploads\/2021\/06\/Cyril-Cornet.jpg\" alt=\"\" width=\"1199\" height=\"674\" srcset=\"http:\/\/arci-hdf.org\/wp-content\/uploads\/2021\/06\/Cyril-Cornet.jpg 1199w, http:\/\/arci-hdf.org\/wp-content\/uploads\/2021\/06\/Cyril-Cornet-300x169.jpg 300w, http:\/\/arci-hdf.org\/wp-content\/uploads\/2021\/06\/Cyril-Cornet-768x432.jpg 768w, http:\/\/arci-hdf.org\/wp-content\/uploads\/2021\/06\/Cyril-Cornet-1024x576.jpg 1024w\" sizes=\"(max-width: 1199px) 100vw, 1199px\" \/><\/p>\n<p>&nbsp;<\/p>\n<p>&nbsp;<\/p>\n<p>&nbsp;<\/p>\n","protected":false},"excerpt":{"rendered":"<p>Disparition de Cyril Cornet, conseiller au cin\u00e9ma et \u00e0 l&rsquo;image anim\u00e9e de la DRAC Hauts-de-France &nbsp; C\u2019est avec une grande tristesse que nous avons appris la disparition brutale de Cyril Cornet, conseiller au cin\u00e9ma et \u00e0 l&rsquo;image anim\u00e9e de la DRAC Hauts-de-France, le jeudi 10 juin 2021, \u00e0 la suite d\u2019un accident cardio-vasculaire. Retour sur&hellip; <br \/> <a class=\"button small blue\" href=\"http:\/\/arci-hdf.org\/?page_id=1039\">Lire la suite<\/a><\/p>\n","protected":false},"author":1,"featured_media":0,"parent":0,"menu_order":0,"comment_status":"closed","ping_status":"closed","template":"","meta":[],"_links":{"self":[{"href":"http:\/\/arci-hdf.org\/index.php?rest_route=\/wp\/v2\/pages\/1039"}],"collection":[{"href":"http:\/\/arci-hdf.org\/index.php?rest_route=\/wp\/v2\/pages"}],"about":[{"href":"http:\/\/arci-hdf.org\/index.php?rest_route=\/wp\/v2\/types\/page"}],"author":[{"embeddable":true,"href":"http:\/\/arci-hdf.org\/index.php?rest_route=\/wp\/v2\/users\/1"}],"replies":[{"embeddable":true,"href":"http:\/\/arci-hdf.org\/index.php?rest_route=%2Fwp%2Fv2%2Fcomments&post=1039"}],"version-history":[{"count":5,"href":"http:\/\/arci-hdf.org\/index.php?rest_route=\/wp\/v2\/pages\/1039\/revisions"}],"predecessor-version":[{"id":1046,"href":"http:\/\/arci-hdf.org\/index.php?rest_route=\/wp\/v2\/pages\/1039\/revisions\/1046"}],"wp:attachment":[{"href":"http:\/\/arci-hdf.org\/index.php?rest_route=%2Fwp%2Fv2%2Fmedia&parent=1039"}],"curies":[{"name":"wp","href":"https:\/\/api.w.org\/{rel}","templated":true}]}}