{"id":186,"date":"2019-01-23T15:27:58","date_gmt":"2019-01-23T14:27:58","guid":{"rendered":"http:\/\/arci-hdf.org\/?page_id=186"},"modified":"2021-09-17T11:07:40","modified_gmt":"2021-09-17T09:07:40","slug":"la-soiree-de-lancement-officiel-de-lactivite-de-lassociation-regionale-des-cinemas-itinerants","status":"publish","type":"page","link":"http:\/\/arci-hdf.org\/?page_id=186","title":{"rendered":"2018 &#8211; La soir\u00e9e de lancement officiel de l&rsquo;activit\u00e9 de l&rsquo;Association R\u00e9gionale des Cin\u00e9mas Itin\u00e9rants"},"content":{"rendered":"<h3 class=\"cl_oswald\" style=\"text-align: center;\">L&rsquo;Association R\u00e9gionale des Cin\u00e9mas Itin\u00e9rants a officiellement lanc\u00e9 son activit\u00e9<\/h3>\n<p align=\"JUSTIFY\"><span style=\"font-size: medium;\"><b>Vendredi 28 novembre 2018, les acteurs des quatre circuits de cin\u00e9ma itin\u00e9rants de la R\u00e9gion Hauts-de-France se sont r\u00e9unis dans le but de lancer officiellement la nouvelle Association R\u00e9gionale des Cin\u00e9mas Itin\u00e9rants des Hauts-de-France.<\/b><\/span><\/p>\n<p align=\"JUSTIFY\"><span style=\"font-size: medium;\">C&rsquo;est \u00e0 l&rsquo;occasion de l&rsquo;ouverture de la 17\u00e8me \u00e9dition du Festival Quer&rsquo;cinema que l&rsquo;ARCI a souhait\u00e9 pr\u00e9senter son activit\u00e9, ses premi\u00e8res r\u00e9ussites et ses projets. Daniel BOYS, Pr\u00e9sident de l&rsquo;ARCI HDF a inaugur\u00e9 la manifestation et remerci\u00e9 Marie-Sophie Lesne, maire du Quesnoy et Vice-pr\u00e9sidente Agriculture du Conseil r\u00e9gional, de son accueil et du soutien de la R\u00e9gion. La DRAC Hauts-de-France, repr\u00e9sent\u00e9e par Cyril Cornet, conseiller cin\u00e9ma et Fr\u00e9d\u00e9rique Boura, Directrice R\u00e9gionale Adjointe a accord\u00e9 une subvention d\u00e8s la cr\u00e9ation de la nouvelle association en 2018, soutenant vivement cette initiative et tous les nouveaux projets de qualification territoriale qu&rsquo;elle va permettre. Philippe Tavernier, ancien conseiller cin\u00e9ma de la DRAC et membre du Conseil d&rsquo;administration de Cin\u00e9Ligue et de l&rsquo;ARCI, a \u00e9galement souhait\u00e9 \u00eatre pr\u00e9sent pour f\u00e9liciter l&rsquo;initiative d&rsquo;une telle structuration r\u00e9gionale.<\/span><\/p>\n<p align=\"JUSTIFY\"><span style=\"font-size: medium;\">Lors de l&rsquo;assembl\u00e9e, les repr\u00e9sentants politiques et les acteurs des diff\u00e9rents circuits itin\u00e9rants ont pr\u00e9sent\u00e9 les int\u00e9r\u00eats qu&rsquo;ils portent au projet quant \u00e0 l&rsquo;exploitation cin\u00e9matographique et l&rsquo;\u00e9ducation artistique en milieu rural. Les deux membres du bureau de l&rsquo;ARCI, Philippe Vinchent, pr\u00e9sident de Cin\u00e9 Rural 60, et Daniel Boys, pr\u00e9sident de Cin\u00e9Ligue Hauts-de-France et de l&rsquo;ARCI, ont pr\u00e9sent\u00e9 leurs investissements dans un projet qui se veut novateur et coop\u00e9ratif. Mr Jean-Michel Wattiez, directeur r\u00e9gional de la FRMJC Hauts-de-France, est aujourd&rsquo;hui satisfait de pouvoir permettre aux cin\u00e9mas itin\u00e9rants de l&rsquo;Aisne et de la Somme de profiter de l&rsquo;apport de l&rsquo;ARCI.<\/span><\/p>\n<p align=\"JUSTIFY\"><span style=\"font-size: medium;\">Pour rappel, l&rsquo;ARCI s&rsquo;est constitu\u00e9e sur le mod\u00e8le de l&rsquo;ANCI, l&rsquo;Association Nationale des Cin\u00e9mas Itin\u00e9rants, repr\u00e9sent\u00e9e pour l&rsquo;occasion par Gilles Menis, coordinateur et Patrick Fizet, l&rsquo;un des membres fondateurs. Tous deux ont soulign\u00e9 l&rsquo;importance de structurer un r\u00e9seau culturel tel que l&rsquo;ARCI. Le r\u00e9seau national avait \u00e9t\u00e9 fond\u00e9 pour aider les circuits de cin\u00e9ma itin\u00e9rant \u00e0 passer au num\u00e9rique en 2011. Aujourd&rsquo;hui, l&rsquo;ANCI est un interlocuteur reconnu par le Minist\u00e8re de la culture, le CNC et le CGET, qui financent son fonctionnement et appuieront la mise en place d&rsquo;une nouvelle \u00e9tude nationale sur les publics des cin\u00e9mas itin\u00e9rants. L&rsquo;ARCI se d\u00e9veloppera avec les m\u00eames valeurs : celles de construire des projets communs et de s&rsquo;entraider dans l&rsquo;exploitation, la diffusion, la communication, le d\u00e9veloppement et la qualification des activit\u00e9s d&rsquo;\u00e9ducation aux images.<\/span><\/p>\n<p align=\"JUSTIFY\"><span style=\"font-size: medium;\">Daniel Boys, pr\u00e9sident de l&rsquo;ARCI, a rappel\u00e9 les premiers succ\u00e8s de l&rsquo;ARCI durant cette soir\u00e9e de lancement officiel\u00a0: formations organis\u00e9es entre les diff\u00e9rents acteurs, travaux communs des m\u00e9diateurs culturels de deux structures et labellisation Art&amp;Essai et Jeune Public de Cin\u00e9 Rural 60. De plus, l&rsquo;ARCI peut d&rsquo;ores et d\u00e9j\u00e0 se targuer d&rsquo;avoir cr\u00e9\u00e9 et\/ou renforcer de nouveaux partenariats avec les m\u00e9diath\u00e8ques d\u00e9partementales des Hauts-de-France, en regroupant la programmation des 4 circuits.<\/span><\/p>\n<p align=\"JUSTIFY\"><span style=\"font-size: medium;\">Les structures vont de nouveau \u00e9changer sur leurs pratiques, la mise en commun de leurs travaux et sur leurs projets futurs, notamment autour des s\u00e9ries, lors d&rsquo;une manifestation r\u00e9gionale \u00ab\u00a0Culture et ruralit\u00e9s\u00a0\u00bb, qui aura lieu le 6 d\u00e9cembre \u00e0 Laon. Cet \u00e9v\u00e9nement consacrera une tribune \u00e0 ce nouveau r\u00e9seau r\u00e9gional en milieu rural, en pr\u00e9sence notamment de Laurence Martin du Minist\u00e8re de la Culture.<\/span><\/p>\n<p align=\"JUSTIFY\"><span style=\"font-size: medium;\">Pour finir, Marie-Sophie Lesne, Maire du Quesnoy et Vice-pr\u00e9sidente Agriculture du Conseil R\u00e9gional, a adress\u00e9 des remerciements particuliers \u00e0 Anne Lidove, directrice de Cin\u00e9Ligue Hauts-de-France, pour son initiative et sa disponibilit\u00e9 dans la construction et le suivi du projet de l&rsquo;ARCI HDF.<\/span><\/p>\n<p align=\"JUSTIFY\"><img loading=\"lazy\" class=\"size-thumbnail wp-image-188 aligncenter\" src=\"http:\/\/arci-hdf.org\/wp-content\/uploads\/2019\/01\/20181123_173942-150x150.jpg\" alt=\"\" width=\"150\" height=\"150\" \/><\/p>\n","protected":false},"excerpt":{"rendered":"<p>L&rsquo;Association R\u00e9gionale des Cin\u00e9mas Itin\u00e9rants a officiellement lanc\u00e9 son activit\u00e9 Vendredi 28 novembre 2018, les acteurs des quatre circuits de cin\u00e9ma itin\u00e9rants de la R\u00e9gion Hauts-de-France se sont r\u00e9unis dans le but de lancer officiellement la nouvelle Association R\u00e9gionale des Cin\u00e9mas Itin\u00e9rants des Hauts-de-France. C&rsquo;est \u00e0 l&rsquo;occasion de l&rsquo;ouverture de la 17\u00e8me \u00e9dition du Festival&hellip; <br \/> <a class=\"button small blue\" href=\"http:\/\/arci-hdf.org\/?page_id=186\">Lire la suite<\/a><\/p>\n","protected":false},"author":1,"featured_media":0,"parent":0,"menu_order":0,"comment_status":"closed","ping_status":"closed","template":"","meta":[],"_links":{"self":[{"href":"http:\/\/arci-hdf.org\/index.php?rest_route=\/wp\/v2\/pages\/186"}],"collection":[{"href":"http:\/\/arci-hdf.org\/index.php?rest_route=\/wp\/v2\/pages"}],"about":[{"href":"http:\/\/arci-hdf.org\/index.php?rest_route=\/wp\/v2\/types\/page"}],"author":[{"embeddable":true,"href":"http:\/\/arci-hdf.org\/index.php?rest_route=\/wp\/v2\/users\/1"}],"replies":[{"embeddable":true,"href":"http:\/\/arci-hdf.org\/index.php?rest_route=%2Fwp%2Fv2%2Fcomments&post=186"}],"version-history":[{"count":6,"href":"http:\/\/arci-hdf.org\/index.php?rest_route=\/wp\/v2\/pages\/186\/revisions"}],"predecessor-version":[{"id":1109,"href":"http:\/\/arci-hdf.org\/index.php?rest_route=\/wp\/v2\/pages\/186\/revisions\/1109"}],"wp:attachment":[{"href":"http:\/\/arci-hdf.org\/index.php?rest_route=%2Fwp%2Fv2%2Fmedia&parent=186"}],"curies":[{"name":"wp","href":"https:\/\/api.w.org\/{rel}","templated":true}]}}