{"id":205,"date":"2019-04-01T14:24:18","date_gmt":"2019-04-01T12:24:18","guid":{"rendered":"http:\/\/arci-hdf.org\/?page_id=205"},"modified":"2024-06-25T10:18:55","modified_gmt":"2024-06-25T08:18:55","slug":"les-plein-air-2019","status":"publish","type":"page","link":"http:\/\/arci-hdf.org\/?page_id=205","title":{"rendered":"Les Plein air"},"content":{"rendered":"<h3 style=\"text-align: center;\">Des s\u00e9ances en Plein air dans toute la R\u00e9gion, chaque ann\u00e9e, pendant la p\u00e9riode estivale !<\/h3>\n<p>Retrouvez les programmations des s\u00e9ances en plein air dans toute la R\u00e9gion Hauts-de-France sur cette page ! Si vous souhaitez<strong>\u00a0mettre en place une s\u00e9ance en plein air dans votre commune, cliquez\u00a0<a href=\"http:\/\/arci-hdf.org\/wp-content\/uploads\/2019\/04\/plaquette-ARCI-A5.pdf\">ici<\/a><\/strong><\/p>\n<h4><\/h4>\n<h4><strong>&#8211;&gt; Retrouvez la programmation 2024 <a href=\"https:\/\/arci-hdf.org\/?page_id=1997\">ici<\/a><\/strong><\/h4>\n<h4><strong>&#8211;&gt; Retrouvez la programmation 2023 <a href=\"https:\/\/arci-hdf.org\/?page_id=1750\">ici<\/a><\/strong><\/h4>\n<h4><strong>&#8211;&gt; Retrouvez la programmation 2022\u00a0<a href=\"http:\/\/arci-hdf.org\/wp-content\/uploads\/2022\/06\/Brochure-Cine\u0301ma-plein-air-ARCI-2022.pdf\">ici<\/a><\/strong><\/h4>\n<h4><\/h4>\n<h4><strong>&#8211;&gt; Retrouvez la programmation 2021 <a href=\"http:\/\/arci-hdf.org\/wp-content\/uploads\/2021\/07\/Cin\u00e9ma-Plein-air-5.pdf\">ici<\/a><\/strong><\/h4>\n<h4>&#8211;&gt; Retrouvez la <strong>programmation 2020<\/strong>\u00a0<a href=\"http:\/\/arci-hdf.org\/wp-content\/uploads\/2020\/07\/ARCI-Plein-air-Dates-et-communiqu\u00e9.pdf\">ici<\/a><\/h4>\n<p>Quelques <strong>modifications depuis la production de la plaquette 2020<\/strong>\u00a0:<\/p>\n<p>&#8211; Le vendredi 3 juillet : La s\u00e9ance \u00e0 Aulnoye-Aymeries avec\u00a0<em>Le potager de mon grand-p\u00e8re\u00a0<\/em><strong>est report\u00e9e\u00a0<\/strong>au vendredi 4 septembre<\/p>\n<p>&#8211; Le vendredi 17 juillet : <strong>Ajout d&rsquo;une s\u00e9ance<\/strong> \u00e0 Wargnies-le-grand, avec <em>Mamma Mia : Here we go again<\/em><\/p>\n<p>&#8211; Le vendredi 17 juillet : <strong>Ajout d&rsquo;une s\u00e9ance<\/strong> \u00e0 Folleville avec\u00a0<em>L&rsquo;\u00e9cole bissonni\u00e8re<\/em><\/p>\n<p>&#8211; Le samedi 18 juillet : A Tourcoing, le film ne sera plus <em>Manou \u00e0 l&rsquo;\u00e9cole des Go\u00ebland<\/em>s mais <em>Bee movie<\/em><\/p>\n<p>&#8211; Le mercredi 29 juillet : Le film de la s\u00e9ance \u00e0 Villeneuve d&rsquo;Asq est <em>La vie scolaire<\/em><\/p>\n<p>&#8211; Le vendredi 31 juillet : La s\u00e9ance \u00e0 Libercourt <strong>est annul\u00e9e<\/strong><\/p>\n<p>&#8211; Le vendredi 31 juillet : Le film de la s\u00e9ance \u00e0 M\u00e9ricourt est <em>S.O.S Fant\u00f4mes<\/em><\/p>\n<p>&#8211; Le mercredi 5 ao\u00fbt : <strong>Ajout d&rsquo;une s\u00e9ance<\/strong> \u00e0 Dunkerque, avec\u00a0<em>Le grand bain<\/em><\/p>\n<p>&#8211; Le vendredi 7 ao\u00fbt : La s\u00e9ance \u00e0 Saint-Pol-sur-Mer <strong>est annul\u00e9e<\/strong><\/p>\n<p>&#8211; Le samedi 15 ao\u00fbt : La s\u00e9ance \u00e0 Dunkerque <strong>est annul\u00e9e<\/strong><\/p>\n<p>&#8211; Le mardi 18 ao\u00fbt : Le film de la s\u00e9ance \u00e0 Auxi-le-ch\u00e2teau est <em>Le grand bain<\/em><\/p>\n<p>&#8211; Le jeudi 20 ao\u00fbt :\u00a0<strong>Ajout d&rsquo;une s\u00e9ance\u00a0<\/strong>\u00e0 Epagny avec\u00a0<em>Croc-Blanc<\/em><\/p>\n<p>&#8211; Le samedi 22 ao\u00fbt : La s\u00e9ance \u00e0 Neufvy-sur-Arronde <strong>est annul\u00e9e<\/strong><\/p>\n<p>&#8211; Le samedi 22 ao\u00fbt : Le film de la s\u00e9ance \u00e0 Bapaume est <em>Mine de rien<\/em><\/p>\n<p>&#8211; Le mercredi 26 ao\u00fbt :\u00a0<strong>Ajout d&rsquo;une s\u00e9ance\u00a0<\/strong>\u00e0 Soissons avec\u00a0<em>E.T. L&rsquo;extraterrestre<\/em><\/p>\n<p>&#8211; Le samedi 29 ao\u00fbt : Le film de la s\u00e9ance \u00e0 Houplines est\u00a0<em>Ast\u00e9rix et le secret de la potion magique<\/em><\/p>\n<p>&#8211; Le samedi 29 ao\u00fbt : <strong>Ajout d&rsquo;une s\u00e9ance<\/strong> \u00e0 F\u00e8re-en-Tardenois avec\u00a0<em>Le gar\u00e7on et la b\u00eate<\/em><\/p>\n<p>&#8211; Le samedi 12 septembre : <strong>Ajout d&rsquo;une s\u00e9ance<\/strong> \u00e0 Merlieux-et-Foquerolles avec une cin\u00e9-concert<\/p>\n<p>&#8211; Le samedi 19 septembre : Le film de la s\u00e9ance \u00e0 Ferri\u00e8re-la-grande est\u00a0<em>Le roi lion<\/em><\/p>\n<h4>&#8211;&gt; Retrouvez la <strong>programmation 2019 <a href=\"http:\/\/arci-hdf.org\/wp-content\/uploads\/2019\/06\/Plaquette-plein-air-ARCI-2019-Version-d\u00e9finitive-Light.pdf\">ici<\/a><\/strong><\/h4>\n<p>Quelques <strong>modifications depuis la production de la plaquette 2019<\/strong> :<\/p>\n<p>&#8211;\u00a0 Le vendredi 7 juin : La s\u00e9ance de <em>La l\u00e9gende de Manolo<\/em> \u00e0 Lille-Euralille <strong>est annul\u00e9e<\/strong>.<\/p>\n<p>&#8211;\u00a0 Le dimanche 7 juillet : La s\u00e9ance de <em>Les Tuche 3<\/em> \u00e0 Wassigny est <strong>d\u00e9cal\u00e9e au dimanche 14 juillet<\/strong>.<\/p>\n<p>&#8211;\u00a0 Le vendredi 12 juillet : La s\u00e9ance de <em>Nerve<\/em> \u00e0 Beauvais est <strong>d\u00e9cal\u00e9e au vendredi 30 ao\u00fbt.<\/strong><\/p>\n<p>&#8211;\u00a0 Le jeudi 18 juillet : Le film de la s\u00e9ance \u00e0 La Frere est <em>Comme des b\u00eates<\/em>.<\/p>\n<p>&#8211;\u00a0 Le samedi 20 juillet : Le film de la s\u00e9ance \u00e0 Houplines est\u00a0<em>Les Gardiens de la galaxie 2.<\/em><\/p>\n<p>&#8211;\u00a0 Le mercredi 24 juillet : La s\u00e9ance de\u00a0La-Haye-Saint-Romain avec\u00a0<em>The Greatest Showman\u00a0<\/em><strong>est annul\u00e9e<\/strong>.<\/p>\n<p>&#8211;\u00a0 Le mercredi 7 ao\u00fbt : <strong>Ajout d&rsquo;une s\u00e9ance<\/strong> \u00e0 La chartreuse de Neuville avec <em>Les temps moderne<\/em><\/p>\n<p>&#8211;\u00a0 Le vendredi 9 ao\u00fbt : Le film de la s\u00e9ance \u00e0 Oignies est <em>Ninja Turtles 2.<\/em><\/p>\n<p>&#8211;\u00a0 Le mercredi 14 ao\u00fbt : Le film de la s\u00e9ance du film \u00e0 M\u00e9ricourt est <em>Last Action Hero<\/em>.<\/p>\n<p>&#8211;\u00a0 Le samedi 17 ao\u00fbt : Le film de la s\u00e9ance \u00e0 Aulnoye-Aymeries est <em>Tout le monde debout<\/em>.<\/p>\n<p>&#8211;\u00a0 Le mardi 20 ao\u00fbt : Le film de la s\u00e9ance \u00e0 Le Quesnoy est <em>Mamma Mia! Here we go again<\/em>.<\/p>\n<p>&#8211;\u00a0 Le mercredi 21 ao\u00fbt : La s\u00e9ance de La-Haye-Saint-Romain avec <em>Les trois brigands<\/em>\u00a0<strong>est annul\u00e9e<\/strong>.<\/p>\n<p>&#8211;\u00a0 Le mercredi 28 ao\u00fbt : <strong>Ajout d&rsquo;une s\u00e9ance<\/strong> \u00e0 Saint-Quentin avec\u00a0<em>La la land<\/em>.<\/p>\n<p>&#8211;\u00a0 Le samedi 14 septembre : Le film de la s\u00e9ance \u00e0 Ruisseauville est\u00a0<em>Le mus\u00e9e des merveilles<\/em>.<\/p>\n<h4>&#8211;&gt; Retrouvez la <strong>programmation 2018 <a href=\"http:\/\/arci-hdf.org\/wp-content\/uploads\/2019\/04\/Dates-plein-air-ARCI-2018-leger.pdf\">ici<\/a><\/strong><\/h4>\n","protected":false},"excerpt":{"rendered":"<p>Des s\u00e9ances en Plein air dans toute la R\u00e9gion, chaque ann\u00e9e, pendant la p\u00e9riode estivale ! Retrouvez les programmations des s\u00e9ances en plein air dans toute la R\u00e9gion Hauts-de-France sur cette page ! Si vous souhaitez\u00a0mettre en place une s\u00e9ance en plein air dans votre commune, cliquez\u00a0ici &#8211;&gt; Retrouvez la programmation 2024 ici &#8211;&gt; Retrouvez&hellip; <br \/> <a class=\"button small blue\" href=\"http:\/\/arci-hdf.org\/?page_id=205\">Lire la suite<\/a><\/p>\n","protected":false},"author":1,"featured_media":0,"parent":0,"menu_order":0,"comment_status":"closed","ping_status":"closed","template":"","meta":{"footnotes":""},"class_list":["post-205","page","type-page","status-publish","hentry"],"_links":{"self":[{"href":"http:\/\/arci-hdf.org\/index.php?rest_route=\/wp\/v2\/pages\/205","targetHints":{"allow":["GET"]}}],"collection":[{"href":"http:\/\/arci-hdf.org\/index.php?rest_route=\/wp\/v2\/pages"}],"about":[{"href":"http:\/\/arci-hdf.org\/index.php?rest_route=\/wp\/v2\/types\/page"}],"author":[{"embeddable":true,"href":"http:\/\/arci-hdf.org\/index.php?rest_route=\/wp\/v2\/users\/1"}],"replies":[{"embeddable":true,"href":"http:\/\/arci-hdf.org\/index.php?rest_route=%2Fwp%2Fv2%2Fcomments&post=205"}],"version-history":[{"count":29,"href":"http:\/\/arci-hdf.org\/index.php?rest_route=\/wp\/v2\/pages\/205\/revisions"}],"predecessor-version":[{"id":2425,"href":"http:\/\/arci-hdf.org\/index.php?rest_route=\/wp\/v2\/pages\/205\/revisions\/2425"}],"wp:attachment":[{"href":"http:\/\/arci-hdf.org\/index.php?rest_route=%2Fwp%2Fv2%2Fmedia&parent=205"}],"curies":[{"name":"wp","href":"https:\/\/api.w.org\/{rel}","templated":true}]}}