{"id":209,"date":"2019-04-01T15:30:03","date_gmt":"2019-04-01T13:30:03","guid":{"rendered":"http:\/\/arci-hdf.org\/?page_id=209"},"modified":"2026-04-01T11:23:20","modified_gmt":"2026-04-01T09:23:20","slug":"quest-ce-quun-cinema-itinerant","status":"publish","type":"page","link":"http:\/\/arci-hdf.org\/?page_id=209","title":{"rendered":"Qu&rsquo;est-ce qu&rsquo;un cin\u00e9ma itin\u00e9rant ?"},"content":{"rendered":"<h3 style=\"text-align: center;\"><strong>Le cin\u00e9ma itin\u00e9rant<\/strong><\/h3>\n<p style=\"text-align: center;\"><strong>L&rsquo;histoire du cin\u00e9ma itin\u00e9rant<\/strong><\/p>\n<p>A ce jour, il n&rsquo;existe pas de d\u00e9finition juridique des circuits de Cin\u00e9ma itin\u00e9rant. Pourtant, pour \u00eatre reconnu comme tel, le CNC exige un minimum de deux points de diffusion. Celui-ci sera identifi\u00e9 comme une salle de cin\u00e9ma fixe par son num\u00e9ro d&rsquo;autorisation livr\u00e9 par le CNC. Le circuit devra \u00e9tablir un point r\u00e9f\u00e9rent, sur lequel sera identifi\u00e9 le circuit. Par exemple, l&rsquo;association Cin\u00e9Ligue Hauts-de-France a choisi la commune de Beaurainville (Salle Saint-Martin) pour identifier son activit\u00e9.<\/p>\n<p>Un circuit de cin\u00e9ma itin\u00e9rant se situe sur un territoire dans lequel une structure intervient pour proposer des s\u00e9ances de cin\u00e9ma. Le plus souvent, ces s\u00e9ances sont organis\u00e9es dans des salles polyvalentes, des salles des f\u00eates ou des maisons culturelles. Le but est de pouvoir faire b\u00e9n\u00e9ficier de propositions cin\u00e9matographiques aux spectateurs des milieux ruraux, \u00e9loign\u00e9s des salles de cin\u00e9ma fixes. Les programmations sont souvent pens\u00e9es avec des films de l&rsquo;actualit\u00e9 grand public, des programmes class\u00e9s Art&amp;Essai ou encore des long-m\u00e9trages ayant marqu\u00e9 l&rsquo;histoire du cin\u00e9ma.<\/p>\n<p>Le cin\u00e9ma s&rsquo;est d\u00e9mocratis\u00e9 au d\u00e9but du 20\u00e8me si\u00e8cle avec l&rsquo;ouverture des premi\u00e8res salles fixes. Apr\u00e8s la seconde guerre mondiale, les salles de cin\u00e9ma \u00e9taient tr\u00e8s r\u00e9put\u00e9es et avaient une affluence importante. Dix ans plus tard, l&rsquo;arriv\u00e9e de la t\u00e9l\u00e9vision provoque un essoufflement du cin\u00e9ma lorsque le grand public \u00e9tait \u00e0 genoux devant la t\u00e9l\u00e9vision en voyant le g\u00e9n\u00e9ral De Gaulle dans son salon. L&rsquo;itin\u00e9rance devient de plus en plus compliqu\u00e9e et commence \u00e0 \u00eatre d\u00e9pass\u00e9e par la t\u00e9l\u00e9vision.<\/p>\n<p>Au d\u00e9but des ann\u00e9es 80, des projecteurs 35mm adapt\u00e9s \u00e0 l&rsquo;itin\u00e9rance sont mis en vente. Ce ph\u00e9nom\u00e8ne relance l&rsquo;itin\u00e9rance. C&rsquo;est ainsi que le tout premier circuit de cin\u00e9ma itin\u00e9rant a \u00e9t\u00e9 fond\u00e9 en 1978. Des b\u00e9n\u00e9voles et des jeunes objecteurs de conscience, parfois salari\u00e9s, \u00e9taient charg\u00e9s d&rsquo;assurer des projections en 35mm. Les projectionnistes b\u00e9n\u00e9voles devaient donc transporter leur mat\u00e9riel sur les lieux de projections (\u00e9crans, projecteurs, bobines, etc&#8230;). Les films \u00e9taient sur de grosses bobines que les distributeurs acceptaient de \u00ab louer \u00bb aux circuits.<\/p>\n<p>Depuis, les circuits de cin\u00e9ma itin\u00e9rant se sont beaucoup d\u00e9velopp\u00e9s. Selon l&rsquo;\u00e9tude de l&rsquo;Association Nationale des Cin\u00e9mas Itin\u00e9rants datant de 2015, plus de la moiti\u00e9 des circuits sont n\u00e9s entre 1981 et 1985. Depuis 2010, cinq se sont fond\u00e9s, malgr\u00e9 le passage au num\u00e9rique.<\/p>\n<p style=\"text-align: center;\"><strong>Les trois circuits de cin\u00e9mas itin\u00e9rants des Hauts-de-France<\/strong><\/p>\n<p>Depuis 2018, Cin\u00e9Ligue Hauts-de-France (Nord et Pas de Calais), Cin\u00e9 Rural 60 (Oise) et Cin\u00e9 Pop (Aisne et Somme), se sont r\u00e9unis dans le but de fonder une Association R\u00e9gionale sous le mod\u00e8le de l&rsquo;ANCI. Voici une petite pr\u00e9sentation des circuits.<\/p>\n<p><strong>Cin\u00e9Ligue &#8211; Hauts-de-France<\/strong><\/p>\n<p>L&rsquo;histoire de Cin\u00e9Ligue &#8211; Hauts-de-France remonte \u00e0 1927, avec la cr\u00e9ation de l&rsquo;ORCEL (Office R\u00e9gional de Cin\u00e9ma \u00c9ducateur La\u00efc). Cette structure fait alors partie d&rsquo;une trentaine de cin\u00e9math\u00e8ques de\u00a0France, structur\u00e9e en 1929 avec la F\u00e9d\u00e9ration Nationale des Offices Cin\u00e9matographiques d&rsquo;Enseignement et d\u2019\u00c9ducation La\u00efques. En 1946, apr\u00e8s la Seconde Guerre Mondiale, l&rsquo;ORCEL change de nom et devient l&rsquo;ORLEIS, l&rsquo;Office R\u00e9gional La\u00efc d&rsquo;Education par l&rsquo;Image et le Son. La structure couvre un plus large territoire qu&rsquo;aujourd&rsquo;hui et descend jusque dans une partie de la Champagne-Ardenne. L&rsquo;une des principales missions de l&rsquo;ORLEIS \u00e9tait de g\u00e9rer la cin\u00e9math\u00e8que de l&rsquo;enseignement public de Lille au 104 rue de Cambrai, actuel bureau de Cin\u00e9Ligue \u2013 Hauts-de-France. Ce lieu \u00e9tait une ressource pour les enseignants qui souhaitaient disposer de copies de films abordant tout sujet : de la m\u00e9decine \u00e0 la litt\u00e9rature en passant par la g\u00e9ographie ou la psychologie. Il est notable que cette cin\u00e9math\u00e8que proposait \u00e9galement des films pour les enfants : une premi\u00e8re volont\u00e9 de l&rsquo;ORLEIS de proposer une \u00e9ducation aux images, comme Cineligue &#8211; Hauts-de-France le fait aujourd&rsquo;hui. L&rsquo;ORLEIS avait \u00e9galement pour mission de f\u00e9d\u00e9rer une centaine de Cin\u00e9-club de la R\u00e9gion du Nord-Pas-de-Calais.<\/p>\n<p>L&rsquo;arriv\u00e9e de la gauche au pouvoir au d\u00e9but des ann\u00e9es 80 marque un virage important dans l&rsquo;histoire du Cin\u00e9ma, notamment avec la politique culturelle men\u00e9e par Monsieur Jack Lang, cr\u00e9ateur de l&rsquo;Agence pour le d\u00e9veloppement R\u00e9gional du Cin\u00e9ma (ADRC) en 1983. Certains OROLEIS choisissent alors de passer au cin\u00e9ma commercial en cr\u00e9ant des circuits de cin\u00e9ma itin\u00e9rants. C&rsquo;est le cas de l&rsquo;ORLEIS Nord-Pas-de-Calais, qui, \u00e0 la fin des ann\u00e9es 1980, couvre un\u00a0r\u00e9seau de 130 points de diffusion r\u00e9alisant 130 000 entr\u00e9es par an, le but \u00e9tant de tenter de faire perdurer l\u2019action des cin\u00e9-clubs et de revenir aux origines du cin\u00e9ma. Mais cette activit\u00e9 n&rsquo;est pas rentable : elle s\u2019appuie sur le principe du partage des recettes avec les communes. La situation financi\u00e8re de l\u2019association devient de plus en plus difficile \u00e0 contr\u00f4ler. C&rsquo;est alors que l&rsquo;ORLEIS scinde son activit\u00e9 et cr\u00e9\u00e9 Cin\u00e9promo pour la gestion du circuit de cin\u00e9ma itin\u00e9rant.<\/p>\n<p>A la fin des ann\u00e9es 90, Cin\u00e9promo s&rsquo;engage \u00e0 restructurer ses points de diffusion, \u00e0 reprendre une activit\u00e9 d&rsquo;\u00e9ducation aux images et \u00e0 proposer une nouvelle programmation, sous la pr\u00e9sidence de Jean-Claude Dupont. Ce changement marque un tournant important dans l&rsquo;histoire de l&rsquo;association, puisqu&rsquo;elle devient propri\u00e9taire du 104 rue de Cambrai \u00e0 Lille, (actuel si\u00e8ge de la structure), en 2003. C&rsquo;est alors que Cin\u00e9promo devient Cin\u00e9Ligue, afin de marquer son affiliation \u00e0 la Ligue de l&rsquo;enseignement. Les nouveaux points de diffusion sont arr\u00eat\u00e9s aux fronti\u00e8res du Nord-Pas-de-Calais, d&rsquo;o\u00f9 le nom de Cin\u00e9Ligue \u2013 Nord-Pas-de-Calais. Le 1er janvier 2018, Cin\u00e9Ligue est devenu Cin\u00e9Ligue Hauts-de-France, suite \u00e0 la loi NOTRe : la reconfiguration du territoire Fran\u00e7ais par les nouvelles grandes r\u00e9gions.<\/p>\n<p>L&rsquo;\u00e9ducation aux images est une priorit\u00e9 pour le circuit de Cin\u00e9Ligue Hauts-de-France. Tout d&rsquo;abord, la structure a cr\u00e9\u00e9 son propre dispositif \u00ab\u00a0\u00c9l\u00e8ves et spectateurs\u00a0\u00bb en 2005, afin de proposer une \u00e9ducation artistique et culturelle \u00e0 tout \u00e9tablissement scolaire adh\u00e9rent au cycle. Des interventions th\u00e9oriques et pratiques sont mises en place par ce biais. Cin\u00e9Ligue coordonne depuis 15 ans le dispositif national Lyc\u00e9ens et Apprentis au cin\u00e9ma avec l&rsquo;ACAP &#8211; P\u00f4le Image R\u00e9gional d&rsquo;Amiens.<\/p>\n<p>Aujourd&rsquo;hui, l&rsquo;association est dirig\u00e9e par Timoth\u00e9e Donay, sous la pr\u00e9sidence de Jean-Louis Thomas.<\/p>\n<p><strong>Cin\u00e9 Rural 60<\/strong><\/p>\n<p align=\"JUSTIFY\">L&rsquo;Oise est sans doute le d\u00e9partement le plus \u00e9clectique de la R\u00e9gion Hauts-de-France. Le sud du territoire, proche de la R\u00e9gion Parisienne est tr\u00e8s riche, contrairement au Nord. Au tout d\u00e9but des ann\u00e9es 80, quelques communes du nord-ouest du d\u00e9partement souhaitaient mettre en place des actions culturelles. Trois villages se sont donc associ\u00e9s pour cr\u00e9er un cin\u00e9-club en 1982, via la Ligue de l&rsquo;enseignement de l&rsquo;Oise. Fouilloy, Formerie et Milly-sur-Th\u00e9rain ont pu compter sur le r\u00e9pertoire de l&rsquo;UFOLEIS (Union Fran\u00e7aise des Oeuvres La\u00efques pour l&rsquo;Education par l&rsquo;Image et le Son) : la f\u00e9d\u00e9ration des Cin\u00e9-clubs de la Ligue de l&rsquo;enseignement, pour diffuser de vieux films. Finalement, le catalogue de cette structure n&rsquo;\u00e9tait pas adapt\u00e9 au grand public. En 1984, Cin\u00e9 Rural 60 est n\u00e9 sous la forme d&rsquo;un circuit de cin\u00e9ma itin\u00e9rant avec un num\u00e9ro d&rsquo;exploitant d\u00e9livr\u00e9 par le Centre National du Cin\u00e9ma et de l&rsquo;image anim\u00e9e. Toujours affili\u00e9 \u00e0 la Ligue de l&rsquo;enseignement, Cin\u00e9 Rural 60 dispose d&rsquo;une soixantaine de communes dans son circuit d\u00e8s 1990. Le circuit se s\u00e9pare de la Ligue au milieu des ann\u00e9es 90 et devient totalement autonome \u00e0 ce moment l\u00e0.<\/p>\n<p align=\"JUSTIFY\">D&rsquo;apr\u00e8s Patrick Fizet, fondateur de Cin\u00e9 Rural 60 : \u00ab Pouvoir b\u00e9n\u00e9ficier d&rsquo;une activit\u00e9 culturelle en milieu rural est essentielle. Je suis devenu Cin\u00e9phile en cr\u00e9ant Cin\u00e9 Rural 60 et je militerai toujours pour le d\u00e9veloppement du cin\u00e9ma, du th\u00e9\u00e2tre et du spectacle vivant dans les milieux ruraux \u00bb.<\/p>\n<p align=\"JUSTIFY\">Aujourd&rsquo;hui, Cin\u00e9 Rural 60 dispose de 10 salari\u00e9s et d\u00e9veloppe de plus en plus son activit\u00e9 en milieu rural. Class\u00e9 Art&amp;Essai par le CNC en 2018, \u00e0 la cr\u00e9ation de l&rsquo;ARCI-HdF, le circuit propose des ateliers de r\u00e9alisation, d&rsquo;\u00e9ducation aux images, des s\u00e9ances plein air et des avant-premi\u00e8res en salle !<\/p>\n<p align=\"JUSTIFY\">Aujourd&rsquo;hui, l&rsquo;association est dirig\u00e9e par Uri Romero, sous la Pr\u00e9sidence de Philippe Turminel.<\/p>\n<p><strong>Cin\u00e9 Pop<\/strong><\/p>\n<p align=\"JUSTIFY\">Jusqu&rsquo;en 2024, les circuits de cin\u00e9ma itin\u00e9rant de l&rsquo;Aisne et la Somme \u00e9taient g\u00e9r\u00e9s par les F\u00e9d\u00e9ration D\u00e9partementale des Maisons des Jeunes et de la Culture (FDMJC02 et FDMJC80). Dans le cadre des difficult\u00e9s financi\u00e8res et organisationnelles rencontr\u00e9es, l&rsquo;activit\u00e9 de cin\u00e9ma itin\u00e9rant a \u00e9t\u00e9 transf\u00e9r\u00e9 vers une nouvelle entit\u00e9, Cin\u00e9 Pop, cr\u00e9\u00e9e en juillet 2024 et dont l&rsquo;activit\u00e9 a officiellement d\u00e9marr\u00e9e en janvier 2025, toujours avec le soutiens de la DRAC Hauts-de-France et de la R\u00e9gion Hauts-de-France.<\/p>\n<p align=\"JUSTIFY\">L&rsquo;\u00e9quipe compte \u00e0 ce jour 4 salari\u00e9s, dont deux projectionnistes et un m\u00e9diateur cin\u00e9ma et cherche \u00e0 d\u00e9velopper son activit\u00e9, avec les soutiens du d\u00e9partement de l&rsquo;Aisne, de la Somme et de l&rsquo;ARCI-HdF !<\/p>\n<p align=\"JUSTIFY\">L&rsquo;association est dirig\u00e9e par Emilien Trgina, sous la pr\u00e9sidence de Guy Levrat.<\/p>\n<p align=\"JUSTIFY\">\n<p style=\"text-align: center;\"><b>Une entraide\u00a0entre les homologues pour mettre en place des projets novateurs en\u00a0<\/b><span style=\"text-align: left;\"><b>commun<\/b><\/span><\/p>\n<p>Gr\u00e2ce au soutien de Cin\u00e9Ligue Hauts-de-France et de l&rsquo;ARCI, le circuit de Cin\u00e9 Rural 60 a \u00e9t\u00e9 class\u00e9 Art&amp;Essai depuis septembre 2018. De plus, les deux structures ont pu d&rsquo;or et d\u00e9j\u00e0 r\u00e9aliser des documents p\u00e9dagogiques commun, dans le but de mutualiser les m\u00e9thodes d&rsquo;Education \u00e0 l&rsquo;Image en milieu scolaire. Ainsi, les films <em>Parvana<\/em> et <em>Bienvenue \u00e0 Gattaca<\/em> ont \u00e9t\u00e9 accompagn\u00e9s en milieu scolaire par les deux m\u00e9diateurs culturels cin\u00e9ma des circuits.<\/p>\n<p>Mais les premiers succ\u00e8s 2018 de l&rsquo;ARCI ne s&rsquo;arr\u00eatent pas l\u00e0. Pendant la f\u00eate du cin\u00e9ma d&rsquo;animation d&rsquo;octobre et le mois du film documentaire de novembre, les circuits ont pu d\u00e9velopper de nouveaux partenariats avec les m\u00e9diath\u00e8ques d\u00e9partementales de la nouvelle grande R\u00e9gion Hauts-de-France, afin d&rsquo;\u00e9tendre leurs activit\u00e9s et de pr\u00e9senter aux publics les fonds de ces m\u00e9diath\u00e8ques.<\/p>\n<p>Pour l&rsquo;ann\u00e9e 2019, l&rsquo;ARCI \u00e9tend ses objectifs et se concentre sur l&rsquo;innovation. Les 4 circuits se sont donc fix\u00e9s des objectifs en terme d&rsquo;\u00e9ducation \u00e0 l&rsquo;image et d&rsquo;exploitation cin\u00e9matographique dans le but de s&rsquo;adapter aux publics demandeurs, aux territoires ruraux et aux politiques culturelles de la R\u00e9gion : Accompagnements de programmes r\u00e9gionaux, interventions d&rsquo;\u00e9ducation artistique et culturelle en milieu scolaire, accompagnements de s\u00e9ance pour les tout petits, animations de no\u00ebl, s\u00e9ances plein air et d\u00e9veloppement de partenariats avec les m\u00e9diath\u00e8ques d\u00e9partementales.<\/p>\n<p>De plus, les circuits de l&rsquo;Aisne et de la Somme sont d\u00e9sormais class\u00e9s Art&amp;Essai gr\u00e2ce \u00e0 leurs programmations culturelles !<\/p>\n<p>En 2019, l&rsquo;ARCI a b\u00e9n\u00e9fici\u00e9 d&rsquo;une subvention exceptionnelle de la DRAC pour travailler sur un projet s\u00e9rie. Apr\u00e8s concertation des homologues des 4 circuits, il a \u00e9t\u00e9 d\u00e9cid\u00e9 que l&rsquo;ARCI profiterait de ce financement pour cr\u00e9er une s\u00e9rie, sous forme d&rsquo;ateliers de r\u00e9alisation avec les publics des milieux ruraux, mais aussi de cr\u00e9er des ateliers \u00ab\u00a0s\u00e9ries\u00a0\u00bb m\u00ealant visionnage et apprentissage.<\/p>\n<p>Cette web s\u00e9rie est disponible depuis le lundi 4 mai 2020 sur <a href=\"https:\/\/www.youtube.com\/channel\/UC7daJWtY5YFtRqG3Uhv55Rw?view_as=subscriber\">cette page<\/a><\/p>\n<p>Durant la longue p\u00e9riode de crise sanitaire li\u00e9e \u00e0 l&rsquo;\u00e9pid\u00e9mie de la COVID-19, les deux salari\u00e9s de l&rsquo;ARCI ont d\u00e9velopp\u00e9 de nouveaux ateliers d&rsquo;\u00e9ducation aux m\u00e9dias autour de la cyber-citoyennet\u00e9, la r\u00e9alit\u00e9 virtuelle et les fake news. De plus, gr\u00e2ce \u00e0 une subvention exceptionnelle de la DILCRAH, l&rsquo;ARCI-HdF a fait \u00e9voluer son atelier s\u00e9rie autour des Simpson pour concentrer ses interventions autour la lutte contre le racisme et la haine anti-LGBT.<\/p>\n<p>L&rsquo;ARCI-HdF compte deux salari\u00e9s, Simon Janot en tant que coordinateur et Alex Barrier comme m\u00e9diateur cin\u00e9ma<\/p>\n<p style=\"text-align: center;\"><strong>Quelques \u00e9l\u00e9ments de communication de l&rsquo;ARCI<\/strong><\/p>\n<p><a href=\"https:\/\/arci-hdf.org\/wp-content\/uploads\/2025\/06\/Nouvelle-Version-Catalogue-_compressed.pdf\">Plaquette ARCI \u00ab\u00a0Les ateliers d\u00e9velopp\u00e9s par l&rsquo;ARCI-HdF\u00a0\u00bb<\/a><br \/>\n<a href=\"https:\/\/arci-hdf.org\/?page_id=2423\">Plaquette ARCI \u00ab\u00a0Plaquette ARCI S\u00e9ances Plein Air 2025\u00a0\u00bb<\/a><\/p>\n<p>Les derniers rapports d&rsquo;activit\u00e9 de l&rsquo;ARCI-HdF :<\/p>\n<p><a href=\"https:\/\/arci-hdf.org\/wp-content\/uploads\/2024\/06\/Rapport-dactivite-2023-ARCI-HdF-Version-numerique_compressed-1.pdf\">2023<\/a> &#8211; <a href=\"https:\/\/arci-hdf.org\/wp-content\/uploads\/2025\/05\/Rapport-dactivite-2024-ARCI-HdF_compressed.pdf\">2024<\/a><\/p>\n","protected":false},"excerpt":{"rendered":"<p>Le cin\u00e9ma itin\u00e9rant L&rsquo;histoire du cin\u00e9ma itin\u00e9rant A ce jour, il n&rsquo;existe pas de d\u00e9finition juridique des circuits de Cin\u00e9ma itin\u00e9rant. Pourtant, pour \u00eatre reconnu comme tel, le CNC exige un minimum de deux points de diffusion. Celui-ci sera identifi\u00e9 comme une salle de cin\u00e9ma fixe par son num\u00e9ro d&rsquo;autorisation livr\u00e9 par le CNC. Le&hellip; <br \/> <a class=\"button small blue\" href=\"http:\/\/arci-hdf.org\/?page_id=209\">Lire la suite<\/a><\/p>\n","protected":false},"author":1,"featured_media":0,"parent":0,"menu_order":0,"comment_status":"closed","ping_status":"closed","template":"","meta":[],"_links":{"self":[{"href":"http:\/\/arci-hdf.org\/index.php?rest_route=\/wp\/v2\/pages\/209"}],"collection":[{"href":"http:\/\/arci-hdf.org\/index.php?rest_route=\/wp\/v2\/pages"}],"about":[{"href":"http:\/\/arci-hdf.org\/index.php?rest_route=\/wp\/v2\/types\/page"}],"author":[{"embeddable":true,"href":"http:\/\/arci-hdf.org\/index.php?rest_route=\/wp\/v2\/users\/1"}],"replies":[{"embeddable":true,"href":"http:\/\/arci-hdf.org\/index.php?rest_route=%2Fwp%2Fv2%2Fcomments&post=209"}],"version-history":[{"count":26,"href":"http:\/\/arci-hdf.org\/index.php?rest_route=\/wp\/v2\/pages\/209\/revisions"}],"predecessor-version":[{"id":2676,"href":"http:\/\/arci-hdf.org\/index.php?rest_route=\/wp\/v2\/pages\/209\/revisions\/2676"}],"wp:attachment":[{"href":"http:\/\/arci-hdf.org\/index.php?rest_route=%2Fwp%2Fv2%2Fmedia&parent=209"}],"curies":[{"name":"wp","href":"https:\/\/api.w.org\/{rel}","templated":true}]}}