{"id":216,"date":"2019-04-02T09:31:20","date_gmt":"2019-04-02T07:31:20","guid":{"rendered":"http:\/\/arci-hdf.org\/?page_id=216"},"modified":"2021-03-30T15:09:20","modified_gmt":"2021-03-30T13:09:20","slug":"les-seances-de-films-regionaux-par-larci","status":"publish","type":"page","link":"http:\/\/arci-hdf.org\/?page_id=216","title":{"rendered":"Les s\u00e9ances de films r\u00e9gionaux par l&rsquo;ARCI"},"content":{"rendered":"<h3 style=\"text-align: center;\">L&rsquo;ARCI accompagne des programmes tourn\u00e9s ou produits dans les Hauts-de-France<\/h3>\n<p>&nbsp;<\/p>\n<p><strong>MAJ 01\/10\/20<\/strong><\/p>\n<p>Cette ann\u00e9e encore, les circuits de cin\u00e9ma itin\u00e9rants incluent des films r\u00e9gionaux au sein de leur programmations ! Plusieurs s\u00e9ances accompagn\u00e9es ont d\u00e9j\u00e0 eu lieu \u00e0 Loos (59), Fruges (62), Montcornet (02) et Socx (59) avec les films et programmes <em>Je ne r\u00eave que de vous<\/em> (En pr\u00e9sence du r\u00e9alistauer Laurent Heynemann), <em>Loups tendres et loufoques\u00a0<\/em>(Avec des animations propos\u00e9es par Aur\u00e9lie Pat\u00e9 des FDMJC 02 et 80 et Camille Brochart de Cin\u00e9Ligue Hauts-de-France et <em>Une belle \u00e9quipe\u00a0<\/em>(En pr\u00e9sence d&rsquo;un assistant r\u00e9alisateur, Fr\u00e9d\u00e9ric Alexandre)\u00a0!<\/p>\n<p>De plus, pour le lancement de la saison des s\u00e9ances de cin\u00e9ma en plein air, Cin\u00e9Ligue Hauts-de-France a propos\u00e9 la diffusion de La for\u00eat de mon p\u00e8re, \u00e0 Raismes, l&rsquo;un des lieux du tournage du film, en pr\u00e9sence de la r\u00e9alisatrice Vero Cratzborn !<\/p>\n<p>Ne manquez pas les prochaines s\u00e9ances accompagn\u00e9es par les \u00e9quipes des films :<\/p>\n<p>04\/10\/20 &#8211;&gt; <em>Effacer l&rsquo;historique<\/em> \u00e0 Ribemont (02)<\/p>\n<p>06\/10\/20 &#8211;&gt; <em>Effacer l&rsquo;historique<\/em> \u00e0 Guignicourt (02)<\/p>\n<p>08\/10\/20 &#8211;&gt; <em>La for\u00eat de mon p\u00e8re<\/em> \u00e0 Saint-Amand-les-eaux (59)<\/p>\n<p>09\/10\/20 &#8211;&gt; <em>Mine de rien<\/em> \u00e0 Fruges (62)<\/p>\n<p>14\/10\/20 &#8211;&gt; <em>Effacer l&rsquo;historique<\/em> \u00e0 Vailly-sur-Aisne (02)<\/p>\n<p><img loading=\"lazy\" class=\"alignnone size-thumbnail wp-image-968\" src=\"http:\/\/arci-hdf.org\/wp-content\/uploads\/2021\/03\/Une-belle-\u00e9quipe-150x150.jpg\" alt=\"\" width=\"150\" height=\"150\" \/> <img loading=\"lazy\" class=\"alignnone size-thumbnail wp-image-969\" src=\"http:\/\/arci-hdf.org\/wp-content\/uploads\/2021\/03\/Mine-de-rien-150x150.jpg\" alt=\"\" width=\"150\" height=\"150\" \/> <img loading=\"lazy\" class=\"alignnone size-thumbnail wp-image-970\" src=\"http:\/\/arci-hdf.org\/wp-content\/uploads\/2021\/03\/Effacer-lhistorique-150x150.jpg\" alt=\"\" width=\"150\" height=\"150\" \/><\/p>\n<p>&nbsp;<\/p>\n<p style=\"text-align: left;\"><strong>MAJ 19\/03\/19 Les premi\u00e8res s\u00e9ances de films r\u00e9gionaux ont eu lieu du 18 au 23 f\u00e9vrier avec\u00a0<em>Les invisibles !<\/em><\/strong><\/p>\n<p>Dans l&rsquo;Oise, Cin\u00e9 Rural 60 entend bien proposer aux publics des productions r\u00e9gionales. C&rsquo;est avec\u00a0<em>Les invisibles\u00a0<\/em>que l&rsquo;ARCI propose ses premi\u00e8res s\u00e9ances de films produits et\/ou r\u00e9alis\u00e9s dans la R\u00e9gion des Hauts-de-France. Gr\u00e2ce \u00e0 l&rsquo;\u00e9tudiant en cin\u00e9ma K\u00e9vy Dardor, les s\u00e9ances de Villers-Saint-Barthel\u00e9my, Auneuil, Savignies et Haudivillers ont \u00e9t\u00e9 agr\u00e9ment\u00e9es de d\u00e9bats autour du film, sa fa\u00e7on d&rsquo;\u00eatre \u00e9crit et r\u00e9alis\u00e9, mais aussi sur son propos principal : les personnes qui vivent dans la rue.<\/p>\n<p>&nbsp;<\/p>\n<p><img loading=\"lazy\" class=\"alignnone wp-image-340 size-medium\" src=\"http:\/\/arci-hdf.org\/wp-content\/uploads\/2019\/05\/DSCF0252-300x225.jpg\" alt=\"\" width=\"300\" height=\"225\" srcset=\"http:\/\/arci-hdf.org\/wp-content\/uploads\/2019\/05\/DSCF0252-300x225.jpg 300w, http:\/\/arci-hdf.org\/wp-content\/uploads\/2019\/05\/DSCF0252-768x576.jpg 768w, http:\/\/arci-hdf.org\/wp-content\/uploads\/2019\/05\/DSCF0252-1024x768.jpg 1024w, http:\/\/arci-hdf.org\/wp-content\/uploads\/2019\/05\/DSCF0252-1440x1080.jpg 1440w\" sizes=\"(max-width: 300px) 100vw, 300px\" \/><img loading=\"lazy\" class=\"alignnone wp-image-339 size-medium\" src=\"http:\/\/arci-hdf.org\/wp-content\/uploads\/2019\/05\/DSCF0250-300x225.jpg\" alt=\"\" width=\"300\" height=\"225\" srcset=\"http:\/\/arci-hdf.org\/wp-content\/uploads\/2019\/05\/DSCF0250-300x225.jpg 300w, http:\/\/arci-hdf.org\/wp-content\/uploads\/2019\/05\/DSCF0250-768x576.jpg 768w, http:\/\/arci-hdf.org\/wp-content\/uploads\/2019\/05\/DSCF0250-1024x768.jpg 1024w, http:\/\/arci-hdf.org\/wp-content\/uploads\/2019\/05\/DSCF0250-1440x1080.jpg 1440w\" sizes=\"(max-width: 300px) 100vw, 300px\" \/><img loading=\"lazy\" class=\"alignnone wp-image-338 size-medium\" src=\"http:\/\/arci-hdf.org\/wp-content\/uploads\/2019\/05\/DSCF0245-300x225.jpg\" alt=\"\" width=\"300\" height=\"225\" srcset=\"http:\/\/arci-hdf.org\/wp-content\/uploads\/2019\/05\/DSCF0245-300x225.jpg 300w, http:\/\/arci-hdf.org\/wp-content\/uploads\/2019\/05\/DSCF0245-768x576.jpg 768w, http:\/\/arci-hdf.org\/wp-content\/uploads\/2019\/05\/DSCF0245-1024x768.jpg 1024w, http:\/\/arci-hdf.org\/wp-content\/uploads\/2019\/05\/DSCF0245-1440x1080.jpg 1440w\" sizes=\"(max-width: 300px) 100vw, 300px\" \/><\/p>\n<p style=\"text-align: left;\"><strong>MAJ 15\/03\/19 Des s\u00e9ances autour de films r\u00e9gionaux ont eu lieu les 9 et 14 mars derniers !<\/strong><\/p>\n<p>Parmi ses objectifs 2019, l&rsquo;ARCI va mettre en place des s\u00e9ances autour de films r\u00e9gionaux et les accompagner par des d\u00e9bats ou des pr\u00e9sentations. Les deux premi\u00e8res ont eu lieu autour du film\u00a0<em>Les invisibles<\/em>, avec la pr\u00e9sence de Dominique Manet, actrice du film !<\/p>\n<p>Le 9 mars, Cin\u00e9Ligue Hauts-de-France a propos\u00e9 une s\u00e9ance du film de Louis Julien Petit dans le d\u00e9partement du Pas-de-Calais, \u00e0 Croisilles, dans le cadre du festival AGIR, organis\u00e9 par la maison des habitants de Croisilles. Pour l&rsquo;occasion, l&rsquo;association La brique \u00e9tait pr\u00e9sente pour \u00e9changer avec les 63 publics pr\u00e9sents, aux c\u00f4t\u00e9s de Dominique Manet.<\/p>\n<pre><a href=\"http:\/\/arci-hdf.org\/wp-content\/uploads\/2019\/04\/DSC_0045.jpg\"><img loading=\"lazy\" class=\"alignleft wp-image-219 size-medium\" src=\"http:\/\/arci-hdf.org\/wp-content\/uploads\/2019\/04\/DSC_0045-300x199.jpg\" alt=\"\" width=\"300\" height=\"199\" srcset=\"http:\/\/arci-hdf.org\/wp-content\/uploads\/2019\/04\/DSC_0045-300x199.jpg 300w, http:\/\/arci-hdf.org\/wp-content\/uploads\/2019\/04\/DSC_0045-768x509.jpg 768w, http:\/\/arci-hdf.org\/wp-content\/uploads\/2019\/04\/DSC_0045-1024x678.jpg 1024w, http:\/\/arci-hdf.org\/wp-content\/uploads\/2019\/04\/DSC_0045-1631x1080.jpg 1631w\" sizes=\"(max-width: 300px) 100vw, 300px\" \/><\/a><a href=\"http:\/\/arci-hdf.org\/wp-content\/uploads\/2019\/04\/DSC_0044.jpg\"><img loading=\"lazy\" class=\"alignleft wp-image-218 size-medium\" src=\"http:\/\/arci-hdf.org\/wp-content\/uploads\/2019\/04\/DSC_0044-300x199.jpg\" alt=\"\" width=\"300\" height=\"199\" srcset=\"http:\/\/arci-hdf.org\/wp-content\/uploads\/2019\/04\/DSC_0044-300x199.jpg 300w, http:\/\/arci-hdf.org\/wp-content\/uploads\/2019\/04\/DSC_0044-768x509.jpg 768w, http:\/\/arci-hdf.org\/wp-content\/uploads\/2019\/04\/DSC_0044-1024x678.jpg 1024w, http:\/\/arci-hdf.org\/wp-content\/uploads\/2019\/04\/DSC_0044-1631x1080.jpg 1631w\" sizes=\"(max-width: 300px) 100vw, 300px\" \/><\/a><a href=\"http:\/\/arci-hdf.org\/wp-content\/uploads\/2019\/04\/DSCF0820.jpg\"><img loading=\"lazy\" class=\"alignleft wp-image-220 size-medium\" src=\"http:\/\/arci-hdf.org\/wp-content\/uploads\/2019\/04\/DSCF0820-300x225.jpg\" alt=\"\" width=\"300\" height=\"225\" srcset=\"http:\/\/arci-hdf.org\/wp-content\/uploads\/2019\/04\/DSCF0820-300x225.jpg 300w, http:\/\/arci-hdf.org\/wp-content\/uploads\/2019\/04\/DSCF0820-768x576.jpg 768w, http:\/\/arci-hdf.org\/wp-content\/uploads\/2019\/04\/DSCF0820-1024x768.jpg 1024w, http:\/\/arci-hdf.org\/wp-content\/uploads\/2019\/04\/DSCF0820-1440x1080.jpg 1440w\" sizes=\"(max-width: 300px) 100vw, 300px\" \/><\/a><\/pre>\n<p>&nbsp;<\/p>\n<p>&nbsp;<\/p>\n<p>&nbsp;<\/p>\n<p>&nbsp;<\/p>\n<p>&nbsp;<\/p>\n<p>&nbsp;<\/p>\n<p>La seconde s\u00e9ance a eu lieu le jeudi 14 mars et a r\u00e9uni 150 publics au th\u00e9\u00e2tre des sources de Saint-Amand-les-eaux. Cette s\u00e9ance a eu lieu dans le cadre du Printemps des femmes, en \u00e9cho au festival \u00ab\u00a0Nombril du monde\u00a0\u00bb.<\/p>\n<p>&nbsp;<\/p>\n","protected":false},"excerpt":{"rendered":"<p>L&rsquo;ARCI accompagne des programmes tourn\u00e9s ou produits dans les Hauts-de-France &nbsp; MAJ 01\/10\/20 Cette ann\u00e9e encore, les circuits de cin\u00e9ma itin\u00e9rants incluent des films r\u00e9gionaux au sein de leur programmations ! Plusieurs s\u00e9ances accompagn\u00e9es ont d\u00e9j\u00e0 eu lieu \u00e0 Loos (59), Fruges (62), Montcornet (02) et Socx (59) avec les films et programmes Je ne&hellip; <br \/> <a class=\"button small blue\" href=\"http:\/\/arci-hdf.org\/?page_id=216\">Lire la suite<\/a><\/p>\n","protected":false},"author":1,"featured_media":0,"parent":0,"menu_order":0,"comment_status":"closed","ping_status":"closed","template":"","meta":[],"_links":{"self":[{"href":"http:\/\/arci-hdf.org\/index.php?rest_route=\/wp\/v2\/pages\/216"}],"collection":[{"href":"http:\/\/arci-hdf.org\/index.php?rest_route=\/wp\/v2\/pages"}],"about":[{"href":"http:\/\/arci-hdf.org\/index.php?rest_route=\/wp\/v2\/types\/page"}],"author":[{"embeddable":true,"href":"http:\/\/arci-hdf.org\/index.php?rest_route=\/wp\/v2\/users\/1"}],"replies":[{"embeddable":true,"href":"http:\/\/arci-hdf.org\/index.php?rest_route=%2Fwp%2Fv2%2Fcomments&post=216"}],"version-history":[{"count":12,"href":"http:\/\/arci-hdf.org\/index.php?rest_route=\/wp\/v2\/pages\/216\/revisions"}],"predecessor-version":[{"id":971,"href":"http:\/\/arci-hdf.org\/index.php?rest_route=\/wp\/v2\/pages\/216\/revisions\/971"}],"wp:attachment":[{"href":"http:\/\/arci-hdf.org\/index.php?rest_route=%2Fwp%2Fv2%2Fmedia&parent=216"}],"curies":[{"name":"wp","href":"https:\/\/api.w.org\/{rel}","templated":true}]}}