{"id":236,"date":"2019-04-03T09:30:36","date_gmt":"2019-04-03T07:30:36","guid":{"rendered":"http:\/\/arci-hdf.org\/?page_id=236"},"modified":"2025-08-21T12:05:43","modified_gmt":"2025-08-21T10:05:43","slug":"leducation-aux-images","status":"publish","type":"page","link":"http:\/\/arci-hdf.org\/?page_id=236","title":{"rendered":"L&rsquo;\u00e9ducation aux images et aux m\u00e9dias"},"content":{"rendered":"\n<h3 class=\"wp-block-heading\"><strong>L&rsquo;\u00e9ducation \u00e0 l&rsquo;image et aux m\u00e9dias : une priorit\u00e9 pour l&rsquo;Association R\u00e9gionale des Cin\u00e9mas Itin\u00e9rants<\/strong><\/h3>\n\n\n\n<hr class=\"wp-block-separator has-alpha-channel-opacity\"\/>\n\n\n\n<p><\/p>\n\n\n\n<div class=\"wp-block-buttons is-content-justification-center is-layout-flex wp-container-core-buttons-is-layout-16018d1d wp-block-buttons-is-layout-flex\">\n<div class=\"wp-block-button\"><a class=\"wp-block-button__link has-background\" href=\"https:\/\/arci-hdf.org\/wp-content\/uploads\/2025\/06\/Nouvelle-Version-Catalogue-_compressed.pdf\" style=\"background-color:#6f61c1\">Catalogue de tous les ateliers propos\u00e9s<\/a><\/div>\n\n\n\n<div class=\"wp-block-button\"><a class=\"wp-block-button__link has-background\" href=\"https:\/\/arci-hdf.org\/?page_id=1694\" style=\"background-color:#6f61c1\" target=\"_blank\" rel=\"noreferrer noopener\">Le d\u00e9tail des ateliers<\/a><\/div>\n<\/div>\n\n\n\n<p><\/p>\n\n\n\n<hr class=\"wp-block-separator has-alpha-channel-opacity is-style-default\"\/>\n\n\n\n<p><\/p>\n\n\n\n<p><strong>Un projet s\u00e9rie avec \u00ab\u00a0R\u00e9seau(x)\u00a0\u00bb<\/strong><\/p>\n\n\n\n<p>En 2019, l&rsquo;ARCI a de nouveaux objectifs. Parmi eux, la cr\u00e9ation d&rsquo;une s\u00e9rie, en milieu rural. Pour ce faire, Cin\u00e9Ligue Hauts-de-France, Cin\u00e9 Rural 60 et les FDMJC ont organis\u00e9 des ateliers de r\u00e9alisation avec des jeunes des milieux ruraux. Les premiers \u00e9pisodes ont \u00e9t\u00e9 imagin\u00e9s, r\u00e9alis\u00e9s, \u00e9crits et interpr\u00e9t\u00e9s par 15 jeunes du pays de Mormal, encadr\u00e9s par Bruno Follet et David Grondin, tout deux intervenants pour le dispositif national Lyc\u00e9ens et Apprentis au cin\u00e9ma. Les \u00e9pisodes suivants ont \u00e9t\u00e9 tourn\u00e9s dans le r\u00e9seau de Cin\u00e9 Rural 60 en juin 2019 ! Un premier teaser a \u00e9t\u00e9 d\u00e9voil\u00e9 le lundi 25 mars 2019 lors des rencontres organis\u00e9es par l&rsquo;ACAP \u00e0 la gare Saint-Sauveur de Lille : \u00ab\u00a0Exp\u00e9rimenter les territoires culturels de demain : Cap sur les s\u00e9ries\u00a0\u00bb. Depuis, les \u00e9pisodes film\u00e9s dans l&rsquo;Oise ont b\u00e9n\u00e9fici\u00e9 d&rsquo;une avant-premi\u00e8re lors du festival du Cin\u00e9 Rural, le 1er juillet 2019 \u00e0 Br\u00e9teuil, en pr\u00e9sence des jeunes qui ont particip\u00e9s au projet ! Une seconde avant-premi\u00e8re a eu lieu pour les \u00e9pisodes tourn\u00e9s dans le Nord, au th\u00e9\u00e2tre des 3 ch\u00eanes de Le Quesnoy, sur un \u00e9cran g\u00e9ant, en pr\u00e9sence des jeunes, le mercredi 26 f\u00e9vrier 2020 !<\/p>\n\n\n\n<p>La s\u00e9rie est disponible&nbsp;<a href=\"https:\/\/www.youtube.com\/channel\/UC7daJWtY5YFtRqG3Uhv55Rw\/featured?disable_polymer=1\">ici<\/a> !<\/p>\n\n\n\n<p><strong>Des s\u00e9ries \u00e0 tout prix !<\/strong><\/p>\n\n\n\n<p>Le projet s\u00e9rie tourne donc autour de la conception d&rsquo;une s\u00e9rie, mais aussi d&rsquo;ateliers, proposant de d\u00e9cortiquer des s\u00e9ries, afin d&rsquo;en comprendre le sens. Ces projets sont mis en place en partenariat les m\u00e9diath\u00e8ques, centre de loisirs, clubs ados, mairies et \u00e9tablissements scolaires des diff\u00e9rents territoires d&rsquo;intervention de l&rsquo;ARCI, afin de faire d\u00e9couvrir aux jeunes des milieux ruraux les dessous de la s\u00e9rie <em>Les Simpson<\/em>. Tout en abordant des sujets d&rsquo;actualit\u00e9s comme l&rsquo;\u00e9galit\u00e9 homme-femme, l&rsquo;impact des r\u00e9seaux sociaux, la malle-bouffe ou encore l&rsquo;homosexualit\u00e9, les jeunes pourront analyser la construction narrative des \u00e9pisodes et \u00e9changer autour des s\u00e9ries qu&rsquo;ils regardent ! Le premier atelier est mis en place le jeudi 18 avril 2018, \u00e0 Rexpo\u00ebde, o\u00f9 deux intervenants ont propos\u00e9 de revenir sur deux \u00e9pisodes des <em>Simpson<\/em>, afin d&rsquo;analyser les diff\u00e9rentes critiques soci\u00e9tales, sociales, politiques et culturelles de la s\u00e9rie am\u00e9ricaine. Pour organiser votre atelier s\u00e9rie autour des Simpson pour les adolescents entre 9 et 15 ans, cliquez <a href=\"http:\/\/arci-hdf.org\/wp-content\/uploads\/2023\/04\/Atelier-Series.pdf\">ici<\/a>. En 2021, le projet s\u00e9rie se d\u00e9veloppe pour les adolescents \u00e0 partir de 12 ans avec la s\u00e9rie South Park, permettant d&rsquo;aborder les sujets du racisme et de la x\u00e9nophobie ! Pour mettre en place cet atelier, cliquez <a href=\"http:\/\/arci-hdf.org\/wp-content\/uploads\/2023\/04\/Atelier-Series.pdf\">ici<\/a>.<\/p>\n\n\n\n<p>Retrouvez \u00e9galement toutes les dates de nos ateliers s\u00e9ries autour des Simpson sur <a href=\"http:\/\/arci-hdf.org\/?page_id=270\">cette page<\/a>.<\/p>\n\n\n\n<p><strong>Des ateliers autour de l&rsquo;\u00e9ducation aux m\u00e9dias et \u00e0 l&rsquo;information<\/strong><\/p>\n\n\n\n<p>Gr\u00e2ce aux financements exceptionnels de la DRAC Hauts-de-France et des FNDVA, les salari\u00e9s des diff\u00e9rents circuits de cin\u00e9ma itin\u00e9rant ont travaill\u00e9 ensemble, afin de coconstruire des actions d&rsquo;\u00e9ducation aux m\u00e9dias ! 2 formules distinctes sont disponibles pour les communes des Hauts-de-France avec des ateliers de r\u00e9alisation et un escape game itin\u00e9rant autour des fake news ! Le premier atelier a pris place pendant 3 jours au CAJ de Rouvroy entre le 20 et le 22 juillet 2021 !<\/p>\n\n\n\n<p>Pour organiser votre atelier autour des m\u00e9dias et de l&rsquo;information aupr\u00e8s des adolescents et pr\u00e9adolescents de votre commune, cliquez <a href=\"http:\/\/arci-hdf.org\/wp-content\/uploads\/2023\/04\/Atelier-Fake-News.pdf\">ici<\/a>.<\/p>\n\n\n\n<p>Retrouvez toutes les dates et informations sur nos ateliers autour des m\u00e9dias et des fake news sur <a href=\"http:\/\/arci-hdf.org\/?page_id=1083\">cette page<\/a>.<\/p>\n\n\n\n<p><strong>Des ateliers sur la cyber-citoyennet\u00e9<br><\/strong><\/p>\n\n\n\n<p>Suite \u00e0 une forte demande des partenaires du r\u00e9seau de l&rsquo;ARCI, un atelier cibl\u00e9 sur la cyber-citoyennet\u00e9 a \u00e9t\u00e9 d\u00e9velopp\u00e9 par les salari\u00e9s de l&rsquo;association. Il a \u00e9t\u00e9 pens\u00e9 pour que les participants explorent collectivement leurs usages d&rsquo;internet et des r\u00e9seaux sociaux et prennent conscience des enjeux de leur pr\u00e9sence en ligne. Une seconde partie de l&rsquo;atelier est centr\u00e9e sur la s\u00e9rie r\u00e9gionale <em>Stalk <\/em>qui traite de cyber-harc\u00e8lement et de ses cons\u00e9quences des la vie r\u00e9elle. Le premier atelier a \u00e9t\u00e9 effectu\u00e9 au club ados de Bresles le 28\/07\/2021 !<\/p>\n\n\n\n<p>Pour en apprendre plus et organiser un atelier cyber-citoyennet\u00e9 aupr\u00e8s des adolescents de votre commune, cliquez <a href=\"http:\/\/arci-hdf.org\/wp-content\/uploads\/2023\/04\/Atelier-Cybercitoyennete.pdf\">ici<\/a>.<\/p>\n\n\n\n<p>Retrouvez toutes les dates et informations sur nos ateliers autour de la cyber-citoyennet\u00e9 sur <a href=\"https:\/\/arci-hdf.org\/?page_id=1110\">cette page<\/a>.<\/p>\n\n\n\n<p><strong>Des s\u00e9ances pour les tout petits \u00ab\u00a0Mes premiers pas au cin\u00e9ma\u00a0\u00bb<\/strong><\/p>\n\n\n\n<p>L&rsquo;un des nombreux objectifs de l&rsquo;ARCI est de mettre en place des s\u00e9ances pour les tout petits avec une programmation adapt\u00e9e aux moins de 6 ans. Ses s\u00e9ances sont accompagn\u00e9es d&rsquo;ateliers parents-enfants et\/ou de prestations d&rsquo;artistes r\u00e9gionaux. Les premi\u00e8res s\u00e9ances ont \u00e9t\u00e9 mises en place dans le r\u00e9seau Nord &#8211; Pas-de-Calais de Cin\u00e9Ligue Hauts-de-France avec des Cin\u00e9-comptines autour du programme de court-m\u00e9trages <em>Petits contes sous la neige<\/em>, accompagn\u00e9 d&rsquo;un petit spectacle <a href=\"http:\/\/arci-hdf.org\/wp-content\/uploads\/2019\/05\/Affiche-Les-notes-de-Th\u00e9o.jpg\"><em>Les notes de Th\u00e9o<\/em><\/a> de l&rsquo;artiste r\u00e9gional <a href=\"http:\/\/www.theofarkova.com\/\">Th\u00e9o Farkova<\/a>, entre novembre 2018 et f\u00e9vrier 2019 ! Depuis, des s\u00e9ances ont lieu dans les d\u00e9partements de l&rsquo;Oise, du Nord et du Pas-de-Calais, avec des programmes comme <em>Le quatuor \u00e0 Cornes<\/em>, <em>Le r\u00eave de Sam<\/em> ou encore <em>Loups tendres et loufoques<\/em> !<\/p>\n\n\n\n<p>En 2022, l&rsquo;ARCI-HdF d\u00e9veloppe un projet autour du programme de court-m\u00e9trages \u00ab\u00a0Maman pleut des cordes\u00a0\u00bb gr\u00e2ce \u00e0 l&rsquo;animation d&rsquo;un petit jeux des couleurs autours des \u00e9motions et des sentiments, d\u00e9velopp\u00e9e par une jeune p\u00e9dopsychiatre ! Pour en savoir plus, cliquez ici !<\/p>\n\n\n\n<p><strong>Un atelier sur la r\u00e9alit\u00e9 virtuelle <\/strong><\/p>\n\n\n\n<p>Toujours au fait des innovations technologiques, L&rsquo;ARCI-HdF en partenariat les FDMJCs de l&rsquo;Aisne et de la Somme ont construit un nouvel atelier sur la r\u00e9alit\u00e9 virtuelle. Entre jeu vid\u00e9o et exp\u00e9rience sensorielle, la r\u00e9alit\u00e9 virtuelle constitue un nouveau d\u00e9fi dans l&rsquo;\u00e9ducation \u00e0 l&rsquo;image. Les objectifs de cet atelier sont donc multiples : Nous revenons sur l&rsquo;histoire pas si r\u00e9cente de ce nouveau m\u00e9dia et nous le pr\u00e9sentons d&rsquo;abord de mani\u00e8re th\u00e9orique. Puis, place \u00e0 l&rsquo;action avec une s\u00e9lection de jeux divis\u00e9s entre plusieurs th\u00e9matiques. Il sera alors question de cr\u00e9ation artistique, de coop\u00e9ration, de handicap et d&rsquo;entraide.<\/p>\n\n\n\n<p>Si vous souhaitez avoir plus d&rsquo;information et en organiser un dans votre structure, cliquez<a href=\"http:\/\/arci-hdf.org\/wp-content\/uploads\/2023\/04\/Atelier-realite-virtuelle.pdf\"> ici<\/a>.<\/p>\n\n\n\n<p><strong>Des ateliers autour de cam\u00e9ra 360\u00b0<\/strong><\/p>\n\n\n\n<p><span style=\"font-size: 18px; font-family: 'Source Sans Pro', sans-serif;\">Le premier confinement de 2020 a eu du bon ! Les deux salari\u00e9s de l&rsquo;Association R\u00e9gionale des Cin\u00e9mas Itin\u00e9rants ont imagin\u00e9 un atelier autour de la cam\u00e9ra 360\u00b0 ! Au programme, un atelier de r\u00e9alisation avec une cam\u00e9ra 360 degr\u00e9s est disponible pour une dizaine de jeunes maximum. C&rsquo;est l&rsquo;occasion de d\u00e9couvrir le langage cin\u00e9matographique pour la r\u00e9alisation d&rsquo;un court-m\u00e9trage, les limites de la cam\u00e9ra 360 degr\u00e9s et l&rsquo;exp\u00e9rience de regarder sa propre cr\u00e9ation avec un casque de r\u00e9alit\u00e9 virtuelle ! Un premier test a \u00e9t\u00e9 r\u00e9alis\u00e9 au club ados de Rety, le jeudi 13 ao\u00fbt 2020.<\/span><\/p>\n\n\n\n<p>Cet atelier est disponible sur l&rsquo;ensemble du territoire R\u00e9gional \u00e0 destination des mairies, centres de loisirs, m\u00e9diath\u00e8ques et \u00e9tablissements scolaires. Pour mettre en place votre atelier sur les cam\u00e9ra 360\u00b0, cliquez <a href=\"http:\/\/arci-hdf.org\/wp-content\/uploads\/2022\/08\/Atelier-360.pdf\">ici<\/a>.<\/p>\n\n\n\n<p>Retrouvez \u00e9galement toutes les date de nos ateliers autour de la r\u00e9alit\u00e9 virtuelle sur <a href=\"http:\/\/arci-hdf.org\/?page_id=1008\">cette page<\/a>.<\/p>\n\n\n\n<p><strong>Un atelier sur la peur au cin\u00e9ma<\/strong><\/p>\n\n\n\n<p>Qu&rsquo;est-ce qui nous fait peur au cin\u00e9ma ? C&rsquo;est \u00e0 partir de cette question que l&rsquo;ARCI-HdF et Cin\u00e9ligue ont construit un atelier qui explore les m\u00e9canisme de la peur au cin\u00e9ma, de l&rsquo;horreur au fantastique, des films fran\u00e7ais au cin\u00e9ma japonais, du sursaut \u00e0 l&rsquo;angoisse. Apr\u00e8s une partie th\u00e9orique avec visionnage d&rsquo;extraits, ce sera aux jeunes (minimum 12 ans) de programmer leur s\u00e9ance de cin\u00e9ma id\u00e9ale. Le choix est fait sur un catalogue de films vari\u00e9s s\u00e9lectionn\u00e9s par nos soins. Accompagn\u00e9s par les animateurs, il leur faudra ensuite l&rsquo;organiser, de la communication aupr\u00e8s du public \u00e0 la pr\u00e9sentation du film avant la projection.<\/p>\n\n\n\n<p>Si ce projet vous int\u00e9resse, cliquez <a href=\"http:\/\/arci-hdf.org\/wp-content\/uploads\/2023\/04\/Atelier-Peur-au-cinema.pdf\">ici<\/a>.<\/p>\n\n\n\n<p><strong>L\u2019\u00c9ducation artistique et culturelle en milieu scolaire<\/strong><\/p>\n\n\n\n<p>Dans le cadre de ses activit\u00e9s d&rsquo;\u00e9ducation aux images, l&rsquo;ARCI entend bien proposer des interventions th\u00e9oriques et pratiques autour de films principalement class\u00e9s Art&amp;Essai. Pour exemple, en 2019, d\u00e9j\u00e0 43 interventions ont \u00e9t\u00e9 donn\u00e9es dans les \u00e9tablissements scolaires des Hauts-de-France, du CP \u00e0 la seconde, en passant par les formations professionnelles du secondaire, pour des films comme <em>Edward aux mains d&rsquo;argent, Aux d\u00e9chets&nbsp;citoyens, Un peuple et son roi, Max et les Maximonstres, Le tableau, Parvana<\/em>&nbsp;ou encore&nbsp;<em>Bienvenue \u00e0 Gattaca<\/em>. Au total, plus de 60 interventions en milieu scolaire ont \u00e9t\u00e9 mis en place sur l&rsquo;ann\u00e9e 2018-2019 ! L&rsquo;ann\u00e9e suivante, ce sont les films&nbsp;<em>R\u00eaves d&rsquo;or, Green Book, Invasion L.A., La mauvaise r\u00e9putation, Zarafa <\/em>ou encore<em> Le voyage du prince&nbsp;<\/em>qui seront analys\u00e9s en milieu scolaire.<\/p>\n\n\n\n<p><strong>Des ateliers autour des jeux vid\u00e9os<\/strong><\/p>\n\n\n\n<p>Depuis la rentr\u00e9e de septembre 2019, l&rsquo;ARCI s&rsquo;int\u00e9resse aux jeux vid\u00e9os et cherche \u00e0 cr\u00e9er un atelier d&rsquo;\u00e9ducation \u00e0 l&rsquo;image sur le sujet, avec des contenus th\u00e9oriques et pratiques. Gr\u00e2ce \u00e0 l&rsquo;intervenant sp\u00e9cialis\u00e9 dans le domaine, Dylan Gilliot, un premier atelier th\u00e9orique a pu \u00eatre test\u00e9 en milieu scolaire, \u00e0 Auxi-le-ch\u00e2teau, en d\u00e9cembre 2019, puis une partie pratique, hors milieu scolaire, en f\u00e9vrier 2020, \u00e0 Croisilles. Les ateliers sont enfin pr\u00eats \u00e0 \u00eatre mis en place des les territoires des Hauts-de-France pour des adolescents et pr\u00e9-adolescents entre 8 et 16 ans ! Que sait-on sur l&rsquo;histoire du jeu vid\u00e9o et de l&rsquo;\u00e9volution du sc\u00e9nario dans le jeu ? Quels sont les jeux r\u00e9gionaux \u00e0 tester sur \u00e9cran g\u00e9ant ? Comment fabriquer un machinima et un game play ? Combien co\u00fbte la production d&rsquo;un jeu vid\u00e9o et quels sont les m\u00e9tiers li\u00e9s au d\u00e9veloppement d&rsquo;un jeu ? Comment pr\u00e9venir des risques d&rsquo;addiction et des dangers des \u00e9crans ? Si vous voulez mettre en place notre atelier autour des jeux vid\u00e9os dans votre commune, cliquez <a href=\"http:\/\/arci-hdf.org\/wp-content\/uploads\/2023\/04\/Atelier-Jeux-video.pdf\">ici<\/a> !<\/p>\n\n\n\n<p>Retrouvez \u00e9galement toutes les dates de nos ateliers autour des jeux vid\u00e9os sur <a href=\"http:\/\/arci-hdf.org\/?page_id=649\">cette page<\/a>.<\/p>\n\n\n\n<p><strong>Des films r\u00e9gionaux<\/strong><\/p>\n\n\n\n<p>Les Hauts-de-France proposent de nombreuses productions que l&rsquo;ARCI-HdF tant \u00e0 valoriser ! En 2019, 12 s\u00e9ances ont \u00e9t\u00e9 accompagn\u00e9es par des associations et\/ou \u00e9quipes des films dans les Hauts-de-France. Les deux premi\u00e8res projections ont eu lieu les 9 et 14 mars 2019 \u00e0 Croisilles et Saint-Amand-les-eaux. Pour l&rsquo;occasion, l&rsquo;actrice Dominique Manet \u00e9tait pr\u00e9sente pour \u00e9changer avec les publics. Les films tels que <em>La belle \u00e9quipe<\/em>, <em>Je ne r\u00eave que de vous<\/em> et <em>Loups tendres loufoques<\/em> sont \u00e0 l&rsquo;honneur pour le d\u00e9but d&rsquo;ann\u00e9e 2020 !<\/p>\n\n\n\n<p>En 2021, des films tels que <em>Mine de rien<\/em>, <em>Debout les femmes!<\/em> et <em>Et si on chantait<\/em> qui ont \u00e9t\u00e9 diffus\u00e9s et accompagn\u00e9s par les \u00e9quipes des films dans les 5 d\u00e9partements des Hauts-de-France !<\/p>\n\n\n\n<p>En 2022, <em>Debout les femmes ! <\/em>a \u00e9t\u00e9 \u00e0 nouveau projet\u00e9 dans l&rsquo;Oise avec l&rsquo;intervention d&rsquo;un professeur de Science Po. Le film d&rsquo;animation <em>Princesse Dragon<\/em> a lui aussi fait l&rsquo;objet de nombreux accompagnements de s\u00e9ance avec un Quizz pr\u00e9par\u00e9 par l&rsquo;ARCI et r\u00e9alis\u00e9 dans le Nord, le Pas-De-Calais et la Somme !<\/p>\n","protected":false},"excerpt":{"rendered":"<p>L&rsquo;\u00e9ducation \u00e0 l&rsquo;image et aux m\u00e9dias : une priorit\u00e9 pour l&rsquo;Association R\u00e9gionale des Cin\u00e9mas Itin\u00e9rants Un projet s\u00e9rie avec \u00ab\u00a0R\u00e9seau(x)\u00a0\u00bb En 2019, l&rsquo;ARCI a de nouveaux objectifs. Parmi eux, la cr\u00e9ation d&rsquo;une s\u00e9rie, en milieu rural. Pour ce faire, Cin\u00e9Ligue Hauts-de-France, Cin\u00e9 Rural 60 et les FDMJC ont organis\u00e9 des ateliers de r\u00e9alisation avec des&hellip; <br \/> <a class=\"button small blue\" href=\"http:\/\/arci-hdf.org\/?page_id=236\">Lire la suite<\/a><\/p>\n","protected":false},"author":1,"featured_media":0,"parent":0,"menu_order":0,"comment_status":"closed","ping_status":"closed","template":"","meta":{"footnotes":""},"class_list":["post-236","page","type-page","status-publish","hentry"],"_links":{"self":[{"href":"http:\/\/arci-hdf.org\/index.php?rest_route=\/wp\/v2\/pages\/236","targetHints":{"allow":["GET"]}}],"collection":[{"href":"http:\/\/arci-hdf.org\/index.php?rest_route=\/wp\/v2\/pages"}],"about":[{"href":"http:\/\/arci-hdf.org\/index.php?rest_route=\/wp\/v2\/types\/page"}],"author":[{"embeddable":true,"href":"http:\/\/arci-hdf.org\/index.php?rest_route=\/wp\/v2\/users\/1"}],"replies":[{"embeddable":true,"href":"http:\/\/arci-hdf.org\/index.php?rest_route=%2Fwp%2Fv2%2Fcomments&post=236"}],"version-history":[{"count":48,"href":"http:\/\/arci-hdf.org\/index.php?rest_route=\/wp\/v2\/pages\/236\/revisions"}],"predecessor-version":[{"id":2571,"href":"http:\/\/arci-hdf.org\/index.php?rest_route=\/wp\/v2\/pages\/236\/revisions\/2571"}],"wp:attachment":[{"href":"http:\/\/arci-hdf.org\/index.php?rest_route=%2Fwp%2Fv2%2Fmedia&parent=236"}],"curies":[{"name":"wp","href":"https:\/\/api.w.org\/{rel}","templated":true}]}}