{"id":376,"date":"2019-05-21T09:40:41","date_gmt":"2019-05-21T07:40:41","guid":{"rendered":"http:\/\/arci-hdf.org\/?page_id=376"},"modified":"2022-05-09T11:21:03","modified_gmt":"2022-05-09T09:21:03","slug":"376-2","status":"publish","type":"page","link":"http:\/\/arci-hdf.org\/?page_id=376","title":{"rendered":"Mes premiers pas au cin\u00e9ma &#8211; Du cin\u00e9ma accompagn\u00e9 d&rsquo;ateliers parents-enfants pour les tout petits"},"content":{"rendered":"<h3 style=\"text-align: center;\"><strong>\u00ab\u00a0Mes premiers pas au cin\u00e9ma\u00a0\u00bb se d\u00e9veloppent dans les circuits des Hauts-de-France<\/strong><\/h3>\n<p>&nbsp;<\/p>\n<p><strong>MAJ du 22\/04\/22<\/strong><\/p>\n<p>Les \u00e9chos au festival Les P&rsquo;tites Toiles d&rsquo;Emile de Cin\u00e9Ligue-HdF se terminent aujourd&rsquo;hui ! De nombreuses s\u00e9ances pour les tout-petits ont \u00e9t\u00e9 accompagn\u00e9es par les acteurs du circuit itin\u00e9rant avec des programmes de court-m\u00e9trages tels que <em>La Baleine et l&rsquo;escargotte<\/em> \u00e0 Saint-Pierre-Brouck (15\/04), <em>Les ours gloutons<\/em> \u00e0 Esquelbecq (21\/04) et <em>Jean-Michel le Caribou<\/em> \u00e0 Steenvoorde (22\/04). Pour cl\u00f4turer le tout, L\u00e9a Coutin est de nouveau intervenue apr\u00e8s une s\u00e9ance de <em>Maman pleut des cordes<\/em>, \u00e0 Bollezeele, le 22\/04, aupr\u00e8s d&rsquo;une quinzaine de tr\u00e8s jeunes spectateurs, avec son atelier autour des \u00e9motions !<\/p>\n<p><img loading=\"lazy\" class=\"alignnone size-thumbnail wp-image-1332\" src=\"http:\/\/arci-hdf.org\/wp-content\/uploads\/2022\/05\/278426292_1197776704382723_3072415070431687619_n-150x150.jpg\" alt=\"\" width=\"150\" height=\"150\" \/> <img loading=\"lazy\" class=\"alignnone size-thumbnail wp-image-1334\" src=\"http:\/\/arci-hdf.org\/wp-content\/uploads\/2022\/05\/280071488_746224770069072_601560469476917882_n-150x150.jpg\" alt=\"\" width=\"150\" height=\"150\" \/><\/p>\n<p>A l&rsquo;ann\u00e9e prochaine pour de nouvelles s\u00e9ances \u00ab\u00a0Mes premiers pas au cin\u00e9ma\u00a0\u00bb dans les r\u00e9seaux de l&rsquo;ARCI-HdF !<\/p>\n<p>&nbsp;<\/p>\n<p><strong>MAJ du 09\/02\/22<\/strong><\/p>\n<p>Cette ann\u00e9e, l&rsquo;ARCI-HdF propose d&rsquo;accompagner le programme de court-m\u00e9trages\u00a0<em>Maman, pleut des cordes<\/em> aupr\u00e8s des tr\u00e8s jeunes spectateurs entre 4 et 9 ans, gr\u00e2ce \u00e0 une animation autour des \u00e9motions, imagin\u00e9e et mise en place par L\u00e9a Coutin, jeune p\u00e9dopsychiatre !<\/p>\n<p>Cet apr\u00e8s-midi du 9 f\u00e9vrier 2022, nous nous sommes rendus au th\u00e9\u00e2tre des sources \u00e0 Saint-Amand-les-eaux pour une premi\u00e8re s\u00e9ance compl\u00e8te avec pr\u00e8s de 160 spectateurs ! L&rsquo;animation, avec ses places limit\u00e9es, a incit\u00e9 8 tr\u00e8s jeunes petits spectateurs \u00e0 revenir sur les \u00e9motions des personnages du court-m\u00e9trage, gr\u00e2ce \u00e0 de petits jetons de couleurs et des images du film sur grand format et l&rsquo;importance de savoir exprimer ce qu&rsquo;on ressens !<\/p>\n<p><img loading=\"lazy\" class=\"alignnone size-thumbnail wp-image-1260\" src=\"http:\/\/arci-hdf.org\/wp-content\/uploads\/2022\/02\/273063934_699058248136069_2557710977960636302_n-150x150.jpg\" alt=\"\" width=\"150\" height=\"150\" \/> <img loading=\"lazy\" class=\"alignnone size-thumbnail wp-image-1262\" src=\"http:\/\/arci-hdf.org\/wp-content\/uploads\/2022\/02\/273264784_657170572292980_5958060335644675616_n-150x150.jpg\" alt=\"\" width=\"150\" height=\"150\" \/> <img loading=\"lazy\" class=\"alignnone size-thumbnail wp-image-1263\" src=\"http:\/\/arci-hdf.org\/wp-content\/uploads\/2022\/02\/273444176_7040693009336893_7033950427790825737_n-150x150.jpg\" alt=\"\" width=\"150\" height=\"150\" \/> <img loading=\"lazy\" class=\"alignnone size-thumbnail wp-image-1264\" src=\"http:\/\/arci-hdf.org\/wp-content\/uploads\/2022\/02\/273484459_442349870928242_9058817924141705394_n-150x150.jpg\" alt=\"\" width=\"150\" height=\"150\" \/> <img loading=\"lazy\" class=\"alignnone size-thumbnail wp-image-1265\" src=\"http:\/\/arci-hdf.org\/wp-content\/uploads\/2022\/02\/273544228_316689520427555_4994421479940200540_n-150x150.jpg\" alt=\"\" width=\"150\" height=\"150\" \/> <img loading=\"lazy\" class=\"alignnone size-thumbnail wp-image-1266\" src=\"http:\/\/arci-hdf.org\/wp-content\/uploads\/2022\/02\/273575782_259260389689351_4634668267351117254_n-150x150.jpg\" alt=\"\" width=\"150\" height=\"150\" \/><\/p>\n<p>La proposition a \u00e9t\u00e9 faite pour les 4 circuits de cin\u00e9ma itin\u00e9rants. La prochaine date est le 22 avril 2022 \u00e0 Bollezeele, dans le cadre des \u00e9chos au festival jeune public de Cin\u00e9Ligue-HdF \u00ab\u00a0Les p&rsquo;tites toiles d&rsquo;Emile\u00a0\u00bb !<\/p>\n<p>&nbsp;<\/p>\n<p><strong>MAJ du 28\/12\/20<\/strong><\/p>\n<p>En cette fin d&rsquo;ann\u00e9e 2020, les acteurs du circuit de Cin\u00e9Ligue Hauts-de-France ont imagin\u00e9 la mise en place d&rsquo;action d&rsquo;\u00e9ducation \u00e0 l&rsquo;image en visioconf\u00e9rence, en filmant les actions p\u00e9dagogiques et \u00e9ducatives d&rsquo;accompagnement de s\u00e9ances pour les tout-petits. Un premier test de s\u00e9ance \u00e0 distance a \u00e9t\u00e9 organis\u00e9 gr\u00e2ce au financement \u00ab Ville de Lille \u00bb de la structure avec un accompagnement propos\u00e9 en vid\u00e9o youtube autour du programme \u00ab Rita et Crocodile \u00bb. Le bilan de cette initiative est plut\u00f4t bon, les fid\u00e8les des s\u00e9ances <em>Mes premiers pas au cin\u00e9ma<\/em> de la ville de Lille semblaient \u00eatre au rendez-vous, puisqu&rsquo;il y a eu 95 connexions uniques pour un total de 175 vues. Si on consid\u00e8re qu&rsquo;il y avait 2 ou 3 personnes par foyer qui ont regard\u00e9 les vid\u00e9os, on obtient environ une jauge de 150 \u00e0 200 personnes !<\/p>\n<p>Quelques photos des tournages d&rsquo;accompagnements en ligne par les acteurs de Cin\u00e9Ligue-HdF&#8230;<\/p>\n<p><img loading=\"lazy\" class=\"alignnone size-thumbnail wp-image-1288\" src=\"http:\/\/arci-hdf.org\/wp-content\/uploads\/2022\/02\/Tournage-MPP-en-ligne-34-150x150.jpeg\" alt=\"\" width=\"150\" height=\"150\" \/> <img loading=\"lazy\" class=\"alignnone size-thumbnail wp-image-1287\" src=\"http:\/\/arci-hdf.org\/wp-content\/uploads\/2022\/02\/Tournage-MPP-en-ligne-18-150x150.jpeg\" alt=\"\" width=\"150\" height=\"150\" \/> <img loading=\"lazy\" class=\"alignnone size-thumbnail wp-image-1286\" src=\"http:\/\/arci-hdf.org\/wp-content\/uploads\/2022\/02\/Tournage-MPP-en-ligne-9-150x150.jpeg\" alt=\"\" width=\"150\" height=\"150\" \/> <img loading=\"lazy\" class=\"alignnone size-thumbnail wp-image-1285\" src=\"http:\/\/arci-hdf.org\/wp-content\/uploads\/2022\/02\/Tournage-MPP-en-ligne-2-150x150.jpeg\" alt=\"\" width=\"150\" height=\"150\" \/> <img loading=\"lazy\" class=\"alignnone size-thumbnail wp-image-1284\" src=\"http:\/\/arci-hdf.org\/wp-content\/uploads\/2022\/02\/Tournage-MPP-en-ligne-38-150x150.jpeg\" alt=\"\" width=\"150\" height=\"150\" \/><\/p>\n<p>&nbsp;<\/p>\n<p><strong>MAJ du 13\/10\/20<\/strong><\/p>\n<p>Les s\u00e9ances de cin\u00e9ma pour les tout-petits, accompagn\u00e9es d&rsquo;activit\u00e9s manuelles ludiques et \u00e9ducatives se poursuivent dans le Nord et l&rsquo;Oise ! Alors que le programme Loups Tendres et Loufoques a d\u00e9j\u00e0 rassembl\u00e9 185 petits spectateurs dans l&rsquo;Oise en f\u00e9vrier dernier avec un cin\u00e9-spectacle propos\u00e9 par B. Brunhes, la programmation se poursuit avec <em>L&rsquo;Odyss\u00e9e de Choum<\/em> \u00e0 Flavacourt (60) le 14 octobre, <em>Loups tendres, loufoques<\/em> \u00e0 Haubourdin (59) le 24 octobre, <em>Chien pourri, la vie \u00e0 Paris<\/em> \u00e0 Feuqi\u00e8res (60), le 26 octobre, <em>A deux c&rsquo;est mieux<\/em> \u00e0 Haveluy (59) le 28 octobre et <em>La petite fabrique nuages<\/em> \u00e0 Wambrechies le 28 octobre !<\/p>\n<p><img loading=\"lazy\" class=\"alignnone size-thumbnail wp-image-996\" src=\"http:\/\/arci-hdf.org\/wp-content\/uploads\/2021\/03\/Choum-150x150.jpg\" alt=\"\" width=\"150\" height=\"150\" \/> <img loading=\"lazy\" class=\"alignnone size-thumbnail wp-image-994\" src=\"http:\/\/arci-hdf.org\/wp-content\/uploads\/2021\/03\/La-petite-fabrique-de-nuages-150x150.jpg\" alt=\"\" width=\"150\" height=\"150\" \/> <img loading=\"lazy\" class=\"alignnone size-thumbnail wp-image-993\" src=\"http:\/\/arci-hdf.org\/wp-content\/uploads\/2021\/03\/Chien-pourri-150x150.jpg\" alt=\"\" width=\"150\" height=\"150\" \/> <img loading=\"lazy\" class=\"alignnone size-thumbnail wp-image-992\" src=\"http:\/\/arci-hdf.org\/wp-content\/uploads\/2021\/03\/A-deux-cest-mieux-150x150.jpg\" alt=\"\" width=\"150\" height=\"150\" \/> <img loading=\"lazy\" class=\"alignnone size-thumbnail wp-image-995\" src=\"http:\/\/arci-hdf.org\/wp-content\/uploads\/2021\/03\/Loups-tendres-150x150.jpg\" alt=\"\" width=\"150\" height=\"150\" \/><\/p>\n<p><strong>MAJ du 18\/11\/19<\/strong><\/p>\n<p>Beaucoup de s\u00e9ances \u00ab\u00a0Mes premiers pas au cin\u00e9ma\u00a0\u00bb pour les enfants de moins de 6 ans ont eu lieu dans les circuits de cin\u00e9ma des Hauts-de-France.\u00a0<span style=\"font-family: 'Source Sans Pro', sans-serif; font-size: 18px;\">Cin\u00e9 Rural 60 a organis\u00e9 une petite tourn\u00e9e du\u00a0<\/span><span style=\"font-size: 18px; font-family: 'Source Sans Pro', sans-serif;\">programme de court-m\u00e9trages\u00a0<\/span><em style=\"font-size: 18px;\">Loups tendres et loufoques\u00a0<\/em><span style=\"font-size: 18px; font-family: 'Source Sans Pro', sans-serif;\">\u00a0dans son r\u00e9seau, accompagn\u00e9 du musicien Ben Brunhes, pour faire chanter les enfants autour du personnage du loup. Pour la sortie du programme, Cin\u00e9Ligue s&rsquo;est \u00e9galement essay\u00e9 a propos\u00e9 un cin\u00e9-go\u00fbter-lecture, \u00e0 Esquelbecq, le 6 novembre 2019.<\/span><\/p>\n<p><strong>MAJ du 18\/05\/19<\/strong><\/p>\n<p>Apr\u00e8s avoir accompagn\u00e9 le programme de court-m\u00e9trage\u00a0<em>Petits contes sous la neige\u00a0<\/em>par un cin\u00e9-comptine, durant tout le mois de f\u00e9vrier 2019, l\u2019ARCI propose de d\u00e9velopper les ateliers parents\/enfants, afin d\u2019accompagner les programmes pour les tout petits.\u00a0Le samedi 6 mars dernier, Cin\u00e9Ligue Haut-de-France avait export\u00e9 une premi\u00e8re s\u00e9ance \u00ab\u00a0Mes premiers pas au cin\u00e9ma\u00a0\u00bb dans l\u2019un des points de son circuit de cin\u00e9ma itin\u00e9rant, \u00e0 Rumegies, avec le programme\u00a0<em>Le Quatuor \u00e0 cornes\u00a0<\/em>de Cinema Public Films. Le mercredi 24 avril, la commune de Haveluy, dans le nord, a accueilli un autre atelier parents\/enfants avec le programme\u00a0<em>Rita et Crocodile\u00a0<\/em>de Gebeka Films.<\/p>\n<p>Mais les s\u00e9ances \u00ab\u00a0Mes premiers pas au cin\u00e9ma\u00a0\u00bb ne s&rsquo;arr\u00eatent pas l\u00e0 ! Une s\u00e9ance suppl\u00e9mentaire a eu lieu \u00e0 Wavrchain-sous-Denain, dans le d\u00e9partement du Nord, le mercredi 16 mai dernier avec <em>Le Quatuor \u00e0 Cornes<\/em>. Pour l&rsquo;occasion, une mini s\u00e9ance s&rsquo;est mise en place pour \u00ab\u00a0les mini-spectateurs\u00a0\u00bb de la m\u00e9diath\u00e8que de la commune. L&rsquo;atelier parents-enfants s&rsquo;est tr\u00e8s bien pass\u00e9 ! Les enfants ont pu r\u00e9aliser de petites tirelires carr\u00e9es en forme de vache et r\u00e9pondre \u00e0 un quiz organis\u00e9 par Camille Brochart, programmatrice de Cin\u00e9Ligue Hauts-de-France !<\/p>\n<p>&nbsp;<\/p>\n<p><img loading=\"lazy\" class=\"alignnone wp-image-379 size-medium\" src=\"http:\/\/arci-hdf.org\/wp-content\/uploads\/2019\/05\/Quatuor-3-300x225.jpg\" alt=\"\" width=\"300\" height=\"225\" srcset=\"http:\/\/arci-hdf.org\/wp-content\/uploads\/2019\/05\/Quatuor-3-300x225.jpg 300w, http:\/\/arci-hdf.org\/wp-content\/uploads\/2019\/05\/Quatuor-3-768x576.jpg 768w, http:\/\/arci-hdf.org\/wp-content\/uploads\/2019\/05\/Quatuor-3.jpg 960w\" sizes=\"(max-width: 300px) 100vw, 300px\" \/> <img loading=\"lazy\" class=\"alignnone wp-image-380 size-medium\" src=\"http:\/\/arci-hdf.org\/wp-content\/uploads\/2019\/05\/Quatuor-300x225.jpg\" alt=\"\" width=\"300\" height=\"225\" srcset=\"http:\/\/arci-hdf.org\/wp-content\/uploads\/2019\/05\/Quatuor-300x225.jpg 300w, http:\/\/arci-hdf.org\/wp-content\/uploads\/2019\/05\/Quatuor-768x576.jpg 768w, http:\/\/arci-hdf.org\/wp-content\/uploads\/2019\/05\/Quatuor.jpg 960w\" sizes=\"(max-width: 300px) 100vw, 300px\" \/><img loading=\"lazy\" class=\"alignnone wp-image-378 size-medium\" src=\"http:\/\/arci-hdf.org\/wp-content\/uploads\/2019\/05\/Quatuor-2-300x225.jpg\" alt=\"\" width=\"300\" height=\"225\" srcset=\"http:\/\/arci-hdf.org\/wp-content\/uploads\/2019\/05\/Quatuor-2-300x225.jpg 300w, http:\/\/arci-hdf.org\/wp-content\/uploads\/2019\/05\/Quatuor-2-768x576.jpg 768w, http:\/\/arci-hdf.org\/wp-content\/uploads\/2019\/05\/Quatuor-2.jpg 960w\" sizes=\"(max-width: 300px) 100vw, 300px\" \/><\/p>\n","protected":false},"excerpt":{"rendered":"<p>\u00ab\u00a0Mes premiers pas au cin\u00e9ma\u00a0\u00bb se d\u00e9veloppent dans les circuits des Hauts-de-France &nbsp; MAJ du 22\/04\/22 Les \u00e9chos au festival Les P&rsquo;tites Toiles d&rsquo;Emile de Cin\u00e9Ligue-HdF se terminent aujourd&rsquo;hui ! De nombreuses s\u00e9ances pour les tout-petits ont \u00e9t\u00e9 accompagn\u00e9es par les acteurs du circuit itin\u00e9rant avec des programmes de court-m\u00e9trages tels que La Baleine et&hellip; <br \/> <a class=\"button small blue\" href=\"http:\/\/arci-hdf.org\/?page_id=376\">Lire la suite<\/a><\/p>\n","protected":false},"author":1,"featured_media":0,"parent":0,"menu_order":0,"comment_status":"closed","ping_status":"closed","template":"","meta":[],"_links":{"self":[{"href":"http:\/\/arci-hdf.org\/index.php?rest_route=\/wp\/v2\/pages\/376"}],"collection":[{"href":"http:\/\/arci-hdf.org\/index.php?rest_route=\/wp\/v2\/pages"}],"about":[{"href":"http:\/\/arci-hdf.org\/index.php?rest_route=\/wp\/v2\/types\/page"}],"author":[{"embeddable":true,"href":"http:\/\/arci-hdf.org\/index.php?rest_route=\/wp\/v2\/users\/1"}],"replies":[{"embeddable":true,"href":"http:\/\/arci-hdf.org\/index.php?rest_route=%2Fwp%2Fv2%2Fcomments&post=376"}],"version-history":[{"count":18,"href":"http:\/\/arci-hdf.org\/index.php?rest_route=\/wp\/v2\/pages\/376\/revisions"}],"predecessor-version":[{"id":1336,"href":"http:\/\/arci-hdf.org\/index.php?rest_route=\/wp\/v2\/pages\/376\/revisions\/1336"}],"wp:attachment":[{"href":"http:\/\/arci-hdf.org\/index.php?rest_route=%2Fwp%2Fv2%2Fmedia&parent=376"}],"curies":[{"name":"wp","href":"https:\/\/api.w.org\/{rel}","templated":true}]}}