{"id":538,"date":"2019-08-19T14:53:08","date_gmt":"2019-08-19T12:53:08","guid":{"rendered":"http:\/\/arci-hdf.org\/?page_id=538"},"modified":"2021-03-30T13:56:52","modified_gmt":"2021-03-30T11:56:52","slug":"cine-rural-60-propose-une-formation-a-destination-des-benevoles-et-des-mediatheques-du-departement-de-loise","status":"publish","type":"page","link":"http:\/\/arci-hdf.org\/?page_id=538","title":{"rendered":"2019 &#8211; Cin\u00e9 Rural 60 propose une formation \u00e0 destination des b\u00e9n\u00e9voles et M\u00e9diath\u00e8ques du d\u00e9partement de l&rsquo;Oise"},"content":{"rendered":"<h3 style=\"text-align: center;\">Cin\u00e9 Rural 60 met en place une journ\u00e9e de formation, financ\u00e9e par l&rsquo;ARCI<\/h3>\n<p>&nbsp;<\/p>\n<p>Gr\u00e2ce au soutien de l\u2019ARCI, le 19 mars 2019, au cin\u00e9ma de Clermont, Cin\u00e9 Rural 60 a propos\u00e9 une formation \u00e0 destination des m\u00e9diath\u00e9caires, des responsables de salles de cin\u00e9ma et des b\u00e9n\u00e9voles de circuits de cin\u00e9ma itin\u00e9rant en partenariat avec la M\u00e9diath\u00e8que D\u00e9partementale de l\u2019Oise et l\u2019ACAP. Celle-ci s\u2019est d\u00e9roul\u00e9e en 5 temps\u00a0:<\/p>\n<p>1) Comment b\u00e2tir un partenariat durable cin\u00e9ma-m\u00e9diath\u00e8que ? l\u2019exemple d\u2019Abbeville \u2013 Avec H\u00e9l\u00e8ne Hochart, directrice de la biblioth\u00e8que d\u2019Abbeville<\/p>\n<p>2) Quelles sont les r\u00e8gles \u00e0 respecter, quels films est-il possible de projeter et o\u00f9 les trouver ? \u2013 Avec C\u00e9cile Nhoybouakong, formatrice, Association Les S\u0153urs Lumi\u00e8re<\/p>\n<p>3) Pr\u00e9sentation d\u2019un outil pour la d\u00e9couverte du cin\u00e9ma d\u2019animation : la malle Praximage \u2013 Avec Marvin Jacobs, m\u00e9diateur culturel, Cin\u00e9 Rural 60<\/p>\n<p>4) Ateliers pratiques : Comment monter un projet de projection publique en r\u00e9sonnance avec son territoire ? \u2013 Avec C\u00e9dric Fizet, directeur de Cin\u00e9 Rural 60<\/p>\n<p>5) Restitution des ateliers, conclusions et pr\u00e9sentations des diff\u00e9rents temps forts cin\u00e9matographiques annuels\u00a0: f\u00eate du court-m\u00e9trage, f\u00eate cin\u00e9ma d\u2019animation, mois du documentaire<\/p>\n<p>La journ\u00e9e a rassembl\u00e9 27 participants et 4 intervenants. Les m\u00e9diath\u00e9caires \u00e9taient les plus nombreux. Cin\u00e9 Rural 60 et la MDO souhaite renouveler cette initiative l\u2019ann\u00e9e prochaine avec davantage de b\u00e9n\u00e9voles de circuits itin\u00e9rants et de professionnels du cin\u00e9ma.<\/p>\n","protected":false},"excerpt":{"rendered":"<p>Cin\u00e9 Rural 60 met en place une journ\u00e9e de formation, financ\u00e9e par l&rsquo;ARCI &nbsp; Gr\u00e2ce au soutien de l\u2019ARCI, le 19 mars 2019, au cin\u00e9ma de Clermont, Cin\u00e9 Rural 60 a propos\u00e9 une formation \u00e0 destination des m\u00e9diath\u00e9caires, des responsables de salles de cin\u00e9ma et des b\u00e9n\u00e9voles de circuits de cin\u00e9ma itin\u00e9rant en partenariat avec&hellip; <br \/> <a class=\"button small blue\" href=\"http:\/\/arci-hdf.org\/?page_id=538\">Lire la suite<\/a><\/p>\n","protected":false},"author":1,"featured_media":0,"parent":0,"menu_order":0,"comment_status":"closed","ping_status":"closed","template":"","meta":[],"_links":{"self":[{"href":"http:\/\/arci-hdf.org\/index.php?rest_route=\/wp\/v2\/pages\/538"}],"collection":[{"href":"http:\/\/arci-hdf.org\/index.php?rest_route=\/wp\/v2\/pages"}],"about":[{"href":"http:\/\/arci-hdf.org\/index.php?rest_route=\/wp\/v2\/types\/page"}],"author":[{"embeddable":true,"href":"http:\/\/arci-hdf.org\/index.php?rest_route=\/wp\/v2\/users\/1"}],"replies":[{"embeddable":true,"href":"http:\/\/arci-hdf.org\/index.php?rest_route=%2Fwp%2Fv2%2Fcomments&post=538"}],"version-history":[{"count":6,"href":"http:\/\/arci-hdf.org\/index.php?rest_route=\/wp\/v2\/pages\/538\/revisions"}],"predecessor-version":[{"id":949,"href":"http:\/\/arci-hdf.org\/index.php?rest_route=\/wp\/v2\/pages\/538\/revisions\/949"}],"wp:attachment":[{"href":"http:\/\/arci-hdf.org\/index.php?rest_route=%2Fwp%2Fv2%2Fmedia&parent=538"}],"curies":[{"name":"wp","href":"https:\/\/api.w.org\/{rel}","templated":true}]}}