{"id":660,"date":"2020-02-11T14:48:31","date_gmt":"2020-02-11T13:48:31","guid":{"rendered":"http:\/\/arci-hdf.org\/?page_id=660"},"modified":"2021-03-30T14:12:17","modified_gmt":"2021-03-30T12:12:17","slug":"les-circuits-de-larci-crees-un-partenariat-avec-lassociation-archipop","status":"publish","type":"page","link":"http:\/\/arci-hdf.org\/?page_id=660","title":{"rendered":"Les circuits de l&rsquo;ARCI en partenariat avec l&rsquo;association ARCHIPOP"},"content":{"rendered":"<h3 style=\"text-align: center;\">L&rsquo;ARCI-Hdf cr\u00e9\u00e9 un partenariat avec l&rsquo;association ARCHIPOP pour diffuser des avant-programmes R\u00e9gionaux<\/h3>\n<p>&nbsp;<\/p>\n<p><strong>MAJ 14\/03\/2020<\/strong><\/p>\n<p>Les activit\u00e9s de diffusion sont suspendues, due \u00e0 l&rsquo;\u00e9pid\u00e9mie du Coronavirus. La programmation de <em>La s\u00e9quence du filmeur<\/em> sera mise en place \u00e0 la reprise des activit\u00e9s des circuits de cin\u00e9ma itin\u00e9rant des Hauts-de-France.<\/p>\n<p>&nbsp;<\/p>\n<p><strong>MAJ 13\/02\/2020<\/strong><\/p>\n<p>Les circuits de l&rsquo;Association R\u00e9gionale des Cin\u00e9mas Itin\u00e9rants des Hauts-de-France s&rsquo;engagent \u00e0 diffuser des avant-programmes de la s\u00e9rie <em>La s\u00e9quence du filmeur<\/em> dans ses r\u00e9seaux.<\/p>\n<p><em>La s\u00e9quence du filmeur<\/em>, ce sont \u00ab\u00a0Les Trente Glorieuses vues au travers de films amateurs, racont\u00e9es par Fran\u00e7ois Morel. Une s\u00e9rie d\u2019histoires originales, dr\u00f4les, d\u00e9cal\u00e9es et po\u00e9tiques, fond\u00e9es sur des films d\u2019archives familiales in\u00e9dits, en 40 \u00e9pisodes.\u00a0\u00bb Cette s\u00e9rie est \u00e9crite par des r\u00e9alisateurs de la R\u00e9gion Hauts-de-France, Olivier Sarrazin et Corine Zongo-Wable, avec la participation de France 3, Pictanovo, TV5 monde, Real production, la R\u00e9gion Hauts-de-France, la DRAC Hauts-de-France et le CNC.<\/p>\n<p>A chaque territoire son histoire, les 4 circuits ont fait leurs choix dans les 40 \u00e9pisodes de la s\u00e9rie d&rsquo;ARCHIPOP pour proposer aux publics de leurs r\u00e9seaux des images d&rsquo;archives film\u00e9es sur les territoires proches des lieux de diffusion !<\/p>\n<p><img loading=\"lazy\" class=\"alignnone wp-image-669 size-medium\" src=\"http:\/\/arci-hdf.org\/wp-content\/uploads\/2020\/02\/Image-3-300x169.jpg\" alt=\"\" width=\"300\" height=\"169\" srcset=\"http:\/\/arci-hdf.org\/wp-content\/uploads\/2020\/02\/Image-3-300x169.jpg 300w, http:\/\/arci-hdf.org\/wp-content\/uploads\/2020\/02\/Image-3.jpg 380w\" sizes=\"(max-width: 300px) 100vw, 300px\" \/> <img loading=\"lazy\" class=\"alignnone wp-image-670 size-medium\" src=\"http:\/\/arci-hdf.org\/wp-content\/uploads\/2020\/02\/Image-4-300x169.jpg\" alt=\"\" width=\"300\" height=\"169\" srcset=\"http:\/\/arci-hdf.org\/wp-content\/uploads\/2020\/02\/Image-4-300x169.jpg 300w, http:\/\/arci-hdf.org\/wp-content\/uploads\/2020\/02\/Image-4.jpg 380w\" sizes=\"(max-width: 300px) 100vw, 300px\" \/> <img loading=\"lazy\" class=\"alignnone wp-image-668 size-medium\" src=\"http:\/\/arci-hdf.org\/wp-content\/uploads\/2020\/02\/Image-2-300x169.jpg\" alt=\"\" width=\"300\" height=\"169\" srcset=\"http:\/\/arci-hdf.org\/wp-content\/uploads\/2020\/02\/Image-2-300x169.jpg 300w, http:\/\/arci-hdf.org\/wp-content\/uploads\/2020\/02\/Image-2.jpg 380w\" sizes=\"(max-width: 300px) 100vw, 300px\" \/><\/p>\n","protected":false},"excerpt":{"rendered":"<p>L&rsquo;ARCI-Hdf cr\u00e9\u00e9 un partenariat avec l&rsquo;association ARCHIPOP pour diffuser des avant-programmes R\u00e9gionaux &nbsp; MAJ 14\/03\/2020 Les activit\u00e9s de diffusion sont suspendues, due \u00e0 l&rsquo;\u00e9pid\u00e9mie du Coronavirus. La programmation de La s\u00e9quence du filmeur sera mise en place \u00e0 la reprise des activit\u00e9s des circuits de cin\u00e9ma itin\u00e9rant des Hauts-de-France. &nbsp; MAJ 13\/02\/2020 Les circuits de&hellip; <br \/> <a class=\"button small blue\" href=\"http:\/\/arci-hdf.org\/?page_id=660\">Lire la suite<\/a><\/p>\n","protected":false},"author":1,"featured_media":0,"parent":0,"menu_order":0,"comment_status":"closed","ping_status":"closed","template":"","meta":[],"_links":{"self":[{"href":"http:\/\/arci-hdf.org\/index.php?rest_route=\/wp\/v2\/pages\/660"}],"collection":[{"href":"http:\/\/arci-hdf.org\/index.php?rest_route=\/wp\/v2\/pages"}],"about":[{"href":"http:\/\/arci-hdf.org\/index.php?rest_route=\/wp\/v2\/types\/page"}],"author":[{"embeddable":true,"href":"http:\/\/arci-hdf.org\/index.php?rest_route=\/wp\/v2\/users\/1"}],"replies":[{"embeddable":true,"href":"http:\/\/arci-hdf.org\/index.php?rest_route=%2Fwp%2Fv2%2Fcomments&post=660"}],"version-history":[{"count":9,"href":"http:\/\/arci-hdf.org\/index.php?rest_route=\/wp\/v2\/pages\/660\/revisions"}],"predecessor-version":[{"id":967,"href":"http:\/\/arci-hdf.org\/index.php?rest_route=\/wp\/v2\/pages\/660\/revisions\/967"}],"wp:attachment":[{"href":"http:\/\/arci-hdf.org\/index.php?rest_route=%2Fwp%2Fv2%2Fmedia&parent=660"}],"curies":[{"name":"wp","href":"https:\/\/api.w.org\/{rel}","templated":true}]}}