{"id":690,"date":"2020-03-18T10:59:26","date_gmt":"2020-03-18T09:59:26","guid":{"rendered":"http:\/\/arci-hdf.org\/?page_id=690"},"modified":"2021-03-30T13:57:42","modified_gmt":"2021-03-30T11:57:42","slug":"covid-19-les-activites-de-larci-sont-suspendues","status":"publish","type":"page","link":"http:\/\/arci-hdf.org\/?page_id=690","title":{"rendered":"2020 &#8211; COVID-19 Les activit\u00e9s de l&rsquo;ARCI sont suspendues"},"content":{"rendered":"<h3 style=\"text-align: center;\">Les activit\u00e9s de l&rsquo;ARCI sont suspendues<\/h3>\n<p>&nbsp;<\/p>\n<p>Les 4 circuits de cin\u00e9ma itin\u00e9rants ont cess\u00e9 leurs activit\u00e9s de diffusion et d&rsquo;actions d&rsquo;\u00e9ducation \u00e0 l&rsquo;image depuis le samedi 14 mars 2020. L&rsquo;ensemble du secteur culturel est affect\u00e9 par le Coronavirus. Les rassemblements \u00e9tant interdits pour quelques temps, les cin\u00e9mas sont d\u00e9sormais ferm\u00e9s et ne peuvent poursuivre leurs activit\u00e9s.<\/p>\n<p>Mais ne vous en faites pas ! Les ateliers autour des Simpson et des jeux vid\u00e9os seront report\u00e9s aux alentours des vacances d&rsquo;octobre 2020 et la diffusion de court-m\u00e9trages en avant-s\u00e9ance avec <em>La s\u00e9quence du filmeur<\/em> reviendra d\u00e8s reprise des activit\u00e9s des 4 circuits ! Malheureusement, c&rsquo;est avec le c\u0153ur lourd que nous devons annuler d\u00e9finitivement les s\u00e9ances en partenariat avec la f\u00eate du court-m\u00e9trage puisque l&rsquo;\u00e9v\u00e9nement national est lui-m\u00eame annul\u00e9.<\/p>\n<p>L&rsquo;\u00e9quipe de l&rsquo;ARCI souhaite bon courage \u00e0 tous les publics et partenaires des cin\u00e9mas itin\u00e9rants pour ces semaines de confinement et \u00e0 bient\u00f4t pour de nouvelles actions !<\/p>\n","protected":false},"excerpt":{"rendered":"<p>Les activit\u00e9s de l&rsquo;ARCI sont suspendues &nbsp; Les 4 circuits de cin\u00e9ma itin\u00e9rants ont cess\u00e9 leurs activit\u00e9s de diffusion et d&rsquo;actions d&rsquo;\u00e9ducation \u00e0 l&rsquo;image depuis le samedi 14 mars 2020. L&rsquo;ensemble du secteur culturel est affect\u00e9 par le Coronavirus. Les rassemblements \u00e9tant interdits pour quelques temps, les cin\u00e9mas sont d\u00e9sormais ferm\u00e9s et ne peuvent poursuivre&hellip; <br \/> <a class=\"button small blue\" href=\"http:\/\/arci-hdf.org\/?page_id=690\">Lire la suite<\/a><\/p>\n","protected":false},"author":1,"featured_media":0,"parent":0,"menu_order":0,"comment_status":"closed","ping_status":"closed","template":"","meta":[],"_links":{"self":[{"href":"http:\/\/arci-hdf.org\/index.php?rest_route=\/wp\/v2\/pages\/690"}],"collection":[{"href":"http:\/\/arci-hdf.org\/index.php?rest_route=\/wp\/v2\/pages"}],"about":[{"href":"http:\/\/arci-hdf.org\/index.php?rest_route=\/wp\/v2\/types\/page"}],"author":[{"embeddable":true,"href":"http:\/\/arci-hdf.org\/index.php?rest_route=\/wp\/v2\/users\/1"}],"replies":[{"embeddable":true,"href":"http:\/\/arci-hdf.org\/index.php?rest_route=%2Fwp%2Fv2%2Fcomments&post=690"}],"version-history":[{"count":5,"href":"http:\/\/arci-hdf.org\/index.php?rest_route=\/wp\/v2\/pages\/690\/revisions"}],"predecessor-version":[{"id":951,"href":"http:\/\/arci-hdf.org\/index.php?rest_route=\/wp\/v2\/pages\/690\/revisions\/951"}],"wp:attachment":[{"href":"http:\/\/arci-hdf.org\/index.php?rest_route=%2Fwp%2Fv2%2Fmedia&parent=690"}],"curies":[{"name":"wp","href":"https:\/\/api.w.org\/{rel}","templated":true}]}}