{"id":790,"date":"2020-06-24T10:17:19","date_gmt":"2020-06-24T08:17:19","guid":{"rendered":"http:\/\/arci-hdf.org\/?page_id=790"},"modified":"2021-03-30T13:59:55","modified_gmt":"2021-03-30T11:59:55","slug":"les-seances-en-plein-air-prenne-place-pour-la-saison-estivale-2020","status":"publish","type":"page","link":"http:\/\/arci-hdf.org\/?page_id=790","title":{"rendered":"2020 &#8211; La saison des Plein air 2020"},"content":{"rendered":"<h3 style=\"text-align: center;\">Les s\u00e9ances en plein air d\u00e9buteront le 3 juillet dans les Hauts-de-France<\/h3>\n<p>&nbsp;<\/p>\n<p><strong>Retrouvez l&rsquo;ensemble de la programmation 2020\u00a0<a href=\"http:\/\/arci-hdf.org\/wp-content\/uploads\/2020\/07\/ARCI-Plein-air-Dates-et-communiqu\u00e9.pdf\">ici<\/a>.<\/strong><\/p>\n<p>Quelques <strong>modifications depuis la production de la plaquette 2020<\/strong>\u00a0:<\/p>\n<p>&#8211; Le vendredi 3 juillet : La s\u00e9ance \u00e0 Aulnoye-Aymeries avec\u00a0<em>Le potager de mon grand-p\u00e8re\u00a0<\/em><strong>est report\u00e9e\u00a0<\/strong>au vendredi 4 septembre<\/p>\n<p>&#8211; Le vendredi 17 juillet : <strong>Ajout d&rsquo;une s\u00e9ance<\/strong> \u00e0 Wargnies-le-grand, avec <em>Mamma Mia : Here we go again<\/em><\/p>\n<p>&#8211; Le vendredi 17 juillet : <strong>Ajout d&rsquo;une s\u00e9ance<\/strong> \u00e0 Folleville avec\u00a0<em>L&rsquo;\u00e9cole bissonni\u00e8re<\/em><\/p>\n<p>&#8211; Le samedi 18 juillet : A Tourcoing, le film ne sera plus <em>Manou \u00e0 l&rsquo;\u00e9cole des Go\u00ebland<\/em>s mais <em>Bee movie<\/em><\/p>\n<p>&#8211; Le mercredi 29 juillet : Le film de la s\u00e9ance \u00e0 Villeneuve d&rsquo;Asq est <em>La vie scolaire<\/em><\/p>\n<p>&#8211; Le vendredi 31 juillet : La s\u00e9ance \u00e0 Libercourt <strong>est annul\u00e9e<\/strong><\/p>\n<p>&#8211; Le vendredi 31 juillet : Le film de la s\u00e9ance \u00e0 M\u00e9ricourt est <em>S.O.S Fant\u00f4mes<\/em><\/p>\n<p>&#8211; Le mercredi 5 ao\u00fbt : <strong>Ajout d&rsquo;une s\u00e9ance<\/strong> \u00e0 Dunkerque, avec\u00a0<em>Le grand bain<\/em><\/p>\n<p>&#8211; Le vendredi 7 ao\u00fbt : La s\u00e9ance \u00e0 Saint-Pol-sur-Mer <strong>est annul\u00e9e<\/strong><\/p>\n<p>&#8211; Le samedi 15 ao\u00fbt : La s\u00e9ance \u00e0 Dunkerque <strong>est annul\u00e9e<\/strong><\/p>\n<p>&#8211; Le mardi 18 ao\u00fbt : Le film de la s\u00e9ance \u00e0 Auxi-le-ch\u00e2teau est <em>Le grand bain<\/em><\/p>\n<p>&#8211; Le jeudi 20 ao\u00fbt :\u00a0<strong>Ajout d&rsquo;une s\u00e9ance\u00a0<\/strong>\u00e0 Epagny avec\u00a0<em>Croc-Blanc<\/em><\/p>\n<p>&#8211; Le samedi 22 ao\u00fbt : La s\u00e9ance \u00e0 Neufvy-sur-Arronde <strong>est annul\u00e9e<\/strong><\/p>\n<p>&#8211; Le samedi 22 ao\u00fbt : Le film de la s\u00e9ance \u00e0 Bapaume est <em>Mine de rien<\/em><\/p>\n<p>&#8211; Le mercredi 26 ao\u00fbt :\u00a0<strong>Ajout d&rsquo;une s\u00e9ance\u00a0<\/strong>\u00e0 Soissons avec\u00a0<em>E.T. L&rsquo;extraterrestre<\/em><\/p>\n<p>&#8211; Le samedi 29 ao\u00fbt : Le film de la s\u00e9ance \u00e0 Houplines est\u00a0<em>Ast\u00e9rix et le secret de la potion magique<\/em><\/p>\n<p>&#8211; Le samedi 29 ao\u00fbt : <strong>Ajout d&rsquo;une s\u00e9ance<\/strong> \u00e0 F\u00e8re-en-Tardenois avec\u00a0<em>Le gar\u00e7on et la b\u00eate<\/em><\/p>\n<p>&#8211; Le samedi 12 septembre : <strong>Ajout d&rsquo;une s\u00e9ance<\/strong> \u00e0 Merlieux-et-Foquerolles avec une cin\u00e9-concert<\/p>\n<p>&#8211; Le samedi 19 septembre : Le film de la s\u00e9ance \u00e0 Ferri\u00e8re-la-grande est\u00a0<em>Le roi lion<\/em><\/p>\n<p>&nbsp;<\/p>\n<p><strong>24\/06\/2020<\/strong><\/p>\n<p>La saison des plein air d\u00e9butera le vendredi 3 juillet 2020 dans les Hauts-de-France ! Adapt\u00e9es aux conditions sanitaires, les 4 circuits de cin\u00e9ma itin\u00e9rants sortent leurs projecteurs num\u00e9riques pour offrir 76 s\u00e9ances en plein air dans les 5 d\u00e9partements de la R\u00e9gion. Pour bien d\u00e9buter la saison, rendez-vous le 3 juillet \u00e0 Laon (02) avec\u00a0<em>Nos jours heureux<\/em><em>\u00a0<\/em>ou \u00e0 Raismes (59) avec\u00a0<strong><em>La for\u00eat de mon p\u00e8re,\u00a0<\/em>en avant-premi\u00e8re nationale<\/strong>\u00a0avec la pr\u00e9sence de la r\u00e9alisatrice Vero Cratzborn, en partenariat avec L&rsquo;office Nationale des For\u00eats et l&rsquo;ACAP !<\/p>\n<p>Les s\u00e9ances en plein air sont gratuites pour la plupart. Pour savoir si vos plein air sont gratuits ou payants, rendez-vous <a href=\"http:\/\/arci-hdf.org\/wp-content\/uploads\/2020\/06\/ARCI-Plein-air-Dates-et-communiqu\u00e9.pdf\">ici<\/a>.<\/p>\n<p>Rassurez-vous ! Toutes les conditions sanitaires seront mises en place pour vous offrir des s\u00e9ances en plein air, adapt\u00e9es \u00e0 la crise li\u00e9e au COVID-19.<\/p>\n<p><img loading=\"lazy\" class=\"aligncenter wp-image-795 size-full\" src=\"http:\/\/arci-hdf.org\/wp-content\/uploads\/2020\/06\/La-for\u00eat-de-mon-p\u00e8re.jpg\" alt=\"\" width=\"1600\" height=\"844\" srcset=\"http:\/\/arci-hdf.org\/wp-content\/uploads\/2020\/06\/La-for\u00eat-de-mon-p\u00e8re.jpg 1600w, http:\/\/arci-hdf.org\/wp-content\/uploads\/2020\/06\/La-for\u00eat-de-mon-p\u00e8re-300x158.jpg 300w, http:\/\/arci-hdf.org\/wp-content\/uploads\/2020\/06\/La-for\u00eat-de-mon-p\u00e8re-768x405.jpg 768w, http:\/\/arci-hdf.org\/wp-content\/uploads\/2020\/06\/La-for\u00eat-de-mon-p\u00e8re-1024x540.jpg 1024w\" sizes=\"(max-width: 1600px) 100vw, 1600px\" \/><\/p>\n","protected":false},"excerpt":{"rendered":"<p>Les s\u00e9ances en plein air d\u00e9buteront le 3 juillet dans les Hauts-de-France &nbsp; Retrouvez l&rsquo;ensemble de la programmation 2020\u00a0ici. Quelques modifications depuis la production de la plaquette 2020\u00a0: &#8211; Le vendredi 3 juillet : La s\u00e9ance \u00e0 Aulnoye-Aymeries avec\u00a0Le potager de mon grand-p\u00e8re\u00a0est report\u00e9e\u00a0au vendredi 4 septembre &#8211; Le vendredi 17 juillet : Ajout d&rsquo;une&hellip; <br \/> <a class=\"button small blue\" href=\"http:\/\/arci-hdf.org\/?page_id=790\">Lire la suite<\/a><\/p>\n","protected":false},"author":1,"featured_media":0,"parent":0,"menu_order":0,"comment_status":"closed","ping_status":"closed","template":"","meta":[],"_links":{"self":[{"href":"http:\/\/arci-hdf.org\/index.php?rest_route=\/wp\/v2\/pages\/790"}],"collection":[{"href":"http:\/\/arci-hdf.org\/index.php?rest_route=\/wp\/v2\/pages"}],"about":[{"href":"http:\/\/arci-hdf.org\/index.php?rest_route=\/wp\/v2\/types\/page"}],"author":[{"embeddable":true,"href":"http:\/\/arci-hdf.org\/index.php?rest_route=\/wp\/v2\/users\/1"}],"replies":[{"embeddable":true,"href":"http:\/\/arci-hdf.org\/index.php?rest_route=%2Fwp%2Fv2%2Fcomments&post=790"}],"version-history":[{"count":18,"href":"http:\/\/arci-hdf.org\/index.php?rest_route=\/wp\/v2\/pages\/790\/revisions"}],"predecessor-version":[{"id":956,"href":"http:\/\/arci-hdf.org\/index.php?rest_route=\/wp\/v2\/pages\/790\/revisions\/956"}],"wp:attachment":[{"href":"http:\/\/arci-hdf.org\/index.php?rest_route=%2Fwp%2Fv2%2Fmedia&parent=790"}],"curies":[{"name":"wp","href":"https:\/\/api.w.org\/{rel}","templated":true}]}}