{"id":855,"date":"2020-10-01T10:30:12","date_gmt":"2020-10-01T08:30:12","guid":{"rendered":"http:\/\/arci-hdf.org\/?page_id=855"},"modified":"2021-03-30T13:58:00","modified_gmt":"2021-03-30T11:58:00","slug":"fin-des-plein-air-2020","status":"publish","type":"page","link":"http:\/\/arci-hdf.org\/?page_id=855","title":{"rendered":"2020 &#8211; Fin des plein air 2020"},"content":{"rendered":"<h3 style=\"text-align: center;\">La saison des s\u00e9ances en plein air s&rsquo;est termin\u00e9e en beaut\u00e9 !<\/h3>\n<p>&nbsp;<\/p>\n<p>Les s\u00e9ances en plein air se sont achev\u00e9es ce samedi 12 septembre avec 4 s\u00e9ances dans le Nord, le Pas-de-Calais, l&rsquo;Aisne et l&rsquo;Oise ! Retour sur cette belle saison, pleine de surprises&#8230;<\/p>\n<p>Au total, 59 s\u00e9ances se sont d\u00e9roul\u00e9es en plein air dans les 5 d\u00e9partements des Hauts-de-France. Parmi elles, 21 s\u00e9ances ont \u00e9t\u00e9 organis\u00e9es en \u00ab\u00a0commerciale\u00a0\u00bb, c&rsquo;est-\u00e0-dire, avec une vente de billets de cin\u00e9ma et ont rassembl\u00e9 1513 spectateurs ! Ses projections ont majoritairement \u00e9t\u00e9 organis\u00e9es avec des salles de cin\u00e9ma fixes, afin de relancer l&rsquo;activit\u00e9 du secteur apr\u00e8s une longue p\u00e9riode de confinement !<\/p>\n<p>Une grande premi\u00e8re ! Le circuit itin\u00e9rant de la FDMJC de l&rsquo;Aisne a pu tester sa toute premi\u00e8re s\u00e9ance en \u00ab\u00a0drive-in\u00a0\u00bb sur demande de la commune de Saint-Quentin, le vendredi 28 ao\u00fbt 2020. La s\u00e9ance a \u00e9t\u00e9 tr\u00e8s remarqu\u00e9e et a rassembl\u00e9 117 spectateurs devant le film\u00a0<em>Bohemian Rhapsody.<\/em><\/p>\n<p>Record \u00e0 battre ! Le vendredi 10 juillet, \u00e0 Outreau, dans le Pas-de-Calais, ce sont pr\u00e8s de 600 spectateurs qui sont venu appr\u00e9cier le film\u00a0<em>Mia et le Lion Blanc\u00a0<\/em>sur l&rsquo;\u00e9cran g\u00e9ant de 13m de long de Cin\u00e9Ligue Hauts-de-France. L&rsquo;association n&rsquo;avait jamais rassembl\u00e9 autant de spectateurs sur une s\u00e9ance en plein air !<\/p>\n<p>Des s\u00e9ances en musique ! Au total, il y a eu 12 projections en plein air avec des com\u00e9dies musicales gr\u00e2ce aux films\u00a0<em>Mamma Mia II, Bohemian Rhapsody, A star is born\u00a0<\/em>et\u00a0<em>La la land<\/em>. De quoi faire chanter les publics sous des nuits \u00e9toil\u00e9es !<\/p>\n<p>Un avant-premi\u00e8re Nationale ! Pour lancer la saison, le vendredi 3 juillet 2020, le circuit Cin\u00e9Ligue Hauts-de-France a diffus\u00e9 en avant-premi\u00e8re Nationale\u00a0<em>La for\u00eat de mon p\u00e8re,\u00a0<\/em>en pr\u00e9sence de la r\u00e9alisatrice Vero Cratzborn. La s\u00e9ance s&rsquo;est d\u00e9roul\u00e9e dans la for\u00eat de Raismes, en partenariat avec L&rsquo;Office Nationale des For\u00eats, pr\u00e9cis\u00e9ment l\u00e0 o\u00f9 certaines sc\u00e8nes du film ont \u00e9t\u00e9 tourn\u00e9es !<\/p>\n<p>Au total, 7516 spectateurs ont pu assister aux 23 s\u00e9ances dans le Nord, 15 dans l&rsquo;Aisne, 9 dans le Pas-de-Calais, 8 dans l&rsquo;Oise et 4 dans la Somme.<\/p>\n<p><img loading=\"lazy\" class=\"alignnone wp-image-860 size-one-page-express-full-hd\" src=\"http:\/\/arci-hdf.org\/wp-content\/uploads\/2020\/10\/sans-titre-6-1630x1080.jpg\" alt=\"\" width=\"1630\" height=\"1080\" srcset=\"http:\/\/arci-hdf.org\/wp-content\/uploads\/2020\/10\/sans-titre-6-1630x1080.jpg 1630w, http:\/\/arci-hdf.org\/wp-content\/uploads\/2020\/10\/sans-titre-6-300x199.jpg 300w, http:\/\/arci-hdf.org\/wp-content\/uploads\/2020\/10\/sans-titre-6-768x509.jpg 768w, http:\/\/arci-hdf.org\/wp-content\/uploads\/2020\/10\/sans-titre-6-1024x678.jpg 1024w\" sizes=\"(max-width: 1630px) 100vw, 1630px\" \/> <img loading=\"lazy\" class=\"alignnone wp-image-862 size-one-page-express-full-hd\" src=\"http:\/\/arci-hdf.org\/wp-content\/uploads\/2020\/10\/sans-titre-97-1620x1080.jpg\" alt=\"\" width=\"1620\" height=\"1080\" srcset=\"http:\/\/arci-hdf.org\/wp-content\/uploads\/2020\/10\/sans-titre-97-1620x1080.jpg 1620w, http:\/\/arci-hdf.org\/wp-content\/uploads\/2020\/10\/sans-titre-97-300x200.jpg 300w, http:\/\/arci-hdf.org\/wp-content\/uploads\/2020\/10\/sans-titre-97-768x512.jpg 768w, http:\/\/arci-hdf.org\/wp-content\/uploads\/2020\/10\/sans-titre-97-1024x683.jpg 1024w\" sizes=\"(max-width: 1620px) 100vw, 1620px\" \/>@Cin\u00e9Ligue-Hauts-de-France<\/p>\n<p>&nbsp;<\/p>\n","protected":false},"excerpt":{"rendered":"<p>La saison des s\u00e9ances en plein air s&rsquo;est termin\u00e9e en beaut\u00e9 ! &nbsp; Les s\u00e9ances en plein air se sont achev\u00e9es ce samedi 12 septembre avec 4 s\u00e9ances dans le Nord, le Pas-de-Calais, l&rsquo;Aisne et l&rsquo;Oise ! Retour sur cette belle saison, pleine de surprises&#8230; Au total, 59 s\u00e9ances se sont d\u00e9roul\u00e9es en plein air&hellip; <br \/> <a class=\"button small blue\" href=\"http:\/\/arci-hdf.org\/?page_id=855\">Lire la suite<\/a><\/p>\n","protected":false},"author":1,"featured_media":0,"parent":0,"menu_order":0,"comment_status":"closed","ping_status":"closed","template":"","meta":[],"_links":{"self":[{"href":"http:\/\/arci-hdf.org\/index.php?rest_route=\/wp\/v2\/pages\/855"}],"collection":[{"href":"http:\/\/arci-hdf.org\/index.php?rest_route=\/wp\/v2\/pages"}],"about":[{"href":"http:\/\/arci-hdf.org\/index.php?rest_route=\/wp\/v2\/types\/page"}],"author":[{"embeddable":true,"href":"http:\/\/arci-hdf.org\/index.php?rest_route=\/wp\/v2\/users\/1"}],"replies":[{"embeddable":true,"href":"http:\/\/arci-hdf.org\/index.php?rest_route=%2Fwp%2Fv2%2Fcomments&post=855"}],"version-history":[{"count":4,"href":"http:\/\/arci-hdf.org\/index.php?rest_route=\/wp\/v2\/pages\/855\/revisions"}],"predecessor-version":[{"id":952,"href":"http:\/\/arci-hdf.org\/index.php?rest_route=\/wp\/v2\/pages\/855\/revisions\/952"}],"wp:attachment":[{"href":"http:\/\/arci-hdf.org\/index.php?rest_route=%2Fwp%2Fv2%2Fmedia&parent=855"}],"curies":[{"name":"wp","href":"https:\/\/api.w.org\/{rel}","templated":true}]}}