{"id":918,"date":"2021-03-30T11:28:48","date_gmt":"2021-03-30T09:28:48","guid":{"rendered":"http:\/\/arci-hdf.org\/?page_id=918"},"modified":"2021-03-30T13:56:21","modified_gmt":"2021-03-30T11:56:21","slug":"bonne-annee-2021","status":"publish","type":"page","link":"http:\/\/arci-hdf.org\/?page_id=918","title":{"rendered":"2021 &#8211; Bonne ann\u00e9e 2021"},"content":{"rendered":"<h3 style=\"text-align: center;\">L&rsquo;ARCI-HdF vous souhaite une tr\u00e8s bonne ann\u00e9e 2021 !<\/h3>\n<p>&nbsp;<\/p>\n<p><strong>Les bonnes r\u00e9solutions de l&rsquo;ARCI pour 2021<\/strong><\/p>\n<p>Les ateliers cr\u00e9\u00e9s par l&rsquo;ARCI-Hdf ont permis de renforcer les actions d&rsquo;\u00e9ducation \u00e0 l&rsquo;image des 4 circuits de cin\u00e9ma itin\u00e9rants, toujours en construisant ensemble des activit\u00e9s ludiques et \u00e9ducatives autour des \u00ab Nouvelles images \u00bb, rassemblant les s\u00e9ries, les jeux vid\u00e9o et la r\u00e9alisation de court-m\u00e9trage en r\u00e9alit\u00e9 virtuelle gr\u00e2ce \u00e0 une cam\u00e9ra 360 degr\u00e9s. Cette ann\u00e9e 2021 sera l&rsquo;occasion de d\u00e9velopper des actions autour des m\u00e9dias, fakes news, r\u00e9seaux sociaux et cybercriminalit\u00e9, sachant que l&rsquo;attente est tr\u00e8s forte localement, tant du c\u00f4t\u00e9 des enseignants que des animateurs jeunesse. Dylan Gilliot, m\u00e9diateur num\u00e9rique p\u00e9dagogique en alternance, d\u00e9veloppe actuellement ces ateliers en collaboration avec les m\u00e9diateurs culturels des circuits de cin\u00e9ma itin\u00e9rant de la R\u00e9gion, afin de pouvoir le mettre en place \u00e0 partir des vacances d&rsquo;Avril 2021.<\/p>\n<p>L&rsquo;annonce de la reprise des s\u00e9ances de cin\u00e9ma en milieu rural permettra \u00e0 l&rsquo;ARCI-Hdf de relancer son partenariat avec l&rsquo;association ARCHIPOP, afin de permettre aux publics des circuits itin\u00e9rants de b\u00e9n\u00e9ficier d&rsquo;avant-programmes avec des images d&rsquo;archive de leur r\u00e9gion, gr\u00e2ce \u00e0 la s\u00e9rie \u00ab La s\u00e9quence du filmeur \u00bb, notamment coproduit par ARCHIPOP et France 3. Fin 2020, l&rsquo;ARCI a \u00e9galement rencontr\u00e9 l&rsquo;Association des \u00e9diteurs des Hauts-de-France, afin d&rsquo;imaginer des projets concrets entre livre et cin\u00e9ma : le premier sera mis en place sur la saison des plein air 2021, gr\u00e2ce \u00e0 une caravane aux livres itin\u00e9rantes qui se d\u00e9placera sur quelques s\u00e9ances plein air des 5 d\u00e9partements des Hauts-de-France.<\/p>\n<p>Enfin, le dernier Conseil d&rsquo;Administration de l&rsquo;ARCI-Hdf a permis \u00e0 l&rsquo;assembl\u00e9e de structurer un nouveau mode de fonctionnement de la structure en imaginant une r\u00e9partition des activit\u00e9s plus personnalis\u00e9e en fonction des territoires et des moyens de chaque circuit et de prendre en compte leurs besoins dans le cadre d&rsquo;un plan de relance qui pourra prendre diff\u00e9rentes formes. Ainsi, pour exemple, le d\u00e9veloppement important de partenariat entre les circuits itin\u00e9rants des MJC et les m\u00e9diath\u00e8ques d\u00e9partementales de l&rsquo;Aisne et la Somme sera financi\u00e8rement valoris\u00e9, gr\u00e2ce aux nombreux ateliers propos\u00e9s par Aur\u00e9lie Pat\u00e9, Coordinatrice et m\u00e9diatrice culturelle des FDMJC 02 et 80.<\/p>\n<p>Pour finir, l&rsquo;ARCI-Hdf compte d\u00e9velopper davantage ses actions en permettant \u00e0 Simon Janot, coordinateur de l&rsquo;association, de passer sur un poste \u00e0 temps plein, \u00e0 partir de septembre 2021.<\/p>\n<p>Retrouvez le rapport d&rsquo;activit\u00e9s 2021 de l&rsquo;ARCI <a href=\"http:\/\/arci-hdf.org\/wp-content\/uploads\/2021\/03\/Rapport-dactivit\u00e9-2020-ARCI-HDF-Definitive-edition.pdf\">ici<\/a><\/p>\n","protected":false},"excerpt":{"rendered":"<p>L&rsquo;ARCI-HdF vous souhaite une tr\u00e8s bonne ann\u00e9e 2021 ! &nbsp; Les bonnes r\u00e9solutions de l&rsquo;ARCI pour 2021 Les ateliers cr\u00e9\u00e9s par l&rsquo;ARCI-Hdf ont permis de renforcer les actions d&rsquo;\u00e9ducation \u00e0 l&rsquo;image des 4 circuits de cin\u00e9ma itin\u00e9rants, toujours en construisant ensemble des activit\u00e9s ludiques et \u00e9ducatives autour des \u00ab Nouvelles images \u00bb, rassemblant les s\u00e9ries,&hellip; <br \/> <a class=\"button small blue\" href=\"http:\/\/arci-hdf.org\/?page_id=918\">Lire la suite<\/a><\/p>\n","protected":false},"author":1,"featured_media":0,"parent":0,"menu_order":0,"comment_status":"closed","ping_status":"closed","template":"","meta":[],"_links":{"self":[{"href":"http:\/\/arci-hdf.org\/index.php?rest_route=\/wp\/v2\/pages\/918"}],"collection":[{"href":"http:\/\/arci-hdf.org\/index.php?rest_route=\/wp\/v2\/pages"}],"about":[{"href":"http:\/\/arci-hdf.org\/index.php?rest_route=\/wp\/v2\/types\/page"}],"author":[{"embeddable":true,"href":"http:\/\/arci-hdf.org\/index.php?rest_route=\/wp\/v2\/users\/1"}],"replies":[{"embeddable":true,"href":"http:\/\/arci-hdf.org\/index.php?rest_route=%2Fwp%2Fv2%2Fcomments&post=918"}],"version-history":[{"count":2,"href":"http:\/\/arci-hdf.org\/index.php?rest_route=\/wp\/v2\/pages\/918\/revisions"}],"predecessor-version":[{"id":948,"href":"http:\/\/arci-hdf.org\/index.php?rest_route=\/wp\/v2\/pages\/918\/revisions\/948"}],"wp:attachment":[{"href":"http:\/\/arci-hdf.org\/index.php?rest_route=%2Fwp%2Fv2%2Fmedia&parent=918"}],"curies":[{"name":"wp","href":"https:\/\/api.w.org\/{rel}","templated":true}]}}