{"id":941,"date":"2021-03-30T13:55:24","date_gmt":"2021-03-30T11:55:24","guid":{"rendered":"http:\/\/arci-hdf.org\/?page_id=941"},"modified":"2021-03-30T15:09:06","modified_gmt":"2021-03-30T13:09:06","slug":"annulation-du-mois-du-film-documentaire-en-2020","status":"publish","type":"page","link":"http:\/\/arci-hdf.org\/?page_id=941","title":{"rendered":"2020 &#8211; Annulation de l&rsquo;\u00e9v\u00e9nement du mois du film documentaire"},"content":{"rendered":"<h3 style=\"text-align: center;\">Les s\u00e9ances autour du mois du film documentaires en partenariat avec les m\u00e9diath\u00e8ques d\u00e9partementales sont annul\u00e9es<\/h3>\n<p>&nbsp;<\/p>\n<p>L\u2019\u00e9v\u00e9nement national du mois du film documentaire est pour l\u2019ARCI un temps fort majeur de son activit\u00e9. De nombreuses s\u00e9ances accompagn\u00e9es par des professionnels \u00e9taient sens\u00e9es se produire \u00e0 l\u2019instar des ann\u00e9es pr\u00e9c\u00e9dentes dans les m\u00e9diath\u00e8ques d\u00e9partementales des 5 territoires de la R\u00e9gion Hauts-de-France. Malheureusement, la mise en place du second confinement a eu raison de l\u2019annulation de cet \u00e9v\u00e9nement et de toutes les s\u00e9ances qui \u00e9taient alors programm\u00e9es chez nos structures partenaires et notamment des m\u00e9diath\u00e8ques d\u00e9partementales.<\/p>\n<p>Afin de contrer ces annulations, il est pr\u00e9vu que ce type de s\u00e9ances se d\u00e9roule sur l&rsquo;ensemble de l&rsquo;ann\u00e9e 2021, d\u00e8s la r\u00e9ouverture officielle des salles de cin\u00e9ma. La reprise des activit\u00e9s des 4 circuits de cin\u00e9ma itin\u00e9rants de l&rsquo;ARCI-HdF permettra donc de promouvoir les s\u00e9ances de cin\u00e9ma en m\u00e9diath\u00e8que avec des documentaires r\u00e9cents et anciens, accompagn\u00e9es de d\u00e9bats et d&rsquo;animations ! Restez vigilent sur la programmation de vos circuits de cin\u00e9ma de secteur !<\/p>\n","protected":false},"excerpt":{"rendered":"<p>Les s\u00e9ances autour du mois du film documentaires en partenariat avec les m\u00e9diath\u00e8ques d\u00e9partementales sont annul\u00e9es &nbsp; L\u2019\u00e9v\u00e9nement national du mois du film documentaire est pour l\u2019ARCI un temps fort majeur de son activit\u00e9. De nombreuses s\u00e9ances accompagn\u00e9es par des professionnels \u00e9taient sens\u00e9es se produire \u00e0 l\u2019instar des ann\u00e9es pr\u00e9c\u00e9dentes dans les m\u00e9diath\u00e8ques d\u00e9partementales des&hellip; <br \/> <a class=\"button small blue\" href=\"http:\/\/arci-hdf.org\/?page_id=941\">Lire la suite<\/a><\/p>\n","protected":false},"author":1,"featured_media":0,"parent":0,"menu_order":0,"comment_status":"closed","ping_status":"closed","template":"","meta":[],"_links":{"self":[{"href":"http:\/\/arci-hdf.org\/index.php?rest_route=\/wp\/v2\/pages\/941"}],"collection":[{"href":"http:\/\/arci-hdf.org\/index.php?rest_route=\/wp\/v2\/pages"}],"about":[{"href":"http:\/\/arci-hdf.org\/index.php?rest_route=\/wp\/v2\/types\/page"}],"author":[{"embeddable":true,"href":"http:\/\/arci-hdf.org\/index.php?rest_route=\/wp\/v2\/users\/1"}],"replies":[{"embeddable":true,"href":"http:\/\/arci-hdf.org\/index.php?rest_route=%2Fwp%2Fv2%2Fcomments&post=941"}],"version-history":[{"count":3,"href":"http:\/\/arci-hdf.org\/index.php?rest_route=\/wp\/v2\/pages\/941\/revisions"}],"predecessor-version":[{"id":946,"href":"http:\/\/arci-hdf.org\/index.php?rest_route=\/wp\/v2\/pages\/941\/revisions\/946"}],"wp:attachment":[{"href":"http:\/\/arci-hdf.org\/index.php?rest_route=%2Fwp%2Fv2%2Fmedia&parent=941"}],"curies":[{"name":"wp","href":"https:\/\/api.w.org\/{rel}","templated":true}]}}