{"id":1065,"date":"2021-07-05T09:49:37","date_gmt":"2021-07-05T07:49:37","guid":{"rendered":"http:\/\/arci-hdf.org\/?page_id=1065"},"modified":"2021-07-05T09:58:10","modified_gmt":"2021-07-05T07:58:10","slug":"2021-lancement-de-la-saison-des-seances-de-cinema-en-plein-air","status":"publish","type":"page","link":"https:\/\/arci-hdf.org\/?page_id=1065","title":{"rendered":"2021 &#8211; Lancement de la saison des s\u00e9ances de cin\u00e9ma en plein air"},"content":{"rendered":"<h3 style=\"text-align: center;\">La saison des s\u00e9ances de cin\u00e9ma en plein air a d\u00e9marr\u00e9 vendredi soir dernier !<\/h3>\n<p>&nbsp;<\/p>\n<p><strong>&#8211;&gt; Retrouvez toute la programmation 2021 des s\u00e9ances de cin\u00e9ma en plein en cliquant <a href=\"http:\/\/arci-hdf.org\/wp-content\/uploads\/2021\/06\/Cin%C3%A9ma-Plein-air-1.pdf\">ici<\/a>.<\/strong><\/p>\n<p>Les premi\u00e8res s\u00e9ances de cin\u00e9ma en plein air se sont d\u00e9roul\u00e9es le week-end dernier ! Au programme, vendredi soir, <em>Adieu les cons<\/em> \u00e0 Orchies (59), <em>Chicken run<\/em> \u00e0 Roubaix (59), <em>Qu&rsquo;est-ce qu&rsquo;on a encore fait au bon dieu ?<\/em> \u00e0 Laon (02) et <em>Tom&amp;Jerry<\/em> \u00e0 Epagny-sur-Epte (60) !<\/p>\n<p>De la pluie, de la pluie et encore de la pluie\u2026 ! Le samedi, seule la s\u00e9ance de Potelle a eu lieu sous une grande tonnelle en bois dans le parc de la Mairie, avec le film r\u00e9gional <em>Une belle \u00e9quipe<\/em> !<\/p>\n<p><img loading=\"lazy\" class=\"aligncenter wp-image-1067 size-full\" src=\"http:\/\/arci-hdf.org\/wp-content\/uploads\/2021\/07\/Laon.jpg\" alt=\"\" width=\"960\" height=\"448\" srcset=\"https:\/\/arci-hdf.org\/wp-content\/uploads\/2021\/07\/Laon.jpg 960w, https:\/\/arci-hdf.org\/wp-content\/uploads\/2021\/07\/Laon-300x140.jpg 300w, https:\/\/arci-hdf.org\/wp-content\/uploads\/2021\/07\/Laon-768x358.jpg 768w\" sizes=\"(max-width: 960px) 100vw, 960px\" \/><\/p>\n<p style=\"text-align: right;\">@FDMJC02 <em>Qu&rsquo;est-ce qu&rsquo;on a encore fait au bon Dieu ?<\/em> \u00e0 Laon<\/p>\n","protected":false},"excerpt":{"rendered":"<p>La saison des s\u00e9ances de cin\u00e9ma en plein air a d\u00e9marr\u00e9 vendredi soir dernier ! &nbsp; &#8211;&gt; Retrouvez toute la programmation 2021 des s\u00e9ances de cin\u00e9ma en plein en cliquant ici. Les premi\u00e8res s\u00e9ances de cin\u00e9ma en plein air se sont d\u00e9roul\u00e9es le week-end dernier ! Au programme, vendredi soir, Adieu les cons \u00e0 Orchies&hellip; <br \/> <a class=\"button small blue\" href=\"https:\/\/arci-hdf.org\/?page_id=1065\">Lire la suite<\/a><\/p>\n","protected":false},"author":1,"featured_media":0,"parent":0,"menu_order":0,"comment_status":"closed","ping_status":"closed","template":"","meta":[],"_links":{"self":[{"href":"https:\/\/arci-hdf.org\/index.php?rest_route=\/wp\/v2\/pages\/1065"}],"collection":[{"href":"https:\/\/arci-hdf.org\/index.php?rest_route=\/wp\/v2\/pages"}],"about":[{"href":"https:\/\/arci-hdf.org\/index.php?rest_route=\/wp\/v2\/types\/page"}],"author":[{"embeddable":true,"href":"https:\/\/arci-hdf.org\/index.php?rest_route=\/wp\/v2\/users\/1"}],"replies":[{"embeddable":true,"href":"https:\/\/arci-hdf.org\/index.php?rest_route=%2Fwp%2Fv2%2Fcomments&post=1065"}],"version-history":[{"count":2,"href":"https:\/\/arci-hdf.org\/index.php?rest_route=\/wp\/v2\/pages\/1065\/revisions"}],"predecessor-version":[{"id":1069,"href":"https:\/\/arci-hdf.org\/index.php?rest_route=\/wp\/v2\/pages\/1065\/revisions\/1069"}],"wp:attachment":[{"href":"https:\/\/arci-hdf.org\/index.php?rest_route=%2Fwp%2Fv2%2Fmedia&parent=1065"}],"curies":[{"name":"wp","href":"https:\/\/api.w.org\/{rel}","templated":true}]}}