{"id":1185,"date":"2021-12-23T09:26:03","date_gmt":"2021-12-23T08:26:03","guid":{"rendered":"http:\/\/arci-hdf.org\/?page_id=1185"},"modified":"2021-12-23T09:27:24","modified_gmt":"2021-12-23T08:27:24","slug":"2021-les-etats-generaux-de-lanci","status":"publish","type":"page","link":"https:\/\/arci-hdf.org\/?page_id=1185","title":{"rendered":"2021 &#8211; Les \u00e9tats g\u00e9n\u00e9raux de l&rsquo;ANCI"},"content":{"rendered":"<h3 style=\"text-align: center;\">L&rsquo;Association Nationale des Cin\u00e9mas Itin\u00e9rants a organis\u00e9 ses \u00e9tats g\u00e9n\u00e9raux \u00e0 Arras, pendant le Arras film festival<\/h3>\n<p>&nbsp;<\/p>\n<p style=\"font-weight: 400;\"><strong style=\"font-weight: 700 !important;\"><i><em>Report\u00e9s d&rsquo;un an pour les raisons sanitaires que l&rsquo;on sait, les Etats G\u00e9n\u00e9raux du cin\u00e9ma itin\u00e9rant se sont tenus \u00e0 Arras (62) les 4 et 5 novembre derniers, en pr\u00e9lude au Arras film festival.<\/em><\/i><\/strong><\/p>\n<p>Retrouvez le bilan complet de ces deux journ\u00e9es en cliquant <a href=\"https:\/\/www.cinema-itinerant.org\/2021\/11\/21\/etats-g%C3%A9n%C3%A9raux-arras-2021\/\">ici<\/a>.<\/p>\n<p style=\"font-weight: 400;\">Cette manifestation, organis\u00e9e par Anne Lidove, pr\u00e9sidente de l&rsquo;ANCI, a permis \u00e0 un peu plus de 90 participants de faire le point sur l&rsquo;\u00e9tat du cin\u00e9ma itin\u00e9rant et des circuits apr\u00e8s cette p\u00e9riode 2020\/2021 particuli\u00e8rement troubl\u00e9e; parmi eux, les repr\u00e9sentants des exploitants de l&rsquo;itin\u00e9rance \u00e9taient naturellement les plus nombreux, une cinquantaine de personnes issues de 38 circuits, soit 55% des adh\u00e9rents de l&rsquo;ANCI.<\/p>\n<p style=\"font-weight: 400;\">Plusieurs institutions ont pris part aux d\u00e9bats, comme le Centre national du cin\u00e9ma, le Minist\u00e8re de la culture, l&rsquo;Agence nationale de la coh\u00e9sion des territoires (ANCT), la F\u00e9d\u00e9ration nationale des cin\u00e9mas fran\u00e7ais (FNCF), et quelques autres&#8230;<\/p>\n<p style=\"font-weight: 400;\">Toutes ont rappel\u00e9 et soulign\u00e9 la r\u00f4le majeur que jouent les circuits itin\u00e9rants dans l&rsquo;animation culturelle des territoires, en particulier ruraux, la d\u00e9fense du cin\u00e9ma de qualit\u00e9 et le maintien du lien social dans les villages, ainsi que l&rsquo;action importante men\u00e9e en mati\u00e8re d&rsquo;\u00e9ducation aux images.<\/p>\n<p style=\"font-weight: 400;\">Les Etats g\u00e9n\u00e9raux se sont tenus \u00e0 la\u00a0<em>Cit\u00e9 nature<\/em>\u00a0d&rsquo;Arras, centre de culture scientifique install\u00e9 dans une ancienne usine de lampes de mineurs repens\u00e9e par l&rsquo;architecte Jean NOUVEL. Ou plut\u00f4t devaient se tenir, puisqu&rsquo;une malencontreuse alerte au gaz a contraint l&rsquo;ANCI et les participants a d\u00e9serter la Cit\u00e9 nature le deuxi\u00e8me jour, pour trouver en urgence une solution de repli, gr\u00e2ce \u00e0 la r\u00e9activit\u00e9 et l&rsquo;amabilit\u00e9 d&rsquo;un responsable de l&rsquo;Arras film festival. Cet incident n&rsquo;a pas\u00a0trop perturb\u00e9 le contenu et le d\u00e9roulement de cette manifestation, empreinte d&rsquo;une grande convivialit\u00e9 et d&rsquo;un \u00e9vident plaisir \u00e0 se retrouver apr\u00e8s de longs mois de rencontres virtuelles&#8230;<\/p>\n<p>Pour l&rsquo;occasion, le coordinateur de l&rsquo;ARCI-HdF a pu pr\u00e9senter les diff\u00e9rentes initiatives d&rsquo;actions d&rsquo;\u00e9ducation \u00e0 l&rsquo;image et aux m\u00e9dias aupr\u00e8s de 12-25 ans de l&rsquo;association et revenir sur l&rsquo;exp\u00e9rience de la saisie des s\u00e9ances de cin\u00e9ma en plein air des 4 circuits itin\u00e9rants de la r\u00e9gion Hauts-de-France !<\/p>\n<p><img loading=\"lazy\" decoding=\"async\" class=\"alignnone size-full wp-image-1187\" src=\"http:\/\/arci-hdf.org\/wp-content\/uploads\/2021\/12\/image-3.jpg\" alt=\"\" width=\"150\" height=\"150\" \/> <img loading=\"lazy\" decoding=\"async\" class=\"alignnone size-thumbnail wp-image-1188\" src=\"http:\/\/arci-hdf.org\/wp-content\/uploads\/2021\/12\/image-2.jpg\" alt=\"\" width=\"150\" height=\"150\" \/> <img loading=\"lazy\" decoding=\"async\" class=\"alignnone size-thumbnail wp-image-1189\" src=\"http:\/\/arci-hdf.org\/wp-content\/uploads\/2021\/12\/image-1.jpg\" alt=\"\" width=\"150\" height=\"150\" \/> <img loading=\"lazy\" decoding=\"async\" class=\"alignnone size-thumbnail wp-image-1190\" src=\"http:\/\/arci-hdf.org\/wp-content\/uploads\/2021\/12\/image.jpg\" alt=\"\" width=\"150\" height=\"150\" \/><\/p>\n<p>&nbsp;<\/p>\n","protected":false},"excerpt":{"rendered":"<p>L&rsquo;Association Nationale des Cin\u00e9mas Itin\u00e9rants a organis\u00e9 ses \u00e9tats g\u00e9n\u00e9raux \u00e0 Arras, pendant le Arras film festival &nbsp; Report\u00e9s d&rsquo;un an pour les raisons sanitaires que l&rsquo;on sait, les Etats G\u00e9n\u00e9raux du cin\u00e9ma itin\u00e9rant se sont tenus \u00e0 Arras (62) les 4 et 5 novembre derniers, en pr\u00e9lude au Arras film festival. Retrouvez le bilan&hellip; <br \/> <a class=\"button small blue\" href=\"https:\/\/arci-hdf.org\/?page_id=1185\">Lire la suite<\/a><\/p>\n","protected":false},"author":1,"featured_media":0,"parent":0,"menu_order":0,"comment_status":"closed","ping_status":"closed","template":"","meta":{"footnotes":""},"class_list":["post-1185","page","type-page","status-publish","hentry"],"_links":{"self":[{"href":"https:\/\/arci-hdf.org\/index.php?rest_route=\/wp\/v2\/pages\/1185","targetHints":{"allow":["GET"]}}],"collection":[{"href":"https:\/\/arci-hdf.org\/index.php?rest_route=\/wp\/v2\/pages"}],"about":[{"href":"https:\/\/arci-hdf.org\/index.php?rest_route=\/wp\/v2\/types\/page"}],"author":[{"embeddable":true,"href":"https:\/\/arci-hdf.org\/index.php?rest_route=\/wp\/v2\/users\/1"}],"replies":[{"embeddable":true,"href":"https:\/\/arci-hdf.org\/index.php?rest_route=%2Fwp%2Fv2%2Fcomments&post=1185"}],"version-history":[{"count":3,"href":"https:\/\/arci-hdf.org\/index.php?rest_route=\/wp\/v2\/pages\/1185\/revisions"}],"predecessor-version":[{"id":1194,"href":"https:\/\/arci-hdf.org\/index.php?rest_route=\/wp\/v2\/pages\/1185\/revisions\/1194"}],"wp:attachment":[{"href":"https:\/\/arci-hdf.org\/index.php?rest_route=%2Fwp%2Fv2%2Fmedia&parent=1185"}],"curies":[{"name":"wp","href":"https:\/\/api.w.org\/{rel}","templated":true}]}}