{"id":1215,"date":"2022-02-01T10:00:14","date_gmt":"2022-02-01T09:00:14","guid":{"rendered":"http:\/\/arci-hdf.org\/?page_id=1215"},"modified":"2022-02-01T10:04:27","modified_gmt":"2022-02-01T09:04:27","slug":"2022-bonne-annee","status":"publish","type":"page","link":"https:\/\/arci-hdf.org\/?page_id=1215","title":{"rendered":"2022 &#8211; Bonne ann\u00e9e"},"content":{"rendered":"<h2 style=\"text-align: center;\"><strong>Toute l&rsquo;\u00e9quipe de l&rsquo;ARCI-HdF vous souhaite une bonne ann\u00e9e !<\/strong><\/h2>\n<p>&nbsp;<\/p>\n<h3><strong>Les bonnes r\u00e9solutions 2022 de l&rsquo;ARCI-HdF&#8230;<\/strong><\/h3>\n<p>&nbsp;<\/p>\n<p><strong>Des capsules vid\u00e9os de pr\u00e9sentation des actions des circuits itin\u00e9rants<\/strong><\/p>\n<p align=\"JUSTIFY\"><span style=\"color: #000000;\"><span style=\"font-family: Times New Roman, serif;\"><span style=\"font-size: small;\">En fin d&rsquo;ann\u00e9e 2021, l&rsquo;ARCI-HdF a re\u00e7u une subvention exceptionnelle de la DRAC pour la mise en place d&rsquo;un projet de capsules vid\u00e9os de pr\u00e9sentation des actions des cin\u00e9mas itin\u00e9rants. L&rsquo;association a donc lanc\u00e9 un appel \u00e0 projets \u00e0 destination de r\u00e9alisateurs.trices ou d&rsquo;\u00e9tudiant.es des fili\u00e8res audiovisuelles des Hauts-de-France, avec pour objectif de pr\u00e9senter les activit\u00e9s des cin\u00e9mas itin\u00e9rants de la R\u00e9gion sous forme de cr\u00e9ations originales vid\u00e9ographiques d&rsquo;une dur\u00e9e de 1&rsquo;00 \u00e0 1&rsquo;30.<\/span><\/span><\/span><\/p>\n<p align=\"JUSTIFY\"><span style=\"color: #000000;\"><span style=\"font-family: Times New Roman, serif;\"><span style=\"font-size: small;\">Ces capsules pourront prendre n&rsquo;importe quelle forme : fiction, animation, montages photos, documentaire, etc.. et seront diffus\u00e9es en avant-programme des s\u00e9ances de cin\u00e9ma mises en place par les circuits itin\u00e9rants. Elles pourront \u00e9galement \u00eatre diffus\u00e9es sur les r\u00e9seaux sociaux des circuits, comme accroche \u00e0 la pr\u00e9sentation d&rsquo;activit\u00e9s. Cependant, elles n&rsquo;ont pas pour vocation d&rsquo;\u00eatre des films promotionnels ou publicitaires.<\/span><\/span><\/span><\/p>\n<p align=\"JUSTIFY\"><span style=\"color: #000000; font-family: Times New Roman, serif; font-size: small;\">Un comit\u00e9 de s\u00e9lection\u00a0entre les diff\u00e9rents acteurs des cin\u00e9mas itin\u00e9rants de la R\u00e9gion et des membres de la DRAC Hauts-de-France se tiendra lors du prochain Conseil d&rsquo;Administration de l&rsquo;ARCI-HdF le mercredi 30 mars 2022 dans les locaux de la coordination r\u00e9gionale des MJC, \u00e0 Saint-Quentin. Les projets des artistes devront \u00eatre rendus avant le 31 ao\u00fbt 2022, afin que la diffusion des \u0153uvres d\u00e9marrent d\u00e8s la rentr\u00e9e de septembre 2022.<\/span><\/p>\n<p align=\"JUSTIFY\"><strong>Un projet \u00ab\u00a0M\u00e9dias &amp; Fake news\u00a0\u00bb dans le quartier Lille Sud<\/strong><\/p>\n<p align=\"JUSTIFY\"><span style=\"color: #000000;\"><span style=\"font-family: Times New Roman, serif;\"><span style=\"font-size: small;\">En 2021, l&rsquo;ARCI-HdF a r\u00e9pondu \u00e0 un appel \u00e0 projet de la Ville de Lille, dans le but de d\u00e9velopper une action autour des m\u00e9dias et des fake news en coop\u00e9ration avec le centre social Lazare Garreau de Lille Sud. Apr\u00e8s plusieurs r\u00e9unions de concertations, le projet prendra place d\u00e8s le mois de janvier dans plusieurs classes de 5\u00e8me du coll\u00e8ge Verlaine de Lille Sud, avec pour objectif de sensibiliser des \u00e9l\u00e8ves pour la r\u00e9alisation de fake news, avec un vrai mat\u00e9riel cin\u00e9ma dans le cadre du coll\u00e8ge ouvert, pendant les vacances scolaires de f\u00e9vrier.<\/span><\/span><\/span><\/p>\n<p align=\"JUSTIFY\"><span style=\"color: #000000;\"><span style=\"font-family: Times New Roman, serif;\"><span style=\"font-size: small;\">Les dates sont d\u00e9sormais fix\u00e9es ! Le projet d\u00e9butera le mardi 18 janvier avec les interventions de l&rsquo;ARCI-HdF et de Cin\u00e9Ligue-HdF pour une classe de cinqui\u00e8me et seront renouvel\u00e9es le jeudi 20 janvier, avec une autre classe. Le vendredi 28 janvier, un intervenant viendra former les animateurs, \u00e9ducateurs et enseignants du coll\u00e8ge Verlaine et du centre social Lazare Garreau sur la question du rapport des jeunes aux r\u00e9seaux sociaux et aux fake news que ces m\u00e9dias divulguent en permanence. Enfin, dans le cadre du coll\u00e8ge ouvert, l&rsquo;atelier de r\u00e9alisation aura lieu entre le lundi 7 et le jeudi 10 janvier 2022.<\/span><\/span><\/span><\/p>\n<p align=\"JUSTIFY\"><span style=\"color: #000000;\"><span style=\"font-family: Times New Roman, serif;\"><span style=\"font-size: small;\">La restitution sera programm\u00e9e rapidement.<\/span><\/span><\/span><\/p>\n<p align=\"JUSTIFY\"><strong>De nouvelles formations<\/strong><\/p>\n<p align=\"JUSTIFY\"><span style=\"color: #000000;\"><span style=\"font-family: Times New Roman, serif;\"><span style=\"font-size: small;\">Les circuits de cin\u00e9ma itin\u00e9rants continuent de se former, gr\u00e2ce \u00e0 des rendez-vous professionnels entre ses acteurs. Le jeudi 27 janvier 2022, les m\u00e9diateurs culturels et charg\u00e9s de communication des structures se rencontreront, afin de se former \u00e0 l&rsquo;animation des ateliers d&rsquo;\u00e9ducation \u00e0 l&rsquo;image et aux m\u00e9dias de l&rsquo;ARCI-Hdf. Le but \u00e9tant d&rsquo;\u00e9largir les comp\u00e9tences de chacun, afin de renforcer les actions des cin\u00e9mas itin\u00e9rants sur les territoires.<\/span><\/span><\/span><\/p>\n<p align=\"JUSTIFY\"><span style=\"color: #000000;\"><span style=\"font-family: Times New Roman, serif;\"><span style=\"font-size: small;\">Le vendredi 20 mai prochain, l&rsquo;ARCI-Hdf interviendra au CREPS de Wattignies pour les \u00e9tudiants BPJEPS aux c\u00f4t\u00e9s de Cin\u00e9Ligue-Hauts-de-France, dans le but d&rsquo;exposer les multiples possibilit\u00e9s de faire de l&rsquo;\u00e9ducation \u00e0 l&rsquo;image aupr\u00e8s des jeunes publics.<\/span><\/span><\/span><\/p>\n<p align=\"JUSTIFY\"><strong>De nouveaux projets en partenariat avec la Ligue de l&rsquo;enseignement<\/strong><\/p>\n<p align=\"JUSTIFY\"><span style=\"color: #000000;\"><span style=\"font-family: Times New Roman, serif;\"><span style=\"font-size: small;\">En d\u00e9but d&rsquo;ann\u00e9e 2022, l&rsquo;ARCI-HdF a rencontr\u00e9 de nouveaux les acteurs de la Ligue de l&rsquo;enseignement, afin de proposer un partenariat entre les structures sur diff\u00e9rents points :<\/span><\/span><\/span><\/p>\n<p align=\"JUSTIFY\"><span style=\"color: #000000;\">\u2192 <span style=\"font-family: Times New Roman, serif;\"><span style=\"font-size: small;\">L&rsquo;intervention de l&rsquo;ARCI-HdF lors de journ\u00e9e de formation aupr\u00e8s d&rsquo;animateurs et \u00e9ducateurs autour de la citoyennet\u00e9 num\u00e9rique.<\/span><\/span><\/span><\/p>\n<p align=\"JUSTIFY\"><span style=\"color: #000000;\">\u2192 <span style=\"font-family: Times New Roman, serif;\"><span style=\"font-size: small;\">La possibilit\u00e9 de l&rsquo;ouverture d&rsquo;un stage d&rsquo;approfondissement BAFA \u00ab Autour des m\u00e9dias &amp; des fake news \u00bb.<\/span><\/span><\/span><\/p>\n<p align=\"JUSTIFY\"><span style=\"color: #000000;\">\u2192 <span style=\"font-family: Times New Roman, serif;\"><span style=\"font-size: small;\">La possibilit\u00e9 d&rsquo;intervenir avec les ateliers d&rsquo;\u00e9ducation \u00e0 l&rsquo;image de l&rsquo;ARCI-Hdf aupr\u00e8s des structures et territoires affili\u00e9s \u00e0 la Ligue de l&rsquo;enseignement. <\/span><\/span><\/span><\/p>\n","protected":false},"excerpt":{"rendered":"<p>Toute l&rsquo;\u00e9quipe de l&rsquo;ARCI-HdF vous souhaite une bonne ann\u00e9e ! &nbsp; Les bonnes r\u00e9solutions 2022 de l&rsquo;ARCI-HdF&#8230; &nbsp; Des capsules vid\u00e9os de pr\u00e9sentation des actions des circuits itin\u00e9rants En fin d&rsquo;ann\u00e9e 2021, l&rsquo;ARCI-HdF a re\u00e7u une subvention exceptionnelle de la DRAC pour la mise en place d&rsquo;un projet de capsules vid\u00e9os de pr\u00e9sentation des actions&hellip; <br \/> <a class=\"button small blue\" href=\"https:\/\/arci-hdf.org\/?page_id=1215\">Lire la suite<\/a><\/p>\n","protected":false},"author":1,"featured_media":0,"parent":0,"menu_order":0,"comment_status":"closed","ping_status":"closed","template":"","meta":[],"_links":{"self":[{"href":"https:\/\/arci-hdf.org\/index.php?rest_route=\/wp\/v2\/pages\/1215"}],"collection":[{"href":"https:\/\/arci-hdf.org\/index.php?rest_route=\/wp\/v2\/pages"}],"about":[{"href":"https:\/\/arci-hdf.org\/index.php?rest_route=\/wp\/v2\/types\/page"}],"author":[{"embeddable":true,"href":"https:\/\/arci-hdf.org\/index.php?rest_route=\/wp\/v2\/users\/1"}],"replies":[{"embeddable":true,"href":"https:\/\/arci-hdf.org\/index.php?rest_route=%2Fwp%2Fv2%2Fcomments&post=1215"}],"version-history":[{"count":2,"href":"https:\/\/arci-hdf.org\/index.php?rest_route=\/wp\/v2\/pages\/1215\/revisions"}],"predecessor-version":[{"id":1221,"href":"https:\/\/arci-hdf.org\/index.php?rest_route=\/wp\/v2\/pages\/1215\/revisions\/1221"}],"wp:attachment":[{"href":"https:\/\/arci-hdf.org\/index.php?rest_route=%2Fwp%2Fv2%2Fmedia&parent=1215"}],"curies":[{"name":"wp","href":"https:\/\/api.w.org\/{rel}","templated":true}]}}