{"id":1224,"date":"2022-02-01T10:22:55","date_gmt":"2022-02-01T09:22:55","guid":{"rendered":"http:\/\/arci-hdf.org\/?page_id=1224"},"modified":"2022-02-01T10:30:56","modified_gmt":"2022-02-01T09:30:56","slug":"2021-un-projet-avec-lomjc-de-villeneuve-dasq","status":"publish","type":"page","link":"https:\/\/arci-hdf.org\/?page_id=1224","title":{"rendered":"2021 &#8211; Un projet avec l&rsquo;OMJC de Villeneuve d&rsquo;Asq"},"content":{"rendered":"<h3 style=\"text-align: center;\">Un projet en partenariat avec l&rsquo;OMJC de Villeneuve d&rsquo;Asq<\/h3>\n<p>&nbsp;<\/p>\n<p>En ce d\u00e9but de semaine &#8211; lundi 8 novembre 2021 &#8211; l&rsquo;ARCI-HdF est intervenu dans le lyc\u00e9e Queneau de Villeneuve d&rsquo;Asq !<\/p>\n<p>Dans le cadre de ses actions de lutte contre les discriminations et notamment contre la haine anti-LGBT, l&rsquo;ARCI-HdF a \u00e9t\u00e9 contact\u00e9 par l&rsquo;OMJC de Villeneuve d&rsquo;Asq, afin d&rsquo;intervenir sur le projet \u00ab\u00a0Genres, sexualit\u00e9s, repr\u00e9sentations et violences\u00a0\u00bb sur la th\u00e9matique sp\u00e9cifique \u00ab\u00a0Repr\u00e9sentations de la communaut\u00e9 LGBTQI+ au cin\u00e9ma et dans les s\u00e9ries\u00a0\u00bb.<\/p>\n<p>&nbsp;<\/p>\n<p><strong>L&rsquo;OMJC est une association qui a pour but d&rsquo;accompagner le d\u00e9veloppement des politiques jeunesse sur la ville de Villeneuve d&rsquo;Asq (et les communes associ\u00e9es) pour les jeunes de 11 \u00e0 25 ans et + en :<\/strong><\/p>\n<p>&#8211;&gt; Am\u00e9liorant l&rsquo;information et la communication aupr\u00e8s des jeunes (via leur Centre Information Jeunesse),<\/p>\n<p>&#8211;&gt; D\u00e9veloppant l&rsquo;initiative et l&rsquo;autonomie des jeunes par la d\u00e9marche de projets (bourse aux projets locaux, accompagnement local des Juniors associations),<\/p>\n<p>&#8211;&gt; Favorisant la communication sociale, en particulier les techniques audiovisuelles (cr\u00e9ation audiovisuelle avec les jeunes et partenaires),<\/p>\n<p align=\"JUSTIFY\">&#8211;&gt; Favorisant leur acc\u00e8s aux pratiques culturelles et de loisirs (Commission cin\u00e9 jeunes, M\u00e9diasq, stages de vacances),<\/p>\n<p align=\"JUSTIFY\">&#8211;&gt; Proposant des formations \u00e0 destination des professionnels jeunesse, des b\u00e9n\u00e9voles associatifs et des jeunes,<\/p>\n<p align=\"JUSTIFY\">&#8211;&gt; Proposant des actions cibl\u00e9es d&rsquo;\u00e9ducation \u00e0 la sant\u00e9 et \u00e0 la citoyennet\u00e9.<\/p>\n<p align=\"JUSTIFY\">\n<p align=\"JUSTIFY\"><strong>Les objectifs de l&rsquo;OMJC sur ce projet :<\/strong><\/p>\n<p align=\"JUSTIFY\">&#8211;&gt; Sensibiliser, former et informer des lyc\u00e9es sur les questions de genres et de sexualit\u00e9s, pour \u00e9viter les repr\u00e9sentations st\u00e9r\u00e9otyp\u00e9es et lutter contre les violences,<\/p>\n<p align=\"JUSTIFY\">&#8211;&gt; Accompagner des lyc\u00e9es dans la mise en oeuvre d&rsquo;un projet sur ces th\u00e9matiques, au sein du lyc\u00e9e, permettant de rayonner sur les autres \u00e9l\u00e8ves de l&rsquo;\u00e9tablissement, avec l&rsquo;id\u00e9e de transmission par les pairs.<\/p>\n<p align=\"JUSTIFY\">\n<p align=\"JUSTIFY\"><strong>Ainsi, l&rsquo;intervenant de l&rsquo;ARCI-HdF a pu commencer son intervention avec la partie de l&rsquo;atelier autour des Simpson qui concerne la lutte contre l&rsquo;homophobie et les nombreuses r\u00e9f\u00e9rences li\u00e9es \u00e0 la culture de la communaut\u00e9 LGBTQI+, et poursuivre avec la repr\u00e9sentation des LGBTQI+ au cin\u00e9ma avec les th\u00e9matiques suivantes :<\/strong><\/p>\n<p align=\"JUSTIFY\">&#8211;&gt; L&rsquo;homosexualit\u00e9 dans l&rsquo;histoire avec Un amour \u00e0 taire,<\/p>\n<p align=\"JUSTIFY\">&#8211;&gt; La repr\u00e9sentation des personnes transgenres avec Lola vers la mer et Just Charlie,<\/p>\n<p align=\"JUSTIFY\">&#8211;&gt; Les r\u00e9f\u00e9rences au coming-out dans les blockbusters avec X-men II,<\/p>\n<p align=\"JUSTIFY\">&#8211;&gt; La question des th\u00e9rapies de reconversion avec Boy Erased,<\/p>\n<p align=\"JUSTIFY\">\u00a0&#8211;&gt; La culture Drag Queen avec Pricilla folle du d\u00e9sert et la s\u00e9rie AJ and the Queens<\/p>\n<p align=\"JUSTIFY\">&#8211;&gt; Le coming out avec Love, Simon et Bobby, seul contre tous.<\/p>\n<p align=\"JUSTIFY\">Ainsi, les jeunes ont pu s&rsquo;exprimer sur ces diff\u00e9rentes questions, s&rsquo;interroger et disposer d&rsquo;une large filmographie pour aller plus loin dans leurs connaissances des LGBTQI+.<\/p>\n","protected":false},"excerpt":{"rendered":"<p>Un projet en partenariat avec l&rsquo;OMJC de Villeneuve d&rsquo;Asq &nbsp; En ce d\u00e9but de semaine &#8211; lundi 8 novembre 2021 &#8211; l&rsquo;ARCI-HdF est intervenu dans le lyc\u00e9e Queneau de Villeneuve d&rsquo;Asq ! Dans le cadre de ses actions de lutte contre les discriminations et notamment contre la haine anti-LGBT, l&rsquo;ARCI-HdF a \u00e9t\u00e9 contact\u00e9 par l&rsquo;OMJC&hellip; <br \/> <a class=\"button small blue\" href=\"https:\/\/arci-hdf.org\/?page_id=1224\">Lire la suite<\/a><\/p>\n","protected":false},"author":1,"featured_media":0,"parent":0,"menu_order":0,"comment_status":"closed","ping_status":"closed","template":"","meta":[],"_links":{"self":[{"href":"https:\/\/arci-hdf.org\/index.php?rest_route=\/wp\/v2\/pages\/1224"}],"collection":[{"href":"https:\/\/arci-hdf.org\/index.php?rest_route=\/wp\/v2\/pages"}],"about":[{"href":"https:\/\/arci-hdf.org\/index.php?rest_route=\/wp\/v2\/types\/page"}],"author":[{"embeddable":true,"href":"https:\/\/arci-hdf.org\/index.php?rest_route=\/wp\/v2\/users\/1"}],"replies":[{"embeddable":true,"href":"https:\/\/arci-hdf.org\/index.php?rest_route=%2Fwp%2Fv2%2Fcomments&post=1224"}],"version-history":[{"count":4,"href":"https:\/\/arci-hdf.org\/index.php?rest_route=\/wp\/v2\/pages\/1224\/revisions"}],"predecessor-version":[{"id":1232,"href":"https:\/\/arci-hdf.org\/index.php?rest_route=\/wp\/v2\/pages\/1224\/revisions\/1232"}],"wp:attachment":[{"href":"https:\/\/arci-hdf.org\/index.php?rest_route=%2Fwp%2Fv2%2Fmedia&parent=1224"}],"curies":[{"name":"wp","href":"https:\/\/api.w.org\/{rel}","templated":true}]}}