{"id":1350,"date":"2022-06-20T10:47:22","date_gmt":"2022-06-20T08:47:22","guid":{"rendered":"http:\/\/arci-hdf.org\/?page_id=1350"},"modified":"2022-06-20T10:47:22","modified_gmt":"2022-06-20T08:47:22","slug":"2022-lancement-de-la-saison-2022-des-seances-en-plein-air","status":"publish","type":"page","link":"https:\/\/arci-hdf.org\/?page_id=1350","title":{"rendered":"2022 &#8211; Lancement de la saison 2022 des s\u00e9ances en plein air !"},"content":{"rendered":"<h3 style=\"text-align: center;\">La saison des s\u00e9ances de cin\u00e9ma en plein air commence !<\/h3>\n<h3><\/h3>\n<p style=\"text-align: left;\">Cette ann\u00e9e, pr\u00e8s de 130 s\u00e9ances sont programm\u00e9es dans les 5 d\u00e9partements des Hauts-de-France pour animer vos soir\u00e9es d&rsquo;\u00e9t\u00e9 ! Ce week-end du 24\/25 juin 2022, 6 s\u00e9ances auront lieu dans le <strong>Nord<\/strong> \u00e0 Noyelles-Godault et Templemars, dans l&rsquo;<strong>Oise<\/strong> \u00e0 Songeons, dans l&rsquo;<strong>Aisne<\/strong> \u00e0 Oulches-la-Vall\u00e9e et dans le <strong>Pas-de-Calais<\/strong> \u00e0 Wingles et Bullecourt avec les films <em>Les bad Guys<\/em>, <em>Donne-moi des ailes<\/em>, <em>Au revoir l\u00e0-haut<\/em>, L<em>es aventures de Tintin : Les secret de la licorne<\/em>, <em>1971<\/em> et <em>Ast\u00e9rix aux jeux olympiques<\/em> !<\/p>\n<p>Retrouvez toutes les s\u00e9ances en plein air 2022 des cin\u00e9mas itin\u00e9rants des Hauts-de-France en cliquant <a href=\"http:\/\/arci-hdf.org\/wp-content\/uploads\/2022\/06\/Brochure-Cine\u0301ma-plein-air-ARCI-2022.pdf\">ici<\/a>.<\/p>\n<p>Retrouvez notre communiqu\u00e9 de presse en cliquant <a href=\"http:\/\/arci-hdf.org\/wp-content\/uploads\/2022\/06\/Communique\u0301-de-presse.pdf\">ici<\/a>.<\/p>\n<p><img loading=\"lazy\" class=\"alignnone wp-image-1353 size-medium\" src=\"http:\/\/arci-hdf.org\/wp-content\/uploads\/2022\/06\/1684336.jpg-r_1920_1080-f_jpg-q_x-xxyxx-300x125.jpg\" alt=\"\" width=\"300\" height=\"125\" srcset=\"https:\/\/arci-hdf.org\/wp-content\/uploads\/2022\/06\/1684336.jpg-r_1920_1080-f_jpg-q_x-xxyxx-300x125.jpg 300w, https:\/\/arci-hdf.org\/wp-content\/uploads\/2022\/06\/1684336.jpg-r_1920_1080-f_jpg-q_x-xxyxx-768x321.jpg 768w, https:\/\/arci-hdf.org\/wp-content\/uploads\/2022\/06\/1684336.jpg-r_1920_1080-f_jpg-q_x-xxyxx-1024x428.jpg 1024w, https:\/\/arci-hdf.org\/wp-content\/uploads\/2022\/06\/1684336.jpg-r_1920_1080-f_jpg-q_x-xxyxx.jpg 1600w\" sizes=\"(max-width: 300px) 100vw, 300px\" \/> <img loading=\"lazy\" class=\"alignnone wp-image-1355 size-medium\" src=\"http:\/\/arci-hdf.org\/wp-content\/uploads\/2022\/06\/Donne-moi-des-ailes-300x200.jpg\" alt=\"\" width=\"300\" height=\"200\" srcset=\"https:\/\/arci-hdf.org\/wp-content\/uploads\/2022\/06\/Donne-moi-des-ailes-300x200.jpg 300w, https:\/\/arci-hdf.org\/wp-content\/uploads\/2022\/06\/Donne-moi-des-ailes-768x512.jpg 768w, https:\/\/arci-hdf.org\/wp-content\/uploads\/2022\/06\/Donne-moi-des-ailes-1024x683.jpg 1024w, https:\/\/arci-hdf.org\/wp-content\/uploads\/2022\/06\/Donne-moi-des-ailes.jpg 1600w\" sizes=\"(max-width: 300px) 100vw, 300px\" \/> <img loading=\"lazy\" class=\"alignnone wp-image-1354 size-medium\" src=\"http:\/\/arci-hdf.org\/wp-content\/uploads\/2022\/06\/Au-revoir-l\u00e0-haut-300x200.jpg\" alt=\"\" width=\"300\" height=\"200\" srcset=\"https:\/\/arci-hdf.org\/wp-content\/uploads\/2022\/06\/Au-revoir-l\u00e0-haut-300x200.jpg 300w, https:\/\/arci-hdf.org\/wp-content\/uploads\/2022\/06\/Au-revoir-l\u00e0-haut-768x512.jpg 768w, https:\/\/arci-hdf.org\/wp-content\/uploads\/2022\/06\/Au-revoir-l\u00e0-haut-1024x683.jpg 1024w, https:\/\/arci-hdf.org\/wp-content\/uploads\/2022\/06\/Au-revoir-l\u00e0-haut.jpg 1600w\" sizes=\"(max-width: 300px) 100vw, 300px\" \/><\/p>\n<p>&nbsp;<\/p>\n","protected":false},"excerpt":{"rendered":"<p>La saison des s\u00e9ances de cin\u00e9ma en plein air commence ! Cette ann\u00e9e, pr\u00e8s de 130 s\u00e9ances sont programm\u00e9es dans les 5 d\u00e9partements des Hauts-de-France pour animer vos soir\u00e9es d&rsquo;\u00e9t\u00e9 ! Ce week-end du 24\/25 juin 2022, 6 s\u00e9ances auront lieu dans le Nord \u00e0 Noyelles-Godault et Templemars, dans l&rsquo;Oise \u00e0 Songeons, dans l&rsquo;Aisne \u00e0&hellip; <br \/> <a class=\"button small blue\" href=\"https:\/\/arci-hdf.org\/?page_id=1350\">Lire la suite<\/a><\/p>\n","protected":false},"author":1,"featured_media":0,"parent":0,"menu_order":0,"comment_status":"closed","ping_status":"closed","template":"","meta":[],"_links":{"self":[{"href":"https:\/\/arci-hdf.org\/index.php?rest_route=\/wp\/v2\/pages\/1350"}],"collection":[{"href":"https:\/\/arci-hdf.org\/index.php?rest_route=\/wp\/v2\/pages"}],"about":[{"href":"https:\/\/arci-hdf.org\/index.php?rest_route=\/wp\/v2\/types\/page"}],"author":[{"embeddable":true,"href":"https:\/\/arci-hdf.org\/index.php?rest_route=\/wp\/v2\/users\/1"}],"replies":[{"embeddable":true,"href":"https:\/\/arci-hdf.org\/index.php?rest_route=%2Fwp%2Fv2%2Fcomments&post=1350"}],"version-history":[{"count":2,"href":"https:\/\/arci-hdf.org\/index.php?rest_route=\/wp\/v2\/pages\/1350\/revisions"}],"predecessor-version":[{"id":1752,"href":"https:\/\/arci-hdf.org\/index.php?rest_route=\/wp\/v2\/pages\/1350\/revisions\/1752"}],"wp:attachment":[{"href":"https:\/\/arci-hdf.org\/index.php?rest_route=%2Fwp%2Fv2%2Fmedia&parent=1350"}],"curies":[{"name":"wp","href":"https:\/\/api.w.org\/{rel}","templated":true}]}}