{"id":1504,"date":"2022-11-03T10:38:27","date_gmt":"2022-11-03T09:38:27","guid":{"rendered":"https:\/\/arci-hdf.org\/?page_id=1504"},"modified":"2025-06-02T15:11:30","modified_gmt":"2025-06-02T13:11:30","slug":"premier-essai-reussi-pour-latelier-sur-la-peur-au-cinema","status":"publish","type":"page","link":"https:\/\/arci-hdf.org\/?page_id=1504","title":{"rendered":"Atelier peur au cin\u00e9ma"},"content":{"rendered":"\n<div class=\"wp-block-columns is-layout-flex wp-container-core-columns-is-layout-9d6595d7 wp-block-columns-is-layout-flex\">\n<div class=\"wp-block-column is-layout-flow wp-block-column-is-layout-flow\">\n<div class=\"wp-block-buttons is-content-justification-center is-layout-flex wp-container-core-buttons-is-layout-16018d1d wp-block-buttons-is-layout-flex\">\n<div class=\"wp-block-button\"><a class=\"wp-block-button__link has-vivid-cyan-blue-background-color has-background\" href=\"http:\/\/arci-hdf.org\/wp-content\/uploads\/2025\/06\/Communication-Atelier-Peur-au-cinema-new.pdf\" target=\"_blank\" rel=\"noreferrer noopener\">D\u00e9couvrir l&rsquo;atelier en d\u00e9tail<\/a><\/div>\n<\/div>\n<\/div>\n\n\n\n<div class=\"wp-block-column is-layout-flow wp-block-column-is-layout-flow\">\n<div class=\"wp-block-buttons is-content-justification-center is-layout-flex wp-container-core-buttons-is-layout-16018d1d wp-block-buttons-is-layout-flex\">\n<div class=\"wp-block-button\"><a class=\"wp-block-button__link has-vivid-cyan-blue-background-color has-background\" href=\"https:\/\/arci-hdf.org\/?page_id=2081\" target=\"_blank\" rel=\"noreferrer noopener\">Organiser un atelier<\/a><\/div>\n<\/div>\n<\/div>\n<\/div>\n\n\n\n<p>Le cin\u00e9ma d&rsquo;horreur est un genre tr\u00e8s vari\u00e9 et riche qui attire particuli\u00e8rement les adolescents. \u00c0 partir de ces constats, l&rsquo;ARCI-HdF s&rsquo;est associ\u00e9e \u00e0 Cin\u00e9ligue pour monter un atelier de programmation. Les jeunes sont invit\u00e9s \u00e0 choisir un film parmi une s\u00e9lection de classiques et de films d&rsquo;actualit\u00e9 puis c&rsquo;est \u00e0 elles et eux d&rsquo;organiser la s\u00e9ance et des animations pour l\u2019agr\u00e9menter.<\/p>\n\n\n<div class=\"wp-block-image\">\n<figure class=\"aligncenter size-large\"><img loading=\"lazy\" decoding=\"async\" width=\"1024\" height=\"445\" src=\"http:\/\/arci-hdf.org\/wp-content\/uploads\/2022\/11\/cOMPO-1-1024x445.png\" alt=\"\" class=\"wp-image-1549\" srcset=\"https:\/\/arci-hdf.org\/wp-content\/uploads\/2022\/11\/cOMPO-1-1024x445.png 1024w, https:\/\/arci-hdf.org\/wp-content\/uploads\/2022\/11\/cOMPO-1-300x130.png 300w, https:\/\/arci-hdf.org\/wp-content\/uploads\/2022\/11\/cOMPO-1-768x334.png 768w, https:\/\/arci-hdf.org\/wp-content\/uploads\/2022\/11\/cOMPO-1-1536x668.png 1536w, https:\/\/arci-hdf.org\/wp-content\/uploads\/2022\/11\/cOMPO-1-2048x890.png 2048w, https:\/\/arci-hdf.org\/wp-content\/uploads\/2022\/11\/cOMPO-1-1920x835.png 1920w\" sizes=\"auto, (max-width: 1024px) 100vw, 1024px\" \/><\/figure>\n<\/div>\n\n\n<h4 class=\"has-text-align-center wp-block-heading\">\u00c0 partir de 12 ans pour 15 personnes maximum <\/h4>\n\n\n\n<p>Le cin\u00e9ma d&rsquo;\u00e9pouvante est tr\u00e8s appr\u00e9ci\u00e9 et consomm\u00e9 massivement par les jeunes. Mais ils ne connaissent pas toujours les classiques du genre et n&rsquo;ont pas forc\u00e9ment l&rsquo;occasion de d\u00e9couvrir les derni\u00e8res sorties. Gr\u00e2ce \u00e0 une s\u00e9lection \u00e9labor\u00e9e par nos soins, les participants choisiront le film \u00e0 projeter parmi une large s\u00e9lection d&rsquo;\u0153uvres classiques et contemporaines de nationalit\u00e9s diff\u00e9rentes, apr\u00e8s avoir visionn\u00e9 des bandes annonces. \u00c0 eux ensuite d&rsquo;organiser la projection qui leur ressemble et de communiquer pour que le public soit au rendez-vous.<\/p>\n\n\n\n<h4 class=\"wp-block-heading\">D\u00e9roulement de l&rsquo;atelier : <\/h4>\n\n\n\n<p>la s\u00e9ance devra \u00eatre programm\u00e9e dans un intervalle de deux \u00e0 quatre semaines apr\u00e8s la premi\u00e8re partie de l&rsquo;atelier, pour laisser le temps aux jeunes de se pr\u00e9parer au mieux.<\/p>\n\n\n\n<div class=\"wp-block-columns is-layout-flex wp-container-core-columns-is-layout-9d6595d7 wp-block-columns-is-layout-flex\">\n<div class=\"wp-block-column is-layout-flow wp-block-column-is-layout-flow\">\n<p class=\"has-text-align-center\"><strong>Atelier de programmation (2h)<\/strong><\/p>\n\n\n\n<p>Les jeunes cr\u00e9ent un \u00e9v\u00e8nement cin\u00e9ma en choisissant un film parmi une s\u00e9lection qui leur sera pr\u00e9sent\u00e9e. ils seront amen\u00e9s \u00e0 assurer la partie communication (r\u00e9seaux sociaux, affiches, etc\u2026) et \u00e0 pr\u00e9parer l&rsquo;animation (accueil, pr\u00e9sentation, retour sur le film). Les intervenants les accompagnent et les conseillent tout au long du processus.<\/p>\n<\/div>\n\n\n\n<div class=\"wp-block-column is-layout-flow wp-block-column-is-layout-flow\">\n<p class=\"has-text-align-center\"><strong>Accompagnement de la s\u00e9ance<\/strong><\/p>\n\n\n\n<p>Pr\u00e9sentation puis projection du film choisi, suivies d\u2019une animation et d&rsquo;un \u00e9change avec le public. l&rsquo;\u00e9v\u00e8nement est organis\u00e9 et anim\u00e9 par les jeunes, nous prenons en charge la partie technique de la projection. les places des jeunes ayant particip\u00e9 \u00e0 l&rsquo;atelier sont offertes par l&rsquo;ARCI.<\/p>\n<\/div>\n<\/div>\n\n\n\n<div class=\"wp-block-columns is-layout-flex wp-container-core-columns-is-layout-9d6595d7 wp-block-columns-is-layout-flex\"><\/div>\n\n\n\n<div class=\"wp-block-buttons is-content-justification-center is-layout-flex wp-container-core-buttons-is-layout-16018d1d wp-block-buttons-is-layout-flex\">\n<div class=\"wp-block-button\"><a class=\"wp-block-button__link has-vivid-cyan-blue-background-color has-background\" href=\"https:\/\/arci-hdf.org\/?page_id=2100\">Liste des ateliers r\u00e9alis\u00e9s<\/a><\/div>\n<\/div>\n\n\n\n<div class=\"wp-block-buttons is-content-justification-center is-layout-flex wp-container-core-buttons-is-layout-16018d1d wp-block-buttons-is-layout-flex\"><\/div>\n","protected":false},"excerpt":{"rendered":"<p>Le cin\u00e9ma d&rsquo;horreur est un genre tr\u00e8s vari\u00e9 et riche qui attire particuli\u00e8rement les adolescents. \u00c0 partir de ces constats, l&rsquo;ARCI-HdF s&rsquo;est associ\u00e9e \u00e0 Cin\u00e9ligue pour monter un atelier de programmation. Les jeunes sont invit\u00e9s \u00e0 choisir un film parmi une s\u00e9lection de classiques et de films d&rsquo;actualit\u00e9 puis c&rsquo;est \u00e0 elles et eux d&rsquo;organiser&hellip; <br \/> <a class=\"button small blue\" href=\"https:\/\/arci-hdf.org\/?page_id=1504\">Lire la suite<\/a><\/p>\n","protected":false},"author":1,"featured_media":0,"parent":0,"menu_order":0,"comment_status":"closed","ping_status":"closed","template":"","meta":{"footnotes":""},"class_list":["post-1504","page","type-page","status-publish","hentry"],"_links":{"self":[{"href":"https:\/\/arci-hdf.org\/index.php?rest_route=\/wp\/v2\/pages\/1504","targetHints":{"allow":["GET"]}}],"collection":[{"href":"https:\/\/arci-hdf.org\/index.php?rest_route=\/wp\/v2\/pages"}],"about":[{"href":"https:\/\/arci-hdf.org\/index.php?rest_route=\/wp\/v2\/types\/page"}],"author":[{"embeddable":true,"href":"https:\/\/arci-hdf.org\/index.php?rest_route=\/wp\/v2\/users\/1"}],"replies":[{"embeddable":true,"href":"https:\/\/arci-hdf.org\/index.php?rest_route=%2Fwp%2Fv2%2Fcomments&post=1504"}],"version-history":[{"count":34,"href":"https:\/\/arci-hdf.org\/index.php?rest_route=\/wp\/v2\/pages\/1504\/revisions"}],"predecessor-version":[{"id":2399,"href":"https:\/\/arci-hdf.org\/index.php?rest_route=\/wp\/v2\/pages\/1504\/revisions\/2399"}],"wp:attachment":[{"href":"https:\/\/arci-hdf.org\/index.php?rest_route=%2Fwp%2Fv2%2Fmedia&parent=1504"}],"curies":[{"name":"wp","href":"https:\/\/api.w.org\/{rel}","templated":true}]}}