{"id":1572,"date":"2022-11-25T10:51:55","date_gmt":"2022-11-25T09:51:55","guid":{"rendered":"https:\/\/arci-hdf.org\/?page_id=1572"},"modified":"2022-11-30T16:11:54","modified_gmt":"2022-11-30T15:11:54","slug":"larci-forme-des-professionnels-a-leducation-a-limage","status":"publish","type":"page","link":"https:\/\/arci-hdf.org\/?page_id=1572","title":{"rendered":"2022 &#8211; L&rsquo;ARCI forme des professionnels autour de l&rsquo;\u00e9ducation \u00e0 l&rsquo;image"},"content":{"rendered":"\n<p>Les salari\u00e9s de l&rsquo;ARCI-HdF sont intervenus dans le cadre d&rsquo;une formation autour de l&rsquo;\u00e9ducation \u00e0 l&rsquo;image \u00e0 destination des professionnels de l&rsquo;animation socio-culturelle du r\u00e9seau des MJC au niveau national.<\/p>\n\n\n\n<p>En fin d&rsquo;ann\u00e9e, les acteurs des cin\u00e9mas itin\u00e9rants de l&rsquo;Aisne et la Somme, g\u00e9r\u00e9s par les MJC ont approch\u00e9s l&rsquo;ARCI-HdF pour animer une formation sur 3 jours \u00ab\u00a0Cr\u00e9er un film d&rsquo;animation avec les enfants et les adolescents\u00a0\u00bb. Avec l&rsquo;aide de Cin\u00e9Ligue-HdF, les salari\u00e9s se sont rendus \u00e0 la MJC Montplaisir de Lyon les 23, 24 et 25 novembre 2022 pour r\u00e9pondre \u00e0 cette demande. <\/p>\n\n\n\n<p>Cette formation a r\u00e9uni neuf stagiaires professionnels de l&rsquo;animation socio-culturelle issus de structures diverses r\u00e9parties sur tout le territoire national. Les objectifs \u00e9taient d&rsquo;acqu\u00e9rir des connaissances sur le secteur audiovisuel et plus pr\u00e9cis\u00e9ment sur le domaine cin\u00e9matographique, de d\u00e9couvrir les diff\u00e9rentes techniques de r\u00e9alisation d&rsquo;une \u0153uvre d&rsquo;animation, d&rsquo;appr\u00e9hender la r\u00e9glementation de diffusion d&rsquo;un support cin\u00e9matographique et de concevoir les modalit\u00e9s de mise en place d&rsquo;un atelier d&rsquo;\u00e9ducation \u00e0 l&rsquo;image dans un projet global.<\/p>\n\n\n\n<p>Une belle exp\u00e9rience d&rsquo;\u00e9change et de transmission, \u00e0 la fois pour les deux formateurs de l&rsquo;ARCI et de Cin\u00e9ligue et pour les stagiaires qui pourront dor\u00e9navant mettre en place un \u00e9ventail large d&rsquo;ateliers d\u2019\u00e9ducation \u00e0 l&rsquo;image autour du stop-motion et de la pixilation !<\/p>\n\n\n\n<p><\/p>\n\n\n\n<p><\/p>\n\n\n\n<figure class=\"wp-container-2 wp-block-gallery-1 wp-block-gallery has-nested-images columns-default is-cropped\">\n<figure class=\"wp-block-image size-large\"><a href=\"https:\/\/arci-hdf.org\/wp-content\/uploads\/2022\/11\/20221124_150135-scaled.jpg\" target=\"_blank\" rel=\"noopener\"><img loading=\"lazy\" width=\"2560\" height=\"1920\" data-id=\"1574\"  src=\"http:\/\/arci-hdf.org\/wp-content\/uploads\/2022\/11\/20221124_150135-scaled.jpg\" alt=\"\" class=\"wp-image-1574\" srcset=\"https:\/\/arci-hdf.org\/wp-content\/uploads\/2022\/11\/20221124_150135-scaled.jpg 2560w, https:\/\/arci-hdf.org\/wp-content\/uploads\/2022\/11\/20221124_150135-300x225.jpg 300w, https:\/\/arci-hdf.org\/wp-content\/uploads\/2022\/11\/20221124_150135-1024x768.jpg 1024w, https:\/\/arci-hdf.org\/wp-content\/uploads\/2022\/11\/20221124_150135-768x576.jpg 768w, https:\/\/arci-hdf.org\/wp-content\/uploads\/2022\/11\/20221124_150135-1536x1152.jpg 1536w, https:\/\/arci-hdf.org\/wp-content\/uploads\/2022\/11\/20221124_150135-2048x1536.jpg 2048w, https:\/\/arci-hdf.org\/wp-content\/uploads\/2022\/11\/20221124_150135-1440x1080.jpg 1440w\" sizes=\"(max-width: 2560px) 100vw, 2560px\" \/><\/a><\/figure>\n\n\n\n<figure class=\"wp-block-image size-large\"><a href=\"https:\/\/arci-hdf.org\/wp-content\/uploads\/2022\/11\/20221124_145817-scaled.jpg\" target=\"_blank\" rel=\"noopener\"><img loading=\"lazy\" width=\"2560\" height=\"1920\" data-id=\"1573\"  src=\"http:\/\/arci-hdf.org\/wp-content\/uploads\/2022\/11\/20221124_145817-scaled.jpg\" alt=\"\" class=\"wp-image-1573\" srcset=\"https:\/\/arci-hdf.org\/wp-content\/uploads\/2022\/11\/20221124_145817-scaled.jpg 2560w, https:\/\/arci-hdf.org\/wp-content\/uploads\/2022\/11\/20221124_145817-300x225.jpg 300w, https:\/\/arci-hdf.org\/wp-content\/uploads\/2022\/11\/20221124_145817-1024x768.jpg 1024w, https:\/\/arci-hdf.org\/wp-content\/uploads\/2022\/11\/20221124_145817-768x576.jpg 768w, https:\/\/arci-hdf.org\/wp-content\/uploads\/2022\/11\/20221124_145817-1536x1152.jpg 1536w, https:\/\/arci-hdf.org\/wp-content\/uploads\/2022\/11\/20221124_145817-2048x1536.jpg 2048w, https:\/\/arci-hdf.org\/wp-content\/uploads\/2022\/11\/20221124_145817-1440x1080.jpg 1440w\" sizes=\"(max-width: 2560px) 100vw, 2560px\" \/><\/a><\/figure>\n<figcaption class=\"blocks-gallery-caption\">Les stagiaires en atelier Stop-motion<\/figcaption><\/figure>\n","protected":false},"excerpt":{"rendered":"<p>Les salari\u00e9s de l&rsquo;ARCI-HdF sont intervenus dans le cadre d&rsquo;une formation autour de l&rsquo;\u00e9ducation \u00e0 l&rsquo;image \u00e0 destination des professionnels de l&rsquo;animation socio-culturelle du r\u00e9seau des MJC au niveau national. En fin d&rsquo;ann\u00e9e, les acteurs des cin\u00e9mas itin\u00e9rants de l&rsquo;Aisne et la Somme, g\u00e9r\u00e9s par les MJC ont approch\u00e9s l&rsquo;ARCI-HdF pour animer une formation sur&hellip; <br \/> <a class=\"button small blue\" href=\"https:\/\/arci-hdf.org\/?page_id=1572\">Lire la suite<\/a><\/p>\n","protected":false},"author":1,"featured_media":0,"parent":0,"menu_order":0,"comment_status":"closed","ping_status":"closed","template":"","meta":[],"_links":{"self":[{"href":"https:\/\/arci-hdf.org\/index.php?rest_route=\/wp\/v2\/pages\/1572"}],"collection":[{"href":"https:\/\/arci-hdf.org\/index.php?rest_route=\/wp\/v2\/pages"}],"about":[{"href":"https:\/\/arci-hdf.org\/index.php?rest_route=\/wp\/v2\/types\/page"}],"author":[{"embeddable":true,"href":"https:\/\/arci-hdf.org\/index.php?rest_route=\/wp\/v2\/users\/1"}],"replies":[{"embeddable":true,"href":"https:\/\/arci-hdf.org\/index.php?rest_route=%2Fwp%2Fv2%2Fcomments&post=1572"}],"version-history":[{"count":5,"href":"https:\/\/arci-hdf.org\/index.php?rest_route=\/wp\/v2\/pages\/1572\/revisions"}],"predecessor-version":[{"id":1582,"href":"https:\/\/arci-hdf.org\/index.php?rest_route=\/wp\/v2\/pages\/1572\/revisions\/1582"}],"wp:attachment":[{"href":"https:\/\/arci-hdf.org\/index.php?rest_route=%2Fwp%2Fv2%2Fmedia&parent=1572"}],"curies":[{"name":"wp","href":"https:\/\/api.w.org\/{rel}","templated":true}]}}