{"id":1613,"date":"2023-01-06T10:22:15","date_gmt":"2023-01-06T09:22:15","guid":{"rendered":"https:\/\/arci-hdf.org\/?page_id=1613"},"modified":"2025-06-02T15:11:53","modified_gmt":"2025-06-02T13:11:53","slug":"premier-essai-concluant-pour-latelier-realite-virtuelle","status":"publish","type":"page","link":"https:\/\/arci-hdf.org\/?page_id=1613","title":{"rendered":"Atelier sur la R\u00e9alit\u00e9 Virtuelle"},"content":{"rendered":"\n<div class=\"wp-container-5 wp-block-columns\">\n<div class=\"wp-container-2 wp-block-column\">\n<div class=\"wp-container-1 is-content-justification-center wp-block-buttons\">\n<div class=\"wp-block-button\"><a class=\"wp-block-button__link has-vivid-cyan-blue-background-color has-background\" href=\"http:\/\/arci-hdf.org\/wp-content\/uploads\/2025\/06\/Communication-Atelier-Realite-Virtuelle-new.pdf\" target=\"_blank\" rel=\"noreferrer noopener\">D\u00e9couvrir l&rsquo;atelier en d\u00e9tail<\/a><\/div>\n<\/div>\n<\/div>\n\n\n\n<div class=\"wp-container-4 wp-block-column\">\n<div class=\"wp-container-3 is-content-justification-center wp-block-buttons\">\n<div class=\"wp-block-button\"><a class=\"wp-block-button__link has-vivid-cyan-blue-background-color has-background\" href=\"https:\/\/arci-hdf.org\/?page_id=2081\" target=\"_blank\" rel=\"noreferrer noopener\">Organiser un atelier<\/a><\/div>\n<\/div>\n<\/div>\n<\/div>\n\n\n\n<p>Les nouveaux outils technologiques ne cessent d&rsquo;\u00e9voluer. Avec cet atelier l&rsquo;ARCI propose aux jeunes de d\u00e9couvrir des casques de r\u00e9alit\u00e9 virtuelle. Par une approche \u00e0 la fois ludique et p\u00e9dagogique, les participants sont amen\u00e9s \u00e0 tester les casques gr\u00e2ce \u00e0 des jeux s\u00e9lectionn\u00e9s par notre \u00e9quipe. Puis nous discutons des th\u00e9matiques abord\u00e9es et du potentiel de ces nouvelles pratiques.<\/p>\n\n\n<div class=\"wp-block-image\">\n<figure class=\"aligncenter size-large\"><img loading=\"lazy\" width=\"1024\" height=\"252\" src=\"http:\/\/arci-hdf.org\/wp-content\/uploads\/2023\/03\/IMG_9354-1024x252.png\" alt=\"\" class=\"wp-image-1653\" srcset=\"https:\/\/arci-hdf.org\/wp-content\/uploads\/2023\/03\/IMG_9354-1024x252.png 1024w, https:\/\/arci-hdf.org\/wp-content\/uploads\/2023\/03\/IMG_9354-300x74.png 300w, https:\/\/arci-hdf.org\/wp-content\/uploads\/2023\/03\/IMG_9354-768x189.png 768w, https:\/\/arci-hdf.org\/wp-content\/uploads\/2023\/03\/IMG_9354-1536x378.png 1536w, https:\/\/arci-hdf.org\/wp-content\/uploads\/2023\/03\/IMG_9354-2048x504.png 2048w, https:\/\/arci-hdf.org\/wp-content\/uploads\/2023\/03\/IMG_9354-1920x472.png 1920w\" sizes=\"(max-width: 1024px) 100vw, 1024px\" \/><\/figure><\/div>\n\n\n<h4 class=\"has-text-align-center\">\u00c0 partir de 11 ans pour 10 personnes maximum <\/h4>\n\n\n\n<p>Pour ne pas rater le train de la technologie, nous avons con\u00e7u ces ateliers afin de d\u00e9couvrir et sensibiliser sur ces outils plein de promesses que sont les casques de r\u00e9alit\u00e9 virtuelle. En rapport avec les jeux, les stagiaires en apprendront plus sur l&rsquo;histoire de l&rsquo;art, sur l&rsquo;importance de savoir bien communiquer, sur la coop\u00e9ration et sur le handicap. Apr\u00e8s chaque s\u00e9ance de jeu, un d\u00e9briefing permet aussi de revenir sur l&rsquo;exp\u00e9rience et d&rsquo;orienter les jeunes dans l&rsquo;apprentissage des nouvelles images et technologies.<\/p>\n\n\n\n<h4>D\u00e9roulement de l&rsquo;atelier : <\/h4>\n\n\n\n<p>Pr\u00e9sentation g\u00e9n\u00e9rale des casques de r\u00e9alit\u00e9 virtuelle puis test de deux jeux s\u00e9lectionn\u00e9s parmi quatre.<\/p>\n\n\n\n<div class=\"wp-container-8 wp-block-columns\">\n<div class=\"wp-container-6 wp-block-column\">\n<p class=\"has-text-align-center\"><strong>Tilt brush<\/strong><\/p>\n\n\n\n<p>jeu de peinture en 3D, les stagiaires devront r\u00e9aliser une \u0153uvre d&rsquo;art collaborative.<\/p>\n<\/div>\n\n\n\n<div class=\"wp-container-7 wp-block-column\">\n<p class=\"has-text-align-center\"><strong>Notes on Blindness<\/strong><\/p>\n\n\n\n<p>une exp\u00e9rience propos\u00e9e par ARTE dans lequel le joueur est plong\u00e9 dans la vie d&rsquo;une personne malvoyante<\/p>\n<\/div>\n<\/div>\n\n\n\n<div class=\"wp-container-11 wp-block-columns\">\n<div class=\"wp-container-9 wp-block-column\">\n<p class=\"has-text-align-center\"><strong>Keep talking and nobody explodes<\/strong><\/p>\n\n\n\n<p>met en sc\u00e8ne un des joueurs comme d\u00e9samorceur d&rsquo;une bombe, tandis que les spectateurs doivent le guider<\/p>\n<\/div>\n\n\n\n<div class=\"wp-container-10 wp-block-column\">\n<p class=\"has-text-align-center\"><strong>Gadgeteer<\/strong><\/p>\n\n\n\n<p>les stagiaires prendront le relai pour cr\u00e9er une r\u00e9action en cha\u00eene ludique et spectaculaire.<\/p>\n<\/div>\n<\/div>\n\n\n\n<div class=\"wp-container-12 is-content-justification-center wp-block-buttons\">\n<div class=\"wp-block-button\"><a class=\"wp-block-button__link has-vivid-cyan-blue-background-color has-background\" href=\"https:\/\/arci-hdf.org\/?page_id=2100\">Liste des ateliers r\u00e9alis\u00e9s<\/a><\/div>\n<\/div>\n\n\n\n<div class=\"wp-container-13 is-content-justification-center wp-block-buttons\"><\/div>\n","protected":false},"excerpt":{"rendered":"<p>Les nouveaux outils technologiques ne cessent d&rsquo;\u00e9voluer. Avec cet atelier l&rsquo;ARCI propose aux jeunes de d\u00e9couvrir des casques de r\u00e9alit\u00e9 virtuelle. Par une approche \u00e0 la fois ludique et p\u00e9dagogique, les participants sont amen\u00e9s \u00e0 tester les casques gr\u00e2ce \u00e0 des jeux s\u00e9lectionn\u00e9s par notre \u00e9quipe. Puis nous discutons des th\u00e9matiques abord\u00e9es et du potentiel&hellip; <br \/> <a class=\"button small blue\" href=\"https:\/\/arci-hdf.org\/?page_id=1613\">Lire la suite<\/a><\/p>\n","protected":false},"author":1,"featured_media":0,"parent":0,"menu_order":0,"comment_status":"closed","ping_status":"closed","template":"","meta":[],"_links":{"self":[{"href":"https:\/\/arci-hdf.org\/index.php?rest_route=\/wp\/v2\/pages\/1613"}],"collection":[{"href":"https:\/\/arci-hdf.org\/index.php?rest_route=\/wp\/v2\/pages"}],"about":[{"href":"https:\/\/arci-hdf.org\/index.php?rest_route=\/wp\/v2\/types\/page"}],"author":[{"embeddable":true,"href":"https:\/\/arci-hdf.org\/index.php?rest_route=\/wp\/v2\/users\/1"}],"replies":[{"embeddable":true,"href":"https:\/\/arci-hdf.org\/index.php?rest_route=%2Fwp%2Fv2%2Fcomments&post=1613"}],"version-history":[{"count":28,"href":"https:\/\/arci-hdf.org\/index.php?rest_route=\/wp\/v2\/pages\/1613\/revisions"}],"predecessor-version":[{"id":2400,"href":"https:\/\/arci-hdf.org\/index.php?rest_route=\/wp\/v2\/pages\/1613\/revisions\/2400"}],"wp:attachment":[{"href":"https:\/\/arci-hdf.org\/index.php?rest_route=%2Fwp%2Fv2%2Fmedia&parent=1613"}],"curies":[{"name":"wp","href":"https:\/\/api.w.org\/{rel}","templated":true}]}}