{"id":1694,"date":"2023-05-16T10:56:39","date_gmt":"2023-05-16T08:56:39","guid":{"rendered":"https:\/\/arci-hdf.org\/?page_id=1694"},"modified":"2026-04-16T16:03:23","modified_gmt":"2026-04-16T14:03:23","slug":"les-ateliers-deducation-aux-images-mis-en-place-pour-larci","status":"publish","type":"page","link":"https:\/\/arci-hdf.org\/?page_id=1694","title":{"rendered":"Les ateliers d\u2019\u00e9ducation aux images et aux m\u00e9dias mis en place par l&rsquo;ARCI"},"content":{"rendered":"\n<p style=\"font-size:25px\">L&rsquo;ARCI propose aujourd&rsquo;hui 7 ateliers diff\u00e9rents d&rsquo;\u00e9ducation \u00e0 l&rsquo;image, aux m\u00e9dias et \u00e0 l&rsquo;information. Principalement \u00e0 destination des ados et des pr\u00e9-ados ces actions sont toutes pens\u00e9es pour \u00eatre \u00e0 la fois ludiques et \u00e9ducatives, permettant de r\u00e9fl\u00e9chir ensemble aux nouvelles images auxquelles nous sommes confront\u00e9s dans nos vies quotidiennes. Dans une d\u00e9marche d&rsquo;\u00e9ducation populaire et de d\u00e9couverte pour et par les jeunes, notre objectif est de transmettre l&rsquo;envie d&rsquo;en apprendre toujours plus et d&rsquo;aiguiser l&rsquo;esprit critique de nos publics. <\/p>\n\n\n\n<div class=\"wp-container-5 wp-block-columns\">\n<div class=\"wp-container-2 wp-block-column\">\n<div class=\"wp-container-1 is-content-justification-center wp-block-buttons\">\n<div class=\"wp-block-button\"><a class=\"wp-block-button__link has-vivid-purple-background-color has-background\" href=\"http:\/\/arci-hdf.org\/wp-content\/uploads\/2025\/06\/Nouvelle-Version-Catalogue-_compressed.pdf\" target=\"_blank\" rel=\"noreferrer noopener\">Le catalogue complet<\/a><\/div>\n<\/div>\n<\/div>\n\n\n\n<div class=\"wp-container-4 wp-block-column\">\n<div class=\"wp-container-3 is-content-justification-center wp-block-buttons\">\n<div class=\"wp-block-button\"><a class=\"wp-block-button__link has-vivid-purple-background-color has-background\" href=\"https:\/\/arci-hdf.org\/?page_id=2081\" target=\"_blank\" rel=\"noreferrer noopener\">Formulaire de contact<\/a><\/div>\n<\/div>\n<\/div>\n<\/div>\n\n\n\n<p class=\"has-text-align-center\">D\u00e9couvrez en d\u00e9tail tous les ateliers que nous proposons. <\/p>\n\n\n\n<div class=\"wp-container-9 wp-block-columns\">\n<div class=\"wp-container-6 wp-block-column\"><div class=\"wp-block-image is-style-default\">\n<figure class=\"aligncenter size-large\"><a href=\"https:\/\/arci-hdf.org\/?page_id=649\"><img loading=\"lazy\" width=\"1024\" height=\"1024\" src=\"https:\/\/arci-hdf.org\/wp-content\/uploads\/2026\/04\/1-1024x1024.png\" alt=\"\" class=\"wp-image-2692\" srcset=\"https:\/\/arci-hdf.org\/wp-content\/uploads\/2026\/04\/1-1024x1024.png 1024w, https:\/\/arci-hdf.org\/wp-content\/uploads\/2026\/04\/1-300x300.png 300w, https:\/\/arci-hdf.org\/wp-content\/uploads\/2026\/04\/1-150x150.png 150w, https:\/\/arci-hdf.org\/wp-content\/uploads\/2026\/04\/1-768x768.png 768w, https:\/\/arci-hdf.org\/wp-content\/uploads\/2026\/04\/1-1536x1536.png 1536w, https:\/\/arci-hdf.org\/wp-content\/uploads\/2026\/04\/1-1080x1080.png 1080w, https:\/\/arci-hdf.org\/wp-content\/uploads\/2026\/04\/1.png 2000w\" sizes=\"(max-width: 1024px) 100vw, 1024px\" \/><\/a><figcaption><a rel=\"noreferrer noopener\" href=\"https:\/\/arci-hdf.org\/?page_id=649\" target=\"_blank\"><strong>Atelier sur les jeux-vid\u00e9os<\/strong><\/a><\/figcaption><\/figure><\/div><\/div>\n\n\n\n<div class=\"wp-container-7 wp-block-column\"><div class=\"wp-block-image is-style-default\">\n<figure class=\"aligncenter size-large\"><a href=\"https:\/\/arci-hdf.org\/?page_id=2064\"><img loading=\"lazy\" width=\"1024\" height=\"1024\" src=\"https:\/\/arci-hdf.org\/wp-content\/uploads\/2026\/04\/2-1024x1024.png\" alt=\"\" class=\"wp-image-2685\" srcset=\"https:\/\/arci-hdf.org\/wp-content\/uploads\/2026\/04\/2-1024x1024.png 1024w, https:\/\/arci-hdf.org\/wp-content\/uploads\/2026\/04\/2-300x300.png 300w, https:\/\/arci-hdf.org\/wp-content\/uploads\/2026\/04\/2-150x150.png 150w, https:\/\/arci-hdf.org\/wp-content\/uploads\/2026\/04\/2-768x768.png 768w, https:\/\/arci-hdf.org\/wp-content\/uploads\/2026\/04\/2-1536x1536.png 1536w, https:\/\/arci-hdf.org\/wp-content\/uploads\/2026\/04\/2-1080x1080.png 1080w, https:\/\/arci-hdf.org\/wp-content\/uploads\/2026\/04\/2.png 2000w\" sizes=\"(max-width: 1024px) 100vw, 1024px\" \/><\/a><figcaption><a rel=\"noreferrer noopener\" href=\"https:\/\/arci-hdf.org\/?page_id=2064\" target=\"_blank\"><strong>Atelier sur l&rsquo;intelligence artificielle<\/strong><\/a><\/figcaption><\/figure><\/div><\/div>\n\n\n\n<div class=\"wp-container-8 wp-block-column\"><div class=\"wp-block-image is-style-default\">\n<figure class=\"aligncenter size-large\"><a href=\"https:\/\/arci-hdf.org\/?page_id=1613\"><img loading=\"lazy\" width=\"1024\" height=\"1024\" src=\"https:\/\/arci-hdf.org\/wp-content\/uploads\/2026\/04\/3-1024x1024.png\" alt=\"\" class=\"wp-image-2689\" srcset=\"https:\/\/arci-hdf.org\/wp-content\/uploads\/2026\/04\/3-1024x1024.png 1024w, https:\/\/arci-hdf.org\/wp-content\/uploads\/2026\/04\/3-300x300.png 300w, https:\/\/arci-hdf.org\/wp-content\/uploads\/2026\/04\/3-150x150.png 150w, https:\/\/arci-hdf.org\/wp-content\/uploads\/2026\/04\/3-768x768.png 768w, https:\/\/arci-hdf.org\/wp-content\/uploads\/2026\/04\/3-1536x1536.png 1536w, https:\/\/arci-hdf.org\/wp-content\/uploads\/2026\/04\/3-1080x1080.png 1080w, https:\/\/arci-hdf.org\/wp-content\/uploads\/2026\/04\/3.png 2000w\" sizes=\"(max-width: 1024px) 100vw, 1024px\" \/><\/a><figcaption><a rel=\"noreferrer noopener\" href=\"https:\/\/arci-hdf.org\/?page_id=1613\" target=\"_blank\"><strong>Atelier sur la r\u00e9alit\u00e9 virtuelle<\/strong><\/a><\/figcaption><\/figure><\/div><\/div>\n<\/div>\n\n\n\n<div class=\"wp-container-13 wp-block-columns\">\n<div class=\"wp-container-10 wp-block-column\"><div class=\"wp-block-image is-style-default\">\n<figure class=\"aligncenter size-large\"><a href=\"https:\/\/arci-hdf.org\/?page_id=1110\"><img loading=\"lazy\" width=\"2000\" height=\"2000\" src=\"https:\/\/arci-hdf.org\/wp-content\/uploads\/2026\/04\/4-1024x1024.png\" alt=\"\" class=\"wp-image-2691\" srcset=\"https:\/\/arci-hdf.org\/wp-content\/uploads\/2026\/04\/4-1024x1024.png 1024w, https:\/\/arci-hdf.org\/wp-content\/uploads\/2026\/04\/4-300x300.png 300w, https:\/\/arci-hdf.org\/wp-content\/uploads\/2026\/04\/4-150x150.png 150w, https:\/\/arci-hdf.org\/wp-content\/uploads\/2026\/04\/4-768x768.png 768w, https:\/\/arci-hdf.org\/wp-content\/uploads\/2026\/04\/4-1536x1536.png 1536w, https:\/\/arci-hdf.org\/wp-content\/uploads\/2026\/04\/4-1080x1080.png 1080w, https:\/\/arci-hdf.org\/wp-content\/uploads\/2026\/04\/4.png 2000w\" sizes=\"(max-width: 2000px) 100vw, 2000px\" \/><\/a><figcaption><a rel=\"noreferrer noopener\" href=\"https:\/\/arci-hdf.org\/?page_id=1110\" target=\"_blank\"><strong>Atelier sur la citoyennet\u00e9 num\u00e9rique<\/strong><\/a><\/figcaption><\/figure><\/div><\/div>\n\n\n\n<div class=\"wp-container-11 wp-block-column\"><div class=\"wp-block-image is-style-default\">\n<figure class=\"aligncenter size-large\"><a href=\"https:\/\/arci-hdf.org\/?page_id=1504\"><img loading=\"lazy\" width=\"1024\" height=\"1024\" src=\"https:\/\/arci-hdf.org\/wp-content\/uploads\/2026\/04\/5-1024x1024.png\" alt=\"\" class=\"wp-image-2690\" srcset=\"https:\/\/arci-hdf.org\/wp-content\/uploads\/2026\/04\/5-1024x1024.png 1024w, https:\/\/arci-hdf.org\/wp-content\/uploads\/2026\/04\/5-300x300.png 300w, https:\/\/arci-hdf.org\/wp-content\/uploads\/2026\/04\/5-150x150.png 150w, https:\/\/arci-hdf.org\/wp-content\/uploads\/2026\/04\/5-768x768.png 768w, https:\/\/arci-hdf.org\/wp-content\/uploads\/2026\/04\/5-1536x1536.png 1536w, https:\/\/arci-hdf.org\/wp-content\/uploads\/2026\/04\/5-1080x1080.png 1080w, https:\/\/arci-hdf.org\/wp-content\/uploads\/2026\/04\/5.png 2000w\" sizes=\"(max-width: 1024px) 100vw, 1024px\" \/><\/a><figcaption><a rel=\"noreferrer noopener\" href=\"https:\/\/arci-hdf.org\/?page_id=1504\" target=\"_blank\"><strong>Atelier peur au cin\u00e9ma<\/strong><\/a><\/figcaption><\/figure><\/div><\/div>\n\n\n\n<div class=\"wp-container-12 wp-block-column\"><div class=\"wp-block-image is-style-default\">\n<figure class=\"aligncenter size-large\"><a href=\"https:\/\/arci-hdf.org\/?page_id=2356\"><img loading=\"lazy\" width=\"1024\" height=\"1024\" src=\"https:\/\/arci-hdf.org\/wp-content\/uploads\/2026\/04\/6-1024x1024.png\" alt=\"\" class=\"wp-image-2693\" srcset=\"https:\/\/arci-hdf.org\/wp-content\/uploads\/2026\/04\/6-1024x1024.png 1024w, https:\/\/arci-hdf.org\/wp-content\/uploads\/2026\/04\/6-300x300.png 300w, https:\/\/arci-hdf.org\/wp-content\/uploads\/2026\/04\/6-150x150.png 150w, https:\/\/arci-hdf.org\/wp-content\/uploads\/2026\/04\/6-768x768.png 768w, https:\/\/arci-hdf.org\/wp-content\/uploads\/2026\/04\/6-1536x1536.png 1536w, https:\/\/arci-hdf.org\/wp-content\/uploads\/2026\/04\/6-1080x1080.png 1080w, https:\/\/arci-hdf.org\/wp-content\/uploads\/2026\/04\/6.png 2000w\" sizes=\"(max-width: 1024px) 100vw, 1024px\" \/><\/a><figcaption><span style=\"text-decoration: underline;\"><a rel=\"noreferrer noopener\" href=\"https:\/\/arci-hdf.org\/?page_id=2356\" data-type=\"URL\" data-id=\"https:\/\/arci-hdf.org\/?page_id=2356\" target=\"_blank\"><strong>Atelier autour des st\u00e9r\u00e9otypes de genre \u00e0 l&rsquo;\u00e9cran<\/strong><\/a><\/span><\/figcaption><\/figure><\/div><\/div>\n<\/div>\n\n\n\n<div class=\"wp-container-17 wp-block-columns\">\n<div class=\"wp-container-14 wp-block-column\"><div class=\"wp-block-image is-style-default\">\n<figure class=\"aligncenter size-large\"><a href=\"https:\/\/arci-hdf.org\/?page_id=1083\"><img loading=\"lazy\" width=\"1024\" height=\"1024\" src=\"https:\/\/arci-hdf.org\/wp-content\/uploads\/2026\/04\/7-1024x1024.png\" alt=\"\" class=\"wp-image-2687\" srcset=\"https:\/\/arci-hdf.org\/wp-content\/uploads\/2026\/04\/7-1024x1024.png 1024w, https:\/\/arci-hdf.org\/wp-content\/uploads\/2026\/04\/7-300x300.png 300w, https:\/\/arci-hdf.org\/wp-content\/uploads\/2026\/04\/7-150x150.png 150w, https:\/\/arci-hdf.org\/wp-content\/uploads\/2026\/04\/7-768x768.png 768w, https:\/\/arci-hdf.org\/wp-content\/uploads\/2026\/04\/7-1536x1536.png 1536w, https:\/\/arci-hdf.org\/wp-content\/uploads\/2026\/04\/7-1080x1080.png 1080w, https:\/\/arci-hdf.org\/wp-content\/uploads\/2026\/04\/7.png 2000w\" sizes=\"(max-width: 1024px) 100vw, 1024px\" \/><\/a><figcaption><a rel=\"noreferrer noopener\" href=\"https:\/\/arci-hdf.org\/?page_id=1083\" target=\"_blank\"><strong>Atelier sur les m\u00e9dias et fake news<\/strong><\/a><\/figcaption><\/figure><\/div><\/div>\n\n\n\n<div class=\"wp-container-15 wp-block-column\"><div class=\"wp-block-image is-style-default\">\n<figure class=\"aligncenter size-large\"><a href=\"https:\/\/arci-hdf.org\/?page_id=270\"><img loading=\"lazy\" width=\"1024\" height=\"1024\" src=\"https:\/\/arci-hdf.org\/wp-content\/uploads\/2026\/04\/8-1024x1024.png\" alt=\"\" class=\"wp-image-2686\" srcset=\"https:\/\/arci-hdf.org\/wp-content\/uploads\/2026\/04\/8-1024x1024.png 1024w, https:\/\/arci-hdf.org\/wp-content\/uploads\/2026\/04\/8-300x300.png 300w, https:\/\/arci-hdf.org\/wp-content\/uploads\/2026\/04\/8-150x150.png 150w, https:\/\/arci-hdf.org\/wp-content\/uploads\/2026\/04\/8-768x768.png 768w, https:\/\/arci-hdf.org\/wp-content\/uploads\/2026\/04\/8-1536x1536.png 1536w, https:\/\/arci-hdf.org\/wp-content\/uploads\/2026\/04\/8-1080x1080.png 1080w, https:\/\/arci-hdf.org\/wp-content\/uploads\/2026\/04\/8.png 2000w\" sizes=\"(max-width: 1024px) 100vw, 1024px\" \/><\/a><figcaption><a href=\"https:\/\/arci-hdf.org\/?page_id=270\" target=\"_blank\" rel=\"noreferrer noopener\"><strong>Atelier sur les s\u00e9ries et les discriminations<\/strong><\/a><\/figcaption><\/figure><\/div><\/div>\n\n\n\n<div class=\"wp-container-16 wp-block-column\"><div class=\"wp-block-image is-style-default\">\n<figure class=\"aligncenter size-large\"><a href=\"https:\/\/arci-hdf.org\/?page_id=2354\"><img loading=\"lazy\" width=\"1024\" height=\"1024\" src=\"https:\/\/arci-hdf.org\/wp-content\/uploads\/2026\/04\/9-1-1024x1024.png\" alt=\"\" class=\"wp-image-2705\" srcset=\"https:\/\/arci-hdf.org\/wp-content\/uploads\/2026\/04\/9-1-1024x1024.png 1024w, https:\/\/arci-hdf.org\/wp-content\/uploads\/2026\/04\/9-1-300x300.png 300w, https:\/\/arci-hdf.org\/wp-content\/uploads\/2026\/04\/9-1-150x150.png 150w, https:\/\/arci-hdf.org\/wp-content\/uploads\/2026\/04\/9-1-768x768.png 768w, https:\/\/arci-hdf.org\/wp-content\/uploads\/2026\/04\/9-1-1536x1536.png 1536w, https:\/\/arci-hdf.org\/wp-content\/uploads\/2026\/04\/9-1-1080x1080.png 1080w, https:\/\/arci-hdf.org\/wp-content\/uploads\/2026\/04\/9-1.png 2000w\" sizes=\"(max-width: 1024px) 100vw, 1024px\" \/><\/a><figcaption><span style=\"text-decoration: underline;\"><a rel=\"noreferrer noopener\" href=\"https:\/\/arci-hdf.org\/?page_id=2354\" target=\"_blank\"><strong>Atelier autour du doublage<\/strong><\/a><\/span><\/figcaption><\/figure><\/div><\/div>\n<\/div>\n\n\n\n<div class=\"wp-container-18 is-vertical is-content-justification-center wp-block-group\"><\/div>\n\n\n\n<p>Retrouvez \u00e9galement <a rel=\"noreferrer noopener\" href=\"https:\/\/arci-hdf.org\/?page_id=2100\" target=\"_blank\">ici <\/a>la liste de tous les ateliers que nous avons organis\u00e9 jusque l\u00e0.<\/p>\n","protected":false},"excerpt":{"rendered":"<p>L&rsquo;ARCI propose aujourd&rsquo;hui 7 ateliers diff\u00e9rents d&rsquo;\u00e9ducation \u00e0 l&rsquo;image, aux m\u00e9dias et \u00e0 l&rsquo;information. Principalement \u00e0 destination des ados et des pr\u00e9-ados ces actions sont toutes pens\u00e9es pour \u00eatre \u00e0 la fois ludiques et \u00e9ducatives, permettant de r\u00e9fl\u00e9chir ensemble aux nouvelles images auxquelles nous sommes confront\u00e9s dans nos vies quotidiennes. Dans une d\u00e9marche d&rsquo;\u00e9ducation populaire&hellip; <br \/> <a class=\"button small blue\" href=\"https:\/\/arci-hdf.org\/?page_id=1694\">Lire la suite<\/a><\/p>\n","protected":false},"author":1,"featured_media":0,"parent":0,"menu_order":0,"comment_status":"closed","ping_status":"closed","template":"","meta":[],"_links":{"self":[{"href":"https:\/\/arci-hdf.org\/index.php?rest_route=\/wp\/v2\/pages\/1694"}],"collection":[{"href":"https:\/\/arci-hdf.org\/index.php?rest_route=\/wp\/v2\/pages"}],"about":[{"href":"https:\/\/arci-hdf.org\/index.php?rest_route=\/wp\/v2\/types\/page"}],"author":[{"embeddable":true,"href":"https:\/\/arci-hdf.org\/index.php?rest_route=\/wp\/v2\/users\/1"}],"replies":[{"embeddable":true,"href":"https:\/\/arci-hdf.org\/index.php?rest_route=%2Fwp%2Fv2%2Fcomments&post=1694"}],"version-history":[{"count":54,"href":"https:\/\/arci-hdf.org\/index.php?rest_route=\/wp\/v2\/pages\/1694\/revisions"}],"predecessor-version":[{"id":2742,"href":"https:\/\/arci-hdf.org\/index.php?rest_route=\/wp\/v2\/pages\/1694\/revisions\/2742"}],"wp:attachment":[{"href":"https:\/\/arci-hdf.org\/index.php?rest_route=%2Fwp%2Fv2%2Fmedia&parent=1694"}],"curies":[{"name":"wp","href":"https:\/\/api.w.org\/{rel}","templated":true}]}}