{"id":1810,"date":"2023-10-24T11:18:44","date_gmt":"2023-10-24T09:18:44","guid":{"rendered":"https:\/\/arci-hdf.org\/?page_id=1810"},"modified":"2024-04-25T16:51:17","modified_gmt":"2024-04-25T14:51:17","slug":"etat-des-lieux-des-salles-des-circuits-de-cinema-itinerants-des-hauts-de-france","status":"publish","type":"page","link":"https:\/\/arci-hdf.org\/?page_id=1810","title":{"rendered":"\u00c9tat des lieux des salles des circuits de cin\u00e9ma itin\u00e9rants des Hauts-de-France"},"content":{"rendered":"<p>Avec le soutien de la DRAC-HdF, l&rsquo;ARCI a lanc\u00e9 un \u00e9tat des lieux des \u00e9quipements des 168 salles adh\u00e9rentes aux 4 circuits de cin\u00e9ma itin\u00e9rant de la R\u00e9gion Hauts-de-France. L&rsquo;objectif de ce travail est d&rsquo;abord de rendre compte des conditions de projection souvent inadapt\u00e9es \u00e0 l&rsquo;activit\u00e9 cin\u00e9ma propos\u00e9e. De nombreuses donn\u00e9es ont ainsi pu \u00eatre r\u00e9colt\u00e9es sur toutes les salles qui accueillent des s\u00e9ances de cin\u00e9ma et un bon nombre d&rsquo;entre elles ont \u00e9t\u00e9 visit\u00e9es pour d\u00e9tailler au mieux les besoins en r\u00e9novation et en investissement.<\/p>\n<p>Les th\u00e8mes abord\u00e9s sont vastes : Assises du public, occultation des salles, transition \u00e9cologique, pr\u00e9sence de mat\u00e9riel d\u00e9di\u00e9 \u00e0 la projection sur place, temps de trajet et d&rsquo;installation&#8230; Gr\u00e2ce \u00e0 cette exploration d\u00e9taill\u00e9e des probl\u00e9matiques que rencontrent les salles, il est d\u00e9sormais possible de d\u00e9terminer les grands chantiers communs qui permettraient d&rsquo;am\u00e9liorer les conditions de projection des circuits, pour le public, pour les partenaires et pour les projectionnistes.<\/p>\n<p>Ce travail appelle donc naturellement a une seconde phase qui se tiendra en 2024 et qui aura cette fois pour objectif d&rsquo;accompagner les communes dans l&rsquo;am\u00e9lioration de leurs salles. Et puisque ensemble nous allons plus loin, la dimension r\u00e9gionale du projet permettra une mutualisation des solutions apport\u00e9es, tout en respectant les sp\u00e9cificit\u00e9s de chaque acteur du cin\u00e9ma dans la r\u00e9gion. \u00c0 suivre&#8230; !<\/p>\n\n\n<div class=\"wp-container-1 is-content-justification-center wp-block-buttons\"><\/div>\n\n\n\n<div class=\"wp-container-6 wp-block-columns\">\n<div class=\"wp-container-3 wp-block-column\">\n<div class=\"wp-container-2 wp-block-buttons\">\n<div class=\"wp-block-button\"><a class=\"wp-block-button__link has-black-color has-cyan-bluish-gray-background-color has-text-color has-background\" href=\"http:\/\/arci-hdf.org\/wp-content\/uploads\/2023\/11\/Document-recapitulatif-Etat-des-lieux.pdf\" style=\"border-radius:5px\" target=\"_blank\" rel=\"noreferrer noopener\">Cliquez ici pour t\u00e9l\u00e9charger le document r\u00e9capitulatif<\/a><\/div>\n<\/div>\n<\/div>\n\n\n\n<div class=\"wp-container-5 wp-block-column\">\n<div class=\"wp-container-4 wp-block-buttons\">\n<div class=\"wp-block-button\"><a class=\"wp-block-button__link has-black-color has-cyan-bluish-gray-background-color has-text-color has-background\" href=\"http:\/\/arci-hdf.org\/wp-content\/uploads\/2023\/04\/Etat-des-lieux-des-equipements-des-salles-des-reseaux-des-cinemas-itinerants-des-Hauts-de-France-compressed.pdf\" style=\"border-radius:2px\" target=\"_blank\" rel=\"noreferrer noopener\">Cliquez ici pour t\u00e9l\u00e9charger l&rsquo;\u00e9tat des lieux<\/a><\/div>\n<\/div>\n<\/div>\n<\/div>\n","protected":false},"excerpt":{"rendered":"<p>Avec le soutien de la DRAC-HdF, l&rsquo;ARCI a lanc\u00e9 un \u00e9tat des lieux des \u00e9quipements des 168 salles adh\u00e9rentes aux 4 circuits de cin\u00e9ma itin\u00e9rant de la R\u00e9gion Hauts-de-France. L&rsquo;objectif de ce travail est d&rsquo;abord de rendre compte des conditions de projection souvent inadapt\u00e9es \u00e0 l&rsquo;activit\u00e9 cin\u00e9ma propos\u00e9e. De nombreuses donn\u00e9es ont ainsi pu \u00eatre&hellip; <br \/> <a class=\"button small blue\" href=\"https:\/\/arci-hdf.org\/?page_id=1810\">Lire la suite<\/a><\/p>\n","protected":false},"author":1,"featured_media":0,"parent":0,"menu_order":0,"comment_status":"closed","ping_status":"closed","template":"","meta":[],"_links":{"self":[{"href":"https:\/\/arci-hdf.org\/index.php?rest_route=\/wp\/v2\/pages\/1810"}],"collection":[{"href":"https:\/\/arci-hdf.org\/index.php?rest_route=\/wp\/v2\/pages"}],"about":[{"href":"https:\/\/arci-hdf.org\/index.php?rest_route=\/wp\/v2\/types\/page"}],"author":[{"embeddable":true,"href":"https:\/\/arci-hdf.org\/index.php?rest_route=\/wp\/v2\/users\/1"}],"replies":[{"embeddable":true,"href":"https:\/\/arci-hdf.org\/index.php?rest_route=%2Fwp%2Fv2%2Fcomments&post=1810"}],"version-history":[{"count":9,"href":"https:\/\/arci-hdf.org\/index.php?rest_route=\/wp\/v2\/pages\/1810\/revisions"}],"predecessor-version":[{"id":1985,"href":"https:\/\/arci-hdf.org\/index.php?rest_route=\/wp\/v2\/pages\/1810\/revisions\/1985"}],"wp:attachment":[{"href":"https:\/\/arci-hdf.org\/index.php?rest_route=%2Fwp%2Fv2%2Fmedia&parent=1810"}],"curies":[{"name":"wp","href":"https:\/\/api.w.org\/{rel}","templated":true}]}}