{"id":1997,"date":"2024-06-19T16:45:41","date_gmt":"2024-06-19T14:45:41","guid":{"rendered":"https:\/\/arci-hdf.org\/?page_id=1997"},"modified":"2025-06-04T12:00:59","modified_gmt":"2025-06-04T10:00:59","slug":"lancement-de-la-saison-2023-des-seances-en-plein-air-2","status":"publish","type":"page","link":"https:\/\/arci-hdf.org\/?page_id=1997","title":{"rendered":"Lancement de la saison 2024 des s\u00e9ances en plein air !"},"content":{"rendered":"\n<p>Cette ann\u00e9e encore, environ 110 s\u00e9ances en plein air seront organis\u00e9es dans toute la r\u00e9gion des Hauts-de-France pour animer vos nuits d&rsquo;\u00e9t\u00e9.<\/p>\n\n\n\n<p>Retrouvez ci-dessous la liste de toutes les projections, gratuites pour la plupart. Bons films sous les \u00e9toiles !  <\/p>\n\n\n\n<div data-wp-interactive=\"core\/file\" class=\"wp-block-file\"><object data-wp-bind--hidden=\"!state.hasPdfPreview\" hidden class=\"wp-block-file__embed\" data=\"https:\/\/arci-hdf.org\/wp-content\/uploads\/2024\/06\/Programmation-plein-air-HdF-2024_compressed.pdf\" type=\"application\/pdf\" style=\"width:100%;height:600px\" aria-label=\"Contenu embarqu\u00e9 Contenu embarqu\u00e9 Programmation-plein-air-HdF-2024_compressed..\"><\/object><a id=\"wp-block-file--media-cdba31e9-7e86-4ced-8178-58911e930eca\" href=\"https:\/\/arci-hdf.org\/wp-content\/uploads\/2024\/06\/Programmation-plein-air-HdF-2024_compressed.pdf\">Programmation-plein-air-HdF-2024_compressed<\/a><a href=\"https:\/\/arci-hdf.org\/wp-content\/uploads\/2024\/06\/Programmation-plein-air-HdF-2024_compressed.pdf\" class=\"wp-block-file__button\" download aria-describedby=\"wp-block-file--media-cdba31e9-7e86-4ced-8178-58911e930eca\">T\u00e9l\u00e9charger<\/a><\/div>\n","protected":false},"excerpt":{"rendered":"<p>Cette ann\u00e9e encore, environ 110 s\u00e9ances en plein air seront organis\u00e9es dans toute la r\u00e9gion des Hauts-de-France pour animer vos nuits d&rsquo;\u00e9t\u00e9. Retrouvez ci-dessous la liste de toutes les projections, gratuites pour la plupart. Bons films sous les \u00e9toiles !<\/p>\n","protected":false},"author":1,"featured_media":0,"parent":0,"menu_order":0,"comment_status":"closed","ping_status":"closed","template":"","meta":{"footnotes":""},"class_list":["post-1997","page","type-page","status-publish","hentry"],"_links":{"self":[{"href":"https:\/\/arci-hdf.org\/index.php?rest_route=\/wp\/v2\/pages\/1997","targetHints":{"allow":["GET"]}}],"collection":[{"href":"https:\/\/arci-hdf.org\/index.php?rest_route=\/wp\/v2\/pages"}],"about":[{"href":"https:\/\/arci-hdf.org\/index.php?rest_route=\/wp\/v2\/types\/page"}],"author":[{"embeddable":true,"href":"https:\/\/arci-hdf.org\/index.php?rest_route=\/wp\/v2\/users\/1"}],"replies":[{"embeddable":true,"href":"https:\/\/arci-hdf.org\/index.php?rest_route=%2Fwp%2Fv2%2Fcomments&post=1997"}],"version-history":[{"count":3,"href":"https:\/\/arci-hdf.org\/index.php?rest_route=\/wp\/v2\/pages\/1997\/revisions"}],"predecessor-version":[{"id":2426,"href":"https:\/\/arci-hdf.org\/index.php?rest_route=\/wp\/v2\/pages\/1997\/revisions\/2426"}],"wp:attachment":[{"href":"https:\/\/arci-hdf.org\/index.php?rest_route=%2Fwp%2Fv2%2Fmedia&parent=1997"}],"curies":[{"name":"wp","href":"https:\/\/api.w.org\/{rel}","templated":true}]}}