{"id":2008,"date":"2024-06-25T09:57:45","date_gmt":"2024-06-25T07:57:45","guid":{"rendered":"https:\/\/arci-hdf.org\/?page_id=2008"},"modified":"2024-06-25T09:57:46","modified_gmt":"2024-06-25T07:57:46","slug":"consultez-le-rapport-dactivite-de-l-arci-hdf","status":"publish","type":"page","link":"https:\/\/arci-hdf.org\/?page_id=2008","title":{"rendered":"Consultez le Rapport d&rsquo;activit\u00e9 de l&rsquo; ARCI-HdF"},"content":{"rendered":"\n<p>Comme chaque ann\u00e9e l&rsquo;ARCI HdF produit son rapport d&rsquo;activit\u00e9 qui revient sur toutes les actions mises en place par l&rsquo;association. Vous pourrez y retrouver des informations sur le d\u00e9veloppement de la structure, les ateliers qui ont \u00e9t\u00e9 men\u00e9s, les statistiques des quatre circuits des Hauts-de-France en ce qui concerne le d\u00e9veloppement culturel ainsi qu&rsquo;un bilan de la saison de plein air de la r\u00e9gion Hauts-de-France.  <\/p>\n\n\n\n<p>Cette ann\u00e9e 2023 a \u00e9t\u00e9 riche en nouveaut\u00e9s mais nous a aussi permis de continuer de nombreux projets initi\u00e9s en 2022, comme par exemple l&rsquo;\u00e9tat des lieux des salles des circuits des cin\u00e9mas itin\u00e9rants qui vient de rentrer dans sa phase 2. Apr\u00e8s avoir rep\u00e9r\u00e9 les probl\u00e9matiques rencontr\u00e9es par les partenaires, nous les accompagnons maintenant dans l&rsquo;am\u00e9lioration des conditions de projection dans leurs communes. De nouveaux ateliers continuent aussi \u00e0 \u00eatre imagin\u00e9s et L&rsquo;ARCI HdF met en place un accompagnement renforc\u00e9 des FDMJC 02 et 80 face aux difficult\u00e9s financi\u00e8res et organisationnelles rencontr\u00e9es par ces structures.<\/p>\n\n\n\n<p><\/p>\n\n\n\n<p>Le rapport d&rsquo;activit\u00e9 dans son int\u00e9gralit\u00e9 : <\/p>\n\n\n\n<p> <\/p>\n\n\n\n<div class=\"wp-block-file\"><object class=\"wp-block-file__embed\" data=\"https:\/\/arci-hdf.org\/wp-content\/uploads\/2024\/06\/Rapport-dactivite-2023-ARCI-HdF-Version-numerique_compressed-1.pdf\" type=\"application\/pdf\" style=\"width:100%;height:600px\" aria-label=\"Contenu embarqu\u00e9 Rapport-dactivite-2023-ARCI-HdF-Version-numerique_compressed-1.\"><\/object><a id=\"wp-block-file--media-c6fcbf09-3551-4a47-ae25-9783ead29932\" href=\"https:\/\/arci-hdf.org\/wp-content\/uploads\/2024\/06\/Rapport-dactivite-2023-ARCI-HdF-Version-numerique_compressed-1.pdf\">Rapport-dactivite-2023-ARCI-HdF-Version-numerique_compressed-1<\/a><a href=\"https:\/\/arci-hdf.org\/wp-content\/uploads\/2024\/06\/Rapport-dactivite-2023-ARCI-HdF-Version-numerique_compressed-1.pdf\" class=\"wp-block-file__button\" download aria-describedby=\"wp-block-file--media-c6fcbf09-3551-4a47-ae25-9783ead29932\">T\u00e9l\u00e9charger<\/a><\/div>\n","protected":false},"excerpt":{"rendered":"<p>Comme chaque ann\u00e9e l&rsquo;ARCI HdF produit son rapport d&rsquo;activit\u00e9 qui revient sur toutes les actions mises en place par l&rsquo;association. Vous pourrez y retrouver des informations sur le d\u00e9veloppement de la structure, les ateliers qui ont \u00e9t\u00e9 men\u00e9s, les statistiques des quatre circuits des Hauts-de-France en ce qui concerne le d\u00e9veloppement culturel ainsi qu&rsquo;un bilan&hellip; <br \/> <a class=\"button small blue\" href=\"https:\/\/arci-hdf.org\/?page_id=2008\">Lire la suite<\/a><\/p>\n","protected":false},"author":1,"featured_media":0,"parent":0,"menu_order":0,"comment_status":"closed","ping_status":"closed","template":"","meta":[],"_links":{"self":[{"href":"https:\/\/arci-hdf.org\/index.php?rest_route=\/wp\/v2\/pages\/2008"}],"collection":[{"href":"https:\/\/arci-hdf.org\/index.php?rest_route=\/wp\/v2\/pages"}],"about":[{"href":"https:\/\/arci-hdf.org\/index.php?rest_route=\/wp\/v2\/types\/page"}],"author":[{"embeddable":true,"href":"https:\/\/arci-hdf.org\/index.php?rest_route=\/wp\/v2\/users\/1"}],"replies":[{"embeddable":true,"href":"https:\/\/arci-hdf.org\/index.php?rest_route=%2Fwp%2Fv2%2Fcomments&post=2008"}],"version-history":[{"count":1,"href":"https:\/\/arci-hdf.org\/index.php?rest_route=\/wp\/v2\/pages\/2008\/revisions"}],"predecessor-version":[{"id":2010,"href":"https:\/\/arci-hdf.org\/index.php?rest_route=\/wp\/v2\/pages\/2008\/revisions\/2010"}],"wp:attachment":[{"href":"https:\/\/arci-hdf.org\/index.php?rest_route=%2Fwp%2Fv2%2Fmedia&parent=2008"}],"curies":[{"name":"wp","href":"https:\/\/api.w.org\/{rel}","templated":true}]}}