{"id":2021,"date":"2024-06-25T11:08:10","date_gmt":"2024-06-25T09:08:10","guid":{"rendered":"https:\/\/arci-hdf.org\/?page_id=2021"},"modified":"2024-06-25T11:10:27","modified_gmt":"2024-06-25T09:10:27","slug":"letat-des-lieux-des-salles-etapes-par-etapes","status":"publish","type":"page","link":"https:\/\/arci-hdf.org\/?page_id=2021","title":{"rendered":"L&rsquo;\u00e9tat des lieux des salles \u00e9tapes par \u00e9tapes"},"content":{"rendered":"\n<p>Sur cette page, retrouvez toutes les \u00e9tapes de l&rsquo;\u00e9tat des lieux initi\u00e9 par l&rsquo;ARCI-HdF en 2022<\/p>\n\n\n\n<p><\/p>\n\n\n\n<div class=\"wp-container-1 wp-block-buttons\"><\/div>\n\n\n\n<div class=\"wp-container-2 wp-block-buttons\"><\/div>\n\n\n\n<div class=\"wp-container-9 wp-block-columns\">\n<div class=\"wp-container-4 wp-block-column\">\n<div class=\"wp-container-3 wp-block-buttons\">\n<div class=\"wp-block-button has-custom-width wp-block-button__width-100\"><a class=\"wp-block-button__link has-pale-pink-background-color has-background\" href=\"http:\/\/arci-hdf.org\/wp-content\/uploads\/2023\/04\/Etat-des-lieux-des-equipements-des-salles-des-reseaux-des-cinemas-itinerants-des-Hauts-de-France-compressed.pdf\" target=\"_blank\" rel=\"noreferrer noopener\">L&rsquo;\u00e9tat des lieux r\u00e9dig\u00e9 en 2023<\/a><\/div>\n<\/div>\n<\/div>\n\n\n\n<div class=\"wp-container-6 wp-block-column\">\n<div class=\"wp-container-5 wp-block-buttons\">\n<div class=\"wp-block-button\"><a class=\"wp-block-button__link has-vivid-red-background-color has-background\" href=\"https:\/\/arci-hdf.org\/wp-content\/uploads\/2023\/11\/Document-recapitulatif-Etat-des-lieux.pdf\" target=\"_blank\" rel=\"noreferrer noopener\">Fiche r\u00e9capitulative du rapport<\/a><\/div>\n<\/div>\n<\/div>\n\n\n\n<div class=\"wp-container-8 wp-block-column\">\n<div class=\"wp-container-7 wp-block-buttons\">\n<div class=\"wp-block-button is-style-fill\"><a class=\"wp-block-button__link has-luminous-vivid-orange-background-color has-background\" href=\"https:\/\/arci-hdf.org\/?page_id=1974\" target=\"_blank\" rel=\"noreferrer noopener\">Restitution de l&rsquo;\u00e9tat des lieux<\/a><\/div>\n<\/div>\n<\/div>\n<\/div>\n\n\n\n<div class=\"wp-container-13 wp-block-columns\">\n<div class=\"wp-container-10 wp-block-column\">\n<p>Fiche \u00e0 destination des partenaires :<\/p>\n<\/div>\n\n\n\n<div class=\"wp-container-11 wp-block-column\">\n<p>Fiche \u00e0 destination des partenaires :<\/p>\n<\/div>\n\n\n\n<div class=\"wp-container-12 wp-block-column\"><\/div>\n<\/div>\n\n\n\n<div class=\"wp-container-20 wp-block-columns\">\n<div class=\"wp-container-15 wp-block-column\">\n<div class=\"wp-container-14 wp-block-buttons\">\n<div class=\"wp-block-button\"><a class=\"wp-block-button__link has-light-green-cyan-background-color has-background\" href=\"https:\/\/arci-hdf.org\/wp-content\/uploads\/2024\/06\/Actions-dameliorations-des-salles.pdf\" target=\"_blank\" rel=\"noreferrer noopener\">Am\u00e9liorer les conditions de projection<\/a><\/div>\n<\/div>\n<\/div>\n\n\n\n<div class=\"wp-container-17 wp-block-column\">\n<div class=\"wp-container-16 wp-block-buttons\">\n<div class=\"wp-block-button\"><a class=\"wp-block-button__link has-pale-cyan-blue-background-color has-background\" href=\"https:\/\/arci-hdf.org\/wp-content\/uploads\/2024\/06\/Financements-et-accompagnements.pdf\" target=\"_blank\" rel=\"noreferrer noopener\">Ressources mat\u00e9rielles et financi\u00e8res<\/a><\/div>\n<\/div>\n<\/div>\n\n\n\n<div class=\"wp-container-19 wp-block-column\">\n<div class=\"wp-container-18 wp-block-buttons\"><\/div>\n<\/div>\n<\/div>\n\n\n\n<p><a rel=\"noreferrer noopener\" href=\"http:\/\/arci-hdf.org\/wp-content\/uploads\/2023\/04\/Etat-des-lieux-des-equipements-des-salles-des-reseaux-des-cinemas-itinerants-des-Hauts-de-France-compressed.pdf\" target=\"_blank\">L&rsquo;\u00e9tat des lieux r\u00e9dig\u00e9 en 2023<\/a><\/p>\n\n\n\n<p><a href=\"http:\/\/arci-hdf.org\/wp-content\/uploads\/2023\/11\/Document-recapitulatif-Etat-des-lieux.pdf\" target=\"_blank\" rel=\"noreferrer noopener\">Fiche r\u00e9capitulative du rapport<\/a><\/p>\n\n\n\n<p><a href=\"https:\/\/arci-hdf.org\/?page_id=1974\">Restitution de l&rsquo;\u00e9tat des lieux<\/a><\/p>\n\n\n\n<p><a href=\"http:\/\/arci-hdf.org\/wp-content\/uploads\/2024\/06\/Actions-dameliorations-des-salles.pdf\" target=\"_blank\" rel=\"noreferrer noopener\">Fiche \u00e0 destination des partenaires : Am\u00e9liorer les conditions de projection dans vos salles<\/a><\/p>\n\n\n\n<p><a rel=\"noreferrer noopener\" href=\"http:\/\/arci-hdf.org\/wp-content\/uploads\/2024\/06\/Financements-et-accompagnements.pdf\" target=\"_blank\">Fiche \u00e0 destination des partenaires : Ressources mat\u00e9rielles et financi\u00e8res<\/a><\/p>\n","protected":false},"excerpt":{"rendered":"<p>Sur cette page, retrouvez toutes les \u00e9tapes de l&rsquo;\u00e9tat des lieux initi\u00e9 par l&rsquo;ARCI-HdF en 2022 Fiche \u00e0 destination des partenaires : Fiche \u00e0 destination des partenaires : L&rsquo;\u00e9tat des lieux r\u00e9dig\u00e9 en 2023 Fiche r\u00e9capitulative du rapport Restitution de l&rsquo;\u00e9tat des lieux Fiche \u00e0 destination des partenaires : Am\u00e9liorer les conditions de projection dans&hellip; <br \/> <a class=\"button small blue\" href=\"https:\/\/arci-hdf.org\/?page_id=2021\">Lire la suite<\/a><\/p>\n","protected":false},"author":1,"featured_media":0,"parent":0,"menu_order":0,"comment_status":"closed","ping_status":"closed","template":"","meta":[],"_links":{"self":[{"href":"https:\/\/arci-hdf.org\/index.php?rest_route=\/wp\/v2\/pages\/2021"}],"collection":[{"href":"https:\/\/arci-hdf.org\/index.php?rest_route=\/wp\/v2\/pages"}],"about":[{"href":"https:\/\/arci-hdf.org\/index.php?rest_route=\/wp\/v2\/types\/page"}],"author":[{"embeddable":true,"href":"https:\/\/arci-hdf.org\/index.php?rest_route=\/wp\/v2\/users\/1"}],"replies":[{"embeddable":true,"href":"https:\/\/arci-hdf.org\/index.php?rest_route=%2Fwp%2Fv2%2Fcomments&post=2021"}],"version-history":[{"count":3,"href":"https:\/\/arci-hdf.org\/index.php?rest_route=\/wp\/v2\/pages\/2021\/revisions"}],"predecessor-version":[{"id":2028,"href":"https:\/\/arci-hdf.org\/index.php?rest_route=\/wp\/v2\/pages\/2021\/revisions\/2028"}],"wp:attachment":[{"href":"https:\/\/arci-hdf.org\/index.php?rest_route=%2Fwp%2Fv2%2Fmedia&parent=2021"}],"curies":[{"name":"wp","href":"https:\/\/api.w.org\/{rel}","templated":true}]}}