{"id":2064,"date":"2024-09-12T10:26:14","date_gmt":"2024-09-12T08:26:14","guid":{"rendered":"https:\/\/arci-hdf.org\/?page_id=2064"},"modified":"2026-04-16T15:54:23","modified_gmt":"2026-04-16T13:54:23","slug":"atelier-sur-lintelligence-artificielle","status":"publish","type":"page","link":"https:\/\/arci-hdf.org\/?page_id=2064","title":{"rendered":"Atelier sur l&rsquo;intelligence artificielle"},"content":{"rendered":"\n<div class=\"wp-container-5 wp-block-columns\">\n<div class=\"wp-container-2 wp-block-column\">\n<div class=\"wp-container-1 is-content-justification-center wp-block-buttons\">\n<div class=\"wp-block-button\"><a class=\"wp-block-button__link has-vivid-cyan-blue-background-color has-background\" href=\"http:\/\/arci-hdf.org\/wp-content\/uploads\/2025\/06\/Communication-Atelier-Intelligence-Artificielle-new.pdf\" target=\"_blank\" rel=\"noreferrer noopener\">D\u00e9couvrir l&rsquo;atelier en d\u00e9tail<\/a><\/div>\n<\/div>\n<\/div>\n\n\n\n<div class=\"wp-container-4 wp-block-column\">\n<div class=\"wp-container-3 is-content-justification-center wp-block-buttons\">\n<div class=\"wp-block-button\"><a class=\"wp-block-button__link has-vivid-cyan-blue-background-color has-background\" href=\"https:\/\/arci-hdf.org\/?page_id=2081\" target=\"_blank\" rel=\"noreferrer noopener\">Organiser un atelier<\/a><\/div>\n<\/div>\n<\/div>\n<\/div>\n\n\n\n<div class=\"wp-container-6 wp-block-buttons\">\n<div class=\"wp-block-button aligncenter is-style-fill\"><a class=\"wp-block-button__link has-vivid-cyan-blue-background-color has-background\" href=\"https:\/\/www.helloasso.com\/associations\/association-regionale-des-cinemas-itinerants-des-hauts-de-france\/boutiques\/acheter-mon-jeu-artifice\">Acheter le jeu<\/a><\/div>\n<\/div>\n\n\n\n<p>En 2024, gr\u00e2ce \u00e0 un soutien de la DRAC Hauts-de-France, l&rsquo;ARCI HdF a pu monter un atelier autour de l&rsquo;intelligence artificielle avec un jeu de soci\u00e9t\u00e9 sur la conception d&rsquo;un mod\u00e8le d&rsquo;intelligence artificielle.<\/p>\n\n\n<div class=\"wp-block-image\">\n<figure class=\"aligncenter size-large\"><img loading=\"lazy\" width=\"1024\" height=\"683\" src=\"https:\/\/arci-hdf.org\/wp-content\/uploads\/2026\/04\/photo-prez-contenu-1024x683.png\" alt=\"\" class=\"wp-image-2707\" srcset=\"https:\/\/arci-hdf.org\/wp-content\/uploads\/2026\/04\/photo-prez-contenu-1024x683.png 1024w, https:\/\/arci-hdf.org\/wp-content\/uploads\/2026\/04\/photo-prez-contenu-300x200.png 300w, https:\/\/arci-hdf.org\/wp-content\/uploads\/2026\/04\/photo-prez-contenu-768x512.png 768w, https:\/\/arci-hdf.org\/wp-content\/uploads\/2026\/04\/photo-prez-contenu-1536x1024.png 1536w, https:\/\/arci-hdf.org\/wp-content\/uploads\/2026\/04\/photo-prez-contenu-2048x1365.png 2048w, https:\/\/arci-hdf.org\/wp-content\/uploads\/2026\/04\/photo-prez-contenu-1620x1080.png 1620w\" sizes=\"(max-width: 1024px) 100vw, 1024px\" \/><\/figure><\/div>\n\n\n<h4 class=\"has-text-align-center\">\u00c0 partir de 12 ans pour 12 personnes maximum<\/h4>\n\n\n\n<p>L&rsquo;intelligence artificielle prend une place de plus en plus grande dans notre environnement de tous les jours : r\u00e9seaux sociaux, smartphones, voitures autonomes, pr\u00e9visions m\u00e9t\u00e9o, sant\u00e9&#8230; Et l\u2019arriv\u00e9e des intelligences artificielles g\u00e9n\u00e9ratives (ChatGpT, MidJourney, Mistral&#8230;) posent encore de nouvelles questions sur notre rapport \u00e0 la technologie. Comment marchent ces mod\u00e8les d\u2019IA, comment d\u00e9tecter les textes et images g\u00e9n\u00e9r\u00e9es par ordinateur, quelles sont les entreprises qui les con\u00e7oivent ? Autant de questions autour desquelles discuter pour comprendre les innovations que l\u2019IA apporte mais aussi quelles pr\u00e9cautions prendre face \u00e0 elle.<\/p>\n\n\n\n<h4>D\u00e9roulement de l&rsquo;atelier : <\/h4>\n\n\n\n<ul><li>Comment fonctionnent les mod\u00e8les d\u2019intelligences artificielles g\u00e9n\u00e9ratives<\/li><li>Jeu de soci\u00e9t\u00e9 autour de la cr\u00e9ation d\u2019un mod\u00e8le d\u2019intelligence artificielle.<\/li><li>Pr\u00e9vention sur les diff\u00e9rents usages<\/li><li>L\u2019intelligence artificielle et le cin\u00e9ma, quels sont les enjeux ?<\/li><li>L\u2019intelligence artificielle et les fake news, comment reconna\u00eetre les images g\u00e9n\u00e9r\u00e9es par intelligence artificielle ?<\/li><\/ul>\n\n\n\n<p><\/p>\n\n\n\n<p><\/p>\n\n\n\n<div class=\"wp-container-7 is-content-justification-center wp-block-buttons\">\n<div class=\"wp-block-button\"><a class=\"wp-block-button__link has-vivid-cyan-blue-background-color has-background\" href=\"https:\/\/arci-hdf.org\/?page_id=2100\">Liste des ateliers r\u00e9alis\u00e9s<\/a><\/div>\n<\/div>\n","protected":false},"excerpt":{"rendered":"<p>En 2024, gr\u00e2ce \u00e0 un soutien de la DRAC Hauts-de-France, l&rsquo;ARCI HdF a pu monter un atelier autour de l&rsquo;intelligence artificielle avec un jeu de soci\u00e9t\u00e9 sur la conception d&rsquo;un mod\u00e8le d&rsquo;intelligence artificielle. \u00c0 partir de 12 ans pour 12 personnes maximum L&rsquo;intelligence artificielle prend une place de plus en plus grande dans notre environnement&hellip; <br \/> <a class=\"button small blue\" href=\"https:\/\/arci-hdf.org\/?page_id=2064\">Lire la suite<\/a><\/p>\n","protected":false},"author":1,"featured_media":0,"parent":0,"menu_order":0,"comment_status":"closed","ping_status":"closed","template":"","meta":[],"_links":{"self":[{"href":"https:\/\/arci-hdf.org\/index.php?rest_route=\/wp\/v2\/pages\/2064"}],"collection":[{"href":"https:\/\/arci-hdf.org\/index.php?rest_route=\/wp\/v2\/pages"}],"about":[{"href":"https:\/\/arci-hdf.org\/index.php?rest_route=\/wp\/v2\/types\/page"}],"author":[{"embeddable":true,"href":"https:\/\/arci-hdf.org\/index.php?rest_route=\/wp\/v2\/users\/1"}],"replies":[{"embeddable":true,"href":"https:\/\/arci-hdf.org\/index.php?rest_route=%2Fwp%2Fv2%2Fcomments&post=2064"}],"version-history":[{"count":11,"href":"https:\/\/arci-hdf.org\/index.php?rest_route=\/wp\/v2\/pages\/2064\/revisions"}],"predecessor-version":[{"id":2734,"href":"https:\/\/arci-hdf.org\/index.php?rest_route=\/wp\/v2\/pages\/2064\/revisions\/2734"}],"wp:attachment":[{"href":"https:\/\/arci-hdf.org\/index.php?rest_route=%2Fwp%2Fv2%2Fmedia&parent=2064"}],"curies":[{"name":"wp","href":"https:\/\/api.w.org\/{rel}","templated":true}]}}