{"id":2203,"date":"2025-02-27T16:37:53","date_gmt":"2025-02-27T15:37:53","guid":{"rendered":"https:\/\/arci-hdf.org\/?page_id=2203"},"modified":"2026-04-16T14:05:30","modified_gmt":"2026-04-16T12:05:30","slug":"les-ressources-mediation-de-larci-hdf","status":"publish","type":"page","link":"https:\/\/arci-hdf.org\/?page_id=2203","title":{"rendered":"Les ressources m\u00e9diation de l&rsquo;ARCI-HdF"},"content":{"rendered":"\n<figure class=\"wp-container-2 wp-block-gallery-1 wp-block-gallery has-nested-images columns-4 is-cropped\">\n<figure class=\"wp-block-image size-medium\"><a href=\"https:\/\/arci-hdf.org\/?page_id=2718\"><img loading=\"lazy\" width=\"600\" height=\"815\" data-id=\"2713\"  src=\"https:\/\/arci-hdf.org\/wp-content\/uploads\/2026\/04\/guerredesprix_doc120_web-600x815-1.jpg\" alt=\"\" class=\"wp-image-2713\" srcset=\"https:\/\/arci-hdf.org\/wp-content\/uploads\/2026\/04\/guerredesprix_doc120_web-600x815-1.jpg 600w, https:\/\/arci-hdf.org\/wp-content\/uploads\/2026\/04\/guerredesprix_doc120_web-600x815-1-221x300.jpg 221w\" sizes=\"(max-width: 600px) 100vw, 600px\" \/><\/a><figcaption><a href=\"https:\/\/arci-hdf.org\/?page_id=2718\">La guerre des prix<\/a><\/figcaption><\/figure>\n\n\n\n<figure class=\"wp-block-image size-medium\"><a href=\"https:\/\/arci-hdf.org\/?page_id=2714\"><img loading=\"lazy\" width=\"752\" height=\"1024\" data-id=\"2711\"  src=\"https:\/\/arci-hdf.org\/wp-content\/uploads\/2026\/04\/8fb759142fd32992ed10f00b082d92fd-752x1024.jpg\" alt=\"\" class=\"wp-image-2711\" srcset=\"https:\/\/arci-hdf.org\/wp-content\/uploads\/2026\/04\/8fb759142fd32992ed10f00b082d92fd-752x1024.jpg 752w, https:\/\/arci-hdf.org\/wp-content\/uploads\/2026\/04\/8fb759142fd32992ed10f00b082d92fd-220x300.jpg 220w, https:\/\/arci-hdf.org\/wp-content\/uploads\/2026\/04\/8fb759142fd32992ed10f00b082d92fd-768x1046.jpg 768w, https:\/\/arci-hdf.org\/wp-content\/uploads\/2026\/04\/8fb759142fd32992ed10f00b082d92fd.jpg 793w\" sizes=\"(max-width: 752px) 100vw, 752px\" \/><\/a><figcaption><a href=\"https:\/\/arci-hdf.org\/?page_id=2714\">Plus fort que moi<\/a><\/figcaption><\/figure>\n\n\n\n<figure class=\"wp-block-image size-medium\"><a href=\"https:\/\/arci-hdf.org\/?page_id=2669\"><img loading=\"lazy\" width=\"1175\" height=\"1600\" data-id=\"2672\"  src=\"http:\/\/arci-hdf.org\/wp-content\/uploads\/2026\/03\/3518c6f808103a8e4588398476337782.jpg\" alt=\"\" class=\"wp-image-2672\" srcset=\"https:\/\/arci-hdf.org\/wp-content\/uploads\/2026\/03\/3518c6f808103a8e4588398476337782.jpg 1175w, https:\/\/arci-hdf.org\/wp-content\/uploads\/2026\/03\/3518c6f808103a8e4588398476337782-220x300.jpg 220w, https:\/\/arci-hdf.org\/wp-content\/uploads\/2026\/03\/3518c6f808103a8e4588398476337782-752x1024.jpg 752w, https:\/\/arci-hdf.org\/wp-content\/uploads\/2026\/03\/3518c6f808103a8e4588398476337782-768x1046.jpg 768w, https:\/\/arci-hdf.org\/wp-content\/uploads\/2026\/03\/3518c6f808103a8e4588398476337782-1128x1536.jpg 1128w, https:\/\/arci-hdf.org\/wp-content\/uploads\/2026\/03\/3518c6f808103a8e4588398476337782-1024x1394.jpg 1024w, https:\/\/arci-hdf.org\/wp-content\/uploads\/2026\/03\/3518c6f808103a8e4588398476337782-793x1080.jpg 793w\" sizes=\"(max-width: 1175px) 100vw, 1175px\" \/><\/a><figcaption><a href=\"https:\/\/arci-hdf.org\/?page_id=2669\">Un \u00e9t\u00e9 \u00e0 la ferme<\/a><\/figcaption><\/figure>\n\n\n\n<figure class=\"wp-block-image size-medium\"><a href=\"https:\/\/arci-hdf.org\/?page_id=2662\"><img loading=\"lazy\" width=\"810\" height=\"1080\" data-id=\"2665\"  src=\"http:\/\/arci-hdf.org\/wp-content\/uploads\/2026\/03\/ea8fb95276ef64374d453772434084b5.jpg\" alt=\"\" class=\"wp-image-2665\" srcset=\"https:\/\/arci-hdf.org\/wp-content\/uploads\/2026\/03\/ea8fb95276ef64374d453772434084b5.jpg 810w, https:\/\/arci-hdf.org\/wp-content\/uploads\/2026\/03\/ea8fb95276ef64374d453772434084b5-225x300.jpg 225w, https:\/\/arci-hdf.org\/wp-content\/uploads\/2026\/03\/ea8fb95276ef64374d453772434084b5-768x1024.jpg 768w\" sizes=\"(max-width: 810px) 100vw, 810px\" \/><\/a><figcaption><a href=\"https:\/\/arci-hdf.org\/?page_id=2662\">Plan\u00e8tes<\/a><\/figcaption><\/figure>\n\n\n\n<figure class=\"wp-block-image size-medium\"><a href=\"https:\/\/arci-hdf.org\/?page_id=2636\"><img loading=\"lazy\" width=\"680\" height=\"924\" data-id=\"2666\"  src=\"http:\/\/arci-hdf.org\/wp-content\/uploads\/2026\/03\/0f58892693cc868f4c0caf21614954cf.jpg\" alt=\"\" class=\"wp-image-2666\" srcset=\"https:\/\/arci-hdf.org\/wp-content\/uploads\/2026\/03\/0f58892693cc868f4c0caf21614954cf.jpg 680w, https:\/\/arci-hdf.org\/wp-content\/uploads\/2026\/03\/0f58892693cc868f4c0caf21614954cf-221x300.jpg 221w\" sizes=\"(max-width: 680px) 100vw, 680px\" \/><\/a><figcaption><a href=\"https:\/\/arci-hdf.org\/?page_id=2636\">Les enfants de la r\u00e9sistance<\/a><\/figcaption><\/figure>\n\n\n\n<figure class=\"wp-block-image size-medium\"><img loading=\"lazy\" width=\"768\" height=\"1024\" data-id=\"2448\"  src=\"https:\/\/arci-hdf.org\/wp-content\/uploads\/2025\/06\/f9d3180c99709ba1718007d92f7092e6-768x1024.jpg\" alt=\"\" class=\"wp-image-2448\" srcset=\"https:\/\/arci-hdf.org\/wp-content\/uploads\/2025\/06\/f9d3180c99709ba1718007d92f7092e6-768x1024.jpg 768w, https:\/\/arci-hdf.org\/wp-content\/uploads\/2025\/06\/f9d3180c99709ba1718007d92f7092e6-225x300.jpg 225w, https:\/\/arci-hdf.org\/wp-content\/uploads\/2025\/06\/f9d3180c99709ba1718007d92f7092e6-1152x1536.jpg 1152w, https:\/\/arci-hdf.org\/wp-content\/uploads\/2025\/06\/f9d3180c99709ba1718007d92f7092e6-1024x1365.jpg 1024w, https:\/\/arci-hdf.org\/wp-content\/uploads\/2025\/06\/f9d3180c99709ba1718007d92f7092e6-810x1080.jpg 810w, https:\/\/arci-hdf.org\/wp-content\/uploads\/2025\/06\/f9d3180c99709ba1718007d92f7092e6.jpg 1200w\" sizes=\"(max-width: 768px) 100vw, 768px\" \/><figcaption><a href=\"https:\/\/arci-hdf.org\/?page_id=2439\" target=\"_blank\" rel=\"noreferrer noopener\">La l\u00e9gende d&rsquo;Ochi<\/a><\/figcaption><\/figure>\n\n\n\n<figure class=\"wp-block-image size-medium\"><a href=\"https:\/\/arci-hdf.org\/?page_id=2436\"><img loading=\"lazy\" width=\"768\" height=\"1024\" data-id=\"2445\"  src=\"https:\/\/arci-hdf.org\/wp-content\/uploads\/2025\/06\/3f345fe7af6753f2004cfcff6be5bc5a-768x1024.jpg\" alt=\"\" class=\"wp-image-2445\" srcset=\"https:\/\/arci-hdf.org\/wp-content\/uploads\/2025\/06\/3f345fe7af6753f2004cfcff6be5bc5a-768x1024.jpg 768w, https:\/\/arci-hdf.org\/wp-content\/uploads\/2025\/06\/3f345fe7af6753f2004cfcff6be5bc5a-225x300.jpg 225w, https:\/\/arci-hdf.org\/wp-content\/uploads\/2025\/06\/3f345fe7af6753f2004cfcff6be5bc5a-1152x1536.jpg 1152w, https:\/\/arci-hdf.org\/wp-content\/uploads\/2025\/06\/3f345fe7af6753f2004cfcff6be5bc5a-1024x1365.jpg 1024w, https:\/\/arci-hdf.org\/wp-content\/uploads\/2025\/06\/3f345fe7af6753f2004cfcff6be5bc5a-810x1080.jpg 810w, https:\/\/arci-hdf.org\/wp-content\/uploads\/2025\/06\/3f345fe7af6753f2004cfcff6be5bc5a.jpg 1200w\" sizes=\"(max-width: 768px) 100vw, 768px\" \/><\/a><figcaption><a href=\"https:\/\/arci-hdf.org\/?page_id=2436\" target=\"_blank\" rel=\"noreferrer noopener\">Ollie<\/a><\/figcaption><\/figure>\n\n\n\n<figure class=\"wp-block-image size-medium\"><a href=\"https:\/\/arci-hdf.org\/?page_id=2433\"><img loading=\"lazy\" width=\"819\" height=\"1024\" data-id=\"2447\"  src=\"https:\/\/arci-hdf.org\/wp-content\/uploads\/2025\/06\/e820c5f3bfaf56d2eee911834bf46955-819x1024.jpg\" alt=\"\" class=\"wp-image-2447\" srcset=\"https:\/\/arci-hdf.org\/wp-content\/uploads\/2025\/06\/e820c5f3bfaf56d2eee911834bf46955-819x1024.jpg 819w, https:\/\/arci-hdf.org\/wp-content\/uploads\/2025\/06\/e820c5f3bfaf56d2eee911834bf46955-240x300.jpg 240w, https:\/\/arci-hdf.org\/wp-content\/uploads\/2025\/06\/e820c5f3bfaf56d2eee911834bf46955-768x960.jpg 768w, https:\/\/arci-hdf.org\/wp-content\/uploads\/2025\/06\/e820c5f3bfaf56d2eee911834bf46955-1024x1280.jpg 1024w, https:\/\/arci-hdf.org\/wp-content\/uploads\/2025\/06\/e820c5f3bfaf56d2eee911834bf46955-864x1080.jpg 864w, https:\/\/arci-hdf.org\/wp-content\/uploads\/2025\/06\/e820c5f3bfaf56d2eee911834bf46955.jpg 1080w\" sizes=\"(max-width: 819px) 100vw, 819px\" \/><\/a><figcaption><a href=\"https:\/\/arci-hdf.org\/?page_id=2433\" target=\"_blank\" rel=\"noreferrer noopener\">Dragons<\/a><\/figcaption><\/figure>\n\n\n\n<figure class=\"wp-block-image size-medium\"><a href=\"https:\/\/arci-hdf.org\/?page_id=2406\"><img loading=\"lazy\" width=\"754\" height=\"1024\" data-id=\"2410\"  src=\"https:\/\/arci-hdf.org\/wp-content\/uploads\/2025\/06\/89c680f5bea2366eb87c7e39b47ee2ea-754x1024.jpg\" alt=\"\" class=\"wp-image-2410\" srcset=\"https:\/\/arci-hdf.org\/wp-content\/uploads\/2025\/06\/89c680f5bea2366eb87c7e39b47ee2ea-754x1024.jpg 754w, https:\/\/arci-hdf.org\/wp-content\/uploads\/2025\/06\/89c680f5bea2366eb87c7e39b47ee2ea-221x300.jpg 221w, https:\/\/arci-hdf.org\/wp-content\/uploads\/2025\/06\/89c680f5bea2366eb87c7e39b47ee2ea-768x1043.jpg 768w, https:\/\/arci-hdf.org\/wp-content\/uploads\/2025\/06\/89c680f5bea2366eb87c7e39b47ee2ea-795x1080.jpg 795w, https:\/\/arci-hdf.org\/wp-content\/uploads\/2025\/06\/89c680f5bea2366eb87c7e39b47ee2ea.jpg 1000w\" sizes=\"(max-width: 754px) 100vw, 754px\" \/><\/a><figcaption><a href=\"https:\/\/arci-hdf.org\/?page_id=2406\" target=\"_blank\" rel=\"noreferrer noopener\">Partir un jour<\/a><\/figcaption><\/figure>\n\n\n\n<figure class=\"wp-block-image size-medium\"><a href=\"https:\/\/arci-hdf.org\/?page_id=2317\"><img loading=\"lazy\" width=\"810\" height=\"1080\" data-id=\"2315\"  src=\"http:\/\/arci-hdf.org\/wp-content\/uploads\/2025\/04\/Affiche-Le-melange-des-genres.jpeg\" alt=\"\" class=\"wp-image-2315\" srcset=\"https:\/\/arci-hdf.org\/wp-content\/uploads\/2025\/04\/Affiche-Le-melange-des-genres.jpeg 810w, https:\/\/arci-hdf.org\/wp-content\/uploads\/2025\/04\/Affiche-Le-melange-des-genres-225x300.jpeg 225w, https:\/\/arci-hdf.org\/wp-content\/uploads\/2025\/04\/Affiche-Le-melange-des-genres-768x1024.jpeg 768w\" sizes=\"(max-width: 810px) 100vw, 810px\" \/><\/a><figcaption>Le m\u00e9lange des genres<\/figcaption><\/figure>\n\n\n\n<figure class=\"wp-block-image size-medium\"><a href=\"https:\/\/arci-hdf.org\/?page_id=2308\"><img loading=\"lazy\" width=\"793\" height=\"1080\" data-id=\"2311\"  src=\"http:\/\/arci-hdf.org\/wp-content\/uploads\/2025\/04\/5044c48da97c2f5d2cc21feecb3844a7.jpg\" alt=\"\" class=\"wp-image-2311\" srcset=\"https:\/\/arci-hdf.org\/wp-content\/uploads\/2025\/04\/5044c48da97c2f5d2cc21feecb3844a7.jpg 793w, https:\/\/arci-hdf.org\/wp-content\/uploads\/2025\/04\/5044c48da97c2f5d2cc21feecb3844a7-220x300.jpg 220w, https:\/\/arci-hdf.org\/wp-content\/uploads\/2025\/04\/5044c48da97c2f5d2cc21feecb3844a7-752x1024.jpg 752w, https:\/\/arci-hdf.org\/wp-content\/uploads\/2025\/04\/5044c48da97c2f5d2cc21feecb3844a7-768x1046.jpg 768w\" sizes=\"(max-width: 793px) 100vw, 793px\" \/><\/a><figcaption><a href=\"https:\/\/arci-hdf.org\/?page_id=2308\" target=\"_blank\" rel=\"noreferrer noopener\">Mikado<\/a><\/figcaption><\/figure>\n\n\n\n<figure class=\"wp-block-image size-medium\"><a href=\"https:\/\/arci-hdf.org\/?page_id=2296\" target=\"_blank\" rel=\"noreferrer noopener\"><img loading=\"lazy\" width=\"691\" height=\"1024\" data-id=\"2304\"  src=\"https:\/\/arci-hdf.org\/wp-content\/uploads\/2025\/04\/3e619c6423fd2c82be9ec8b727aa217b-691x1024.jpg\" alt=\"\" class=\"wp-image-2304\" srcset=\"https:\/\/arci-hdf.org\/wp-content\/uploads\/2025\/04\/3e619c6423fd2c82be9ec8b727aa217b-691x1024.jpg 691w, https:\/\/arci-hdf.org\/wp-content\/uploads\/2025\/04\/3e619c6423fd2c82be9ec8b727aa217b-203x300.jpg 203w, https:\/\/arci-hdf.org\/wp-content\/uploads\/2025\/04\/3e619c6423fd2c82be9ec8b727aa217b.jpg 729w\" sizes=\"(max-width: 691px) 100vw, 691px\" \/><\/a><figcaption><a href=\"https:\/\/arci-hdf.org\/?page_id=2296\" target=\"_blank\" rel=\"noreferrer noopener\">Minecraft, le film<\/a><\/figcaption><\/figure>\n\n\n\n<figure class=\"wp-block-image size-medium\"><a href=\"https:\/\/arci-hdf.org\/?page_id=2269\"><img loading=\"lazy\" width=\"1920\" height=\"2560\" data-id=\"2293\"  src=\"http:\/\/arci-hdf.org\/wp-content\/uploads\/2025\/04\/WEB-AFFICHE-OK-LA-VIE-EN-GROS-scaled-1.jpg\" alt=\"\" class=\"wp-image-2293\" srcset=\"https:\/\/arci-hdf.org\/wp-content\/uploads\/2025\/04\/WEB-AFFICHE-OK-LA-VIE-EN-GROS-scaled-1.jpg 1920w, https:\/\/arci-hdf.org\/wp-content\/uploads\/2025\/04\/WEB-AFFICHE-OK-LA-VIE-EN-GROS-scaled-1-225x300.jpg 225w, https:\/\/arci-hdf.org\/wp-content\/uploads\/2025\/04\/WEB-AFFICHE-OK-LA-VIE-EN-GROS-scaled-1-768x1024.jpg 768w, https:\/\/arci-hdf.org\/wp-content\/uploads\/2025\/04\/WEB-AFFICHE-OK-LA-VIE-EN-GROS-scaled-1-1152x1536.jpg 1152w, https:\/\/arci-hdf.org\/wp-content\/uploads\/2025\/04\/WEB-AFFICHE-OK-LA-VIE-EN-GROS-scaled-1-1536x2048.jpg 1536w, https:\/\/arci-hdf.org\/wp-content\/uploads\/2025\/04\/WEB-AFFICHE-OK-LA-VIE-EN-GROS-scaled-1-1024x1365.jpg 1024w, https:\/\/arci-hdf.org\/wp-content\/uploads\/2025\/04\/WEB-AFFICHE-OK-LA-VIE-EN-GROS-scaled-1-810x1080.jpg 810w\" sizes=\"(max-width: 1920px) 100vw, 1920px\" \/><\/a><figcaption><a href=\"https:\/\/arci-hdf.org\/?page_id=2269\" target=\"_blank\" rel=\"noreferrer noopener\">La vie, en gros<\/a><\/figcaption><\/figure>\n\n\n\n<figure class=\"wp-block-image size-medium\"><a href=\"https:\/\/arci-hdf.org\/?page_id=2279\"><img loading=\"lazy\" width=\"810\" height=\"1080\" data-id=\"2292\"  src=\"http:\/\/arci-hdf.org\/wp-content\/uploads\/2025\/04\/4e644edc4b90cae39ea31727a29cdb09-2.jpg\" alt=\"\" class=\"wp-image-2292\" srcset=\"https:\/\/arci-hdf.org\/wp-content\/uploads\/2025\/04\/4e644edc4b90cae39ea31727a29cdb09-2.jpg 810w, https:\/\/arci-hdf.org\/wp-content\/uploads\/2025\/04\/4e644edc4b90cae39ea31727a29cdb09-2-225x300.jpg 225w, https:\/\/arci-hdf.org\/wp-content\/uploads\/2025\/04\/4e644edc4b90cae39ea31727a29cdb09-2-768x1024.jpg 768w\" sizes=\"(max-width: 810px) 100vw, 810px\" \/><\/a><figcaption><a href=\"https:\/\/arci-hdf.org\/?page_id=2279\" target=\"_blank\" rel=\"noreferrer noopener\">On ira<\/a><\/figcaption><\/figure>\n\n\n\n<figure class=\"wp-block-image size-medium\"><a href=\"https:\/\/arci-hdf.org\/?page_id=2252\" target=\"_blank\" rel=\"noreferrer noopener\"><img loading=\"lazy\" width=\"225\" height=\"300\" data-id=\"2251\"  src=\"https:\/\/arci-hdf.org\/wp-content\/uploads\/2025\/03\/b36216471e71df2ebc1d423c640f4438-225x300.jpg\" alt=\"\" class=\"wp-image-2251\" srcset=\"https:\/\/arci-hdf.org\/wp-content\/uploads\/2025\/03\/b36216471e71df2ebc1d423c640f4438-225x300.jpg 225w, https:\/\/arci-hdf.org\/wp-content\/uploads\/2025\/03\/b36216471e71df2ebc1d423c640f4438-768x1024.jpg 768w, https:\/\/arci-hdf.org\/wp-content\/uploads\/2025\/03\/b36216471e71df2ebc1d423c640f4438-1152x1536.jpg 1152w, https:\/\/arci-hdf.org\/wp-content\/uploads\/2025\/03\/b36216471e71df2ebc1d423c640f4438-1024x1365.jpg 1024w, https:\/\/arci-hdf.org\/wp-content\/uploads\/2025\/03\/b36216471e71df2ebc1d423c640f4438-810x1080.jpg 810w, https:\/\/arci-hdf.org\/wp-content\/uploads\/2025\/03\/b36216471e71df2ebc1d423c640f4438.jpg 1200w\" sizes=\"(max-width: 225px) 100vw, 225px\" \/><\/a><figcaption><a href=\"https:\/\/arci-hdf.org\/?page_id=2252\" target=\"_blank\" rel=\"noreferrer noopener\">Sauvages<\/a><\/figcaption><\/figure>\n\n\n\n<figure class=\"wp-block-image size-medium\"><a href=\"https:\/\/arci-hdf.org\/?page_id=2241\"><img loading=\"lazy\" width=\"225\" height=\"300\" data-id=\"2245\"  src=\"https:\/\/arci-hdf.org\/wp-content\/uploads\/2025\/03\/120x160-A-BICYCLETTE-225x300.jpg\" alt=\"\" class=\"wp-image-2245\" srcset=\"https:\/\/arci-hdf.org\/wp-content\/uploads\/2025\/03\/120x160-A-BICYCLETTE-225x300.jpg 225w, https:\/\/arci-hdf.org\/wp-content\/uploads\/2025\/03\/120x160-A-BICYCLETTE-768x1024.jpg 768w, https:\/\/arci-hdf.org\/wp-content\/uploads\/2025\/03\/120x160-A-BICYCLETTE-1152x1536.jpg 1152w, https:\/\/arci-hdf.org\/wp-content\/uploads\/2025\/03\/120x160-A-BICYCLETTE-1536x2048.jpg 1536w, https:\/\/arci-hdf.org\/wp-content\/uploads\/2025\/03\/120x160-A-BICYCLETTE-1024x1365.jpg 1024w, https:\/\/arci-hdf.org\/wp-content\/uploads\/2025\/03\/120x160-A-BICYCLETTE-810x1080.jpg 810w, https:\/\/arci-hdf.org\/wp-content\/uploads\/2025\/03\/120x160-A-BICYCLETTE-scaled.jpg 1920w\" sizes=\"(max-width: 225px) 100vw, 225px\" \/><\/a><figcaption><a href=\"https:\/\/arci-hdf.org\/?page_id=2241\" target=\"_blank\" rel=\"noreferrer noopener\">A bicyclette !<\/a><\/figcaption><\/figure>\n\n\n\n<figure class=\"wp-block-image size-medium\"><a href=\"https:\/\/arci-hdf.org\/?page_id=2238\"><img loading=\"lazy\" width=\"225\" height=\"300\" data-id=\"2246\"  src=\"https:\/\/arci-hdf.org\/wp-content\/uploads\/2025\/03\/83a423a22c4438f3ecae29e227b2f6a9-225x300.jpg\" alt=\"\" class=\"wp-image-2246\" srcset=\"https:\/\/arci-hdf.org\/wp-content\/uploads\/2025\/03\/83a423a22c4438f3ecae29e227b2f6a9-225x300.jpg 225w, https:\/\/arci-hdf.org\/wp-content\/uploads\/2025\/03\/83a423a22c4438f3ecae29e227b2f6a9-768x1024.jpg 768w, https:\/\/arci-hdf.org\/wp-content\/uploads\/2025\/03\/83a423a22c4438f3ecae29e227b2f6a9-1152x1536.jpg 1152w, https:\/\/arci-hdf.org\/wp-content\/uploads\/2025\/03\/83a423a22c4438f3ecae29e227b2f6a9-1024x1365.jpg 1024w, https:\/\/arci-hdf.org\/wp-content\/uploads\/2025\/03\/83a423a22c4438f3ecae29e227b2f6a9-810x1080.jpg 810w, https:\/\/arci-hdf.org\/wp-content\/uploads\/2025\/03\/83a423a22c4438f3ecae29e227b2f6a9.jpg 1200w\" sizes=\"(max-width: 225px) 100vw, 225px\" \/><\/a><figcaption><a href=\"https:\/\/arci-hdf.org\/?page_id=2238\" target=\"_blank\" rel=\"noreferrer noopener\">L&rsquo;attachement<\/a><\/figcaption><\/figure>\n\n\n\n<figure class=\"wp-block-image size-thumbnail is-style-default\"><a href=\"https:\/\/arci-hdf.org\/?page_id=2209\"><img loading=\"lazy\" width=\"150\" height=\"150\" data-id=\"2205\"  src=\"https:\/\/arci-hdf.org\/wp-content\/uploads\/2025\/02\/Hola-Frida-150x150.jpg\" alt=\"\" class=\"wp-image-2205\"\/><\/a><figcaption><a href=\"https:\/\/arci-hdf.org\/?page_id=2209\" target=\"_blank\" rel=\"noreferrer noopener\">Hola Frida<\/a><\/figcaption><\/figure>\n<\/figure>\n\n\n\n<div class=\"wp-container-6 wp-block-group\"><div class=\"wp-block-group__inner-container\">\n<div class=\"wp-container-5 wp-block-columns\">\n<div class=\"wp-container-3 wp-block-column\"><\/div>\n\n\n\n<div class=\"wp-container-4 wp-block-column\"><\/div>\n<\/div>\n<\/div><\/div>\n","protected":false},"excerpt":{"rendered":"","protected":false},"author":1,"featured_media":0,"parent":0,"menu_order":0,"comment_status":"closed","ping_status":"closed","template":"","meta":[],"_links":{"self":[{"href":"https:\/\/arci-hdf.org\/index.php?rest_route=\/wp\/v2\/pages\/2203"}],"collection":[{"href":"https:\/\/arci-hdf.org\/index.php?rest_route=\/wp\/v2\/pages"}],"about":[{"href":"https:\/\/arci-hdf.org\/index.php?rest_route=\/wp\/v2\/types\/page"}],"author":[{"embeddable":true,"href":"https:\/\/arci-hdf.org\/index.php?rest_route=\/wp\/v2\/users\/1"}],"replies":[{"embeddable":true,"href":"https:\/\/arci-hdf.org\/index.php?rest_route=%2Fwp%2Fv2%2Fcomments&post=2203"}],"version-history":[{"count":32,"href":"https:\/\/arci-hdf.org\/index.php?rest_route=\/wp\/v2\/pages\/2203\/revisions"}],"predecessor-version":[{"id":2720,"href":"https:\/\/arci-hdf.org\/index.php?rest_route=\/wp\/v2\/pages\/2203\/revisions\/2720"}],"wp:attachment":[{"href":"https:\/\/arci-hdf.org\/index.php?rest_route=%2Fwp%2Fv2%2Fmedia&parent=2203"}],"curies":[{"name":"wp","href":"https:\/\/api.w.org\/{rel}","templated":true}]}}