{"id":2238,"date":"2025-03-18T13:51:57","date_gmt":"2025-03-18T12:51:57","guid":{"rendered":"https:\/\/arci-hdf.org\/?page_id=2238"},"modified":"2025-03-18T13:54:17","modified_gmt":"2025-03-18T12:54:17","slug":"lattachement","status":"publish","type":"page","link":"https:\/\/arci-hdf.org\/?page_id=2238","title":{"rendered":"L&rsquo;attachement"},"content":{"rendered":"\n<div class=\"wp-container-1 wp-block-buttons\"><\/div>\n\n\n\n<div class=\"wp-container-5 wp-block-columns\">\n<div class=\"wp-container-2 wp-block-column\">\n<h2 class=\"has-text-align-center\"><strong>Fiche pr\u00eate-\u00e0-lire \u00e0 destination des partenaires<\/strong><\/h2>\n\n\n\n<div class=\"wp-block-file\"><object class=\"wp-block-file__embed\" data=\"https:\/\/arci-hdf.org\/wp-content\/uploads\/2025\/03\/PaL-Lattachement.pdf\" type=\"application\/pdf\" style=\"width:100%;height:600px\" aria-label=\"Contenu embarqu\u00e9 PaL-Lattachement.\"><\/object><a id=\"wp-block-file--media-e48c8682-d581-474e-8aa9-407d6a3f695c\" href=\"https:\/\/arci-hdf.org\/wp-content\/uploads\/2025\/03\/PaL-Lattachement.pdf\">PaL-Lattachement<\/a><a href=\"https:\/\/arci-hdf.org\/wp-content\/uploads\/2025\/03\/PaL-Lattachement.pdf\" class=\"wp-block-file__button\" download aria-describedby=\"wp-block-file--media-e48c8682-d581-474e-8aa9-407d6a3f695c\">T\u00e9l\u00e9charger<\/a><\/div>\n<\/div>\n\n\n\n<div class=\"wp-container-4 wp-block-column\">\n<h2 class=\"has-text-align-center\"><strong>Autres ressources<\/strong><\/h2>\n\n\n\n<div class=\"wp-container-3 is-content-justification-center wp-block-buttons\">\n<div class=\"wp-block-button\"><a class=\"wp-block-button__link has-luminous-vivid-amber-background-color has-background\" href=\"https:\/\/wetransfer.com\/downloads\/5061b78183b137af728fbc851351075320241230152823\/a1a003?t_exp=1767108504&amp;t_lsid=bc9f2bd2-745e-414d-bff6-87fbc220ebff&amp;t_network=link&amp;t_rid=YXV0aDB8VHJhbnNmZXJ8bmMzcnU0MGFwOWs=&amp;t_s=download_link&amp;t_ts=1735572504\" target=\"_blank\" rel=\"noreferrer noopener\">Dossier de presse<\/a><\/div>\n<\/div>\n<\/div>\n<\/div>\n\n\n\n<p><\/p>\n","protected":false},"excerpt":{"rendered":"<p>Fiche pr\u00eate-\u00e0-lire \u00e0 destination des partenaires Autres ressources<\/p>\n","protected":false},"author":1,"featured_media":0,"parent":0,"menu_order":0,"comment_status":"closed","ping_status":"closed","template":"","meta":[],"_links":{"self":[{"href":"https:\/\/arci-hdf.org\/index.php?rest_route=\/wp\/v2\/pages\/2238"}],"collection":[{"href":"https:\/\/arci-hdf.org\/index.php?rest_route=\/wp\/v2\/pages"}],"about":[{"href":"https:\/\/arci-hdf.org\/index.php?rest_route=\/wp\/v2\/types\/page"}],"author":[{"embeddable":true,"href":"https:\/\/arci-hdf.org\/index.php?rest_route=\/wp\/v2\/users\/1"}],"replies":[{"embeddable":true,"href":"https:\/\/arci-hdf.org\/index.php?rest_route=%2Fwp%2Fv2%2Fcomments&post=2238"}],"version-history":[{"count":1,"href":"https:\/\/arci-hdf.org\/index.php?rest_route=\/wp\/v2\/pages\/2238\/revisions"}],"predecessor-version":[{"id":2242,"href":"https:\/\/arci-hdf.org\/index.php?rest_route=\/wp\/v2\/pages\/2238\/revisions\/2242"}],"wp:attachment":[{"href":"https:\/\/arci-hdf.org\/index.php?rest_route=%2Fwp%2Fv2%2Fmedia&parent=2238"}],"curies":[{"name":"wp","href":"https:\/\/api.w.org\/{rel}","templated":true}]}}