{"id":2296,"date":"2025-04-10T14:31:36","date_gmt":"2025-04-10T12:31:36","guid":{"rendered":"https:\/\/arci-hdf.org\/?page_id=2296"},"modified":"2025-04-10T14:36:48","modified_gmt":"2025-04-10T12:36:48","slug":"minecraft-le-film","status":"publish","type":"page","link":"https:\/\/arci-hdf.org\/?page_id=2296","title":{"rendered":"Minecraft, le film"},"content":{"rendered":"\n<div class=\"wp-container-3 wp-block-columns\">\n<div class=\"wp-container-2 wp-block-column\">\n<h2 class=\"has-text-align-center\"><strong>Carton \u00e0 projeter en avant-s\u00e9ance<\/strong><\/h2>\n\n\n\n<div class=\"wp-container-1 is-content-justification-center wp-block-buttons\">\n<div class=\"wp-block-button\"><a class=\"wp-block-button__link has-luminous-vivid-amber-background-color has-background\" href=\"http:\/\/arci-hdf.org\/wp-content\/uploads\/2025\/04\/Presentation_Minecraft.mp4\" target=\"_blank\" rel=\"noreferrer noopener\">T\u00e9l\u00e9charger la vid\u00e9o (format mp4)<\/a><\/div>\n\n\n\n<div class=\"wp-block-button\"><a class=\"wp-block-button__link has-luminous-vivid-amber-background-color has-background\" href=\"https:\/\/www.grosfichiers.com\/vfCTUSi3uXe\" target=\"_blank\" rel=\"noreferrer noopener\">T\u00e9l\u00e9charger le carton en DCP<\/a><\/div>\n<\/div>\n<\/div>\n<\/div>\n\n\n\n<p><em>Si les liens ne sont plus disponibles, envoyer un mail \u00e0 alex.barrier [at] arci-hdf.org pour recevoir les fichiers.<\/em><\/p>\n","protected":false},"excerpt":{"rendered":"<p>Carton \u00e0 projeter en avant-s\u00e9ance Si les liens ne sont plus disponibles, envoyer un mail \u00e0 alex.barrier [at] arci-hdf.org pour recevoir les fichiers.<\/p>\n","protected":false},"author":1,"featured_media":0,"parent":0,"menu_order":0,"comment_status":"closed","ping_status":"closed","template":"","meta":[],"_links":{"self":[{"href":"https:\/\/arci-hdf.org\/index.php?rest_route=\/wp\/v2\/pages\/2296"}],"collection":[{"href":"https:\/\/arci-hdf.org\/index.php?rest_route=\/wp\/v2\/pages"}],"about":[{"href":"https:\/\/arci-hdf.org\/index.php?rest_route=\/wp\/v2\/types\/page"}],"author":[{"embeddable":true,"href":"https:\/\/arci-hdf.org\/index.php?rest_route=\/wp\/v2\/users\/1"}],"replies":[{"embeddable":true,"href":"https:\/\/arci-hdf.org\/index.php?rest_route=%2Fwp%2Fv2%2Fcomments&post=2296"}],"version-history":[{"count":7,"href":"https:\/\/arci-hdf.org\/index.php?rest_route=\/wp\/v2\/pages\/2296\/revisions"}],"predecessor-version":[{"id":2303,"href":"https:\/\/arci-hdf.org\/index.php?rest_route=\/wp\/v2\/pages\/2296\/revisions\/2303"}],"wp:attachment":[{"href":"https:\/\/arci-hdf.org\/index.php?rest_route=%2Fwp%2Fv2%2Fmedia&parent=2296"}],"curies":[{"name":"wp","href":"https:\/\/api.w.org\/{rel}","templated":true}]}}