{"id":2317,"date":"2025-04-29T11:55:55","date_gmt":"2025-04-29T09:55:55","guid":{"rendered":"https:\/\/arci-hdf.org\/?page_id=2317"},"modified":"2025-04-29T11:55:56","modified_gmt":"2025-04-29T09:55:56","slug":"le-melange-des-genres","status":"publish","type":"page","link":"https:\/\/arci-hdf.org\/?page_id=2317","title":{"rendered":"Le m\u00e9lange des genres"},"content":{"rendered":"\n<div class=\"wp-container-1 wp-block-buttons\"><\/div>\n\n\n\n<div class=\"wp-container-5 wp-block-columns\">\n<div class=\"wp-container-2 wp-block-column\">\n<h2 class=\"has-text-align-center\"><strong>Fiche sur le film \u00e0 destination du public<\/strong><\/h2>\n\n\n\n<div class=\"wp-block-file\"><object class=\"wp-block-file__embed\" data=\"http:\/\/arci-hdf.org\/wp-content\/uploads\/2025\/04\/FicheFilm_LeMelangeDesGenres-1.pdf\" type=\"application\/pdf\" style=\"width:100%;height:600px\" aria-label=\"Contenu embarqu\u00e9 FicheFilm_LeM\u00e9langeDesGenres.\"><\/object><a id=\"wp-block-file--media-e48c8682-d581-474e-8aa9-407d6a3f695c\" href=\"http:\/\/arci-hdf.org\/wp-content\/uploads\/2025\/04\/FicheFilm_LeMelangeDesGenres-1.pdf\">FicheFilm_LeM\u00e9langeDesGenres<\/a><a href=\"http:\/\/arci-hdf.org\/wp-content\/uploads\/2025\/04\/FicheFilm_LeMelangeDesGenres-1.pdf\" class=\"wp-block-file__button\" download aria-describedby=\"wp-block-file--media-e48c8682-d581-474e-8aa9-407d6a3f695c\">T\u00e9l\u00e9charger<\/a><\/div>\n<\/div>\n\n\n\n<div class=\"wp-container-4 wp-block-column\">\n<h2 class=\"has-text-align-center\"><strong>Autres ressources<\/strong><\/h2>\n\n\n\n<div class=\"wp-container-3 is-content-justification-center wp-block-buttons\">\n<div class=\"wp-block-button\"><a class=\"wp-block-button__link has-luminous-vivid-amber-background-color has-background\" href=\"https:\/\/le-pacte.com\/storage\/uploads\/dfcf251f-81a5-4d41-a3b2-b58261bfbe25\/LE-MELANGE-DES-GENRES---Dossier-de-presse---Alpe-d%27Huez.pdf\" target=\"_blank\" rel=\"noreferrer noopener\">Dossier de presse<\/a><\/div>\n\n\n\n<div class=\"wp-block-button\"><a class=\"wp-block-button__link has-luminous-vivid-amber-background-color has-background\" href=\"https:\/\/www.hautetcourt.com\/wp-content\/uploads\/2024\/03\/loteria-hola-frida.zip\" target=\"_blank\" rel=\"noreferrer noopener\">Chiffres de r\u00e9f\u00e9rence sur les violences faites aux femmes<\/a><\/div>\n\n\n\n<div class=\"wp-block-button\"><a class=\"wp-block-button__link has-luminous-vivid-amber-background-color has-background\" href=\"https:\/\/www.memoiretraumatique.org\/l-association\/2019-enquete-ipsos.html\">Enqu\u00eate sur les repr\u00e9sentations des fran\u00e7ais sur le viol <\/a><\/div>\n\n\n\n<div class=\"wp-block-button\"><a class=\"wp-block-button__link has-luminous-vivid-amber-background-color has-background\" href=\"https:\/\/www.youtube.com\/watch?v=A5EXuAAvMbY\">Vid\u00e9o: la pop culture et la culture du viol<\/a><\/div>\n<\/div>\n<\/div>\n<\/div>\n\n\n\n<p><\/p>\n","protected":false},"excerpt":{"rendered":"<p>Fiche sur le film \u00e0 destination du public Autres ressources<\/p>\n","protected":false},"author":1,"featured_media":0,"parent":0,"menu_order":0,"comment_status":"closed","ping_status":"closed","template":"","meta":[],"_links":{"self":[{"href":"https:\/\/arci-hdf.org\/index.php?rest_route=\/wp\/v2\/pages\/2317"}],"collection":[{"href":"https:\/\/arci-hdf.org\/index.php?rest_route=\/wp\/v2\/pages"}],"about":[{"href":"https:\/\/arci-hdf.org\/index.php?rest_route=\/wp\/v2\/types\/page"}],"author":[{"embeddable":true,"href":"https:\/\/arci-hdf.org\/index.php?rest_route=\/wp\/v2\/users\/1"}],"replies":[{"embeddable":true,"href":"https:\/\/arci-hdf.org\/index.php?rest_route=%2Fwp%2Fv2%2Fcomments&post=2317"}],"version-history":[{"count":1,"href":"https:\/\/arci-hdf.org\/index.php?rest_route=\/wp\/v2\/pages\/2317\/revisions"}],"predecessor-version":[{"id":2321,"href":"https:\/\/arci-hdf.org\/index.php?rest_route=\/wp\/v2\/pages\/2317\/revisions\/2321"}],"wp:attachment":[{"href":"https:\/\/arci-hdf.org\/index.php?rest_route=%2Fwp%2Fv2%2Fmedia&parent=2317"}],"curies":[{"name":"wp","href":"https:\/\/api.w.org\/{rel}","templated":true}]}}