{"id":2354,"date":"2025-06-02T12:01:45","date_gmt":"2025-06-02T10:01:45","guid":{"rendered":"https:\/\/arci-hdf.org\/?page_id=2354"},"modified":"2025-08-26T11:40:45","modified_gmt":"2025-08-26T09:40:45","slug":"atelier-doublage","status":"publish","type":"page","link":"https:\/\/arci-hdf.org\/?page_id=2354","title":{"rendered":"Atelier doublage"},"content":{"rendered":"\n<div class=\"wp-container-5 wp-block-columns\">\n<div class=\"wp-container-2 wp-block-column\">\n<div class=\"wp-container-1 is-content-justification-center wp-block-buttons\">\n<div class=\"wp-block-button\"><a class=\"wp-block-button__link has-vivid-cyan-blue-background-color has-background\" href=\"http:\/\/arci-hdf.org\/wp-content\/uploads\/2025\/05\/Atelier-autour-du-doublage.pdf\" target=\"_blank\" rel=\"noreferrer noopener\">D\u00e9couvrir l&rsquo;atelier en d\u00e9tail<\/a><\/div>\n<\/div>\n<\/div>\n\n\n\n<div class=\"wp-container-4 wp-block-column\">\n<div class=\"wp-container-3 is-content-justification-center wp-block-buttons\">\n<div class=\"wp-block-button\"><a class=\"wp-block-button__link has-vivid-cyan-blue-background-color has-background\" href=\"https:\/\/arci-hdf.org\/?page_id=2081\" target=\"_blank\" rel=\"noreferrer noopener\">Organiser un atelier<\/a><\/div>\n<\/div>\n<\/div>\n<\/div>\n\n\n\n<p>Quand on regarde un film d\u2019animation, tout est fait pour nous faire oublier les coulisses de la conception sonore et nous immerger dans le monde de la fiction. Pourtant, les voix ont une importance majeure dans la construction des personnages. Que serait Homer Simpson sans la voix fran\u00e7aise de Philippe Peythieux, et comment ferait Bruce Willis sans Patrick Poivey !<\/p>\n\n\n\n<p>En r\u00e9alit\u00e9, le doublage est aussi un v\u00e9ritable domaine en soi, avec son histoire et ses \u00e9volutions techniques. Il est le fruit d\u2019un travail de longue haleine d\u2019acteurs et d\u2019actrices, qui gr\u00e2ce \u00e0 des m\u00e9thodes bien pr\u00e9cises donnent vie aux personnages des dessins anim\u00e9s de votre enfance.<\/p>\n\n\n<div class=\"wp-block-image\">\n<figure class=\"aligncenter size-full is-resized\"><img loading=\"lazy\" src=\"http:\/\/arci-hdf.org\/wp-content\/uploads\/2025\/05\/B9732832618Z.1_20221202191426_000GDTLPHH13.1-0.jpg\" alt=\"\" class=\"wp-image-2337\" width=\"671\" height=\"377\" srcset=\"https:\/\/arci-hdf.org\/wp-content\/uploads\/2025\/05\/B9732832618Z.1_20221202191426_000GDTLPHH13.1-0.jpg 856w, https:\/\/arci-hdf.org\/wp-content\/uploads\/2025\/05\/B9732832618Z.1_20221202191426_000GDTLPHH13.1-0-300x169.jpg 300w, https:\/\/arci-hdf.org\/wp-content\/uploads\/2025\/05\/B9732832618Z.1_20221202191426_000GDTLPHH13.1-0-768x432.jpg 768w\" sizes=\"(max-width: 671px) 100vw, 671px\" \/><\/figure><\/div>\n\n\n<h4 class=\"has-text-align-center\">\u00c0 partir de 12 ans pour 10 personnes maximum <\/h4>\n\n\n\n<p>Ainsi, gr\u00e2ce \u00e0 cet atelier, les \u00e9l\u00e8ves pourront s\u2019initier aux enjeux historiques et techniques du doublage. Ensuite, ils choisiront un film parmi une s\u00e9lection, et tenteront de synchroniser leurs voix au bon moment sur une s\u00e9quence. Ils pourront ensuite repartir avec leur version doubl\u00e9e de l\u2019extrait.<\/p>\n\n\n\n<h4>D\u00e9roul\u00e9 de l&rsquo;atelier : <\/h4>\n\n\n\n<p><span style=\"text-decoration: underline;\">Pr\u00e9sentation th\u00e9orique <\/span>&#8211; 45 minutes<\/p>\n\n\n\n<ul><li>Point sur l\u2019histoire du doublage<\/li><li>D\u00e9couverte des diff\u00e9rents m\u00e9tiers<\/li><li>Appr\u00e9hension des diff\u00e9rentes techniques de doublage<\/li><\/ul>\n\n\n\n<p><span style=\"text-decoration: underline;\">Atelier pratique <\/span>&#8211; 1h15<\/p>\n\n\n\n<ul><li>Choix d\u2019une s\u00e9quence parmi une pr\u00e9-selection<\/li><li>D\u00e9couverte du mat\u00e9riel<\/li><li>Entrainement au doublage<\/li><li>Enregistrement<\/li><li>Restitution du r\u00e9sultat<\/li><\/ul>\n","protected":false},"excerpt":{"rendered":"<p>Quand on regarde un film d\u2019animation, tout est fait pour nous faire oublier les coulisses de la conception sonore et nous immerger dans le monde de la fiction. Pourtant, les voix ont une importance majeure dans la construction des personnages. Que serait Homer Simpson sans la voix fran\u00e7aise de Philippe Peythieux, et comment ferait Bruce&hellip; <br \/> <a class=\"button small blue\" href=\"https:\/\/arci-hdf.org\/?page_id=2354\">Lire la suite<\/a><\/p>\n","protected":false},"author":1,"featured_media":0,"parent":0,"menu_order":0,"comment_status":"closed","ping_status":"closed","template":"","meta":[],"_links":{"self":[{"href":"https:\/\/arci-hdf.org\/index.php?rest_route=\/wp\/v2\/pages\/2354"}],"collection":[{"href":"https:\/\/arci-hdf.org\/index.php?rest_route=\/wp\/v2\/pages"}],"about":[{"href":"https:\/\/arci-hdf.org\/index.php?rest_route=\/wp\/v2\/types\/page"}],"author":[{"embeddable":true,"href":"https:\/\/arci-hdf.org\/index.php?rest_route=\/wp\/v2\/users\/1"}],"replies":[{"embeddable":true,"href":"https:\/\/arci-hdf.org\/index.php?rest_route=%2Fwp%2Fv2%2Fcomments&post=2354"}],"version-history":[{"count":1,"href":"https:\/\/arci-hdf.org\/index.php?rest_route=\/wp\/v2\/pages\/2354\/revisions"}],"predecessor-version":[{"id":2355,"href":"https:\/\/arci-hdf.org\/index.php?rest_route=\/wp\/v2\/pages\/2354\/revisions\/2355"}],"wp:attachment":[{"href":"https:\/\/arci-hdf.org\/index.php?rest_route=%2Fwp%2Fv2%2Fmedia&parent=2354"}],"curies":[{"name":"wp","href":"https:\/\/api.w.org\/{rel}","templated":true}]}}