{"id":2488,"date":"2025-08-07T11:15:44","date_gmt":"2025-08-07T09:15:44","guid":{"rendered":"https:\/\/arci-hdf.org\/?page_id=2488"},"modified":"2026-01-06T16:10:30","modified_gmt":"2026-01-06T15:10:30","slug":"le-jeu-de-societe-artifice-developpe-par-larci-hdf","status":"publish","type":"page","link":"https:\/\/arci-hdf.org\/?page_id=2488","title":{"rendered":"Le jeu de soci\u00e9t\u00e9 ARTIFICE &#8211; D\u00e9velopp\u00e9 par l&rsquo;ARCI-HdF"},"content":{"rendered":"\n<p>En 2024, avec le soutien de la DRAC Hauts-de-France, l&rsquo;ARCI-HdF a d\u00e9velopp\u00e9 un jeu de soci\u00e9t\u00e9 autour du sujet de l&rsquo;<strong>intelligence artificielle<\/strong>. Avec l&rsquo;arriv\u00e9e des mod\u00e8les g\u00e9n\u00e9ratifs, elle prend de plus en plus de place dans nos vies et affecte nos repr\u00e9sentations, notre imagination, nos lectures, notre rapport au savoir et \u00e0 la cr\u00e9ation. Pourtant, <strong>nous en savons peu sur son fonctionnement<\/strong>, son d\u00e9veloppement ou son \u00e9conomie. C&rsquo;est justement pour <strong>mieux la comprendre et mieux la conna\u00eetre<\/strong> que nous avons d\u00e9velopp\u00e9 ce jeu de soci\u00e9t\u00e9. A travers un syst\u00e8me de deck building simplifi\u00e9, Artifice vous invite \u00e0 <strong>cr\u00e9er votre propre mod\u00e8le d&rsquo;intelligence artificielle<\/strong>, comme le ferait une grande entreprise de la tech. Il faudra faire des choix <strong>\u00e9conomiques <\/strong>et <strong>strat\u00e9giques <\/strong>pour rendre son mod\u00e8le d&rsquo;IA le plus <strong>puissant <\/strong>possible tout en restant vigilant \u00e0 l&rsquo;<strong>\u00e9thique <\/strong>de vos d\u00e9cisions. Comme toujours, notre approche se veut <strong>ludique<\/strong> et <strong>\u00e9ducative<\/strong>, nous souhaitons donner suffisamment de <strong>cl\u00e9s de compr\u00e9hension<\/strong> sur le sujet pour pouvoir se <strong>former son propre avis<\/strong>, sans pr\u00e9tendre ni savoir ce qu&rsquo;il faudrait penser ni tomber dans le pi\u00e8ge d&rsquo;une fausse objectivit\u00e9.<br>Le jeu est con\u00e7u pour \u00eatre<strong> vite pris en main<\/strong> et compris \u00e0 partir de 12 ans, tout en <strong>ouvrant la porte \u00e0 une r\u00e9flexion en profondeur sur le sujet de l&rsquo;intelligence artificielle<\/strong> et des entreprises qui les d\u00e9veloppent. <strong>Toutes les cartes sont inspir\u00e9es de la r\u00e9alit\u00e9<\/strong> et sont expliqu\u00e9es en d\u00e9tail dans le livret de r\u00e8gles, o\u00f9 vous retrouverez les sources sur lesquelles elles s&rsquo;appuient.<\/p>\n\n\n<div class=\"wp-block-image\">\n<figure class=\"aligncenter size-full\"><img loading=\"lazy\" width=\"778\" height=\"600\" src=\"https:\/\/arci-hdf.org\/wp-content\/uploads\/2025\/08\/photo-prez-contenu-min.png\" alt=\"\" class=\"wp-image-2492\" srcset=\"https:\/\/arci-hdf.org\/wp-content\/uploads\/2025\/08\/photo-prez-contenu-min.png 778w, https:\/\/arci-hdf.org\/wp-content\/uploads\/2025\/08\/photo-prez-contenu-min-300x231.png 300w, https:\/\/arci-hdf.org\/wp-content\/uploads\/2025\/08\/photo-prez-contenu-min-768x592.png 768w\" sizes=\"(max-width: 778px) 100vw, 778px\" \/><\/figure><\/div>\n\n\n<p>L&rsquo;objectif de l\u2019association \u00e9tant de rendre l\u2019\u00e9ducation \u00e0 l&rsquo;image et aux m\u00e9dias accessible au plus grand nombre nous avons d\u00e9cid\u00e9 de segmenter les prix du jeu pour que <strong>tout le monde puisse y avoir acc\u00e8s<\/strong> tout en restant viable \u00e9conomiquement pour nous. Voici donc les diff\u00e9rentes possibilit\u00e9s d&rsquo;achat qui s&rsquo;offrent \u00e0 vous :<\/p>\n\n\n\n<p class=\"has-text-align-center has-large-font-size\"><\/p>\n\n\n\n<div class=\"wp-container-4 wp-block-columns\">\n<div class=\"wp-container-1 wp-block-column\">\n<h2>Particulier &#8211; Physique<\/h2>\n\n\n\n<p>Vous \u00eates un particulier et souhaitez recevoir le jeu en version physique<br><\/p>\n\n\n\n<figure class=\"wp-block-image size-large\"><a href=\"https:\/\/www.helloasso.com\/associations\/association-regionale-des-cinemas-itinerants-des-hauts-de-france\/boutiques\/acheter-mon-jeu-artifice\" target=\"_blank\" rel=\"noreferrer noopener\"><img loading=\"lazy\" width=\"1024\" height=\"842\" src=\"https:\/\/arci-hdf.org\/wp-content\/uploads\/2025\/08\/photo-prez-1024x842.png\" alt=\"\" class=\"wp-image-2489\" srcset=\"https:\/\/arci-hdf.org\/wp-content\/uploads\/2025\/08\/photo-prez-1024x842.png 1024w, https:\/\/arci-hdf.org\/wp-content\/uploads\/2025\/08\/photo-prez-300x247.png 300w, https:\/\/arci-hdf.org\/wp-content\/uploads\/2025\/08\/photo-prez-768x632.png 768w, https:\/\/arci-hdf.org\/wp-content\/uploads\/2025\/08\/photo-prez-1536x1264.png 1536w, https:\/\/arci-hdf.org\/wp-content\/uploads\/2025\/08\/photo-prez-2048x1685.png 2048w, https:\/\/arci-hdf.org\/wp-content\/uploads\/2025\/08\/photo-prez-1313x1080.png 1313w\" sizes=\"(max-width: 1024px) 100vw, 1024px\" \/><\/a><figcaption>La bo\u00eete du jeu ARTIFICE<\/figcaption><\/figure>\n\n\n\n<h2><strong>30\u20ac<\/strong> + <strong>9\u20ac<\/strong> de Frais de port<\/h2>\n\n\n\n<p><iframe id=\"haWidget\" allowtransparency=\"true\" src=\"https:\/\/www.helloasso.com\/associations\/association-regionale-des-cinemas-itinerants-des-hauts-de-france\/boutiques\/acheter-mon-jeu-artifice\/widget-bouton\" style=\"width: 100%; height: 70px; border: none;\" onload=\"window.addEventListener( 'message', e =&gt; { const dataHeight = e.data.height; const haWidgetElement = document.getElementById('haWidget'); haWidgetElement.height = dataHeight + 'px'; } )\"><\/iframe><\/p>\n<\/div>\n\n\n\n<div class=\"wp-container-2 wp-block-column\">\n<h2>Version d\u00e9mat\u00e9rialis\u00e9e<\/h2>\n\n\n\n<p>Vous souhaitez r\u00e9cup\u00e9rer la version d\u00e9mat\u00e9rialis\u00e9e du jeu \u00e0  imprimer et \u00e0 d\u00e9couper soi-m\u00eame <\/p>\n\n\n\n<figure class=\"wp-block-image size-large\"><a href=\"https:\/\/www.helloasso.com\/associations\/association-regionale-des-cinemas-itinerants-des-hauts-de-france\/boutiques\/acceder-a-la-version-pdf-d-artifice\" target=\"_blank\" rel=\"noreferrer noopener\"><img loading=\"lazy\" width=\"1024\" height=\"1024\" src=\"https:\/\/arci-hdf.org\/wp-content\/uploads\/2025\/08\/Design-sans-titre-1024x1024.png\" alt=\"\" class=\"wp-image-2490\" srcset=\"https:\/\/arci-hdf.org\/wp-content\/uploads\/2025\/08\/Design-sans-titre-1024x1024.png 1024w, https:\/\/arci-hdf.org\/wp-content\/uploads\/2025\/08\/Design-sans-titre-300x300.png 300w, https:\/\/arci-hdf.org\/wp-content\/uploads\/2025\/08\/Design-sans-titre-150x150.png 150w, https:\/\/arci-hdf.org\/wp-content\/uploads\/2025\/08\/Design-sans-titre-768x768.png 768w, https:\/\/arci-hdf.org\/wp-content\/uploads\/2025\/08\/Design-sans-titre-1536x1536.png 1536w, https:\/\/arci-hdf.org\/wp-content\/uploads\/2025\/08\/Design-sans-titre-1080x1080.png 1080w, https:\/\/arci-hdf.org\/wp-content\/uploads\/2025\/08\/Design-sans-titre.png 1654w\" sizes=\"(max-width: 1024px) 100vw, 1024px\" \/><\/a><figcaption>Les fichiers du jeu en PDF<\/figcaption><\/figure>\n\n\n\n<h2>Prix libre &#8211; de <strong>0\u20ac<\/strong> \u00e0 autant que vous le pouvez<\/h2>\n\n\n\n<p><iframe id=\"haWidget\" allowtransparency=\"true\" src=\"https:\/\/www.helloasso.com\/associations\/association-regionale-des-cinemas-itinerants-des-hauts-de-france\/boutiques\/acceder-a-la-version-pdf-d-artifice\/widget-bouton\" style=\"width: 100%; height: 70px; border: none;\" onload=\"window.addEventListener( 'message', e =&gt; { const dataHeight = e.data.height; const haWidgetElement = document.getElementById('haWidget'); haWidgetElement.height = dataHeight + 'px'; } )\"><\/iframe><\/p>\n<\/div>\n\n\n\n<div class=\"wp-container-3 wp-block-column\">\n<h2>Structure &#8211; Physique<\/h2>\n\n\n\n<p>Vous \u00eates une structure et souhaitez faire profiter vos publics du jeu en version physique<\/p>\n\n\n\n<figure class=\"wp-block-image size-large\"><a href=\"https:\/\/www.helloasso.com\/associations\/association-regionale-des-cinemas-itinerants-des-hauts-de-france\/boutiques\/acheter-mon-jeu-artifice\" target=\"_blank\" rel=\"noreferrer noopener\"><img loading=\"lazy\" width=\"1024\" height=\"842\" src=\"https:\/\/arci-hdf.org\/wp-content\/uploads\/2025\/08\/photo-prez-1-1024x842.png\" alt=\"\" class=\"wp-image-2491\" srcset=\"https:\/\/arci-hdf.org\/wp-content\/uploads\/2025\/08\/photo-prez-1-1024x842.png 1024w, https:\/\/arci-hdf.org\/wp-content\/uploads\/2025\/08\/photo-prez-1-300x247.png 300w, https:\/\/arci-hdf.org\/wp-content\/uploads\/2025\/08\/photo-prez-1-768x632.png 768w, https:\/\/arci-hdf.org\/wp-content\/uploads\/2025\/08\/photo-prez-1-1536x1264.png 1536w, https:\/\/arci-hdf.org\/wp-content\/uploads\/2025\/08\/photo-prez-1-2048x1685.png 2048w, https:\/\/arci-hdf.org\/wp-content\/uploads\/2025\/08\/photo-prez-1-1313x1080.png 1313w\" sizes=\"(max-width: 1024px) 100vw, 1024px\" \/><\/a><figcaption>La bo\u00eete du jeu ARTIFICE<\/figcaption><\/figure>\n\n\n\n<h2><strong>50\u20ac<\/strong> + <strong>9\u20ac<\/strong> de Frais de port<\/h2>\n\n\n\n<p>(En option) <strong>Recevez une vid\u00e9o explicative et une pr\u00e9sentation th\u00e9orique sur l&rsquo;IA : 25\u20ac<\/strong><\/p>\n\n\n\n<p><iframe id=\"haWidget\" allowtransparency=\"true\" src=\"https:\/\/www.helloasso.com\/associations\/association-regionale-des-cinemas-itinerants-des-hauts-de-france\/boutiques\/acheter-mon-jeu-artifice\/widget-bouton\" style=\"width: 100%; height: 70px; border: none;\" onload=\"window.addEventListener( 'message', e =&gt; { const dataHeight = e.data.height; const haWidgetElement = document.getElementById('haWidget'); haWidgetElement.height = dataHeight + 'px'; } )\"><\/iframe><\/p>\n<\/div>\n<\/div>\n\n\n\n<p class=\"has-text-align-center has-large-font-size\">Si vous \u00eates dans les Hauts-de-France, vous pouvez aussi organiser un atelier de 2h30 autour de l&rsquo;intelligence artificielle et nous vous laissons le jeu en partant !<\/p>\n\n\n\n<div class=\"wp-container-9 wp-block-columns\">\n<div class=\"wp-container-6 wp-block-column\">\n<div class=\"wp-container-5 is-content-justification-center wp-block-buttons\">\n<div class=\"wp-block-button\"><a class=\"wp-block-button__link\" href=\"http:\/\/arci-hdf.org\/wp-content\/uploads\/2025\/06\/Communication-Atelier-Intelligence-Artificielle-new.pdf\">L&rsquo;atelier en d\u00e9tail<\/a><\/div>\n<\/div>\n<\/div>\n\n\n\n<div class=\"wp-container-8 wp-block-column\">\n<div class=\"wp-container-7 is-content-justification-center wp-block-buttons\">\n<div class=\"wp-block-button\"><a class=\"wp-block-button__link\" href=\"https:\/\/arci-hdf.org\/?page_id=2081\" target=\"_blank\" rel=\"noreferrer noopener\">Organiser un atelier<\/a><\/div>\n<\/div>\n<\/div>\n<\/div>\n","protected":false},"excerpt":{"rendered":"<p>En 2024, avec le soutien de la DRAC Hauts-de-France, l&rsquo;ARCI-HdF a d\u00e9velopp\u00e9 un jeu de soci\u00e9t\u00e9 autour du sujet de l&rsquo;intelligence artificielle. Avec l&rsquo;arriv\u00e9e des mod\u00e8les g\u00e9n\u00e9ratifs, elle prend de plus en plus de place dans nos vies et affecte nos repr\u00e9sentations, notre imagination, nos lectures, notre rapport au savoir et \u00e0 la cr\u00e9ation. Pourtant,&hellip; <br \/> <a class=\"button small blue\" href=\"https:\/\/arci-hdf.org\/?page_id=2488\">Lire la suite<\/a><\/p>\n","protected":false},"author":1,"featured_media":0,"parent":0,"menu_order":0,"comment_status":"closed","ping_status":"closed","template":"","meta":[],"_links":{"self":[{"href":"https:\/\/arci-hdf.org\/index.php?rest_route=\/wp\/v2\/pages\/2488"}],"collection":[{"href":"https:\/\/arci-hdf.org\/index.php?rest_route=\/wp\/v2\/pages"}],"about":[{"href":"https:\/\/arci-hdf.org\/index.php?rest_route=\/wp\/v2\/types\/page"}],"author":[{"embeddable":true,"href":"https:\/\/arci-hdf.org\/index.php?rest_route=\/wp\/v2\/users\/1"}],"replies":[{"embeddable":true,"href":"https:\/\/arci-hdf.org\/index.php?rest_route=%2Fwp%2Fv2%2Fcomments&post=2488"}],"version-history":[{"count":15,"href":"https:\/\/arci-hdf.org\/index.php?rest_route=\/wp\/v2\/pages\/2488\/revisions"}],"predecessor-version":[{"id":2611,"href":"https:\/\/arci-hdf.org\/index.php?rest_route=\/wp\/v2\/pages\/2488\/revisions\/2611"}],"wp:attachment":[{"href":"https:\/\/arci-hdf.org\/index.php?rest_route=%2Fwp%2Fv2%2Fmedia&parent=2488"}],"curies":[{"name":"wp","href":"https:\/\/api.w.org\/{rel}","templated":true}]}}