{"id":2530,"date":"2025-08-13T10:21:04","date_gmt":"2025-08-13T08:21:04","guid":{"rendered":"https:\/\/arci-hdf.org\/?page_id=2530"},"modified":"2025-10-28T11:36:25","modified_gmt":"2025-10-28T10:36:25","slug":"un-projet-cine-gym-avec-cam-et-sym","status":"publish","type":"page","link":"https:\/\/arci-hdf.org\/?page_id=2530","title":{"rendered":"Un projet \u00ab\u00a0Cin\u00e9-Gym\u00a0\u00bb avec Cam et Sym !"},"content":{"rendered":"\n<p><\/p>\n\n\n\n<p>L&rsquo;Association R\u00e9gionale des Cin\u00e9mas Itin\u00e9rants des Hauts-de-France (ARCI-HdF), en partenariat avec Cin\u00e9Ligue-HdF propose des projections cin\u00e9ma accompagn\u00e9es par des s\u00e9ances de sport et des \u00e9changes autour de la pr\u00e9vention pour les jeunes publics ! D\u00e9j\u00e0 test\u00e9 4 fois en 2024 sur les d\u00e9partements du Nord et du Pas-de-Calais, le projet \u00ab\u00a0Cin\u00e9-gym\u00a0\u00bb a rassembl\u00e9 pr\u00e8s de 100 tr\u00e8s jeunes spectateurs avec le moyen m\u00e9trage \u00ab\u00a0Superasticot\u00a0\u00bb, leur permettant non seulement d&rsquo;assister \u00e0 une s\u00e9ance de cin\u00e9ma, mais aussi de b\u00e9n\u00e9ficier d&rsquo;une pr\u00e9vention adapt\u00e9e et d&rsquo;une s\u00e9ance de sport d&rsquo;une vingtaine de minutes liant renforcement musculaire, cardio et coordination de mouvements chor\u00e9graphi\u00e9e !<br>Cette proposition est n\u00e9e aussi du constat g\u00e9n\u00e9ral de la passivit\u00e9 des jeunes publics &#8211; la plupart du temps &#8211; dans leurs pratiques des \u00e9crans (un autre sujet de sant\u00e9 publique) et d&rsquo;une demande des partenaires de<br>travailler sur des propositions permettant de rendre les publics plus actifs, et pourquoi pas en alliant directement une pratique de l&rsquo;\u00e9cran (de cin\u00e9ma ici) avec une activit\u00e9 physique.<br><\/p>\n\n\n\n<p>D\u00e9roulement d&rsquo;une s\u00e9ance type (Environ 80 minutes) :<br>&#8211;&gt; Pr\u00e9sentation de la s\u00e9ance de cin\u00e9ma : Quels films vont-ils voir ? Qu&rsquo;est-ce qu&rsquo;un court-m\u00e9trage ? Avez-vous d\u00e9j\u00e0 assist\u00e9 \u00e0 une s\u00e9ance de cin\u00e9ma ? Qu&rsquo;est-ce qu&rsquo;on a le droit de faire ou non au cin\u00e9ma ? Vous voyez le projecteur num\u00e9rique cin\u00e9ma l\u00e0-bas ? Comment est-ce qu&rsquo;on fait un film d&rsquo;animation ?<br>&#8211;&gt; Pr\u00e9vention et \u00e9changes avec les publics : Qui fait du sport ici ? Quel type de sport ? Connaissez vous le fitness ? C&rsquo;est quoi un muscle ? Peut-on entra\u00eener aussi le coeur ? Pourquoi est-ce important de bien manger ? C&rsquo;est quoi, \u00ab\u00a0bien manger\u00a0\u00bb ?<br>&#8211;&gt; S\u00e9ance de cin\u00e9ma ;<br>&#8211;&gt; S\u00e9ance de sport &#8211; Partie 1 : Echauffement et questions\/r\u00e9ponses sur les diff\u00e9rents muscles et parties du corps ;<br>&#8211;&gt; S\u00e9ance de sport &#8211; Partie 2 : Cardio &#8211; Chor\u00e9graphie rythm\u00e9e favorisant l&rsquo;a\u00e9robic, la plyom\u00e9trie et le running, dans l&rsquo;esprit du body Attack ;<br>&#8211;&gt; Pause &#8211; Hydratation, pourquoi est-ce important de s&rsquo;hydrater quand on transpire ? ;<br>&#8211;&gt; S\u00e9ance de sport &#8211; Partie 3 : Renforcement musculaire &#8211; Cuisses, fessiers, bras, \u00e9paules et pectoraux, dans l&rsquo;esprit du body Pump ;<br>&#8211;&gt; S\u00e9ance de sport &#8211; Partie 4 : Renforcement musculaire du centre du corps sous forme d&rsquo;expression<br>corporelle, de planches, dans l&rsquo;esprit du Pilates et du CX Work ;<br>&#8211;&gt; Derniers \u00e9changes informels et propositions de collation.<\/p>\n\n\n\n<p><\/p>\n\n\n\n<p>Le projet Cin\u00e9-Gym a \u00e9t\u00e9 test\u00e9 en 2024 :<\/p>\n\n\n\n<p>. Le 26 juin 2024 \u00e0 Auby (59) avec 49 tr\u00e8s jeunes spectateurs ;<\/p>\n\n\n\n<p>. Le 20 ao\u00fbt 2024 \u00e0 Hulluch (62) avec 35 tr\u00e8s jeunes spectateurs ;<\/p>\n\n\n\n<p>. Le 9 octobre 2024 \u00e0 Rexpo\u00ebde (59) avec 60 tr\u00e8s jeunes spectateurs ;<\/p>\n\n\n\n<p>. Le 23 octobre 2024 \u00e0 Orchies (59) avec 75 tr\u00e8s jeunes spectateurs.<\/p>\n\n\n\n<p><\/p>\n\n\n\n<p>Gr\u00e2ce \u00e0 un financement exceptionnel du Fond de D\u00e9veloppement \u00e0 la Vie Associative sur la R\u00e9gion Hauts-de-France, d&rsquo;autres s\u00e9ances sont programm\u00e9es en 2025 :<\/p>\n\n\n\n<p>. Le 30 juillet 2025 \u00e0 Bonneuil-en-Valois (60) ;<\/p>\n\n\n\n<p>. Le 2 octobre 2025 \u00e0 Neuilly-en-Thellle (60) pour deux s\u00e9ances ;<\/p>\n\n\n\n<p>. Le 29 octobre 2025 \u00e0 Esquelbecq (59) ;<\/p>\n\n\n\n<p>. Le 29 octobre 2025 \u00e0 Vendin-le-vieil (62)<\/p>\n\n\n\n<p>. Le 8 novembre 2025 \u00e0 Sainghin-en-Weppes (59) ;<\/p>\n\n\n\n<p>Et d&rsquo;autres \u00e0 venir !<\/p>\n\n\n\n<p><\/p>\n\n\n\n<figure class=\"wp-container-2 wp-block-gallery-1 wp-block-gallery has-nested-images columns-default is-cropped\">\n<figure class=\"wp-block-image size-large\"><img loading=\"lazy\" width=\"1024\" height=\"683\" data-id=\"2534\"  src=\"https:\/\/arci-hdf.org\/wp-content\/uploads\/2025\/08\/Ok-1-1024x683.jpg\" alt=\"\" class=\"wp-image-2534\" srcset=\"https:\/\/arci-hdf.org\/wp-content\/uploads\/2025\/08\/Ok-1-1024x683.jpg 1024w, https:\/\/arci-hdf.org\/wp-content\/uploads\/2025\/08\/Ok-1-300x200.jpg 300w, https:\/\/arci-hdf.org\/wp-content\/uploads\/2025\/08\/Ok-1-768x512.jpg 768w, https:\/\/arci-hdf.org\/wp-content\/uploads\/2025\/08\/Ok-1-1536x1024.jpg 1536w, https:\/\/arci-hdf.org\/wp-content\/uploads\/2025\/08\/Ok-1-2048x1365.jpg 2048w, https:\/\/arci-hdf.org\/wp-content\/uploads\/2025\/08\/Ok-1-1620x1080.jpg 1620w\" sizes=\"(max-width: 1024px) 100vw, 1024px\" \/><figcaption>@CineLigue-HdF<\/figcaption><\/figure>\n\n\n\n<figure class=\"wp-block-image size-large\"><img loading=\"lazy\" width=\"1024\" height=\"683\" data-id=\"2536\"  src=\"https:\/\/arci-hdf.org\/wp-content\/uploads\/2025\/08\/Ok-2-2-1024x683.jpg\" alt=\"\" class=\"wp-image-2536\" srcset=\"https:\/\/arci-hdf.org\/wp-content\/uploads\/2025\/08\/Ok-2-2-1024x683.jpg 1024w, https:\/\/arci-hdf.org\/wp-content\/uploads\/2025\/08\/Ok-2-2-300x200.jpg 300w, https:\/\/arci-hdf.org\/wp-content\/uploads\/2025\/08\/Ok-2-2-768x512.jpg 768w, https:\/\/arci-hdf.org\/wp-content\/uploads\/2025\/08\/Ok-2-2-1536x1024.jpg 1536w, https:\/\/arci-hdf.org\/wp-content\/uploads\/2025\/08\/Ok-2-2-2048x1365.jpg 2048w, https:\/\/arci-hdf.org\/wp-content\/uploads\/2025\/08\/Ok-2-2-1620x1080.jpg 1620w\" sizes=\"(max-width: 1024px) 100vw, 1024px\" \/><figcaption>@Cin\u00e9Ligue-HdF<\/figcaption><\/figure>\n<\/figure>\n\n\n\n<figure class=\"wp-container-4 wp-block-gallery-3 wp-block-gallery has-nested-images columns-default is-cropped\">\n<figure class=\"wp-block-image size-large\"><img loading=\"lazy\" width=\"1024\" height=\"683\" data-id=\"2537\"  src=\"https:\/\/arci-hdf.org\/wp-content\/uploads\/2025\/08\/Cine-Gym-Bonneuil-en-valois-30072025-2-1024x683.jpg\" alt=\"\" class=\"wp-image-2537\" srcset=\"https:\/\/arci-hdf.org\/wp-content\/uploads\/2025\/08\/Cine-Gym-Bonneuil-en-valois-30072025-2-1024x683.jpg 1024w, https:\/\/arci-hdf.org\/wp-content\/uploads\/2025\/08\/Cine-Gym-Bonneuil-en-valois-30072025-2-300x200.jpg 300w, https:\/\/arci-hdf.org\/wp-content\/uploads\/2025\/08\/Cine-Gym-Bonneuil-en-valois-30072025-2-768x512.jpg 768w, https:\/\/arci-hdf.org\/wp-content\/uploads\/2025\/08\/Cine-Gym-Bonneuil-en-valois-30072025-2-1536x1024.jpg 1536w, https:\/\/arci-hdf.org\/wp-content\/uploads\/2025\/08\/Cine-Gym-Bonneuil-en-valois-30072025-2-2048x1365.jpg 2048w, https:\/\/arci-hdf.org\/wp-content\/uploads\/2025\/08\/Cine-Gym-Bonneuil-en-valois-30072025-2-1620x1080.jpg 1620w\" sizes=\"(max-width: 1024px) 100vw, 1024px\" \/><figcaption>@Cin\u00e9 Rural 60<\/figcaption><\/figure>\n<\/figure>\n\n\n\n<figure class=\"wp-container-6 wp-block-gallery-5 wp-block-gallery has-nested-images columns-default is-cropped\">\n<figure class=\"wp-block-image size-large\"><img loading=\"lazy\" width=\"1024\" height=\"683\" data-id=\"2540\"  src=\"https:\/\/arci-hdf.org\/wp-content\/uploads\/2025\/08\/Cine-Gym-Bonneuil-en-valois-30072025-10-1024x683.jpg\" alt=\"\" class=\"wp-image-2540\" srcset=\"https:\/\/arci-hdf.org\/wp-content\/uploads\/2025\/08\/Cine-Gym-Bonneuil-en-valois-30072025-10-1024x683.jpg 1024w, https:\/\/arci-hdf.org\/wp-content\/uploads\/2025\/08\/Cine-Gym-Bonneuil-en-valois-30072025-10-300x200.jpg 300w, https:\/\/arci-hdf.org\/wp-content\/uploads\/2025\/08\/Cine-Gym-Bonneuil-en-valois-30072025-10-768x512.jpg 768w, https:\/\/arci-hdf.org\/wp-content\/uploads\/2025\/08\/Cine-Gym-Bonneuil-en-valois-30072025-10-1536x1024.jpg 1536w, https:\/\/arci-hdf.org\/wp-content\/uploads\/2025\/08\/Cine-Gym-Bonneuil-en-valois-30072025-10-2048x1365.jpg 2048w, https:\/\/arci-hdf.org\/wp-content\/uploads\/2025\/08\/Cine-Gym-Bonneuil-en-valois-30072025-10-1620x1080.jpg 1620w\" sizes=\"(max-width: 1024px) 100vw, 1024px\" \/><figcaption>@Cin\u00e9 Rural 60<\/figcaption><\/figure>\n<\/figure>\n\n\n\n<p><\/p>\n","protected":false},"excerpt":{"rendered":"<p>L&rsquo;Association R\u00e9gionale des Cin\u00e9mas Itin\u00e9rants des Hauts-de-France (ARCI-HdF), en partenariat avec Cin\u00e9Ligue-HdF propose des projections cin\u00e9ma accompagn\u00e9es par des s\u00e9ances de sport et des \u00e9changes autour de la pr\u00e9vention pour les jeunes publics ! D\u00e9j\u00e0 test\u00e9 4 fois en 2024 sur les d\u00e9partements du Nord et du Pas-de-Calais, le projet \u00ab\u00a0Cin\u00e9-gym\u00a0\u00bb a rassembl\u00e9 pr\u00e8s de&hellip; <br \/> <a class=\"button small blue\" href=\"https:\/\/arci-hdf.org\/?page_id=2530\">Lire la suite<\/a><\/p>\n","protected":false},"author":1,"featured_media":0,"parent":0,"menu_order":0,"comment_status":"closed","ping_status":"closed","template":"","meta":[],"_links":{"self":[{"href":"https:\/\/arci-hdf.org\/index.php?rest_route=\/wp\/v2\/pages\/2530"}],"collection":[{"href":"https:\/\/arci-hdf.org\/index.php?rest_route=\/wp\/v2\/pages"}],"about":[{"href":"https:\/\/arci-hdf.org\/index.php?rest_route=\/wp\/v2\/types\/page"}],"author":[{"embeddable":true,"href":"https:\/\/arci-hdf.org\/index.php?rest_route=\/wp\/v2\/users\/1"}],"replies":[{"embeddable":true,"href":"https:\/\/arci-hdf.org\/index.php?rest_route=%2Fwp%2Fv2%2Fcomments&post=2530"}],"version-history":[{"count":2,"href":"https:\/\/arci-hdf.org\/index.php?rest_route=\/wp\/v2\/pages\/2530\/revisions"}],"predecessor-version":[{"id":2579,"href":"https:\/\/arci-hdf.org\/index.php?rest_route=\/wp\/v2\/pages\/2530\/revisions\/2579"}],"wp:attachment":[{"href":"https:\/\/arci-hdf.org\/index.php?rest_route=%2Fwp%2Fv2%2Fmedia&parent=2530"}],"curies":[{"name":"wp","href":"https:\/\/api.w.org\/{rel}","templated":true}]}}