{"id":257,"date":"2019-04-04T11:11:29","date_gmt":"2019-04-04T09:11:29","guid":{"rendered":"http:\/\/arci-hdf.org\/?page_id=257"},"modified":"2024-06-25T10:21:27","modified_gmt":"2024-06-25T08:21:27","slug":"les-seances-en-partenariat-avec-les-mediatheques-departementales","status":"publish","type":"page","link":"https:\/\/arci-hdf.org\/?page_id=257","title":{"rendered":"Les s\u00e9ances en partenariat avec les m\u00e9diath\u00e8ques d\u00e9partementales"},"content":{"rendered":"<h3 style=\"text-align: center;\">Les circuits de l&rsquo;ARCI nouent des partenariats avec les M\u00e9diath\u00e8ques d\u00e9partementales<\/h3>\n<p>A l&rsquo;occasion de la f\u00eate du cin\u00e9ma d&rsquo;animation en octobre et du mois du film documentaire en novembre, les 4 cin\u00e9mas itin\u00e9rants de l&rsquo;ARCI nouent des partenariats avec les m\u00e9diath\u00e8ques d\u00e9partementales de leurs territoires, afin de proposer des projections accompagn\u00e9es d&rsquo;animations et de d\u00e9bats.<\/p>\n<p>Les s\u00e9ances sont pour la plupart gratuites pour les spectateurs, n&rsquo;h\u00e9sitez pas \u00e0 suivre nos actualit\u00e9s pour en savoir plus !<\/p>\n<p><a href=\"https:\/\/arci-hdf.org\/?page_id=1465\">Retrouvez ici l&rsquo;archive 2022 !\u00a0<\/a><\/p>\n<p><a href=\"http:\/\/arci-hdf.org\/wp-content\/uploads\/2021\/10\/Communiqu%C3%A9-de-presse-MDD-et-FCA.pdf\">Retrouvez ici l&rsquo;archive 2021 !<\/a><\/p>\n<p>La saison 2020 a malheureusement \u00e9t\u00e9 annul\u00e9e en raison de la crise sanitaire li\u00e9e \u00e0 l&rsquo;\u00e9pid\u00e9mie de COVID-19, retrouvez notre article d\u00e9di\u00e9, <a href=\"http:\/\/arci-hdf.org\/?page_id=941\">ici<\/a><\/p>\n<p><a href=\"http:\/\/arci-hdf.org\/wp-content\/uploads\/2019\/10\/Livret-FINAL-Page-par-page.pdf\">Retrouvez ici l&rsquo;archive 2019 !<\/a><\/p>\n<p><a href=\"http:\/\/arci-hdf.org\/wp-content\/uploads\/2018\/10\/Plaquette-ARCI-Octo.-Nov.-Ultime-version-pour-web.pdf\">Retrouvez ici l&rsquo;archive 2018 !<\/a><\/p>\n","protected":false},"excerpt":{"rendered":"<p>Les circuits de l&rsquo;ARCI nouent des partenariats avec les M\u00e9diath\u00e8ques d\u00e9partementales A l&rsquo;occasion de la f\u00eate du cin\u00e9ma d&rsquo;animation en octobre et du mois du film documentaire en novembre, les 4 cin\u00e9mas itin\u00e9rants de l&rsquo;ARCI nouent des partenariats avec les m\u00e9diath\u00e8ques d\u00e9partementales de leurs territoires, afin de proposer des projections accompagn\u00e9es d&rsquo;animations et de d\u00e9bats.&hellip; <br \/> <a class=\"button small blue\" href=\"https:\/\/arci-hdf.org\/?page_id=257\">Lire la suite<\/a><\/p>\n","protected":false},"author":1,"featured_media":0,"parent":0,"menu_order":0,"comment_status":"closed","ping_status":"closed","template":"","meta":[],"_links":{"self":[{"href":"https:\/\/arci-hdf.org\/index.php?rest_route=\/wp\/v2\/pages\/257"}],"collection":[{"href":"https:\/\/arci-hdf.org\/index.php?rest_route=\/wp\/v2\/pages"}],"about":[{"href":"https:\/\/arci-hdf.org\/index.php?rest_route=\/wp\/v2\/types\/page"}],"author":[{"embeddable":true,"href":"https:\/\/arci-hdf.org\/index.php?rest_route=\/wp\/v2\/users\/1"}],"replies":[{"embeddable":true,"href":"https:\/\/arci-hdf.org\/index.php?rest_route=%2Fwp%2Fv2%2Fcomments&post=257"}],"version-history":[{"count":6,"href":"https:\/\/arci-hdf.org\/index.php?rest_route=\/wp\/v2\/pages\/257\/revisions"}],"predecessor-version":[{"id":2019,"href":"https:\/\/arci-hdf.org\/index.php?rest_route=\/wp\/v2\/pages\/257\/revisions\/2019"}],"wp:attachment":[{"href":"https:\/\/arci-hdf.org\/index.php?rest_route=%2Fwp%2Fv2%2Fmedia&parent=257"}],"curies":[{"name":"wp","href":"https:\/\/api.w.org\/{rel}","templated":true}]}}