{"id":2615,"date":"2026-01-22T13:50:40","date_gmt":"2026-01-22T12:50:40","guid":{"rendered":"https:\/\/arci-hdf.org\/?page_id=2615"},"modified":"2026-04-16T15:45:37","modified_gmt":"2026-04-16T13:45:37","slug":"cinema-regarder-ensemble","status":"publish","type":"page","link":"https:\/\/arci-hdf.org\/?page_id=2615","title":{"rendered":"Cin\u00e9ma &#8211; Regarder Ensemble"},"content":{"rendered":"\n<h2 class=\"has-text-align-center wp-block-heading\">Les rendez-vous dans la r\u00e9gion<\/h2>\n\n\n\n<p>En partenariat avec Fraternit\u00e9 G\u00e9n\u00e9rale et leur collectif \u201cAu contact Citoyens, Citoyennes\u201d, les cin\u00e9mas itin\u00e9rants des Hauts-de-France programment des s\u00e9ances de cin\u00e9ma dans toute la r\u00e9gion !<\/p>\n\n\n\n<p>Les films projet\u00e9s ont \u00e9t\u00e9 s\u00e9lectionn\u00e9 pour leur pertinence th\u00e9matique et toutes les s\u00e9ances seront accompagn\u00e9es de discussions, soit avec des membres de l\u2019\u00e9quipe du film, soit avec des membres d\u2019associations partenaires sp\u00e9cialis\u00e9es sur les sujets abord\u00e9s.<\/p>\n\n\n\n<p>Retrouvez ici toutes les s\u00e9ances organis\u00e9es dans la r\u00e9gion ! <\/p>\n\n\n\n<div class=\"wp-block-columns is-layout-flex wp-container-core-columns-is-layout-9d6595d7 wp-block-columns-is-layout-flex\">\n<div class=\"wp-block-column is-layout-flow wp-block-column-is-layout-flow\" style=\"flex-basis:66.66%\">\n<figure class=\"wp-block-table\"><table><tbody><tr><td><strong>Date et heure<\/strong><\/td><td><strong>Lieu<\/strong><\/td><td><strong>Film<\/strong><\/td><td><strong>Intervention pr\u00e9vue<\/strong><\/td><\/tr><tr><td>12 F\u00e9vrier 20H<\/td><td>Le Quesnoy (59)<\/td><td><em>L\u2019Histoire de Souleymane<\/em><\/td><td>Abou Sangar\u00e9, com\u00e9dien<\/td><\/tr><tr><td>12 F\u00e9vrier<br>15H30<\/td><td>Beauquesne (80)<\/td><td><em>Je verrai toujours vos visages<\/em><\/td><td>Intervenante justice restaurative<\/td><\/tr><tr><td>13 F\u00e9vrier<br>19H45<\/td><td>Bapaume (62)<\/td><td><em>Goliath<\/em><\/td><td>G\u00e9n\u00e9rations futures et Cancer Col\u00e8re<\/td><\/tr><tr><td>17 F\u00e9vrier<br>20H30<\/td><td>Berny-Rivi\u00e8re (02)<\/td><td><em>Hors Normes<\/em><\/td><td>Le Silence des Justes<\/td><\/tr><tr><td>17 F\u00e9vrier<br>20H<\/td><td>Rexpo\u00ebde (59)<\/td><td><em>Welcome<\/em><\/td><td>Association Salam<\/td><\/tr><tr><td>19 F\u00e9vrier<br>19H<\/td><td>Auchy-les-mines (62)<\/td><td><em>L\u2019Histoire de Souleymane<\/em><\/td><td>Abou Sangar\u00e9, com\u00e9dien<\/td><\/tr><tr><td>19 F\u00e9vrier<br>18H15<\/td><td>Socx (59)<\/td><td><em>Hors Normes<\/em><\/td><td>Foyer d\u2019Accueil M\u00e9dicalis\u00e9 &#8211; Gapas 62<\/td><\/tr><tr><td>25 F\u00e9vrier<br>19H<\/td><td>Vendin-le-Vieil (62)<\/td><td><em>Hors Normes<\/em><\/td><td>Foyer d\u2019Accueil M\u00e9dicalis\u00e9 &#8211; Gapas 62<\/td><\/tr><tr><td>27 F\u00e9vrier<br>19H<\/td><td>Fauquembergues (62)<\/td><td><em>Hors Normes<\/em><\/td><td>Foyer d\u2019Accueil M\u00e9dicalis\u00e9 &#8211; Gapas 62<\/td><\/tr><tr><td>7 Mars 20H30<\/td><td>Avesnes-Chaussoy (80)<\/td><td><em>Une ann\u00e9e difficile<\/em><\/td><td><em>\u00e0 d\u00e9terminer<\/em><\/td><\/tr><tr><td>17 Mars<br>20H<\/td><td>Sissonne (02)<\/td><td><em><em>Hors Normes<\/em><\/em><\/td><td>Atipik&rsquo;aisne<\/td><\/tr><tr><td>1er Avril 20H30<\/td><td>Courcelles-les-Gisors (60)<\/td><td><em>Hors Normes<\/em><\/td><td>Fondation Elan et Source Andelle<\/td><\/tr><tr><td>9 Avril 20H<\/td><td>Coisy (60)<\/td><td><em>L\u2019Histoire de Souleymane<\/em><\/td><td>Abou Sangar\u00e9, com\u00e9dien<\/td><\/tr><tr><td>13 Avril 20H30<\/td><td>Le-Nouvion-en-Thi\u00e9rache (02)<\/td><td><em>L\u2019Histoire de Souleymane<\/em><\/td><td>Abou Sangar\u00e9, com\u00e9dien<\/td><\/tr><tr><td>17 Avril 20H30<\/td><td>Airaines (80)<\/td><td>Goliath<\/td><td>Cancer Col\u00e8re<\/td><\/tr><tr><td>8 Septembre 18H<\/td><td>Sains-Richaumont (02)<\/td><td>Petit Paysan<\/td><td><em>\u00e0 d\u00e9terminer<\/em><\/td><\/tr><tr><td>15 Septembre<br>18H<\/td><td>Saint-Richaumont (02)<\/td><td><em>Hors Normes<\/em><\/td><td><em>\u00e0 d\u00e9terminer<\/em><\/td><\/tr><tr><td>6 Novembre <\/td><td>Ailly-sur-Noye (80)<\/td><td>Goliath<\/td><td><em>\u00e0 d\u00e9terminer<\/em><\/td><\/tr><\/tbody><\/table><\/figure>\n<\/div>\n\n\n\n<div class=\"wp-block-column is-layout-flow wp-block-column-is-layout-flow\" style=\"flex-basis:33.33%\">\n<p>Retrouvez aussi toutes les infos sur les sites des circuits de cin\u00e9mas itin\u00e9rants :<\/p>\n\n\n\n<ul class=\"wp-block-list\"><li>Cin\u00e9ligue : <a rel=\"noreferrer noopener\" href=\"https:\/\/cineligue-hdf.org\/\" target=\"_blank\">cineligue-hdf.org<\/a><\/li><li>Cin\u00e9 Pop : <a rel=\"noreferrer noopener\" href=\"https:\/\/www.cine-pop.net\/\" target=\"_blank\">cine-pop.net<\/a><\/li><li>Cin\u00e9 Rural 60 : <a rel=\"noreferrer noopener\" href=\"https:\/\/cinerural60.com\/\" target=\"_blank\">cinerural60.com<\/a><\/li><\/ul>\n\n\n\n<ul class=\"wp-block-list\"><li>Le site Au contact Citoyens, Citoyennes : <a rel=\"noreferrer noopener\" href=\"https:\/\/www.aucontactcitoyenscitoyennes.fr\/\" target=\"_blank\">aucontactcitoyenscitoyennes.fr<\/a><\/li><\/ul>\n<\/div>\n<\/div>\n","protected":false},"excerpt":{"rendered":"<p>Les rendez-vous dans la r\u00e9gion En partenariat avec Fraternit\u00e9 G\u00e9n\u00e9rale et leur collectif \u201cAu contact Citoyens, Citoyennes\u201d, les cin\u00e9mas itin\u00e9rants des Hauts-de-France programment des s\u00e9ances de cin\u00e9ma dans toute la r\u00e9gion ! Les films projet\u00e9s ont \u00e9t\u00e9 s\u00e9lectionn\u00e9 pour leur pertinence th\u00e9matique et toutes les s\u00e9ances seront accompagn\u00e9es de discussions, soit avec des membres de&hellip; <br \/> <a class=\"button small blue\" href=\"https:\/\/arci-hdf.org\/?page_id=2615\">Lire la suite<\/a><\/p>\n","protected":false},"author":1,"featured_media":0,"parent":0,"menu_order":0,"comment_status":"closed","ping_status":"closed","template":"","meta":{"footnotes":""},"class_list":["post-2615","page","type-page","status-publish","hentry"],"_links":{"self":[{"href":"https:\/\/arci-hdf.org\/index.php?rest_route=\/wp\/v2\/pages\/2615","targetHints":{"allow":["GET"]}}],"collection":[{"href":"https:\/\/arci-hdf.org\/index.php?rest_route=\/wp\/v2\/pages"}],"about":[{"href":"https:\/\/arci-hdf.org\/index.php?rest_route=\/wp\/v2\/types\/page"}],"author":[{"embeddable":true,"href":"https:\/\/arci-hdf.org\/index.php?rest_route=\/wp\/v2\/users\/1"}],"replies":[{"embeddable":true,"href":"https:\/\/arci-hdf.org\/index.php?rest_route=%2Fwp%2Fv2%2Fcomments&post=2615"}],"version-history":[{"count":10,"href":"https:\/\/arci-hdf.org\/index.php?rest_route=\/wp\/v2\/pages\/2615\/revisions"}],"predecessor-version":[{"id":2729,"href":"https:\/\/arci-hdf.org\/index.php?rest_route=\/wp\/v2\/pages\/2615\/revisions\/2729"}],"wp:attachment":[{"href":"https:\/\/arci-hdf.org\/index.php?rest_route=%2Fwp%2Fv2%2Fmedia&parent=2615"}],"curies":[{"name":"wp","href":"https:\/\/api.w.org\/{rel}","templated":true}]}}