{"id":2646,"date":"2026-02-26T16:51:24","date_gmt":"2026-02-26T15:51:24","guid":{"rendered":"https:\/\/arci-hdf.org\/?page_id=2646"},"modified":"2026-03-03T09:24:12","modified_gmt":"2026-03-03T08:24:12","slug":"choisissez-les-circuits-itinerants-pour-vos-seances-en-plein-air","status":"publish","type":"page","link":"https:\/\/arci-hdf.org\/?page_id=2646","title":{"rendered":"Choisissez les circuits itin\u00e9rants pour vos s\u00e9ances en plein air"},"content":{"rendered":"\n<div class=\"wp-block-file\"><object class=\"wp-block-file__embed\" data=\"https:\/\/arci-hdf.org\/wp-content\/uploads\/2026\/03\/Projections-en-Plein-Air-avec-les-cinemas-itinerants.pdf\" type=\"application\/pdf\" style=\"width:100%;height:600px\" aria-label=\"Contenu embarqu\u00e9 Projections-en-Plein-Air-avec-les-cinemas-itinerants.\"><\/object><a id=\"wp-block-file--media-fb3a4b91-b526-471c-a3a0-3a08a531b28f\" href=\"https:\/\/arci-hdf.org\/wp-content\/uploads\/2026\/03\/Projections-en-Plein-Air-avec-les-cinemas-itinerants.pdf\">Projections-en-Plein-Air-avec-les-cinemas-itinerants<\/a><a href=\"https:\/\/arci-hdf.org\/wp-content\/uploads\/2026\/03\/Projections-en-Plein-Air-avec-les-cinemas-itinerants.pdf\" class=\"wp-block-file__button\" download aria-describedby=\"wp-block-file--media-fb3a4b91-b526-471c-a3a0-3a08a531b28f\">T\u00e9l\u00e9charger<\/a><\/div>\n\n\n\n<h2>Texte du document<\/h2>\n\n\n\n<div class=\"wp-container-4 wp-block-columns\">\n<div class=\"wp-container-1 wp-block-column\">\n<h4>Contact Cin\u00e9Ligue<br>(Nord &#8211; Pas-de-Calais)<\/h4>\n\n\n\n<p>03 20 58 14 13<br><a href=\"mailto:contact@cineligue-hdf.org\">contact@cineligue-hdf.org<\/a><br><a href=\"http:\/\/cineligue-hdf.org\">cineligue-hdf.org<\/a><\/p>\n<\/div>\n\n\n\n<div class=\"wp-container-2 wp-block-column\">\n<h4>Contact Cin\u00e9 Pop<br>(Aisne &#8211; Somme)<\/h4>\n\n\n\n<p>06 86 46 42 85<br><a href=\"mailto:contact.cinepop@gmail.com\">contact.cinepop@gmail.com<\/a><br><a href=\"http:\/\/cine-pop.net\">cine-pop.net<\/a><\/p>\n<\/div>\n\n\n\n<div class=\"wp-container-3 wp-block-column\">\n<h4>Contact Cin\u00e9 Rural 60<br>(Oise)<\/h4>\n\n\n\n<p>03 44 48 37 30<br><a href=\"mailto:contact@cinerural60.com\">contact@cinerural60.com<\/a><br><a href=\"http:\/\/cinerural60.com\">cinerural60.com<\/a><\/p>\n<\/div>\n<\/div>\n\n\n\n<p><\/p>\n\n\n\n<p>DES PROJECTIONS EN PLEIN-AIR<br>En partenariat avec les circuits de cin\u00e9ma<br>itin\u00e9rant de la r\u00e9gion<\/p>\n\n\n\n<p>Vous avez un site magnifique et souhaitez le mettre en avant ?<br>Vous voulez marquer l\u2019arriv\u00e9e des vacances et de l\u2019\u00e9t\u00e9 ?<br>Vous souhaitez mettre en place un \u00e9v\u00e9nement f\u00e9d\u00e9rateur, festif et familial ?<\/p>\n\n\n\n<p>Organisez une s\u00e9ance de cin\u00e9ma en plein air !<\/p>\n\n\n\n<p>Une r\u00e9glementation \u00e0 respecter :<br>Si vous souhaitez que la s\u00e9ance soit gratuite pour les spectateurs, vous devez choisir un film sorti il y a plus d\u2019un an en salle de cin\u00e9ma ; Si vous souhaitez projeter un film r\u00e9cent, vous devez \u00ab transf\u00e9rer une billetterie Cin\u00e9ma \u00bb, et donc \u00eatre en lien avec la salle de cin\u00e9ma fixe de votre commune ou faire partie d\u2019un r\u00e9seau de circuit itin\u00e9rant ; Les projections en plein-air sont soumises \u00e0 autorisation et doivent imp\u00e9rativement respecter la r\u00e9glementation, sous peine de poursuites et d\u2019amendes \u00e9lev\u00e9es.<\/p>\n\n\n\n<p>Appuyez-vous sur des professionnels du cin\u00e9ma pour entreprendre ces d\u00e9marches ! Une \u00e9thique de programmation et de location de films. Programmer, ce n\u2019est pas seulement choisir un film que l\u2019on a aim\u00e9. C\u2019est choisir selon les types de publics que l\u2019on souhaite toucher, le contexte de la projection, le moment dans l\u2019ann\u00e9e\u2026 C\u2019est proposer de revoir un film ensemble, d\u2019en d\u00e9couvrir un moins connu, ou encore de construire une programmation selon une th\u00e9matique\u2026 Programmer, c\u2019est une affaire de PRO ! Les circuits de cin\u00e9ma itin\u00e9rant programment toute l\u2019ann\u00e9e, en partenariat avec leurs 170 communes adh\u00e9rentes en Hauts-de-France. Ils sont en contact permanent avec les distributeurs des films et peuvent donc n\u00e9gocier pour vous les meilleurs tarifs, en assurant la r\u00e9mun\u00e9ration des auteurs.<\/p>\n\n\n\n<p>Un mat\u00e9riel professionnel, qui respecte les films et assure le confort pour le public<\/p>\n\n\n\n<p>Une vraie projection en plein-air, ce n\u2019est pas une vid\u00e9o-projection sur un mur ou un drap blanc ! Pour la qualit\u00e9 de la projection et le plaisir des spectateurs, il est essentiel de projeter avec un vrai mat\u00e9riel cin\u00e9ma : Un projecteur num\u00e9rique assurant la colorim\u00e9trie et le rendu des images, selon les standards professionnels.<\/p>\n\n\n\n<p>Un mat\u00e9riel son permettant d\u2019entendre parfaitement musiques et dialogues, m\u00eame en plein-air.<\/p>\n\n\n\n<p>Un \u00e9cran de cin\u00e9ma, adapt\u00e9 au plein air et pouvant supporter un environnement venteux (inf\u00e9rieur \u00e0 35km\/h dans un contexte expos\u00e9), sans danger pour les projectionnistes ni pour les spectateurs.<\/p>\n\n\n\n<p>Faire appel \u00e0 un cin\u00e9ma itin\u00e9rant \u00e9quip\u00e9 en mat\u00e9riel DCI (Digital Cin\u00e9ma Initiatives), c&rsquo;est<br>s&rsquo;assurer d&rsquo;une projection de haute qualit\u00e9, r\u00e9pondant aux standards professionnels du cin\u00e9ma.<br>Derri\u00e8re ces projections, des \u00e9quipes qualifi\u00e9es ma\u00eetrisent l\u2019ensemble des aspects techniques li\u00e9s<br>\u00e0 la diffusion num\u00e9rique, garantissant une exp\u00e9rience fid\u00e8le aux exigences des r\u00e9alisateurs,<br>\u00e9quipes de films, exploitants et ayants droit.<\/p>\n\n\n\n<p>Les circuits de cin\u00e9ma itin\u00e9rant, partenaires naturels de vos s\u00e9ances en salle et en plein air<\/p>\n\n\n\n<p>Les associations qui g\u00e8rent les circuits de cin\u00e9ma itin\u00e9rant connaissent votre territoire. Elles le sillonnent toute l\u2019ann\u00e9e et organisent des activit\u00e9s culturelles avec les collectivit\u00e9s locales, les \u00e9tablissements scolaires, les m\u00e9diath\u00e8ques, les maisons de retraite, les associations locales\u2026 Ce sont les partenaires de proximit\u00e9 de vos s\u00e9ances !<\/p>\n\n\n\n<p>Faire appel \u00e0 un circuit de cin\u00e9ma itin\u00e9rant pour organiser votre projection en plein air, c\u2019est aussi contribuer au maintien d\u2019une offre culturelle de cin\u00e9ma toute l\u2019ann\u00e9e !<\/p>\n","protected":false},"excerpt":{"rendered":"<p>Texte du document Contact Cin\u00e9Ligue(Nord &#8211; Pas-de-Calais) 03 20 58 14 13contact@cineligue-hdf.orgcineligue-hdf.org Contact Cin\u00e9 Pop(Aisne &#8211; Somme) 06 86 46 42 85contact.cinepop@gmail.comcine-pop.net Contact Cin\u00e9 Rural 60(Oise) 03 44 48 37 30contact@cinerural60.comcinerural60.com DES PROJECTIONS EN PLEIN-AIREn partenariat avec les circuits de cin\u00e9maitin\u00e9rant de la r\u00e9gion Vous avez un site magnifique et souhaitez le mettre en avant&hellip; <br \/> <a class=\"button small blue\" href=\"https:\/\/arci-hdf.org\/?page_id=2646\">Lire la suite<\/a><\/p>\n","protected":false},"author":1,"featured_media":0,"parent":0,"menu_order":0,"comment_status":"closed","ping_status":"closed","template":"","meta":[],"_links":{"self":[{"href":"https:\/\/arci-hdf.org\/index.php?rest_route=\/wp\/v2\/pages\/2646"}],"collection":[{"href":"https:\/\/arci-hdf.org\/index.php?rest_route=\/wp\/v2\/pages"}],"about":[{"href":"https:\/\/arci-hdf.org\/index.php?rest_route=\/wp\/v2\/types\/page"}],"author":[{"embeddable":true,"href":"https:\/\/arci-hdf.org\/index.php?rest_route=\/wp\/v2\/users\/1"}],"replies":[{"embeddable":true,"href":"https:\/\/arci-hdf.org\/index.php?rest_route=%2Fwp%2Fv2%2Fcomments&post=2646"}],"version-history":[{"count":4,"href":"https:\/\/arci-hdf.org\/index.php?rest_route=\/wp\/v2\/pages\/2646\/revisions"}],"predecessor-version":[{"id":2658,"href":"https:\/\/arci-hdf.org\/index.php?rest_route=\/wp\/v2\/pages\/2646\/revisions\/2658"}],"wp:attachment":[{"href":"https:\/\/arci-hdf.org\/index.php?rest_route=%2Fwp%2Fv2%2Fmedia&parent=2646"}],"curies":[{"name":"wp","href":"https:\/\/api.w.org\/{rel}","templated":true}]}}