{"id":2678,"date":"2026-04-08T09:30:48","date_gmt":"2026-04-08T07:30:48","guid":{"rendered":"https:\/\/arci-hdf.org\/?page_id=2678"},"modified":"2026-04-08T09:30:49","modified_gmt":"2026-04-08T07:30:49","slug":"rapport-dactivite-2025","status":"publish","type":"page","link":"https:\/\/arci-hdf.org\/?page_id=2678","title":{"rendered":"Rapport d&rsquo;activit\u00e9 2025"},"content":{"rendered":"\n<p>Comme chaque ann\u00e9e l\u2019ARCI HdF produit son rapport d\u2019activit\u00e9 qui revient sur toutes les actions mises en place par l\u2019association. Vous pourrez y retrouver des informations sur le d\u00e9veloppement de la structure, les ateliers qui ont \u00e9t\u00e9 men\u00e9s, les statistiques des quatre circuits des Hauts-de-France en ce qui concerne le d\u00e9veloppement culturel ainsi qu\u2019un bilan de la saison de plein air de la r\u00e9gion Hauts-de-France.<\/p>\n\n\n\n<p>Cette ann\u00e9e 2025 a \u00e9t\u00e9 riche en nouveaut\u00e9s mais nous a aussi permis de continuer de nombreux projets initi\u00e9s en 2024. De nouveaux ateliers continuent aussi \u00e0 \u00eatre imagin\u00e9s et L\u2019ARCI-HdF, comme un atelier sur les st\u00e9r\u00e9otypes de genre et un autre sur le doublage au cin\u00e9ma. Autre grand chantier de l\u2019ann\u00e9e : le lancement de Cin\u00e9Pop, qui a repris l\u2019activit\u00e9 de cin\u00e9ma itin\u00e9rant dans l\u2019Aisne et la Somme.<\/p>\n\n\n\n<p>Le rapport d\u2019activit\u00e9 dans son int\u00e9gralit\u00e9 :<\/p>\n\n\n\n<div class=\"wp-block-file\"><object class=\"wp-block-file__embed\" data=\"https:\/\/arci-hdf.org\/wp-content\/uploads\/2026\/04\/Rapport-dactivite-2025_compressed.pdf\" type=\"application\/pdf\" style=\"width:100%;height:600px\" aria-label=\"Contenu embarqu\u00e9 Rapport-dactivite-2025_compressed.\"><\/object><a id=\"wp-block-file--media-5a29a950-9607-4c17-953b-b9f552d191b3\" href=\"https:\/\/arci-hdf.org\/wp-content\/uploads\/2026\/04\/Rapport-dactivite-2025_compressed.pdf\">Rapport-dactivite-2025_compressed<\/a><a href=\"https:\/\/arci-hdf.org\/wp-content\/uploads\/2026\/04\/Rapport-dactivite-2025_compressed.pdf\" class=\"wp-block-file__button\" download aria-describedby=\"wp-block-file--media-5a29a950-9607-4c17-953b-b9f552d191b3\">T\u00e9l\u00e9charger<\/a><\/div>\n","protected":false},"excerpt":{"rendered":"<p>Comme chaque ann\u00e9e l\u2019ARCI HdF produit son rapport d\u2019activit\u00e9 qui revient sur toutes les actions mises en place par l\u2019association. Vous pourrez y retrouver des informations sur le d\u00e9veloppement de la structure, les ateliers qui ont \u00e9t\u00e9 men\u00e9s, les statistiques des quatre circuits des Hauts-de-France en ce qui concerne le d\u00e9veloppement culturel ainsi qu\u2019un bilan&hellip; <br \/> <a class=\"button small blue\" href=\"https:\/\/arci-hdf.org\/?page_id=2678\">Lire la suite<\/a><\/p>\n","protected":false},"author":1,"featured_media":0,"parent":0,"menu_order":0,"comment_status":"closed","ping_status":"closed","template":"","meta":[],"_links":{"self":[{"href":"https:\/\/arci-hdf.org\/index.php?rest_route=\/wp\/v2\/pages\/2678"}],"collection":[{"href":"https:\/\/arci-hdf.org\/index.php?rest_route=\/wp\/v2\/pages"}],"about":[{"href":"https:\/\/arci-hdf.org\/index.php?rest_route=\/wp\/v2\/types\/page"}],"author":[{"embeddable":true,"href":"https:\/\/arci-hdf.org\/index.php?rest_route=\/wp\/v2\/users\/1"}],"replies":[{"embeddable":true,"href":"https:\/\/arci-hdf.org\/index.php?rest_route=%2Fwp%2Fv2%2Fcomments&post=2678"}],"version-history":[{"count":1,"href":"https:\/\/arci-hdf.org\/index.php?rest_route=\/wp\/v2\/pages\/2678\/revisions"}],"predecessor-version":[{"id":2680,"href":"https:\/\/arci-hdf.org\/index.php?rest_route=\/wp\/v2\/pages\/2678\/revisions\/2680"}],"wp:attachment":[{"href":"https:\/\/arci-hdf.org\/index.php?rest_route=%2Fwp%2Fv2%2Fmedia&parent=2678"}],"curies":[{"name":"wp","href":"https:\/\/api.w.org\/{rel}","templated":true}]}}