{"id":270,"date":"2019-04-19T10:13:44","date_gmt":"2019-04-19T08:13:44","guid":{"rendered":"http:\/\/arci-hdf.org\/?page_id=270"},"modified":"2025-06-02T15:13:09","modified_gmt":"2025-06-02T13:13:09","slug":"un-atelier-serie-produit-par-larci-dans-le-reseau-de-cineligue","status":"publish","type":"page","link":"https:\/\/arci-hdf.org\/?page_id=270","title":{"rendered":"Ateliers autour des s\u00e9ries"},"content":{"rendered":"\n<div class=\"wp-container-5 wp-block-columns\">\n<div class=\"wp-container-2 wp-block-column\">\n<div class=\"wp-container-1 is-content-justification-center wp-block-buttons\">\n<div class=\"wp-block-button\"><a class=\"wp-block-button__link has-vivid-cyan-blue-background-color has-background\" href=\"http:\/\/arci-hdf.org\/wp-content\/uploads\/2025\/06\/Communication-Atelier-Simpson-new.pdf\" target=\"_blank\" rel=\"noreferrer noopener\">D\u00e9couvrir l&rsquo;atelier en d\u00e9tail<\/a><\/div>\n<\/div>\n<\/div>\n\n\n\n<div class=\"wp-container-4 wp-block-column\">\n<div class=\"wp-container-3 is-content-justification-center wp-block-buttons\">\n<div class=\"wp-block-button\"><a class=\"wp-block-button__link has-vivid-cyan-blue-background-color has-background\" href=\"https:\/\/arci-hdf.org\/?page_id=2081\" target=\"_blank\" rel=\"noreferrer noopener\">Organiser un atelier<\/a><\/div>\n<\/div>\n<\/div>\n<\/div>\n\n\n\n<p>Un des premiers ateliers mont\u00e9 par l&rsquo;association, il a \u00e9t\u00e9 \u00e9prouv\u00e9 et a toujours autant de succ\u00e8s ! \u00c0 partir d&rsquo;\u00e9pisodes des Simpson ou de South Park, nous revenons sur les th\u00e9matiques sociales abord\u00e9es ainsi que sur l&rsquo;histoire et les enjeux du m\u00e9dia s\u00e9ries.<\/p>\n\n\n<div class=\"wp-block-image\">\n<figure class=\"aligncenter size-large\"><img loading=\"lazy\" width=\"1024\" height=\"724\" src=\"http:\/\/arci-hdf.org\/wp-content\/uploads\/2024\/09\/Atelier-serie-1024x724.png\" alt=\"\" class=\"wp-image-2129\" srcset=\"https:\/\/arci-hdf.org\/wp-content\/uploads\/2024\/09\/Atelier-serie-1024x724.png 1024w, https:\/\/arci-hdf.org\/wp-content\/uploads\/2024\/09\/Atelier-serie-300x212.png 300w, https:\/\/arci-hdf.org\/wp-content\/uploads\/2024\/09\/Atelier-serie-768x543.png 768w, https:\/\/arci-hdf.org\/wp-content\/uploads\/2024\/09\/Atelier-serie-1536x1086.png 1536w, https:\/\/arci-hdf.org\/wp-content\/uploads\/2024\/09\/Atelier-serie-1528x1080.png 1528w, https:\/\/arci-hdf.org\/wp-content\/uploads\/2024\/09\/Atelier-serie.png 2000w\" sizes=\"(max-width: 1024px) 100vw, 1024px\" \/><\/figure><\/div>\n\n\n<h4 class=\"has-text-align-center\">\u00c0 partir de 9 ans pour 15 personnes maximum <\/h4>\n\n\n\n<p>L&rsquo;objectif de l&rsquo;atelier est de sensibiliser les jeunes \u00e0 regarder les s\u00e9ries autrement, en d\u00e9couvrant ce qu&rsquo;elles apportent en terme de culture g\u00e9n\u00e9rale. Nous laissons les jeunes s&rsquo;exprimer quant aux d\u00e9bats que les \u00e9pisodes peuvent engendrer. Nous observons aussi les diff\u00e9rentes techniques d&rsquo;animation entre les \u00e9pisodes selon l&rsquo;\u00e9poque et discutons autour de la construction de la narration. Nous pouvons aussi proposer aux partenaires locaux de parler de leurs fonds s\u00e9ries si l&rsquo;atelier se passe en m\u00e9diath\u00e8que.<\/p>\n\n\n\n<h4>D\u00e9roulement de l&rsquo;atelier : <\/h4>\n\n\n\n<div class=\"wp-container-8 wp-block-columns\">\n<div class=\"wp-container-6 wp-block-column\">\n<p class=\"has-text-align-center\"><strong>Choisir <\/strong><strong>deux<\/strong><strong> th\u00e9matiques parmi les cinq abord\u00e9es dans les \u00e9pisodes que nous avons s\u00e9lectionn\u00e9s<\/strong><\/p>\n\n\n\n<ul><li>Lutte contre le racisme<\/li><\/ul>\n\n\n\n<ul><li>Lutte contre la Haine anti-LGBTQI+ &amp; Culture LGBTQI+<\/li><\/ul>\n\n\n\n<ul><li>Sexisme, f\u00e9minisme &amp; R\u00e9seaux sociaux<\/li><\/ul>\n\n\n\n<ul><li>Malbouffe &amp; corruption dans les concours \u00e0 la t\u00e9l\u00e9<\/li><\/ul>\n\n\n\n<ul><li>\u00c9galit\u00e9 Homme-Femme et construction de genre<\/li><\/ul>\n\n\n\n<p><\/p>\n<\/div>\n\n\n\n<div class=\"wp-container-7 wp-block-column\">\n<p class=\"has-text-align-center\"><strong>Comment se passe l\u2019atelier ?<\/strong><\/p>\n\n\n\n<ul><li>Une partie discussion sur les s\u00e9ries que les jeunes regardent, comment ils les regardent et l&rsquo;int\u00e9r\u00eat qu&rsquo;ils y portent.<\/li><\/ul>\n\n\n\n<ul><li>Une partie pr\u00e9vention sur les \u00e9crans, l&rsquo;addiction et les contenus, adapt\u00e9s ou non \u00e0 leurs \u00e2ges.<\/li><\/ul>\n\n\n\n<ul><li>Une partie analytique sur les personnages des Simpson et de South Park et le lien avec notre soci\u00e9t\u00e9 contemporaine.<\/li><\/ul>\n\n\n\n<ul><li>Visionnage de deux \u00e9pisodes des Simpson et\/ou de South Park.<\/li><\/ul>\n\n\n\n<ul><li>Retour sur les critiques sociales et soci\u00e9tales des deux \u00e9pisodes en abordant les th\u00e9matiques choisies.<\/li><\/ul>\n\n\n\n<ul><li>Retour sur les r\u00e9f\u00e9rences politiques et culturelles des deux \u00e9pisodes.<\/li><\/ul>\n<\/div>\n<\/div>\n\n\n\n<p><\/p>\n\n\n\n<div class=\"wp-container-9 is-content-justification-center wp-block-buttons\">\n<div class=\"wp-block-button\"><a class=\"wp-block-button__link has-vivid-cyan-blue-background-color has-background\" href=\"https:\/\/arci-hdf.org\/?page_id=2100\">Liste des ateliers r\u00e9alis\u00e9s<\/a><\/div>\n<\/div>\n\n\n\n<div class=\"wp-container-10 is-content-justification-center wp-block-buttons\"><\/div>\n","protected":false},"excerpt":{"rendered":"<p>Un des premiers ateliers mont\u00e9 par l&rsquo;association, il a \u00e9t\u00e9 \u00e9prouv\u00e9 et a toujours autant de succ\u00e8s ! \u00c0 partir d&rsquo;\u00e9pisodes des Simpson ou de South Park, nous revenons sur les th\u00e9matiques sociales abord\u00e9es ainsi que sur l&rsquo;histoire et les enjeux du m\u00e9dia s\u00e9ries. \u00c0 partir de 9 ans pour 15 personnes maximum L&rsquo;objectif de&hellip; <br \/> <a class=\"button small blue\" href=\"https:\/\/arci-hdf.org\/?page_id=270\">Lire la suite<\/a><\/p>\n","protected":false},"author":1,"featured_media":0,"parent":0,"menu_order":0,"comment_status":"closed","ping_status":"closed","template":"","meta":[],"_links":{"self":[{"href":"https:\/\/arci-hdf.org\/index.php?rest_route=\/wp\/v2\/pages\/270"}],"collection":[{"href":"https:\/\/arci-hdf.org\/index.php?rest_route=\/wp\/v2\/pages"}],"about":[{"href":"https:\/\/arci-hdf.org\/index.php?rest_route=\/wp\/v2\/types\/page"}],"author":[{"embeddable":true,"href":"https:\/\/arci-hdf.org\/index.php?rest_route=\/wp\/v2\/users\/1"}],"replies":[{"embeddable":true,"href":"https:\/\/arci-hdf.org\/index.php?rest_route=%2Fwp%2Fv2%2Fcomments&post=270"}],"version-history":[{"count":54,"href":"https:\/\/arci-hdf.org\/index.php?rest_route=\/wp\/v2\/pages\/270\/revisions"}],"predecessor-version":[{"id":2402,"href":"https:\/\/arci-hdf.org\/index.php?rest_route=\/wp\/v2\/pages\/270\/revisions\/2402"}],"wp:attachment":[{"href":"https:\/\/arci-hdf.org\/index.php?rest_route=%2Fwp%2Fv2%2Fmedia&parent=270"}],"curies":[{"name":"wp","href":"https:\/\/api.w.org\/{rel}","templated":true}]}}