{"id":2730,"date":"2026-04-16T15:55:52","date_gmt":"2026-04-16T13:55:52","guid":{"rendered":"https:\/\/arci-hdf.org\/?page_id=2730"},"modified":"2026-04-16T15:56:16","modified_gmt":"2026-04-16T13:56:16","slug":"larci-hdf-passe-a-la-radio-pour-presenter-artifice","status":"publish","type":"page","link":"https:\/\/arci-hdf.org\/?page_id=2730","title":{"rendered":"L&rsquo;ARCI-HdF passe \u00e0 la radio pour pr\u00e9senter ARTIFICE"},"content":{"rendered":"\n<p>Le 12 Avril 2026, L&rsquo;ARCI-HdF \u00e9tait invit\u00e9e \u00e0 radio campus Lille dans l&rsquo;\u00e9mission Heureusement en France. Nous y avons discut\u00e9 de cin\u00e9ma itin\u00e9rant, des ateliers de l&rsquo;ARCI, de leur d\u00e9veloppement et plus particuli\u00e8rement de celui sur l&rsquo;intelligence artificielle avec le jeu de soci\u00e9t\u00e9 ARTFICE ! <\/p>\n\n\n\n<p>C&rsquo;\u00e9tait une tr\u00e8s belle exp\u00e9rience que vous pouvez retrouver ici :<\/p>\n\n\n\n<div class=\"wp-block-file\"><a id=\"wp-block-file--media-24243438-056f-4346-b2f4-8c19c3af0a32\" href=\"http:\/\/arci-hdf.org\/wp-content\/uploads\/2026\/04\/Heureusement_en_france_12-04-2026_18h00.mp3\">Heureusement en France<\/a><a href=\"http:\/\/arci-hdf.org\/wp-content\/uploads\/2026\/04\/Heureusement_en_france_12-04-2026_18h00.mp3\" class=\"wp-block-file__button\" download aria-describedby=\"wp-block-file--media-24243438-056f-4346-b2f4-8c19c3af0a32\">T\u00e9l\u00e9charger<\/a><\/div>\n\n\n\n<p>Et bien s\u00fbr vous pouvez toujours retrouver les ateliers sur l&rsquo;intelligence artificielle ou acheter le jeu !<\/p>\n\n\n\n<div class=\"wp-container-7 wp-block-columns\">\n<div class=\"wp-container-2 wp-block-column\">\n<div class=\"wp-container-1 wp-block-buttons\">\n<div class=\"wp-block-button aligncenter\"><a class=\"wp-block-button__link\" href=\"https:\/\/arci-hdf.org\/?page_id=2064\">L&rsquo;atelier IA<\/a><\/div>\n<\/div>\n<\/div>\n\n\n\n<div class=\"wp-container-4 wp-block-column\">\n<div class=\"wp-container-3 wp-block-buttons\">\n<div class=\"wp-block-button aligncenter\"><a class=\"wp-block-button__link\" href=\"https:\/\/www.campuslille.com\/index.php\/entry\/categories\/heureusement-en-france\">La page de l&rsquo;\u00e9mission<\/a><\/div>\n<\/div>\n<\/div>\n\n\n\n<div class=\"wp-container-6 wp-block-column\">\n<div class=\"wp-container-5 wp-block-buttons\">\n<div class=\"wp-block-button aligncenter\"><a class=\"wp-block-button__link\" href=\"https:\/\/www.helloasso.com\/associations\/association-regionale-des-cinemas-itinerants-des-hauts-de-france\/boutiques\/acheter-mon-jeu-artifice\">Acheter le jeu<\/a><\/div>\n<\/div>\n<\/div>\n<\/div>\n","protected":false},"excerpt":{"rendered":"<p>Le 12 Avril 2026, L&rsquo;ARCI-HdF \u00e9tait invit\u00e9e \u00e0 radio campus Lille dans l&rsquo;\u00e9mission Heureusement en France. Nous y avons discut\u00e9 de cin\u00e9ma itin\u00e9rant, des ateliers de l&rsquo;ARCI, de leur d\u00e9veloppement et plus particuli\u00e8rement de celui sur l&rsquo;intelligence artificielle avec le jeu de soci\u00e9t\u00e9 ARTFICE ! C&rsquo;\u00e9tait une tr\u00e8s belle exp\u00e9rience que vous pouvez retrouver ici&hellip; <br \/> <a class=\"button small blue\" href=\"https:\/\/arci-hdf.org\/?page_id=2730\">Lire la suite<\/a><\/p>\n","protected":false},"author":1,"featured_media":0,"parent":0,"menu_order":0,"comment_status":"closed","ping_status":"closed","template":"","meta":[],"_links":{"self":[{"href":"https:\/\/arci-hdf.org\/index.php?rest_route=\/wp\/v2\/pages\/2730"}],"collection":[{"href":"https:\/\/arci-hdf.org\/index.php?rest_route=\/wp\/v2\/pages"}],"about":[{"href":"https:\/\/arci-hdf.org\/index.php?rest_route=\/wp\/v2\/types\/page"}],"author":[{"embeddable":true,"href":"https:\/\/arci-hdf.org\/index.php?rest_route=\/wp\/v2\/users\/1"}],"replies":[{"embeddable":true,"href":"https:\/\/arci-hdf.org\/index.php?rest_route=%2Fwp%2Fv2%2Fcomments&post=2730"}],"version-history":[{"count":2,"href":"https:\/\/arci-hdf.org\/index.php?rest_route=\/wp\/v2\/pages\/2730\/revisions"}],"predecessor-version":[{"id":2736,"href":"https:\/\/arci-hdf.org\/index.php?rest_route=\/wp\/v2\/pages\/2730\/revisions\/2736"}],"wp:attachment":[{"href":"https:\/\/arci-hdf.org\/index.php?rest_route=%2Fwp%2Fv2%2Fmedia&parent=2730"}],"curies":[{"name":"wp","href":"https:\/\/api.w.org\/{rel}","templated":true}]}}