{"id":521,"date":"2019-07-18T10:28:32","date_gmt":"2019-07-18T08:28:32","guid":{"rendered":"http:\/\/arci-hdf.org\/?page_id=521"},"modified":"2026-04-16T16:01:22","modified_gmt":"2026-04-16T14:01:22","slug":"archives-dactualites","status":"publish","type":"page","link":"https:\/\/arci-hdf.org\/?page_id=521","title":{"rendered":"Archives d&rsquo;actualit\u00e9s"},"content":{"rendered":"\n<h3>Archives d&rsquo;actualit\u00e9s<\/h3>\n\n\n\n<p><\/p>\n\n\n\n<p>&#8211;> 05\/08\/25 <a href=\"https:\/\/arci-hdf.org?page_id=2488\">Le jeu ARTIFICE est disponible \u00e0 la vente ! <\/a><\/p>\n\n\n\n<p>&#8211;> 04\/06\/25 <a rel=\"noreferrer noopener\" href=\"https:\/\/arci-hdf.org?page_id=2423\" target=\"_blank\">Lancement de la saison des s\u00e9ances en plein air<\/a><\/p>\n\n\n\n<p>&#8211;&gt; 20\/06\/25 <a rel=\"noreferrer noopener\" href=\"https:\/\/arci-hdf.org?page_id=2335\" target=\"_blank\">D\u00e9couvrez les deux nouveaux ateliers de l\u2019ARCI !<\/a> <\/p>\n\n\n\n<p>&#8211;&gt; 02\/06\/25 <a href=\"https:\/\/arci-hdf.org?page_id=2325\" data-type=\"URL\" data-id=\"https:\/\/arci-hdf.org?page_id=2325\">Le rapport d\u2019activit\u00e9 2024 de l\u2019ARCI-HdF <\/a><\/p>\n\n\n\n<p>&#8211;&gt; 20\/06\/25 <a href=\"https:\/\/arci-hdf.org?page_id=2335\">D\u00e9couvrez les deux nouveaux ateliers de l&rsquo;ARCI-HdF !<\/a><\/p>\n\n\n\n<p>&#8211;&gt; 05\/06\/25 <a href=\"https:\/\/arci-hdf.org?page_id=2325\">Le rapport d&rsquo;activit\u00e9 2024 de l&rsquo;association est disponible !<\/a><\/p>\n\n\n\n<p>&#8211;&gt; 24\/09\/24 <a href=\"https:\/\/cinema-itinerant.org\/wp-content\/uploads\/2024\/09\/Annonce-ANCI-promotion-outils-numeriques.pdf\">L&rsquo;ANCI recherche son.sa assistant.e de production num\u00e9rique !<\/a><\/p>\n\n\n\n<p>&#8211;&gt; 25\/06\/24 <a href=\"https:\/\/arci-hdf.org\/?page_id=2008\">Le rapport d&rsquo;activit\u00e9 2023 de l&rsquo;association est disponible !<\/a><\/p>\n\n\n\n<p>&#8211;&gt; 19\/06\/24 <a href=\"https:\/\/arci-hdf.org?page_id=1997\" data-type=\"URL\" data-id=\"https:\/\/arci-hdf.org?page_id=1997\">Lancement de la saison 2024 de s\u00e9ances en plein air<\/a><\/p>\n\n\n\n<p>&#8211;&gt; 06\/06\/24 <a rel=\"noreferrer noopener\" href=\"https:\/\/arci-hdf.org?page_id=1987\" target=\"_blank\">Hommage \u00e0 Daniel Boys<\/a><\/p>\n\n\n\n<p>&#8211;&gt; 26\/03\/24 <a rel=\"noreferrer noopener\" href=\"https:\/\/arci-hdf.org?page_id=1974\" target=\"_blank\">Regardez la restitution de l\u2019\u00e9tat des lieux des salles faite par l\u2019ARCI <\/a><\/p>\n\n\n\n<p>&#8211;&gt; 03\/12\/2024 <a rel=\"noreferrer noopener\" href=\"https:\/\/arci-hdf.org?page_id=2188\" target=\"_blank\">L&rsquo;ARCI Hdf propose un stage en m\u00e9diation cin\u00e9ma<\/a> <\/p>\n\n\n\n<p>&#8211;&gt; 20\/03\/24 <a href=\"https:\/\/arci-hdf.org\/?page_id=1965\" data-type=\"page\" data-id=\"1965\">La f\u00eate du court m\u00e9trage dans les Hauts-de-France<\/a><\/p>\n\n\n\n<p>&#8211;&gt; 08\/01\/24 <a rel=\"noreferrer noopener\" href=\"https:\/\/arci-hdf.org?page_id=1857\" target=\"_blank\">L&rsquo;ARCI HdF recrute un CDD<\/a><\/p>\n\n\n\n<p>&#8211;&gt; 08\/10\/23 <a href=\"https:\/\/arci-hdf.org?page_id=1810\">L&rsquo;\u00e9tat des lieux des salles des circuits est en ligne<\/a><\/p>\n\n\n\n<p>&#8211;&gt; 06\/10\/23 <a href=\"https:\/\/arci-hdf.org?page_id=1823\">Cin\u00e9 Rural 60 recherche son\/sa directeur\u00b7ice<\/a><\/p>\n\n\n\n<p>&#8211;&gt; 20\/09\/23 <a href=\"https:\/\/arci-hdf.org\/?page_id=1780\">Bilan de la saison des s\u00e9ances en plein air 2023<\/a><\/p>\n\n\n\n<p>&#8211;&gt; 15\/06\/23 <a href=\"https:\/\/arci-hdf.org?page_id=1750\">Lancement de la saison des s\u00e9ances en plein air 2023<\/a><\/p>\n\n\n\n<p>&#8211;&gt; 16\/05\/23 <a href=\"https:\/\/arci-hdf.org?page_id=1721\">Un cin\u00e9-spectacle-d\u00e9bat \u00e0 Dury (62)<\/a><\/p>\n\n\n\n<p>&#8211;&gt; 15\/05\/23 <a href=\"https:\/\/arci-hdf.org?page_id=1667\">Accompagnements sur Super Mario Bros : Le film<\/a><\/p>\n\n\n\n<p>&#8211;&gt; 28\/02\/23 <a href=\"https:\/\/arci-hdf.org?page_id=1083\">Des ateliers autour des m\u00e9dias et des fake news<\/a><\/p>\n\n\n\n<p>&#8211;&gt; 03\/01\/23 <a href=\"https:\/\/arci-hdf.org?page_id=1601\">L\u2019ARCI recherche un stagiaire pour f\u00e9vrier 2023&nbsp;<\/a><\/p>\n\n\n\n<p>&#8211;&gt; 30\/11\/22 <a href=\"https:\/\/arci-hdf.org\/?page_id=1572\">Un partenariat ARCI et Cin\u00e9ligue pour former des professionnels \u00e0 l\u2019\u00e9ducation \u00e0 l\u2019image<\/a><\/p>\n\n\n\n<p>&#8211;&gt; 31\/10\/22 <a href=\"https:\/\/arci-hdf.org?page_id=1504\">Premier essai r\u00e9ussi pour l\u2019atelier sur la peur au cin\u00e9ma<\/a><\/p>\n\n\n\n<p>&#8211;&gt; 28\/10\/22 <a href=\"https:\/\/arci-hdf.org?page_id=1465\">Le mois du doc arrive dans les Hauts-de-France<\/a><\/p>\n\n\n\n<p>&#8211;&gt; 28\/10\/22 <a href=\"https:\/\/arci-hdf.org?page_id=270\">Des ateliers s\u00e9ries dans les r\u00e9seaux de l\u2019ARCI avec Les Simpson<\/a><\/p>\n\n\n\n<p>&#8211;&gt; 07\/10\/22 <a href=\"https:\/\/arci-hdf.org?page_id=1441\">Communiqu\u00e9 de presse : les capsules vid\u00e9o de l\u2019ARCI sont l\u00e0<\/a><\/p>\n\n\n\n<p>&#8211;&gt; 20\/06\/22 <a href=\"https:\/\/arci-hdf.org\/?page_id=1350\">Lancement de la saison des s\u00e9ances en plein air<\/a><\/p>\n\n\n\n<p>&#8211;&gt; 03\/03\/22 <a href=\"https:\/\/arci-hdf.org\/?page_id=1306\">La f\u00eate du court-m\u00e9trage arrive !<\/a><\/p>\n\n\n\n<p>&#8211;&gt; 26\/01\/22 <a href=\"https:\/\/arci-hdf.org\/?page_id=1290\">L&rsquo;ARCI est intervenue lors d&rsquo;une rencontre r\u00e9gionale autour de l&rsquo;\u00e9ducation aux m\u00e9dias<\/a><\/p>\n\n\n\n<p>&#8211;&gt; 18\/01\/22 <a href=\"https:\/\/arci-hdf.org?page_id=1200\">Lancement d&rsquo;un appel \u00e0 projet par l&rsquo;ARCI-HdF aupr\u00e8s des r\u00e9alisateurs.trices et \u00e9tudiants.tes en fili\u00e8res audiovisuelles.<\/a><\/p>\n\n\n\n<p>&#8211;&gt; 01\/01\/22 <a href=\"https:\/\/arci-hdf.org?page_id=1215\">Toute l&rsquo;\u00e9quipe de l&rsquo;ARCI-HdF vous souhaite une bonne ann\u00e9e !<\/a><\/p>\n\n\n\n<p>&#8211;&gt; 08\/11\/21 <a href=\"https:\/\/arci-hdf.org?page_id=1224\">Un projet en partenariat avec l&rsquo;OMJC de Villeneuve d&rsquo;Asq !<\/a><\/p>\n\n\n\n<p>&#8211;&gt; 06\/11\/21 <a href=\"https:\/\/arci-hdf.org?page_id=1185&amp;preview=true\">Les \u00e9tats g\u00e9n\u00e9raux de l&rsquo;ANCI se sont d\u00e9roul\u00e9s \u00e0 Arras !<\/a><\/p>\n\n\n\n<p>&#8211;&gt; 08\/10\/21 <a href=\"https:\/\/arci-hdf.org?page_id=1142\">Les circuits itin\u00e9rants participent \u00e0 la f\u00eate du cin\u00e9ma d&rsquo;animation et au mois du film documentaire&nbsp;<\/a><\/p>\n\n\n\n<p>&#8211;&gt; 21\/09\/21 <a href=\"https:\/\/arci-hdf.org\/?page_id=1127\">La saison des s\u00e9ances de cin\u00e9ma en plein air, c&rsquo;est fini !<\/a><\/p>\n\n\n\n<p>&#8211;&gt; 05\/07\/21 <a href=\"https:\/\/arci-hdf.org\/?page_id=1065\">La saison des s\u00e9ances de cin\u00e9ma en plein air 2021 a commenc\u00e9<\/a><\/p>\n\n\n\n<p>&#8211;&gt; 16\/06\/21&nbsp;<a href=\"http:\/\/arci-hdf.org\/?page_id=1039\">Disparition de Cyril Cornet, conseiller au cin\u00e9ma et \u00e0 l&rsquo;image anim\u00e9e \u00e0 la DRAC Hauts-de-France<\/a><\/p>\n\n\n\n<p>&#8211;&gt; 31\/03\/21 <a href=\"https:\/\/arci-hdf.org\/?page_id=1008\">Des ateliers autour de la r\u00e9alit\u00e9 virtuelle<\/a><\/p>\n\n\n\n<p>&#8211;&gt; 30\/03\/21 <a href=\"https:\/\/arci-hdf.org?page_id=649\">Des ateliers autour des jeux vid\u00e9os !<\/a><\/p>\n\n\n\n<p>&#8211;&gt; 29\/03\/21 <a href=\"https:\/\/arci-hdf.org?page_id=270\">Des ateliers s\u00e9ries avec Les Simpson !<\/a><\/p>\n\n\n\n<p>&#8211;&gt; 01\/01\/21 <a href=\"http:\/\/arci-hdf.org\/?page_id=918\">L&rsquo;ARCI-HdF vous souhaite une excellente ann\u00e9e 2021 !<\/a><\/p>\n\n\n\n<p>&#8211;&gt; 11\/12\/20 <a href=\"http:\/\/arci-hdf.org?page_id=982\">Les s\u00e9ances de cin\u00e9ma des circuits itin\u00e9rants sont de nouveaux suspendues&#8230;<\/a><\/p>\n\n\n\n<p>&#8211;&gt; 24\/11\/20<a href=\"http:\/\/arci-hdf.org?page_id=887\"> Les salari\u00e9s de l&rsquo;ARCI-HdF ont form\u00e9 des \u00e9tudiants du BPJEPS au CREPS de Wattignies<\/a><\/p>\n\n\n\n<p>&#8211;&gt; 01\/11\/20 <a href=\"http:\/\/arci-hdf.org?page_id=941\">Les s\u00e9ances \u00ab\u00a0Mois du film documentaire\u00a0\u00bb en m\u00e9diath\u00e8ques sont annul\u00e9es<\/a><\/p>\n\n\n\n<p>&#8211;&gt; 13\/10\/20 <a href=\"http:\/\/arci-hdf.org\/?page_id=376\">Les s\u00e9ances de cin\u00e9ma pour les tout-petits continuent !<\/a><\/p>\n\n\n\n<p>&#8211;&gt; 01\/10\/20 <a href=\"http:\/\/arci-hdf.org\/?page_id=216\">Les s\u00e9ances de cin\u00e9ma avec des films r\u00e9gionaux continuent dans les Hauts-de-France<\/a><\/p>\n\n\n\n<p>&#8211;&gt; 14\/09\/20 <a href=\"http:\/\/arci-hdf.org?page_id=855\">Les s\u00e9ances de cin\u00e9ma en plein air 2020, c&rsquo;est finit !<\/a><\/p>\n\n\n\n<p>&#8211;&gt; 17\/08\/20 <a href=\"http:\/\/arci-hdf.org\/?page_id=1008\">Retour sur le premier atelier autour de la r\u00e9alit\u00e9 virtuelle !<\/a><\/p>\n\n\n\n<p>&#8211;&gt; 24\/06\/20&nbsp;&nbsp;<a href=\"http:\/\/arci-hdf.org?page_id=790\">Les s\u00e9ances de cin\u00e9ma en plein air d\u00e9buteront le vendredi 3 juillet 2020<\/a><\/p>\n\n\n\n<p>&#8211;&gt; 13\/05\/20&nbsp;<a href=\"http:\/\/arci-hdf.org\/?page_id=123\">La s\u00e9rie R\u00e9seaux, produite par l&rsquo;ARCI, est compl\u00e8tement disponible !<\/a><\/p>\n\n\n\n<p>&#8211;&gt; 17\/03\/20 <a href=\"http:\/\/arci-hdf.org\/?page_id=690\">COVID-19 Les actions de l&rsquo;ARCI sont suspendues\u2026<\/a><\/p>\n\n\n\n<p>&#8211;&gt; 14\/03\/20 <a href=\"http:\/\/arci-hdf.org\/?page_id=660\">Les circuits de l&rsquo;ARCI cr\u00e9ent un partenariat avec l&rsquo;association ARCHIPOP<\/a><\/p>\n\n\n\n<p>&#8211;&gt; 13\/03\/20&nbsp;<a href=\"http:\/\/arci-hdf.org\/?page_id=672\">L&rsquo;ARCI participe \u00e0 la f\u00eate nationale du court-m\u00e9trage<\/a><\/p>\n\n\n\n<p>&#8211;&gt; 02\/01\/20 <a href=\"http:\/\/arci-hdf.org?page_id=619#http:\/\/arci-hdf.org\/?page_id=619\">Bonne ann\u00e9e 2020 !<\/a><\/p>\n\n\n\n<p>&#8211;&gt; 25\/11\/19 <a href=\"http:\/\/arci-hdf.org\/?page_id=611\">Les s\u00e9ances \u00ab\u00a0jeune public\u00a0\u00bb de no\u00ebl de l&rsquo;ARCI<\/a><\/p>\n\n\n\n<p>&#8211;&gt; 18\/11\/19 <a href=\"http:\/\/arci-hdf.org\/?page_id=376\">Mes premiers pas au cin\u00e9ma &#8211; Du cin\u00e9ma accompagn\u00e9 d&rsquo;ateliers parents-enfants pour les tout-petits<\/a><\/p>\n\n\n\n<p>&#8211;&gt; 01\/10\/19 <a href=\"http:\/\/arci-hdf.org\/?page_id=579\">Les s\u00e9ances en partenariat avec les M\u00e9diath\u00e8ques D\u00e9partementales<\/a><\/p>\n\n\n\n<p>&#8211;&gt; 02\/09\/19 <a href=\"http:\/\/arci-hdf.org?page_id=363\">Les s\u00e9ances Plein air 2019, c&rsquo;est fini !<\/a><\/p>\n\n\n\n<p>&#8211;&gt; 11\/07\/19 <a href=\"http:\/\/arci-hdf.org\/?page_id=490\">L&rsquo;ensemble des circuits de cin\u00e9ma itin\u00e9rant des Hauts-de-France sont d\u00e9sormais class\u00e9s Art&amp;Essai<\/a><\/p>\n\n\n\n<p>&#8211;&gt; 22\/06\/19 <a href=\"http:\/\/arci-hdf.org?page_id=440\">Le festival de Cin\u00e9 Rural 60 d\u00e9marre aujourd&rsquo;hui !<\/a><\/p>\n\n\n\n<p>&#8211;&gt; 04\/06\/19 <a href=\"http:\/\/arci-hdf.org?page_id=402&amp;preview=true\">La premi\u00e8re assembl\u00e9e g\u00e9n\u00e9rale de l&rsquo;ARCI<\/a><\/p>\n\n\n\n<p>&#8211;&gt; 30\/03\/19 <a href=\"http:\/\/arci-hdf.org\/?page_id=545\">Cin\u00e9Ligue propose la septi\u00e8me \u00e9dition de son festival jeune public \u00ab\u00a0Les P&rsquo;Tites Toiles d&rsquo;Emile\u00a0\u00bb<\/a><\/p>\n\n\n\n<p>&#8211;&gt; 22\/03\/19 <a href=\"http:\/\/arci-hdf.org\/?page_id=538\">Une formation organis\u00e9e par Cin\u00e9 Rural 60 via l&rsquo;ARCI<\/a><\/p>\n\n\n\n<p>&#8211;&gt; 19\/03\/19 <a href=\"http:\/\/arci-hdf.org\/?page_id=216\">L&rsquo;ARCI propose des \u00e9v\u00e9nements autour de films r\u00e9gionaux<\/a><\/p>\n\n\n\n<p>&#8211;&gt; 28\/02\/19 <a href=\"http:\/\/arci-hdf.org\/?page_id=297\">Un cin\u00e9 comptine avec un programme de court-m\u00e9trages et un spectacle d&rsquo;un artiste r\u00e9gional<\/a><\/p>\n\n\n\n<p>&#8211;&gt; 26\/11\/18 <a href=\"http:\/\/arci-hdf.org\/?page_id=186\">Retour sur la soir\u00e9e du d\u00e9marrage officiel de l&rsquo;activit\u00e9 de l&rsquo;Association R\u00e9gionale des Cin\u00e9mas Itin\u00e9rants des Hauts-de-France<\/a><\/p>\n\n\n\n<p>&#8211;&gt; 17\/11\/18&nbsp;<a href=\"http:\/\/arci-hdf.org\/?page_id=149\">Lancement officiel de l&rsquo;Association R\u00e9gionale des Cin\u00e9mas Itin\u00e9rants des Hauts-de-France<\/a><\/p>\n","protected":false},"excerpt":{"rendered":"<p>Archives d&rsquo;actualit\u00e9s &#8211;> 05\/08\/25 Le jeu ARTIFICE est disponible \u00e0 la vente ! &#8211;> 04\/06\/25 Lancement de la saison des s\u00e9ances en plein air &#8211;&gt; 20\/06\/25 D\u00e9couvrez les deux nouveaux ateliers de l\u2019ARCI ! &#8211;&gt; 02\/06\/25 Le rapport d\u2019activit\u00e9 2024 de l\u2019ARCI-HdF &#8211;&gt; 20\/06\/25 D\u00e9couvrez les deux nouveaux ateliers de l&rsquo;ARCI-HdF ! &#8211;&gt; 05\/06\/25 Le&hellip; <br \/> <a class=\"button small blue\" href=\"https:\/\/arci-hdf.org\/?page_id=521\">Lire la suite<\/a><\/p>\n","protected":false},"author":1,"featured_media":0,"parent":0,"menu_order":0,"comment_status":"closed","ping_status":"closed","template":"","meta":[],"_links":{"self":[{"href":"https:\/\/arci-hdf.org\/index.php?rest_route=\/wp\/v2\/pages\/521"}],"collection":[{"href":"https:\/\/arci-hdf.org\/index.php?rest_route=\/wp\/v2\/pages"}],"about":[{"href":"https:\/\/arci-hdf.org\/index.php?rest_route=\/wp\/v2\/types\/page"}],"author":[{"embeddable":true,"href":"https:\/\/arci-hdf.org\/index.php?rest_route=\/wp\/v2\/users\/1"}],"replies":[{"embeddable":true,"href":"https:\/\/arci-hdf.org\/index.php?rest_route=%2Fwp%2Fv2%2Fcomments&post=521"}],"version-history":[{"count":58,"href":"https:\/\/arci-hdf.org\/index.php?rest_route=\/wp\/v2\/pages\/521\/revisions"}],"predecessor-version":[{"id":2738,"href":"https:\/\/arci-hdf.org\/index.php?rest_route=\/wp\/v2\/pages\/521\/revisions\/2738"}],"wp:attachment":[{"href":"https:\/\/arci-hdf.org\/index.php?rest_route=%2Fwp%2Fv2%2Fmedia&parent=521"}],"curies":[{"name":"wp","href":"https:\/\/api.w.org\/{rel}","templated":true}]}}