{"id":649,"date":"2020-02-10T16:41:58","date_gmt":"2020-02-10T15:41:58","guid":{"rendered":"http:\/\/arci-hdf.org\/?page_id=649"},"modified":"2025-06-02T15:11:23","modified_gmt":"2025-06-02T13:11:23","slug":"des-ateliers-jeux-videos-dans-les-circuits-de-larci","status":"publish","type":"page","link":"https:\/\/arci-hdf.org\/?page_id=649","title":{"rendered":"Atelier jeux vid\u00e9os"},"content":{"rendered":"\n<div class=\"wp-container-5 wp-block-columns\">\n<div class=\"wp-container-2 wp-block-column\">\n<div class=\"wp-container-1 is-content-justification-center wp-block-buttons\">\n<div class=\"wp-block-button\"><a class=\"wp-block-button__link has-vivid-cyan-blue-background-color has-background\" href=\"http:\/\/arci-hdf.org\/wp-content\/uploads\/2025\/06\/Communication-Atelier-Jeux-Videos-new.pdf\">D\u00e9couvrir l&rsquo;atelier en d\u00e9tail<\/a><\/div>\n<\/div>\n<\/div>\n\n\n\n<div class=\"wp-container-4 wp-block-column\">\n<div class=\"wp-container-3 is-content-justification-center wp-block-buttons\">\n<div class=\"wp-block-button\"><a class=\"wp-block-button__link has-vivid-cyan-blue-background-color has-background\" href=\"https:\/\/arci-hdf.org\/?page_id=2081\" target=\"_blank\" rel=\"noreferrer noopener\">Organiser un atelier<\/a><\/div>\n<\/div>\n<\/div>\n<\/div>\n\n\n\n<p>De nos jours, et surtout chez les jeunes, tout le monde ou presque joue aux jeux vid\u00e9o. Que ce soit sur t\u00e9l\u00e9phone, sur ordinateur ou sur console, ce m\u00e9dia fait partie de nos vies. Mais quelle est son histoire, comment les jeux sont construits, et y a-t-il des vigilances \u00e0 avoir sur les risques, sur la violence parfois repr\u00e9sent\u00e9e et sur une potentielle addiction ? C&rsquo;est toutes ces questions sur lesquelles nous revenons avec les jeunes, avant de jouer \u00e0 un jeu r\u00e9gional d\u00e9velopp\u00e9 par Ankama.<\/p>\n\n\n<div class=\"wp-block-image\">\n<figure class=\"aligncenter size-large\"><img loading=\"lazy\" width=\"1024\" height=\"768\" src=\"http:\/\/arci-hdf.org\/wp-content\/uploads\/2020\/11\/IMG_20200806_134851-1024x768.jpg\" alt=\"\" class=\"wp-image-873\" srcset=\"https:\/\/arci-hdf.org\/wp-content\/uploads\/2020\/11\/IMG_20200806_134851-1024x768.jpg 1024w, https:\/\/arci-hdf.org\/wp-content\/uploads\/2020\/11\/IMG_20200806_134851-300x225.jpg 300w, https:\/\/arci-hdf.org\/wp-content\/uploads\/2020\/11\/IMG_20200806_134851-768x576.jpg 768w, https:\/\/arci-hdf.org\/wp-content\/uploads\/2020\/11\/IMG_20200806_134851-1440x1080.jpg 1440w\" sizes=\"(max-width: 1024px) 100vw, 1024px\" \/><\/figure><\/div>\n\n\n<h4 class=\"has-text-align-center\">\u00c0 partir de 9 ans pour 15 personnes maximum <\/h4>\n\n\n\n<p>Dans la famille audiovisuelle, le cin\u00e9ma est le premier n\u00e9 et les jeux vid\u00e9os sont les benjamins, souvent d\u00e9cri\u00e9s par les parents, tr\u00e8s addictifs pour les jeunes.<\/p>\n\n\n\n<p>Comme le cin\u00e9ma, les jeux vid\u00e9os ont une histoire, se r\u00e9partissent en genres diff\u00e9rents et ont leurs cr\u00e9ations r\u00e9gionales.<\/p>\n\n\n\n<p>L&rsquo;atelier vous permettra de d\u00e9couvrir tout un univers cr\u00e9atif et ses multiples r\u00e9f\u00e9rences. Ensuite, \u00e0 vous de jouer : d\u00e9couverte sur grand \u00e9cran de jeux cr\u00e9\u00e9s en r\u00e9gion avec une analyse de leurs contenus !<\/p>\n\n\n\n<h4>D\u00e9roulement de l&rsquo;atelier : <\/h4>\n\n\n\n<ul><li>R\u00e9trospective sur l&rsquo;histoire du jeu vid\u00e9o <\/li><li>Pr\u00e9vention sur les diff\u00e9rents usages <\/li><li>Parall\u00e8le entre le cin\u00e9ma et le jeu vid\u00e9o (quiz) <\/li><li>D\u00e9couverte de l&rsquo;histoire des consoles et des m\u00e9tiers li\u00e9s aux jeux vid\u00e9os <\/li><li>Test et analyse de productions r\u00e9gionales<\/li><\/ul>\n\n\n\n<div class=\"wp-container-6 is-content-justification-center wp-block-buttons\">\n<div class=\"wp-block-button\"><a class=\"wp-block-button__link has-vivid-cyan-blue-background-color has-background\" href=\"https:\/\/arci-hdf.org\/?page_id=2100\">Liste des ateliers r\u00e9alis\u00e9s<\/a><\/div>\n<\/div>\n","protected":false},"excerpt":{"rendered":"<p>De nos jours, et surtout chez les jeunes, tout le monde ou presque joue aux jeux vid\u00e9o. Que ce soit sur t\u00e9l\u00e9phone, sur ordinateur ou sur console, ce m\u00e9dia fait partie de nos vies. Mais quelle est son histoire, comment les jeux sont construits, et y a-t-il des vigilances \u00e0 avoir sur les risques, sur&hellip; <br \/> <a class=\"button small blue\" href=\"https:\/\/arci-hdf.org\/?page_id=649\">Lire la suite<\/a><\/p>\n","protected":false},"author":1,"featured_media":0,"parent":0,"menu_order":0,"comment_status":"closed","ping_status":"closed","template":"","meta":[],"_links":{"self":[{"href":"https:\/\/arci-hdf.org\/index.php?rest_route=\/wp\/v2\/pages\/649"}],"collection":[{"href":"https:\/\/arci-hdf.org\/index.php?rest_route=\/wp\/v2\/pages"}],"about":[{"href":"https:\/\/arci-hdf.org\/index.php?rest_route=\/wp\/v2\/types\/page"}],"author":[{"embeddable":true,"href":"https:\/\/arci-hdf.org\/index.php?rest_route=\/wp\/v2\/users\/1"}],"replies":[{"embeddable":true,"href":"https:\/\/arci-hdf.org\/index.php?rest_route=%2Fwp%2Fv2%2Fcomments&post=649"}],"version-history":[{"count":43,"href":"https:\/\/arci-hdf.org\/index.php?rest_route=\/wp\/v2\/pages\/649\/revisions"}],"predecessor-version":[{"id":2396,"href":"https:\/\/arci-hdf.org\/index.php?rest_route=\/wp\/v2\/pages\/649\/revisions\/2396"}],"wp:attachment":[{"href":"https:\/\/arci-hdf.org\/index.php?rest_route=%2Fwp%2Fv2%2Fmedia&parent=649"}],"curies":[{"name":"wp","href":"https:\/\/api.w.org\/{rel}","templated":true}]}}