{"id":88,"date":"2018-09-25T16:36:42","date_gmt":"2018-09-25T14:36:42","guid":{"rendered":"http:\/\/arci-hdf.org\/?page_id=88"},"modified":"2026-04-16T16:02:28","modified_gmt":"2026-04-16T14:02:28","slug":"one-page-express","status":"publish","type":"page","link":"https:\/\/arci-hdf.org\/","title":{"rendered":"&#8211;"},"content":{"rendered":"<div  id=\"arci\" class=\"about-big-images-section\" style=\"background-color: #faf9f5;\" data-label=\"ARCI\" data-id=\"about-big-images-section\" data-category=\"about\">\n<div  class=\"gridContainer\">\n<div  class=\"about-big-images-textrow\">\n<div  class=\"about-big-images-textcol dynamic-color\" data-type=\"column\">\n<h3  class=\"\">L\u2019Association R\u00e9gionale des Cin\u00e9mas Itin\u00e9rants des Hauts-de-France<\/h3>\n<a class=\"\" href=\"http:\/\/www.culture.gouv.fr\/Regions\/Drac-Hauts-de-France\" target=\"_blank\" rel=\"noopener\">DRAC \u2013 Hauts-de-France &nbsp; &nbsp; &nbsp; &nbsp; <\/a><a class=\"\" href=\"http:\/\/www.hautsdefrance.fr\" target=\"_blank\" rel=\"noopener\"> R\u00e9gion Hauts-de-France<\/a>\n<p  class=\"\" style=\"text-align: left;\">L\u2019Association R\u00e9gionale des Cin\u00e9mas Itin\u00e9rants des Hauts-de-France s\u2019est cr\u00e9\u00e9e le 17 mai 2018, avec pour objectif de regrouper les quatre circuits de cin\u00e9ma itin\u00e9rant de la nouvelle grande r\u00e9gion sous une m\u00eame entit\u00e9. L\u2019objectif principal est de promouvoir le d\u00e9veloppement de l\u2019exploitation cin\u00e9matographique et de l\u2019\u00e9ducation artistique et culturelle en milieu rural. Ces diff\u00e9rents circuits de cin\u00e9ma itin\u00e9rants sont : Cin\u00e9Rural60 pour le d\u00e9partement de l\u2019Oise, Cin\u00e9 Pop pour les d\u00e9partements de l\u2019Aisne et de la Somme et Cin\u00e9Ligue Hauts-de-France pour les d\u00e9partements du Nord et du Pas-de-Calais. Subventionn\u00e9e par la Direction R\u00e9gionale des Affaires Culturelles des Hauts de France et la R\u00e9gion Hauts-de-France, l\u2019ARCI-HdF repr\u00e9sente un esprit de mutualisation de l\u2019activit\u00e9 des cin\u00e9mas itin\u00e9rants en fonction de la politique culturelle des Hauts-de-France. Elle s\u2019est construite sur le mod\u00e8le de l\u2019ANCI \u2013 L\u2019association Nationale des Cin\u00e9mas Itin\u00e9rants. L\u2019Association a \u00e9galement pour but de d\u00e9veloppement des actions d\u2019\u00e9ducation \u00e0 l\u2019image et aux m\u00e9dias sur l\u2019ensemble du territoire R\u00e9gional !<\/p>\n<a class=\"\" href=\"https:\/\/www.cinema-itinerant.org\" target=\"_blank\" rel=\"noopener\">L\u2019association Nationale des Cin\u00e9mas Itin\u00e9rants<\/a>\n\n<\/div>\n<\/div>\n<\/div>\n<div  class=\"about-big-images-bottomrow\">\n<div  class=\"about-big-images-leftimgcol\"><img  class=\"about-big-images-leftimg\" src=\"http:\/\/arci-hdf.org\/wp-content\/uploads\/2020\/01\/IMG_191.jpg\"><\/div>\n<div  class=\"about-big-images-centerimgcol\"><img  class=\"about-big-images-centerimg\" src=\"http:\/\/arci-hdf.org\/wp-content\/uploads\/2019\/10\/PTE19-Coudekerque-atelier-bruitage-JC-Feldis-10.jpg\"><\/div>\n<div  class=\"about-big-images-rightimgcol\"><img  class=\"about-big-images-rightimg\" src=\"http:\/\/arci-hdf.org\/wp-content\/uploads\/2021\/09\/20210722_220703.jpg\"><\/div>\n<\/div>\n<\/div><div  data-label=\"About\" data-id=\"about-images-right-section\" data-category=\"about\" class=\"about-images-right-section\" id=\"about-3\" style=\"background-color: rgb(246, 246, 246);\"> <div  class=\"gridContainer dynamic-color\"> <div  class=\"about-images-right-innerrow dynamic-color\"> <div  class=\"about-images-right-textcol\" data-type=\"column\"> <h5  class=\"\">NOTRE JEU DE SOCI\u00c9T\u00c9<\/h5> <h2  class=\"about-images-right-bigtitle\">Le jeu de soci\u00e9t\u00e9 ARTIFICE d\u00e9velopp\u00e9 par l\u2019ARCI-HdF est sorti<\/h2> <p  class=\"\">ARTIFICE est un jeu de soci\u00e9t\u00e9 qui permet de comprendre le fonctionnement des mod\u00e8les d\u2019intelligence artifielle. D\u00e9couvrez le en d\u00e9tail et achetez le en cliquant ici !<\/p> <a class=\"button blue\" href=\"https:\/\/arci-hdf.org?page_id=2488\" target=\"_blank\" rel=\"noopener\">D\u00e9couvrir ARTIFICE<\/a> <\/div> <div  class=\"about-images-right-imgcol\"><img  class=\"about-images-right-topimg\" src=\"http:\/\/arci-hdf.org\/wp-content\/uploads\/2025\/08\/photo-prez-1.png\" alt=\"\"><img  class=\"about-images-right-rightimg\" src=\"http:\/\/arci-hdf.org\/wp-content\/uploads\/2025\/08\/Design-sans-titre.png\" alt=\"\"><img  class=\"about-images-right-leftimg\" src=\"http:\/\/arci-hdf.org\/wp-content\/uploads\/2025\/08\/photo-prez-contenu-min.png\" alt=\"\"> <\/div> <\/div> <\/div><\/div><div  data-label=\"Overlapable\" data-id=\"stripped-about-four-boxes-section\" data-category=\"overlapable\" class=\"stripped-about-four-boxes-section\" data-overlap=\"true\" id=\"overlapable-1\" style=\"background-color: rgb(255, 255, 255);\"> <div  class=\"gridContainer\"> <div  class=\"about-four-boxes-innerrow flexbox-list\"> <div  class=\"about-four-boxes-imgcol\" data-bg=\"image\" style=\"background-image: url(&quot;http:\/\/arci-hdf.org\/wp-content\/uploads\/2025\/02\/Capture-decran-2025-02-27-173139.png&quot;);\"><\/div> <div  class=\"about-four-boxes-textcol\" data-type=\"column\"> <h6  class=\"\">Education \u00e0 l\u2019image et aux m\u00e9dias<\/h6><h2  class=\"\">Les ateliers de l\u2019ARCI<\/h2>  <p  class=\"\">Retrouvez l\u2019ensemble des propositions d\u2019ateliers d\u2019\u00e9ducation \u00e0 l\u2019image et aux m\u00e9dias de l\u2019ARCI<\/p> <a class=\"button blue\" href=\"https:\/\/arci-hdf.org?page_id=1694\" target=\"_self\" rel=\"noopener\">Les ateliers en d\u00e9tail<\/a><\/div> <div  class=\"about-four-boxes-textcol\" data-type=\"column\"> <h6  class=\"\">m\u00e9diation cin\u00e9ma<\/h6> <h2  class=\"\">Les ressources propos\u00e9es par l\u2019ARCI<\/h2> <p  class=\"\">L\u2019ARCI propose des ressources pour accompagner vos s\u00e9ances : fiches \u00e0 distribuer au public, cartons \u00e0 projeter, fiches pr\u00eates-\u00e0-lire, et plein d\u2019autres choses encore !<\/p> <a class=\"button blue\" href=\"https:\/\/arci-hdf.org?page_id=2203\" target=\"_self\" rel=\"noopener\">Les ressources de m\u00e9diation<\/a><\/div> <div  class=\"about-four-boxes-imgcol2\" data-bg=\"image\" style=\"background-image: url(&quot;http:\/\/arci-hdf.org\/wp-content\/uploads\/2023\/05\/MediaandInformationLitteracy-e1684228660185.png&quot;);\"><\/div> <\/div> <\/div><\/div><div  id=\"actualites\" class=\"features-image-cards-section stripped-features-image-cards-section\" style=\"background-color: #faf9f5;\" data-label=\"Actualites\" data-id=\"stripped-features-image-cards-section\" data-category=\"overlapable\" data-=\"\" data-overlap=\"true\">\n<div  class=\"gridContainer\">\n<div  class=\"features-image-cards-innerrow flexbox-list\" data-type=\"row\">\n<div  class=\"features-image-cards-cardcol cp6cols-tablet cp4cols\">\n<div  class=\"features-image-cards-cardrow\">\n\n<img  class=\"features-image-cards-featimg\" src=\"http:\/\/arci-hdf.org\/wp-content\/uploads\/2026\/04\/2.png\" alt=\"\">\n<div  class=\"features-image-cards-cardtextrow\" data-type=\"column\">\n<h4  class=\"\">Retrouvez le passage radio de l\u2019ARCI sur ARTIFICE (16\/04\/26)<\/h4>\n<p  class=\"\">L\u2019ARCI-HdF \u00e9tait invit\u00e9e sur radio campus Lille dans l\u2019\u00e9mission Heuresuement en France pour parler cin\u00e9ma itin\u00e9rant et jeu de soci\u00e9t\u00e9 avec ARTIFICE<\/p>\n\n\n<hr  class=\"features-image-cards-separator\">\n\n\n\n<a class=\"button blue\" href=\"https:\/\/arci-hdf.org?page_id=2730\" target=\"_blank\" rel=\"noopener\">En savoir plus<\/a><\/div>\n<\/div>\n<\/div><div  class=\"features-image-cards-cardcol cp6cols-tablet cp4cols\">\n<div  class=\"features-image-cards-cardrow\">\n\n<img  class=\"features-image-cards-featimg\" src=\"http:\/\/arci-hdf.org\/wp-content\/uploads\/2026\/04\/Screenshot-2026-04-08-at-09-33-11-Rapport-dactivite-2025-Flyer-A4.png\" alt=\"\">\n<div  class=\"features-image-cards-cardtextrow\" data-type=\"column\">\n<h4  class=\"\">Le rapport d\u2019activit\u00e9 2025 est disponible<\/h4>\n<p  class=\"\">Retrouvez ici le rapport d\u2019activit\u00e9 de l\u2019association pour 2025, une ann\u00e9e riche en projets et r\u00e9alisations !<\/p>\n\n\n<hr  class=\"features-image-cards-separator\">\n\n\n\n<a class=\"button blue\" href=\"https:\/\/arci-hdf.org?page_id=2678\" target=\"_blank\" rel=\"noopener\">En savoir plus<\/a><\/div>\n<\/div>\n<\/div><div  class=\"features-image-cards-cardcol cp6cols-tablet cp4cols\">\n<div  class=\"features-image-cards-cardrow\">\n\n<img  class=\"features-image-cards-featimg\" src=\"http:\/\/arci-hdf.org\/wp-content\/uploads\/2026\/02\/20220812-Oulches-La-Vallee-Cinema-itinerant-02-Francois-Chastain.jpg\" alt=\"\">\n<div  class=\"features-image-cards-cardtextrow\" data-type=\"column\">\n<h4  class=\"\">Plein air \u2013 Choisissez les cin\u00e9mas itin\u00e9rants<\/h4>\n<p  class=\"\">Pour organisez une s\u00e9ance de cin\u00e9ma en plein air, faites appel aux cin\u00e9mas itin\u00e9rants de la r\u00e9gion.<\/p>\n\n\n<hr  class=\"features-image-cards-separator\">\n\n\n\n<a class=\"button blue\" href=\"https:\/\/arci-hdf.org?page_id=2646\" target=\"_blank\" rel=\"noopener\">En savoir plus<\/a><\/div>\n<\/div>\n<\/div><div  class=\"features-image-cards-cardcol cp6cols-tablet cp4cols\">\n<div  class=\"features-image-cards-cardrow\">\n\n<img  class=\"features-image-cards-featimg\" src=\"http:\/\/arci-hdf.org\/wp-content\/uploads\/2026\/02\/image-affiches.png\" alt=\"\">\n<div  class=\"features-image-cards-cardtextrow\" data-type=\"column\">\n<h4  class=\"\">Cin\u00e9ma \u2013 Regarder ensemble<\/h4>\n<p  class=\"\">En partenariat avec Fraternit\u00e9 G\u00e9n\u00e9rale et leur collectif \u201cAu contact Citoyens, Citoyennes\u201d, les cin\u00e9mas itin\u00e9rants des Hauts-de-France programment des s\u00e9ances de cin\u00e9ma&nbsp;gratuites dans toute la r\u00e9gion !<\/p>\n\n\n<hr  class=\"features-image-cards-separator\">\n\n\n\n<a class=\"button blue\" href=\"https:\/\/arci-hdf.org?page_id=2615\" target=\"_blank\" rel=\"noopener\">En savoir plus<\/a><\/div>\n<\/div>\n<\/div><div  class=\"features-image-cards-cardcol cp6cols-tablet cp4cols\">\n<div  class=\"features-image-cards-cardrow\">\n\n<img  class=\"features-image-cards-featimg\" src=\"http:\/\/arci-hdf.org\/wp-content\/uploads\/2025\/10\/Affiche.jpg\" alt=\"\">\n<div  class=\"features-image-cards-cardtextrow\" data-type=\"column\">\n<h4  class=\"\">Un projet de lutte contre la grossophobie et les TCA avec le film \u00ab&nbsp;La vie, en gros&nbsp;\u00bb (17\/10\/24)<\/h4>\n<p  class=\"\">Retour sur une s\u00e9ance interg\u00e9n\u00e9rationnelle accompagn\u00e9e par une psychomotricienne sp\u00e9cialis\u00e9e en Troubles du Comportement Alimentaire !<\/p>\n\n\n<hr  class=\"features-image-cards-separator\">\n\n\n\n<a class=\"button blue\" href=\"https:\/\/arci-hdf.org?page_id=2591\" target=\"_blank\" rel=\"noopener\">En savoir plus<\/a><\/div>\n<\/div>\n<\/div><div  class=\"features-image-cards-cardcol cp6cols-tablet cp4cols\">\n<div  class=\"features-image-cards-cardrow\">\n\n<img  class=\"features-image-cards-featimg\" src=\"http:\/\/arci-hdf.org\/wp-content\/uploads\/2022\/10\/silence-2022-09-23-094203.jpg\" alt=\"\">\n<div  class=\"features-image-cards-cardtextrow\" data-type=\"column\">\n<h4  class=\"\">La saison des s\u00e9ances en plein air s\u2019ach\u00e8ve ! (19\/09\/25)<\/h4>\n<p  class=\"\">Retour sur une magnifique saison, avec un nombre de spectateurs sup\u00e9rieur aux dix derni\u00e8res ann\u00e9es, pr\u00e8s de 18000 !<\/p>\n\n\n<hr  class=\"features-image-cards-separator\">\n\n\n\n<a class=\"button blue\" href=\"https:\/\/arci-hdf.org\/wp-content\/uploads\/2025\/10\/Bilan-de-la-saison-plein-air-2025.pdf\" target=\"_blank\" rel=\"noopener\">En savoir plus<\/a><\/div>\n<\/div>\n<\/div><div  class=\"features-image-cards-cardcol cp6cols-tablet cp4cols\">\n<div  class=\"features-image-cards-cardrow\">\n\n<img  class=\"features-image-cards-featimg\" src=\"http:\/\/arci-hdf.org\/wp-content\/uploads\/2025\/08\/CineGym-CinePOP-1.jpeg\" alt=\"\">\n<div  class=\"features-image-cards-cardtextrow\" data-type=\"column\">\n<h4  class=\"\">Un projet \u00ab&nbsp;Cin\u00e9-Gym&nbsp;\u00bb pour les tr\u00e8s jeunes publics (13\/08\/25)<\/h4>\n<p  class=\"\">D\u00e9couvrez le projet \u00ab&nbsp;Cin\u00e9-gym&nbsp;\u00bb, alliant s\u00e9ance de cin\u00e9ma et pratique sportive !<\/p>\n\n\n<hr  class=\"features-image-cards-separator\">\n\n\n\n<a class=\"button blue\" href=\"https:\/\/arci-hdf.org?page_id=2530\" target=\"_blank\" rel=\"noopener\">En savoir plus<\/a><\/div>\n<\/div>\n<\/div><div  class=\"features-image-cards-cardcol cp6cols-tablet cp4cols\">\n<div  class=\"features-image-cards-cardrow\">\n\n<img  class=\"features-image-cards-featimg\" src=\"http:\/\/arci-hdf.org\/wp-content\/uploads\/2023\/05\/MediaandInformationLitteracy-e1684228660185.png\">\n<div  class=\"features-image-cards-cardtextrow\" data-type=\"column\">\n<h4  class=\"\">Les ateliers organis\u00e9s par l\u2019ARCI&nbsp;<\/h4>\n<p  class=\"\">Retrouvez en d\u00e9tail tous les ateliers organis\u00e9s par l\u2019ARCI ainsi que la liste de ceux que nous avons d\u00e9j\u00e0 r\u00e9alis\u00e9 !<\/p>\n\n\n<hr  class=\"features-image-cards-separator\">\n\n\n\n<a class=\"button blue\" href=\"https:\/\/arci-hdf.org?page_id=1694\" target=\"_blank\" rel=\"noopener\">En savoir plus<\/a><\/div>\n<\/div>\n<\/div>\n\n\n\n\n\n\n\n<div  class=\"features-image-cards-cardcol cp6cols-tablet cp4cols\">\n<div  class=\"features-image-cards-cardrow\">\n\n<img  class=\"features-image-cards-featimg\" src=\"http:\/\/arci-hdf.org\/wp-content\/uploads\/2018\/09\/logo-arci-vetbpointille2-01.jpg\">\n<div  class=\"features-image-cards-cardtextrow\" data-type=\"column\">\n<h4  class=\"\">Archives d\u2019actualit\u00e9s<\/h4>\n<p  class=\"\">Retrouvez toutes les archives d\u2019actualit\u00e9 de l\u2019ARCI depuis son lancement officiel en novembre 2018 !<\/p>\n\n\n<hr  class=\"features-image-cards-separator\">\n\n\n\n<a class=\"button blue\" href=\"https:\/\/arci-hdf.org?page_id=521\" target=\"_self\" rel=\"noopener\">En savoir plus<\/a><\/div>\n<\/div>\n<\/div>\n<\/div>\n<\/div>\n<\/div><div  id=\"nos-actions-1\" class=\"features-coloured-icon-boxes-section\" style=\"background-color: #fefffa;\" data-label=\"Nos actions\" data-id=\"stripped-coloured-icon-boxes\" data-category=\"overlapable\" data-overlap=\"true\">\n<div  class=\"\">\n<div  class=\"features-coloured-icon-boxes-innerrow flexbox-list dark-text\" data-type=\"row\">\n<div  class=\"features-coloured-icon-boxes-featurecol cp2cols\">\n<div  class=\"features-coloured-icon-boxes-iconcontainer\" data-content-item-container=\"true\"><\/div>\n<h4  class=\"\">Cin\u00e9ma itin\u00e9rant<\/h4>\n<p  class=\"\">Qui sont les 3 circuits de cin\u00e9ma itin\u00e9rant de l\u2019ARCI ? Quels sont leurs objectifs et missions ?<\/p>\n<a class=\"features-coloured-button\" href=\"https:\/\/arci-hdf.org?page_id=209#http:\/\/arci-hdf.org\/?page_id=209\" target=\"_self\" rel=\"noopener\">En savoir plus\u2026<\/a>\n\n<\/div>\n<div  class=\"features-coloured-icon-boxes-featurecol cp2cols\">\n<div  class=\"features-coloured-icon-boxes-iconcontainer\" data-content-item-container=\"true\"><\/div>\n<h4  class=\"\">S\u00e9ances en plein air<\/h4>\n<p  class=\"\">Chaque saison estivale, les 3 cin\u00e9mas itin\u00e9rants proposent pr\u00e8s de 100 projections plein air dans les Hauts-de-France !<\/p>\n<a class=\"features-coloured-button\" href=\"https:\/\/arci-hdf.org?page_id=205#http:\/\/arci-hdf.org\/?page_id=205\" target=\"_self\" rel=\"noopener\">En savoir plus\u2026<\/a>\n\n<\/div>\n<div  class=\"features-coloured-icon-boxes-featurecol cp2cols\">\n<div  class=\"features-coloured-icon-boxes-iconcontainer\" data-content-item-container=\"true\"><\/div>\n<h4  class=\"\">\u00c9ducation \u00e0 l\u2019image et aux m\u00e9dias<\/h4>\n<p  class=\"\">Ateliers de r\u00e9alisation, interventions th\u00e9oriques, animations et d\u00e9bats, les cin\u00e9mas itin\u00e9rants prolongent leurs s\u00e9ances de fa\u00e7on ludique et \u00e9ducative !<\/p>\n<a class=\"features-coloured-button\" href=\"https:\/\/arci-hdf.org?page_id=236#http:\/\/arci-hdf.org\/?page_id=236\" target=\"_self\" rel=\"noopener\">En savoir plus\u2026<\/a>\n\n<\/div>\n<div  class=\"features-coloured-icon-boxes-featurecol cp2cols\">\n<div  class=\"features-coloured-icon-boxes-iconcontainer\" data-content-item-container=\"true\"><\/div>\n<h4  class=\"\">Les partenariats avec les M\u00e9diath\u00e8ques d\u00e9partementales<\/h4>\n<p  class=\"\">Les cin\u00e9mas itin\u00e9rants se lient aux m\u00e9diath\u00e8ques d\u00e9partementales pour le mois du film documentaire et la f\u00eate du cin\u00e9ma d\u2019animation<\/p>\n<a class=\"features-coloured-button\" href=\"https:\/\/arci-hdf.org?page_id=257#http:\/\/arci-hdf.org\/?page_id=257\" target=\"_self\" rel=\"noopener\">En savoir plus\u2026<\/a>\n\n<\/div>\n<div  class=\"features-coloured-icon-boxes-featurecol cp2cols\">\n<div  class=\"features-coloured-icon-boxes-iconcontainer\" data-content-item-container=\"true\"><\/div>\n<h4  class=\"\">\u00c9tat des lieux des salles des circuits<\/h4>\n<p  class=\"\">Init\u00e9 en 2022, l\u2019ARCI-HdF a pour projet d\u2019accomapgner les partenaires pour am\u00e9liorer les conditions de projection dans leurs salles<\/p>\n<a class=\"features-coloured-button\" href=\"https:\/\/arci-hdf.org?page_id=2021\" target=\"_self\" rel=\"noopener\">En savoir plus\u2026<\/a>\n\n<\/div><\/div>\n<\/div>\n<\/div><div  id=\"qui-sommes-nous\" style=\"background-color: rgb(255, 255, 255);\" data-label=\"Qui sommes nous\" data-id=\"portfolio-full-section\" data-category=\"portfolio\">\n<div  class=\"portfolio-full-section gridContainer\" data-type=\"row\">\n<div  class=\"portfolio-full-projectco cp4cols-tablet cp3cols\">\n<div  id=\"ContentSwap103\" class=\"contentswap-effect ContentSwap103\">\n<div  class=\"ContentSwap103_content initial-image\"><img  class=\"portfolio-full-projectimg\" src=\"http:\/\/arci-hdf.org\/wp-content\/uploads\/2018\/09\/cropped-cinerural-rec-1.jpg\" data-size=\"1200x800\"><\/div>\n<div  class=\"overlay\" style=\"display: block; opacity: 1;\"><\/div>\n<div  class=\"swap-inner\" style=\"opacity: 1; display: block;\">\n<div  class=\"ContentSwap103-center\">\n<h4  class=\"protfolio-full-itemtitle\">Cin\u00e9 Rural 60<\/h4>\n<a class=\"button yellow\" href=\"http:\/\/cinerural60.com\" target=\"_blank\" rel=\"noopener\">+ d\u2019infos<\/a>\n\n<\/div>\n<\/div>\n<\/div>\n<\/div>\n<div  class=\"portfolio-full-projectco cp4cols-tablet cp3cols\">\n<div  id=\"ContentSwap103\" class=\"contentswap-effect ContentSwap103\">\n<div  class=\"ContentSwap103_content initial-image\"><img  class=\"portfolio-full-projectimg\" src=\"http:\/\/arci-hdf.org\/wp-content\/uploads\/2018\/09\/LOGO-CINEPOP-BLOC-COLOR-RVBhgh.jpg\" data-size=\"1200x800\"><\/div>\n<div  class=\"overlay\" style=\"display: block; opacity: 1;\"><\/div>\n<div  class=\"swap-inner\" style=\"opacity: 1; display: block;\">\n<div  class=\"ContentSwap103-center\">\n<h4  class=\"protfolio-full-itemtitle\">Cin\u00e9 Pop<\/h4>\n<a class=\"button yellow\" href=\"https:\/\/www.facebook.com\/people\/Association-Cin%C3%A9-Pop\/61571841250480?_rdr=undefined\" target=\"_blank\" rel=\"noopener\">+ d\u2019infos<\/a>\n\n<\/div>\n<\/div>\n<\/div>\n<\/div>\n\n<div  class=\"portfolio-full-projectco cp4cols-tablet cp3cols\">\n<div  id=\"ContentSwap103\" class=\"contentswap-effect ContentSwap103\">\n<div  class=\"ContentSwap103_content initial-image\"><img  class=\"portfolio-full-projectimg\" src=\"http:\/\/arci-hdf.org\/wp-content\/uploads\/2018\/09\/cropped-rec-cl-2.jpg\" data-size=\"1200x800\"><\/div>\n<div  class=\"overlay\" style=\"display: block; opacity: 1;\"><\/div>\n<div  class=\"swap-inner\" style=\"opacity: 1; display: block;\">\n<div  class=\"ContentSwap103-center\">\n<h4  class=\"protfolio-full-itemtitle\">Cin\u00e9Ligue Hauts-de-France<\/h4>\n<a class=\"button yellow\" href=\"http:\/\/cineligue-hdf.org\" target=\"_blank\" rel=\"noopener\">+ d\u2019infos<\/a>\n\n<\/div>\n<\/div>\n<\/div>\n<\/div>\n<\/div>\n<\/div><div  id=\"equipe-1\" class=\"team-small-section\" style=\"background-color: #faf9f5;\" data-label=\"\u00c9quipe\" data-id=\"team-small-section\" data-category=\"team\">\n<div  class=\"gridContainer dynamic-color\">\n<div  class=\"team-small-textcol\" data-type=\"column\">\n<h2  class=\"\">L\u2019\u00e9quipe de l\u2019ARCI<\/h2>\n<\/div>\n<div  class=\"team-small-memberrow\" data-type=\"row\">\n<div  class=\"team-small-membercol cp3cols\">\n\n<img  class=\"team-small-memberimg-normal\" src=\"http:\/\/arci-hdf.org\/wp-content\/uploads\/2024\/01\/cropped-Copie-de-Copie-de-Les-films-de-la-semaine.png\" data-size=\"500x500\" alt=\"\">\n<h4  class=\"\">Alex Barrier<\/h4>\n<p  class=\"\">M\u00e9diateur cin\u00e9ma pour l\u2019ARCI-HdF<\/p>\n\n<div  class=\"team-small-iconsrow\" data-type=\"group\"><\/div>\n<\/div>\n\n\n\n<div  class=\"team-small-membercol cp3cols\">\n\n<img  class=\"team-small-memberimg-normal\" src=\"http:\/\/arci-hdf.org\/wp-content\/uploads\/2024\/01\/cropped-Copie-de-Copie-de-Les-films-de-la-semaine.png\" data-size=\"500x500\" alt=\"\">\n<h4  class=\"\">Emile Baton<\/h4>\n<p  class=\"\">Tr\u00e9sorier de Cin\u00e9ligue-HdF <\/p><p  class=\"\">Pr\u00e9sident de l\u2019ARCI-HdF<\/p>\n\n<div  class=\"team-small-iconsrow\" data-type=\"group\"><\/div>\n<\/div><div  class=\"team-small-membercol cp3cols\">\n\n<img  class=\"team-small-memberimg-normal\" src=\"http:\/\/arci-hdf.org\/wp-content\/uploads\/2024\/01\/cropped-Copie-de-Copie-de-Les-films-de-la-semaine-1.png\" data-size=\"500x500\" alt=\"\">\n<h4  class=\"\">Nolwenn Berg\u00e8re<\/h4>\n<p  class=\"\">M\u00e9diatrice culturelle de Cin\u00e9 Rural 60<\/p>\nMembre du CA de l\u2019ARCI-HdF\n<div  class=\"team-small-iconsrow\" data-type=\"group\"><\/div>\n<\/div><div  class=\"team-small-membercol cp3cols\">\n\n<img  class=\"team-small-memberimg-normal\" src=\"http:\/\/arci-hdf.org\/wp-content\/uploads\/2024\/01\/cropped-Copie-de-Copie-de-Les-films-de-la-semaine.png\" data-size=\"500x500\" alt=\"\">\n<h4  class=\"\">Timoth\u00e9e Donay<\/h4>\n<p  class=\"\">Directeur de CIn\u00e9ligue\n<br ><br >Membre du CA de l\u2019ARCI-HDF<\/p>\n\n<div  class=\"team-small-iconsrow\" data-type=\"group\"><\/div>\n<\/div><div  class=\"team-small-membercol cp3cols\">\n\n<img  class=\"team-small-memberimg-normal\" src=\"http:\/\/arci-hdf.org\/wp-content\/uploads\/2024\/01\/cropped-cropped-Copie-de-Copie-de-Les-films-de-la-semaine-1.png\" data-size=\"500x500\" alt=\"\">\n<h4  class=\"\">Simon Janot<\/h4>\n<p  class=\"\">Coordinateur de l\u2019ARCI-HdF<\/p>\n\n<\/div><div  class=\"team-small-membercol cp3cols\">\n\n\n<img  class=\"team-small-memberimg-normal\" src=\"http:\/\/arci-hdf.org\/wp-content\/uploads\/2024\/01\/cropped-cropped-cropped-Copie-de-Copie-de-Les-films-de-la-semaine-1.png\" data-size=\"500x500\" alt=\"\"><h4  class=\"\">Anne Lidove<\/h4>\n<p  class=\"\">D\u00e9l\u00e9gu\u00e9e g\u00e9n\u00e9rale de l\u2019ANCI<\/p><p  class=\"\">Membre du CA de l\u2019ARCI-HdF<\/p>\n\n<div  class=\"team-small-iconsrow\" data-type=\"group\"><\/div>\n<\/div><div  class=\"team-small-membercol cp3cols\">\n\n<img  class=\"team-small-memberimg-normal\" src=\"http:\/\/arci-hdf.org\/wp-content\/uploads\/2024\/01\/cropped-cropped-cropped-cropped-cropped-Copie-de-Copie-de-Les-films-de-la-semaine.png\" data-size=\"500x500\" alt=\"\">\n<h4  class=\"\">Guy Levrat<\/h4>\n<p  class=\"\">Pr\u00e9sident de Cin\u00e9 Pop<\/p>\nMembre du CA de l\u2019ARCI-HdF\n<div  class=\"team-small-iconsrow\" data-type=\"group\"><\/div>\n<\/div><div  class=\"team-small-membercol cp3cols\">\n\n<img  class=\"team-small-memberimg-normal\" src=\"http:\/\/arci-hdf.org\/wp-content\/uploads\/2024\/01\/cropped-cropped-cropped-Copie-de-Copie-de-Les-films-de-la-semaine.png\" data-size=\"500x500\" alt=\"\">\n<h4  class=\"\">Uri Romero<\/h4>\n<p  class=\"\">Directrice de Cin\u00e9 Rural 60<\/p>\nMembre du CA de l\u2019ARCI-HdF\n<div  class=\"team-small-iconsrow\" data-type=\"group\"><\/div>\n<\/div>\n\n\n\n\n\n<div  class=\"team-small-membercol cp3cols\">\n\n<img  class=\"team-small-memberimg-normal\" src=\"http:\/\/arci-hdf.org\/wp-content\/uploads\/2024\/01\/cropped-cropped-cropped-cropped-Copie-de-Copie-de-Les-films-de-la-semaine-1.png\" data-size=\"500x500\" alt=\"\">\n<h4  class=\"\">Emilien Trgina<\/h4>\n<p  class=\"\">Directeur de Cin\u00e9 Pop<\/p>\nMembre du CA de l\u2019ARCI-HdF\n<div  class=\"team-small-iconsrow\" data-type=\"group\"><\/div>\n<p  class=\"\">Tr\u00e9sorier de L\u2019ARCI-HdF<\/p><\/div><div  class=\"team-small-membercol cp3cols\">\n\n<img  class=\"team-small-memberimg-normal\" src=\"http:\/\/arci-hdf.org\/wp-content\/uploads\/2024\/01\/cropped-cropped-cropped-cropped-Copie-de-Copie-de-Les-films-de-la-semaine.png\" data-size=\"500x500\" alt=\"\">\n<h4  class=\"\">Philippe Turminel<\/h4>\n\n\n<div  class=\"team-small-iconsrow\" data-type=\"group\"><\/div>\n<p  class=\"\">Pr\u00e9sident de Cin\u00e9 Rural 60<\/p><p  class=\"\">Secr\u00e9taire de l\u2019ARCI-HdF<\/p><\/div><\/div>\n<\/div>\n<\/div><div  data-label=\"Contact\" data-id=\"content-image-right\" data-category=\"content\" class=\"content-right-image-section content-image-right\" id=\"contact\" style=\"background-color: rgb(255, 255, 255);\"> <div  class=\"gridContainer\"> <div  class=\"content-right-image-gridcol\"> <div  class=\"content-right-image-textcol dynamic-color\" data-type=\"column\"> <h2  class=\"\">Contactez-nous<\/h2> <p  class=\"large_text\">Vous avez des questions, des suggestions, une envie d\u2019organiser un atelier ? <\/p> <a class=\"button blue\" href=\"https:\/\/arci-hdf.org?page_id=1914\" target=\"_blank\" rel=\"noopener\"> Formulaire de Contact <\/a> <\/div> <div  class=\"content-right-image-imgcol\" data-type=\"column\"> <img  src=\"http:\/\/arci-hdf.org\/wp-content\/uploads\/2024\/01\/ARCI-logo-png.png\" class=\"\" alt=\"\"> <\/div> <\/div> <\/div> <\/div>","protected":false},"excerpt":{"rendered":"<p>L\u2019Association R\u00e9gionale des Cin\u00e9mas Itin\u00e9rants des Hauts-de-France DRAC \u2013 Hauts-de-France &nbsp; &nbsp; &nbsp; &nbsp; R\u00e9gion Hauts-de-France L\u2019Association R\u00e9gionale des Cin\u00e9mas Itin\u00e9rants des Hauts-de-France s\u2019est cr\u00e9\u00e9e le 17 mai 2018, avec pour objectif de regrouper les quatre circuits de cin\u00e9ma itin\u00e9rant de la nouvelle grande r\u00e9gion sous une m\u00eame entit\u00e9. L\u2019objectif principal est de promouvoir le&hellip; <br \/> <a class=\"button small blue\" href=\"https:\/\/arci-hdf.org\/?p=131\">Lire la suite<\/a><\/p>\n","protected":false},"author":1,"featured_media":0,"parent":0,"menu_order":0,"comment_status":"closed","ping_status":"closed","template":"","meta":[],"_links":{"self":[{"href":"https:\/\/arci-hdf.org\/index.php?rest_route=\/wp\/v2\/pages\/88"}],"collection":[{"href":"https:\/\/arci-hdf.org\/index.php?rest_route=\/wp\/v2\/pages"}],"about":[{"href":"https:\/\/arci-hdf.org\/index.php?rest_route=\/wp\/v2\/types\/page"}],"author":[{"embeddable":true,"href":"https:\/\/arci-hdf.org\/index.php?rest_route=\/wp\/v2\/users\/1"}],"replies":[{"embeddable":true,"href":"https:\/\/arci-hdf.org\/index.php?rest_route=%2Fwp%2Fv2%2Fcomments&post=88"}],"version-history":[{"count":321,"href":"https:\/\/arci-hdf.org\/index.php?rest_route=\/wp\/v2\/pages\/88\/revisions"}],"predecessor-version":[{"id":2741,"href":"https:\/\/arci-hdf.org\/index.php?rest_route=\/wp\/v2\/pages\/88\/revisions\/2741"}],"wp:attachment":[{"href":"https:\/\/arci-hdf.org\/index.php?rest_route=%2Fwp%2Fv2%2Fmedia&parent=88"}],"curies":[{"name":"wp","href":"https:\/\/api.w.org\/{rel}","templated":true}]}}